{"id":658,"date":"2025-04-14T03:25:35","date_gmt":"2025-04-14T03:25:35","guid":{"rendered":"https:\/\/red-lighttherapy.com\/?post_type=product&#038;p=658"},"modified":"2025-04-14T03:36:55","modified_gmt":"2025-04-14T03:36:55","slug":"custom-mailer-boxes-for-shirt-dress-underwear-shirt-package","status":"publish","type":"product","link":"https:\/\/red-lighttherapy.com\/pl\/custom-mailer-boxes-for-shirt-dress-underwear-shirt-package\/","title":{"rendered":"Niestandardowe pude\u0142ka pocztowe na koszul\u0119, sukienk\u0119, bielizn\u0119 i koszul\u0119"},"content":{"rendered":"<h2 id=\"summer-holiday-series-customized-packaging-box-product-description\">Letnie wakacje Niestandardowe pude\u0142ka pocztowe na koszul\u0119 Sukienka Bielizna Koszula Pakiet<\/h2>\n<h2 id=\"1-innovative-structure-and-convenient-design\">1. Innowacyjna struktura i wygodna konstrukcja<\/h2>\n<ol>\n<li><strong>Zintegrowane formowanie sk\u0142adane<\/strong>\u00a0To pude\u0142ko lotnicze przyjmuje opatentowan\u0105 zintegrowan\u0105 konstrukcj\u0119 sk\u0142adania, kt\u00f3ra nie wymaga kleju ani gwo\u017adzi i mo\u017ce by\u0107 szybko zmontowana dzi\u0119ki wst\u0119pnie sprasowanym zagnieceniom i strukturom klamry. U\u017cytkownicy mog\u0105 uko\u0144czy\u0107 tr\u00f3jwymiarowe formowanie w zaledwie 10 sekund, co jest szczeg\u00f3lnie odpowiednie dla wydajnego sortowania i pakowania potrzeb handlu elektronicznego i marek odzie\u017cowych. Po roz\u0142o\u017ceniu pude\u0142ko tworzy sze\u015bcioboczn\u0105 stabiln\u0105 struktur\u0119, a przestrze\u0144 wewn\u0119trzna jest naukowo podzielona, dzi\u0119ki czemu idealnie pasuje do r\u00f3\u017cnych rozmiar\u00f3w towar\u00f3w, takich jak koszule i sukienki.<\/li>\n<li><strong>Lekkie przechowywanie i wydajny transport<\/strong>\u00a0Grubo\u015b\u0107 wynosi tylko 5 mm w stanie p\u0142askim, a stopie\u0144 kompresji obj\u0119to\u015bci wynosi 80%, co znacznie zmniejsza koszty magazynowania i logistyki. Po z\u0142o\u017ceniu i u\u0142o\u017ceniu w stos mo\u017cna zaoszcz\u0119dzi\u0107 ponad 50% miejsca, co jest szczeg\u00f3lnie odpowiednie dla elastycznych potrzeb magazynowych transgranicznego handlu elektronicznego i sezonowych produkt\u00f3w o wysokiej sprzeda\u017cy.<\/li>\n<\/ol>\n<h2 id=\"2-visual-aesthetics-and-brand-impression\">2. Estetyka wizualna i wra\u017cenie marki<\/h2>\n<ol>\n<li><strong>Projekt wizualny motywu letniego<\/strong>\u00a0G\u0142\u00f3wnym kolorem pude\u0142ka jest delikatna mgie\u0142ka jasnor\u00f3\u017cowa, z jasno\u017c\u00f3\u0142tymi skupiskami cytryn, ciemnozielonymi gradientowymi ga\u0142\u0119ziami i li\u015b\u0107mi oraz bia\u0142ymi kwiatowymi wzorami, inspirowanymi \u015br\u00f3dziemnomorskim stylem wakacyjnym. Zewn\u0119trzna strona wykorzystuje technologi\u0119 druku dwustronnego, a li\u015bcie symuluj\u0105 efekt \u015bwiat\u0142a i cienia poprzez gradient ciemnozielony, nadaj\u0105c opakowaniu dynamiczny tr\u00f3jwymiarowy sens; cytrynowy klaster przyjmuje precyzyjny druk punktowy, aby zaprezentowa\u0107 przezroczyst\u0105 tekstur\u0119 pod s\u0142o\u0144cem.<\/li>\n<li><strong>Fuzja informacji i ilustracji w warstwie wewn\u0119trznej<\/strong>\u00a0Wewn\u0119trzna strona pude\u0142ka jest zadrukowana minimalistyczn\u0105 ilustracj\u0105 napoju w stylu liniowym, po\u0142\u0105czon\u0105 z LOGO marki, instrukcjami prania i has\u0142ami ochrony \u015brodowiska, sprytnie przekazuj\u0105c kultur\u0119 marki. Ilustracja wykorzystuje odcienie o niskim nasyceniu, tworz\u0105c wizualn\u0105 r\u00f3wnowag\u0119 z wzorem o wysokim kontra\u015bcie na zewn\u0105trz, zapewniaj\u0105c u\u017cytkownikom podw\u00f3jn\u0105 niespodziank\u0119 podczas rozpakowywania.<\/li>\n<\/ol>\n<h2 id=\"3-protection-performance-and-environmentally-friendly-materials\">3. Skuteczno\u015b\u0107 ochrony i materia\u0142y przyjazne dla \u015brodowiska<\/h2>\n<ol>\n<li><strong>Struktura buforowa o wysokiej wytrzyma\u0142o\u015bci<\/strong>\u00a0Zastosowano kompozytow\u0105 tektur\u0119 falist\u0105 o wytrzyma\u0142o\u015bci na \u015bciskanie 8000 N\/m\u00b2, kt\u00f3ra jest odporna na \u015bciskanie i upadki podczas transportu. Wewn\u0105trz pude\u0142ka zastosowano \u017cebra wzmacniaj\u0105ce o strukturze plastra miodu, w po\u0142\u0105czeniu z procesem owijania \u0142ukiem kraw\u0119dziowym, aby dodatkowo rozproszy\u0107 nacisk i zmniejszy\u0107 ryzyko pomarszczenia lub uszkodzenia produktu.<\/li>\n<li><strong>Materia\u0142y przyjazne dla \u015brodowiska i nadaj\u0105ce si\u0119 do recyklingu<\/strong>\u00a0Karton posiada certyfikat FSC i jest drukowany atramentem na bazie wody, kt\u00f3ry spe\u0142nia standardy bezpiecze\u0144stwa \u017cywno\u015bci. Puste pude\u0142ko mo\u017ce by\u0107 poddane recyklingowi i degradacji, a tak\u017ce mo\u017ce by\u0107 ponownie wykorzystane jako pude\u0142ko do przechowywania, co jest zgodne z trendem ekologicznych opakowa\u0144.<\/li>\n<\/ol>\n<h2 id=\"iv-personalized-customization-service\">4. Spersonalizowana us\u0142uga dostosowywania<\/h2>\n<ol>\n<li><strong>Elastyczne dostosowywanie w pe\u0142nym wymiarze<\/strong>\u00a0Obs\u0142uguje g\u0142\u0119bokie dostosowanie rozmiaru, typu pude\u0142ka i wzoru:<\/li>\n<li><strong>Dopasowanie rozmiaru<\/strong>: Zaprojektuj ekskluzywn\u0105 podszewk\u0119 zgodnie z parametrami, takimi jak obw\u00f3d ko\u0142nierzyka koszuli i d\u0142ugo\u015b\u0107 sukienki, aby zapobiec drganiom produktu;<\/li>\n<li><strong>Rozszerzenie funkcji<\/strong>: Przezroczyste okienka (materia\u0142 PET), uchwyty ze wst\u0105\u017cki lub zamkni\u0119cia magnetyczne mog\u0105 by\u0107 dodane w celu zwi\u0119kszenia poczucia ceremonii rozpakowywania;<\/li>\n<li><strong>Implantacja element\u00f3w marki<\/strong>: Obs\u0142uga t\u0142oczenia na gor\u0105co, t\u0142oczenia UV, dr\u0105\u017cenia laserowego i innych proces\u00f3w w celu zwi\u0119kszenia rozpoznawalno\u015bci marki.<\/li>\n<\/ol>\n<h2 id=\"v-applicable-scenarios-and-user-value\">5. Odpowiednie scenariusze i warto\u015b\u0107 dla u\u017cytkownika<\/h2>\n<ul>\n<li><strong>Logistyka handlu elektronicznego<\/strong>: Zmniejszenie liczby pojedynczych sztuk \u0142adunku dzi\u0119ki lekkiej konstrukcji i wysokiej wytrzyma\u0142o\u015bci konstrukcji dostosowanej do transgranicznego transportu na du\u017ce odleg\u0142o\u015bci;<\/li>\n<li><strong>Wy\u015bwietlacz sklepu<\/strong>: Projekt zar\u00f3wno wewn\u0105trz, jak i na zewn\u0105trz mo\u017ce by\u0107 bezpo\u015brednio wy\u015bwietlany jako pude\u0142ko upominkowe, zmniejszaj\u0105c ilo\u015b\u0107 odpad\u00f3w z opakowa\u0144 wt\u00f3rnych;<\/li>\n<li><strong>Do\u015bwiadczenie u\u017cytkownika<\/strong>: Po otwarciu pude\u0142ka wz\u00f3r cytryny i ilustracja napoju tworz\u0105 skojarzenie z \"napojem wakacyjnym\", wzmacniaj\u0105c punkt pami\u0119ci marki.<\/li>\n<\/ul>","protected":false},"excerpt":{"rendered":"<p>Ta skrzynka pocztowa ma zintegrowan\u0105 sk\u0142adan\u0105 konstrukcj\u0119 i mo\u017cna j\u0105 z\u0142o\u017cy\u0107 w kilka sekund bez u\u017cycia kleju lub gwo\u017adzi. Po roz\u0142o\u017ceniu ma niewielkie rozmiary, co u\u0142atwia przechowywanie i transport. Po roz\u0142o\u017ceniu tworzy stabiln\u0105 tr\u00f3jwymiarow\u0105 struktur\u0119. Doskonale nadaje si\u0119 do pakowania koszul, sukienek, bielizny i koszulek.<\/p>","protected":false},"featured_media":659,"template":"","meta":{"_kad_post_transparent":"default","_kad_post_title":"","_kad_post_layout":"default","_kad_post_sidebar_id":"","_kad_post_content_style":"default","_kad_post_vertical_padding":"default","_kad_post_feature":"","_kad_post_feature_position":"","_kad_post_header":false,"_kad_post_footer":false,"_kad_post_classname":""},"product_brand":[],"product_cat":[15,30,17],"product_tag":[231,230,232],"class_list":{"0":"post-658","1":"product","2":"type-product","3":"status-publish","4":"has-post-thumbnail","6":"product_cat-red-light-therapy","7":"product_cat-dropshipping","8":"product_cat-services","9":"product_tag-custom-shipping-dress-boxes","10":"product_tag-mailer-boxes-for-shirt","11":"product_tag-underwear-shirt-packaging-boxes","13":"first","14":"instock","15":"shipping-taxable","16":"product-type-simple","17":"entry","18":"content-bg","19":"loop-entry"},"_links":{"self":[{"href":"https:\/\/red-lighttherapy.com\/pl\/wp-json\/wp\/v2\/product\/658","targetHints":{"allow":["GET"]}}],"collection":[{"href":"https:\/\/red-lighttherapy.com\/pl\/wp-json\/wp\/v2\/product"}],"about":[{"href":"https:\/\/red-lighttherapy.com\/pl\/wp-json\/wp\/v2\/types\/product"}],"wp:featuredmedia":[{"embeddable":true,"href":"https:\/\/red-lighttherapy.com\/pl\/wp-json\/wp\/v2\/media\/659"}],"wp:attachment":[{"href":"https:\/\/red-lighttherapy.com\/pl\/wp-json\/wp\/v2\/media?parent=658"}],"wp:term":[{"taxonomy":"product_brand","embeddable":true,"href":"https:\/\/red-lighttherapy.com\/pl\/wp-json\/wp\/v2\/product_brand?post=658"},{"taxonomy":"product_cat","embeddable":true,"href":"https:\/\/red-lighttherapy.com\/pl\/wp-json\/wp\/v2\/product_cat?post=658"},{"taxonomy":"product_tag","embeddable":true,"href":"https:\/\/red-lighttherapy.com\/pl\/wp-json\/wp\/v2\/product_tag?post=658"}],"curies":[{"name":"wp","href":"https:\/\/api.w.org\/{rel}","templated":true}]}}