{"id":652,"date":"2025-04-14T03:15:00","date_gmt":"2025-04-14T03:15:00","guid":{"rendered":"https:\/\/red-lighttherapy.com\/?post_type=product&#038;p=652"},"modified":"2025-04-14T03:25:26","modified_gmt":"2025-04-14T03:25:26","slug":"elegant-custom-bracelets-necklace-packaging-boxes-wholesale","status":"publish","type":"product","link":"https:\/\/red-lighttherapy.com\/pl\/elegant-custom-bracelets-necklace-packaging-boxes-wholesale\/","title":{"rendered":"Eleganckie niestandardowe bransoletki Pude\u0142ka do pakowania naszyjnik\u00f3w Hurtownia"},"content":{"rendered":"<h2><strong>Opis produktu Eleganckie niestandardowe bransoletki z bi\u017cuteri\u0105 Pude\u0142ko na naszyjnik Pude\u0142ka do pakowania hurtowego<\/strong><\/h2>\n<p>W bran\u017cy jubilerskiej opakowanie jest nie tylko pojemnikiem na bi\u017cuteri\u0119, ale tak\u017ce rozszerzeniem stylu marki i do\u015bwiadczenia u\u017cytkownika. The <strong>minimalistyczne pude\u0142ko na bi\u017cuteri\u0119 z pokrywk\u0105 i podstaw\u0105<\/strong>\u00a0Stworzone przez nas z wielk\u0105 staranno\u015bci\u0105 produkty koncentruj\u0105 si\u0119 na rzemio\u015ble i estetycznym wzornictwie, doskonale dostosowanym do wielu kategorii bi\u017cuterii, takich jak bransoletki, naszyjniki i kolczyki, nadaj\u0105c produktom wy\u017csz\u0105 warto\u015b\u0107 dodan\u0105.<\/p>\n<h2 id=\"-1-minimalist-shape-universal-adaptation-\"><strong>1. Minimalistyczny kszta\u0142t, uniwersalna adaptacja<\/strong><\/h2>\n<p>Klasyczne pude\u0142ko z pokrywk\u0105 i blatem ma proste i schludne linie, bez zb\u0119dnych ozd\u00f3b i nadaje si\u0119 do produkt\u00f3w jubilerskich o r\u00f3\u017cnych rozmiarach i kszta\u0142tach. G\u00f3rna i dolna pokrywa s\u0105 precyzyjnie dopasowane, a przestrze\u0144 do otwierania i zamykania pokazuje poczucie rytua\u0142u. Odchylana konstrukcja pokrywy jest wygodna do wy\u015bwietlania, niezale\u017cnie od tego, czy jest to wy\u015bwietlacz licznika, czy strzelanie online, mo\u017ce intuicyjnie prezentowa\u0107 ol\u015bniewaj\u0105ce szczeg\u00f3\u0142y bi\u017cuterii.<\/p>\n<h2 id=\"-2-color-aesthetics-classic-eye-catching-\"><strong>2. Estetyka kolor\u00f3w, klasyczna, przyci\u0105gaj\u0105ca wzrok<\/strong><\/h2>\n<p>Korpus pude\u0142ka jest g\u0142\u00f3wnie w kolorze be\u017cowym i jasnoz\u0142otym, z delikatnym i eleganckim luksusem, kt\u00f3ry uzupe\u0142nia metaliczny po\u0142ysk bi\u017cuterii. Czerwona wst\u0105\u017cka jest u\u017cywana jako wyko\u0144czenie, kt\u00f3re nie tylko kontynuuje rytualny sens tradycyjnego pude\u0142ka upominkowego, ale tak\u017ce wzmacnia efekt wizualny dzi\u0119ki kontrastuj\u0105cym kolorom. Wst\u0105\u017ck\u0119 mo\u017cna dostosowa\u0107 do drukowania logo marki, co mo\u017ce wzmocni\u0107 punkt pami\u0119ci marki na podstawie szczeg\u00f3\u0142\u00f3w i zwi\u0119kszy\u0107 ekspozycj\u0119.<\/p>\n<h2 id=\"-three-lining-technology-double-protection-\"><strong>3. Technologia podszewki, podw\u00f3jna ochrona<\/strong><\/h2>\n<p>Pude\u0142ko jest wy\u0142o\u017cone czarnym aksamitem, kt\u00f3ry jest delikatny i mi\u0119kki, skutecznie antypo\u015blizgowy i odporny na wstrz\u0105sy oraz zapobiega uszkodzeniu bi\u017cuterii przez tarcie i wstrz\u0105sy podczas transportu lub ekspozycji. G\u0142\u0119boka czer\u0144 t\u0142a podkre\u015bla blask bi\u017cuterii, a poziom wizualny jest wyra\u017any, co dodatkowo podkre\u015bla wysokiej klasy tekstur\u0119 produktu.<\/p>\n<h2 id=\"-fourth-light-and-environmentally-friendly-practical-and-convenient-\"><strong>4. Lekki i przyjazny dla \u015brodowiska, praktyczny i wygodny<\/strong><\/h2>\n<p>Korpus pude\u0142ka wykonany jest z lekkiej, przyjaznej dla \u015brodowiska tektury, kt\u00f3ra \u0142\u0105czy w sobie wytrzyma\u0142o\u015b\u0107 i przeno\u015bno\u015b\u0107, ma doskona\u0142\u0105 odporno\u015b\u0107 na nacisk, mo\u017ce by\u0107 ponownie wykorzystana i jest zgodna z koncepcj\u0105 zr\u00f3wnowa\u017conego rozwoju. Wyj\u0105tkowy rozmiar u\u0142atwia przenoszenie lub przechowywanie jako pude\u0142ko do przechowywania przez d\u0142ugi czas, wyd\u0142u\u017caj\u0105c cykl \u017cycia opakowania i zmniejszaj\u0105c marnotrawstwo zasob\u00f3w.<\/p>\n<h2 id=\"-five-brand-empowerment-value-upgrade-\"><strong>5. Wzmocnienie marki, podniesienie warto\u015bci<\/strong><\/h2>\n<p>Samo opakowanie mo\u017ce by\u0107 wr\u0119czane jako niezale\u017cny prezent, aby poprawi\u0107 wra\u017cenia klienta z rozpakowywania i zwi\u0119kszy\u0107 przychylno\u015b\u0107 marki. Od logo wst\u0105\u017cki po proces t\u0142oczenia na gor\u0105co pude\u0142ka, ka\u017cdy szczeg\u00f3\u0142 mo\u017ce by\u0107 zintegrowany z elementami charakterystycznymi dla marki (takimi jak t\u0142oczenie na gor\u0105co \/ gor\u0105ce srebro LOGO, sitodruk itp.), Aby stworzy\u0107 zr\u00f3\u017cnicowane symbole wizualne i pom\u00f3c w utrwaleniu wizerunku marki.<\/p>\n<h2 id=\"-six-customized-service-flexible-and-efficient-\"><strong>6. Indywidualna obs\u0142uga, elastyczno\u015b\u0107 i wydajno\u015b\u0107<\/strong><\/h2>\n<p>Obs\u0142uga ma\u0142ych zam\u00f3wie\u0144 seryjnych (500 sztuk dla jednego modelu) i zapewnienie zr\u00f3\u017cnicowanych opcji procesowych:<\/p>\n<ul>\n<li><strong>Dostosowywanie LOGO<\/strong>Nadruk na wst\u0105\u017cce, t\u0142oczenie na gor\u0105co, grawerowanie laserowe i inne procesy spe\u0142niaj\u0105ce spersonalizowane potrzeby marki;<\/li>\n<li><strong>Szybki proofing<\/strong>2-3 dni na uko\u0144czenie produkcji pr\u00f3bek, cykl produkcji seryjnej 7-14 dni, elastyczne dopasowanie rytmu sprzeda\u017cy;<\/li>\n<li><strong>Globalna adaptacja<\/strong>: Spe\u0142nia europejskie i ameryka\u0144skie normy ochrony \u015brodowiska (np. brak pow\u0142ok z metali ci\u0119\u017ckich, materia\u0142y nadaj\u0105ce si\u0119 do recyklingu), nadaje si\u0119 do eksportu transgranicznego.<\/li>\n<\/ul>\n<h2 id=\"-conclusion-\"><strong>Wnioski<\/strong><\/h2>\n<p>To opakowanie na bi\u017cuteri\u0119 z g\u00f3rn\u0105 i doln\u0105 pokryw\u0105, z minimalistyczn\u0105 estetyk\u0105 i praktycznymi funkcjami jako rdzeniem, kompleksowo zwi\u0119ksza konkurencyjno\u015b\u0107 rynkow\u0105 produkt\u00f3w jubilerskich od wizji, dotyku po warto\u015b\u0107 marki. Niezale\u017cnie od tego, czy jest to opakowanie specyficzne dla marki, czy niezale\u017cny prezent, mo\u017ce sta\u0107 si\u0119 synonimem \"wykwintno\u015bci i jako\u015bci\" w sercach konsument\u00f3w. Serdecznie zapraszamy do wsp\u00f3\u0142pracy i osi\u0105gni\u0119cia wysoko\u015bci marki ze szczeg\u00f3\u0142ami!<\/p>","protected":false},"excerpt":{"rendered":"<p>Korpus pude\u0142ka jest be\u017cowo-z\u0142oty z czerwon\u0105 wst\u0105\u017ck\u0105, kt\u00f3ra jest klasyczna, elegancka i przyci\u0105gaj\u0105ca wzrok. Minimalistyczny kszta\u0142t nadaje si\u0119 do r\u00f3\u017cnych kategorii bi\u017cuterii, takich jak naszyjniki, bransoletki i kolczyki.<\/p>","protected":false},"featured_media":653,"template":"","meta":{"_kad_post_transparent":"default","_kad_post_title":"","_kad_post_layout":"default","_kad_post_sidebar_id":"","_kad_post_content_style":"default","_kad_post_vertical_padding":"default","_kad_post_feature":"","_kad_post_feature_position":"","_kad_post_header":false,"_kad_post_footer":false,"_kad_post_classname":""},"product_brand":[],"product_cat":[15,19,17],"product_tag":[227,228,229],"class_list":{"0":"post-652","1":"product","2":"type-product","3":"status-publish","4":"has-post-thumbnail","6":"product_cat-red-light-therapy","7":"product_cat-red-light-therapy-stand","8":"product_cat-services","9":"product_tag-custom-bracelets-packaging-boxes","10":"product_tag-necklace-packaging-boxes-wholesale","11":"product_tag-ribbon-jewelry-boxes","13":"first","14":"instock","15":"shipping-taxable","16":"product-type-simple","17":"entry","18":"content-bg","19":"loop-entry"},"_links":{"self":[{"href":"https:\/\/red-lighttherapy.com\/pl\/wp-json\/wp\/v2\/product\/652","targetHints":{"allow":["GET"]}}],"collection":[{"href":"https:\/\/red-lighttherapy.com\/pl\/wp-json\/wp\/v2\/product"}],"about":[{"href":"https:\/\/red-lighttherapy.com\/pl\/wp-json\/wp\/v2\/types\/product"}],"wp:featuredmedia":[{"embeddable":true,"href":"https:\/\/red-lighttherapy.com\/pl\/wp-json\/wp\/v2\/media\/653"}],"wp:attachment":[{"href":"https:\/\/red-lighttherapy.com\/pl\/wp-json\/wp\/v2\/media?parent=652"}],"wp:term":[{"taxonomy":"product_brand","embeddable":true,"href":"https:\/\/red-lighttherapy.com\/pl\/wp-json\/wp\/v2\/product_brand?post=652"},{"taxonomy":"product_cat","embeddable":true,"href":"https:\/\/red-lighttherapy.com\/pl\/wp-json\/wp\/v2\/product_cat?post=652"},{"taxonomy":"product_tag","embeddable":true,"href":"https:\/\/red-lighttherapy.com\/pl\/wp-json\/wp\/v2\/product_tag?post=652"}],"curies":[{"name":"wp","href":"https:\/\/api.w.org\/{rel}","templated":true}]}}