{"id":646,"date":"2025-04-14T03:00:46","date_gmt":"2025-04-14T03:00:46","guid":{"rendered":"https:\/\/red-lighttherapy.com\/?post_type=product&#038;p=646"},"modified":"2025-04-14T03:14:46","modified_gmt":"2025-04-14T03:14:46","slug":"wholesale-custom-luxury-round-shaped-perfume-with-insert","status":"publish","type":"product","link":"https:\/\/red-lighttherapy.com\/pl\/wholesale-custom-luxury-round-shaped-perfume-with-insert\/","title":{"rendered":"Hurtownia luksusowych perfum o okr\u0105g\u0142ym kszta\u0142cie z wk\u0142adk\u0105"},"content":{"rendered":"<h2 id=\"-product-description-of-customized-luxury-round-perfume-box-\"><strong>Opis produktu niestandardowego luksusowego okr\u0105g\u0142ego pude\u0142ka na perfumy<\/strong><\/h2>\n<p>\u0141\u0105cz\u0105c estetyczny trend i praktyczne potrzeby wysokiej klasy opakowa\u0144 perfum, poni\u017cej znajduje si\u0119 szczeg\u00f3\u0142owy opis projektu niestandardowego okr\u0105g\u0142ego pude\u0142ka na perfumy, kt\u00f3re \u0142\u0105czy w sobie kunszt i funkcjonalno\u015b\u0107, aby sprosta\u0107 zr\u00f3\u017cnicowanemu pozycjonowaniu marki:<\/p>\n<h2 id=\"1-ingenious-structural-design-combination-of-geometric-aesthetics-and-ergonomics-\">1.\u00a0<strong>Pomys\u0142owa konstrukcja: Po\u0142\u0105czenie geometrycznej estetyki i ergonomii<\/strong><\/h2>\n<ul>\n<li><strong>Symetryczny cylindryczny kszta\u0142t<\/strong>: Cylindryczny korpus i okr\u0105g\u0142a pokrywa przyjmuj\u0105 r\u00f3\u017cnic\u0119 wysoko\u015bci w z\u0142otym stosunku (np. wysoko\u015b\u0107 cylindra 12 cm \/ wysoko\u015b\u0107 pokrywy 3 cm), tworz\u0105c wizualne poczucie r\u00f3wnowagi, g\u00f3rn\u0105 lekko wypuk\u0142\u0105 powierzchni\u0119 \u0142uku i doln\u0105 lini\u0119 do wewn\u0105trz, odzwierciedlaj\u0105c minimalistyczn\u0105 estetyk\u0119.<\/li>\n<li><strong>Zoptymalizowany komfort chwytu<\/strong>: Cylindryczny korpus cylindra przyjmuje \u0142uk o \u015brednicy 5,5 cm, kt\u00f3ry pasuje do krzywizny d\u0142oni azjatyckich kobiet. Jest stabilny do trzymania jedn\u0105 r\u0119k\u0105, a otwieranie i zamykanie jest p\u0142ynne i bez oporu, co poprawia komfort u\u017cytkowania.<\/li>\n<\/ul>\n<h2 id=\"2-inner-lining-material-and-protective-function-technology-empowers-quality-assurance-\">2.\u00a0<strong>Wewn\u0119trzny materia\u0142 wy\u015bci\u00f3\u0142ki i funkcja ochronna: Technologia zapewniaj\u0105ca wysok\u0105 jako\u015b\u0107<\/strong><\/h2>\n<ul>\n<li><strong>Wewn\u0119trzna warstwa zapobiegaj\u0105ca przenikaniu<\/strong>: Wn\u0119trze cylindra pokryte jest jasnoszar\u0105 pow\u0142ok\u0105 PE o jako\u015bci spo\u017cywczej (grubo\u015b\u0107 0,8 mm), kt\u00f3ra jest g\u0142adka i bezszwowa, skutecznie izoluj\u0105c przenikanie cieczy i zapobiegaj\u0105c ulatnianiu si\u0119 lub wyciekaniu perfum. Jednocze\u015bnie anty-ultrafioletowa konstrukcja wyd\u0142u\u017ca okres trwa\u0142o\u015bci perfum.<\/li>\n<li><strong>Przyjazna dla \u015brodowiska powlekana papierowa \u015bciana zewn\u0119trzna<\/strong>: Zewn\u0119trzna warstwa wykonana jest z powlekanego papieru o wysokiej g\u0119sto\u015bci 450 g\/m\u00b2, z matow\u0105 pow\u0142ok\u0105 na powierzchni, kt\u00f3ra jest delikatna w dotyku i odporna na zarysowania. Jest on zgodny z certyfikatem \u015brodowiskowym FSC i umo\u017cliwia wielokrotne otwieranie i zamykanie ponad 500 razy bez deformacji.<\/li>\n<\/ul>\n<h2 id=\"3-artistic-design-language-floral-elements-interpret-the-brand-story-\">3.\u00a0<strong>Artystyczny j\u0119zyk projektowania: Elementy kwiatowe interpretuj\u0105 histori\u0119 marki<\/strong><\/h2>\n<ul>\n<li><strong>Tr\u00f3jwymiarowa p\u0142askorze\u017aba<\/strong>: Korpus pude\u0142ka jest oparty na systemie kolor\u00f3w i wykorzystuje technologi\u0119 t\u0142oczenia na gor\u0105co + relief UV, aby przedstawi\u0107 kwiatowe ga\u0142\u0119zie i wzory owoc\u00f3w (takie jak konwalia, r\u00f3\u017ca itp.). Dok\u0142adno\u015b\u0107 \u017cy\u0142 ga\u0142\u0119zi i li\u015bci si\u0119ga 0,1 mm i jest dopasowana do matowego t\u0142a tekstury, aby stworzy\u0107 \u015bwie\u017c\u0105 i literack\u0105 atmosfer\u0119.<\/li>\n<li><strong>Projekt motywu w wielu wersjach<\/strong>: Zapewnij serie takie jak \"Four Seasons Flower Language\" i \"Secret Garden\". Wersja wiosenna opiera si\u0119 g\u0142\u00f3wnie na dynamicznych liniach spadaj\u0105cych kwiat\u00f3w wi\u015bni, a wersja zimowa zawiera technologi\u0119 rze\u017abienia kryszta\u0142\u00f3w p\u0142atk\u00f3w \u015bniegu, aby zwi\u0119kszy\u0107 warto\u015b\u0107 kolekcji i mo\u017cliwo\u015b\u0107 dostosowania sceny.<\/li>\n<\/ul>\n<h2 id=\"iv-brand-logo-system-strengthen-visual-unity-\">4. <strong>System logo marki: Wzmocnienie wizualnej jedno\u015bci<\/strong><\/h2>\n<ul>\n<li><strong>Zintegrowane logo marki<\/strong>: LOGO marki mo\u017cna wygrawerowa\u0107 laserowo na \u015brodku g\u00f3rnej cz\u0119\u015bci nasadki (obs\u0142uguje t\u0142oczenie na gor\u0105co foli\u0105 metalow\u0105 lub druk wypuk\u0142y 3D), a obszar logo o wymiarach 10 cm x 3 cm jest zarezerwowany z boku cylindra, co umo\u017cliwia dostosowanie kodu QR \/ sloganu marki w celu powi\u0105zania wizerunku marki.<\/li>\n<li><strong>Wspieranie rozszerzenia wizualnego<\/strong>: Zapewnij t\u0119 sam\u0105 seri\u0119 toreb na prezenty, wst\u0105\u017cek i kart okoliczno\u015bciowych, elementy wzoru s\u0105 sp\u00f3jne z g\u0142\u00f3wnym pude\u0142kiem, tworz\u0105c kompletny system wizualny marki.<\/li>\n<\/ul>\n<h2 id=\"v-customized-production-service-advantages-of-china-s-source-factory-\">5. <strong>Indywidualna us\u0142uga produkcyjna: Zalety chi\u0144skiej fabryki \u017ar\u00f3d\u0142owej<\/strong><\/h2>\n<ul>\n<li><strong>Elastyczny plan dostosowywania<\/strong>: Obs\u0142uga zam\u00f3wie\u0144 od 500 sztuk, zapewnienie spersonalizowanych dostosowa\u0144, takich jak rozmiar (\u015brednica 5-15 cm), kolor (dok\u0142adne dopasowanie karty kolor\u00f3w Pantone), przegroda podszewki (warstwa przegrody z wieloma butelkami) itp. oraz szybki proofing i dostawa w ci\u0105gu 15 dni.<\/li>\n<li><strong>System kontroli jako\u015bci<\/strong>: Przeszed\u0142 certyfikacj\u0119 ISO 9001, wykorzystuj\u0105c w pe\u0142ni automatyczne maszyny sztancuj\u0105ce i linie kontroli jako\u015bci, aby zapewni\u0107, \u017ce b\u0142\u0105d korpusu pude\u0142ka wynosi \u22640,2 mm, a wska\u017anik p\u0119kni\u0119\u0107 jest mniejszy ni\u017c 0,5%.<\/li>\n<\/ul>\n<h2 id=\"vi-application-scenarios-and-added-value-\">6. <strong>Scenariusze zastosowa\u0144 i warto\u015b\u0107 dodana<\/strong><\/h2>\n<ul>\n<li><strong>Adaptacja do wielu scenariuszy<\/strong>: Klasyczna wersja nadaje si\u0119 do ekspozycji na ladzie, \u015bwi\u0105teczna edycja limitowana mo\u017ce by\u0107 dopasowana do zestawu pude\u0142ek upominkowych (takich jak wersja t\u0142oczona na gor\u0105co w kolorze r\u00f3\u017cowego z\u0142ota), a wersja dostosowana do potrzeb firmy mo\u017ce zawiera\u0107 elementy IP pod wsp\u00f3ln\u0105 mark\u0105, aby rozszerzy\u0107 rynek upomink\u00f3w biznesowych.<\/li>\n<li><strong>Zr\u00f3wnowa\u017cone u\u017cytkowanie<\/strong>: Puste pude\u0142ko mo\u017ce by\u0107 u\u017cywane do przechowywania bi\u017cuterii lub dekoracji domu, a podszewk\u0119 mo\u017cna zast\u0105pi\u0107 warstw\u0105 flaneli, aby wyd\u0142u\u017cy\u0107 cykl \u017cycia produktu i sprosta\u0107 trendowi konsumpcji przyjaznej dla \u015brodowiska.<\/li>\n<\/ul>\n<p><strong>Podsumowanie<\/strong>: To okr\u0105g\u0142e pude\u0142ko na perfumy jest nap\u0119dzane przez podw\u00f3jne rdzenie \"sztuki + funkcji\". Dzi\u0119ki precyzyjnej strukturze, przyjaznym dla \u015brodowiska materia\u0142om, niestandardowemu projektowi i chi\u0144skim zaletom produkcyjnym, spe\u0142nia potrzeby wysokiej klasy marek perfum w zakresie estetyki opakowa\u0144, jako\u015bci i warto\u015bci marki. Model bezpo\u015brednich dostaw do fabryki dodatkowo obni\u017ca koszty i pomaga klientom przej\u0105\u0107 udzia\u0142 w rynku luksusowym.<\/p>","protected":false},"excerpt":{"rendered":"<p>Po\u0142\u0105czenie cylindrycznego korpusu i okr\u0105g\u0142ej pokrywy tego cylindrycznego opakowania jest proste i symetryczne, a r\u00f3\u017cnica wysoko\u015bci tworzy wizualn\u0105 r\u00f3wnowag\u0119. Wn\u0119trze cylindrycznego korpusu wykonane jest z jasnoszarego, g\u0142adkiego materia\u0142u, kt\u00f3ry chroni p\u0142ynne perfumy przed wnikaniem. Projekt pude\u0142ka tworzy wra\u017cenie \u015bwie\u017co\u015bci i literacko\u015bci, co jest zgodne z pozycjonowaniem wysokiej klasy perfum.<\/p>","protected":false},"featured_media":647,"template":"","meta":{"_kad_post_transparent":"default","_kad_post_title":"","_kad_post_layout":"default","_kad_post_sidebar_id":"","_kad_post_content_style":"default","_kad_post_vertical_padding":"default","_kad_post_feature":"","_kad_post_feature_position":"","_kad_post_header":false,"_kad_post_footer":false,"_kad_post_classname":""},"product_brand":[],"product_cat":[15,17],"product_tag":[224,225,226],"class_list":{"0":"post-646","1":"product","2":"type-product","3":"status-publish","4":"has-post-thumbnail","6":"product_cat-red-light-therapy","7":"product_cat-services","8":"product_tag-custom-perfume-box","9":"product_tag-elegant-perfume-packaging-boxes","10":"product_tag-perfume-packaging-round-box","12":"first","13":"instock","14":"shipping-taxable","15":"product-type-simple","16":"entry","17":"content-bg","18":"loop-entry"},"_links":{"self":[{"href":"https:\/\/red-lighttherapy.com\/pl\/wp-json\/wp\/v2\/product\/646","targetHints":{"allow":["GET"]}}],"collection":[{"href":"https:\/\/red-lighttherapy.com\/pl\/wp-json\/wp\/v2\/product"}],"about":[{"href":"https:\/\/red-lighttherapy.com\/pl\/wp-json\/wp\/v2\/types\/product"}],"wp:featuredmedia":[{"embeddable":true,"href":"https:\/\/red-lighttherapy.com\/pl\/wp-json\/wp\/v2\/media\/647"}],"wp:attachment":[{"href":"https:\/\/red-lighttherapy.com\/pl\/wp-json\/wp\/v2\/media?parent=646"}],"wp:term":[{"taxonomy":"product_brand","embeddable":true,"href":"https:\/\/red-lighttherapy.com\/pl\/wp-json\/wp\/v2\/product_brand?post=646"},{"taxonomy":"product_cat","embeddable":true,"href":"https:\/\/red-lighttherapy.com\/pl\/wp-json\/wp\/v2\/product_cat?post=646"},{"taxonomy":"product_tag","embeddable":true,"href":"https:\/\/red-lighttherapy.com\/pl\/wp-json\/wp\/v2\/product_tag?post=646"}],"curies":[{"name":"wp","href":"https:\/\/api.w.org\/{rel}","templated":true}]}}