{"id":640,"date":"2025-04-13T08:49:20","date_gmt":"2025-04-13T08:49:20","guid":{"rendered":"https:\/\/red-lighttherapy.com\/?post_type=product&#038;p=640"},"modified":"2025-04-20T06:02:06","modified_gmt":"2025-04-20T06:02:06","slug":"custom-bath-soap-sleeve-slide-drawer-boxes-wholesale","status":"publish","type":"product","link":"https:\/\/red-lighttherapy.com\/pl\/custom-bath-soap-sleeve-slide-drawer-boxes-wholesale\/","title":{"rendered":"Niestandardowe pude\u0142ka na myd\u0142o do k\u0105pieli i szuflady wsuwane hurtowo"},"content":{"rendered":"<h2 id=\"customized-bath-soap-box-and-sliding-drawer-box-wholesale-product-description\">Dostosowane pude\u0142ko na myd\u0142o do k\u0105pieli i przesuwana szuflada hurtowa Opis produktu<\/h2>\n<h2 id=\"1-convenient-pull-out-opening-and-closing-\">1.\u00a0<strong>Wygodne otwieranie i zamykanie szuflad na papier<\/strong><\/h2>\n<p>Obs\u0142ugiwana jedn\u0105 r\u0119k\u0105 ta\u015bma szuflady na papier jest osadzona w ciemnoniebieskim, odpornym na zu\u017cycie materiale silikonowym, kt\u00f3ry \u015blizga si\u0119 p\u0142ynnie bez zacinania, nadaj\u0105c si\u0119 do u\u017cytku w wilgotnych \u015brodowiskach, takich jak \u0142azienki i kuchnie. Prowadnica szuflady wykorzystuje technologi\u0119 cichego przesuwania, aby zapewni\u0107 p\u0142ynny i trwa\u0142y proces ci\u0105gni\u0119cia i wysuwania.<\/p>\n<h2 id=\"2-internal-partition-and-buffer-protection-\">2.\u00a0<strong>Wewn\u0119trzna partycja i ochrona bufora<\/strong><\/h2>\n<ul>\n<li><strong>Konstrukcja przegrody antykolizyjnej<\/strong>: Regulowane przegrody s\u0105 ustawione wewn\u0105trz, aby dostosowa\u0107 si\u0119 do myde\u0142 lub przybor\u00f3w toaletowych o r\u00f3\u017cnych rozmiarach, aby unikn\u0105\u0107 kolizji i zu\u017cycia przedmiot\u00f3w.<\/li>\n<li><strong>Rozdrobniony papier + podw\u00f3jny bufor z rafii<\/strong>: Dno jest wy\u0142o\u017cone naturaln\u0105 podszewk\u0105 z rafii, kt\u00f3ra jest mi\u0119kka i elastyczna oraz skutecznie poch\u0142ania wibracje podczas transportu lub przenoszenia; rozdrobniony papier wype\u0142nia szczeliny, aby dodatkowo wzmocni\u0107 ochron\u0119.<\/li>\n<\/ul>\n<h2 id=\"3-environmentally-friendly-materials-and-durability-\">3.\u00a0<strong>Przyjazne dla \u015brodowiska materia\u0142y i trwa\u0142o\u015b\u0107<\/strong><\/h2>\n<ul>\n<li><strong>Korpus z powlekanego papieru<\/strong>: Zastosowano zag\u0119szczony papier powlekany, a powierzchnia jest pokryta przyjazn\u0105 dla \u015brodowiska matow\u0105 foli\u0105, kt\u00f3ra jest wodoodporna i odporna na wilgo\u0107, o du\u017cej odporno\u015bci na rozdarcie i mo\u017ce by\u0107 ponownie wykorzystana do przechowywania kosmetyk\u00f3w, artyku\u0142\u00f3w papierniczych i innych.<\/li>\n<li><strong>Konfigurowalna struktura wzmocnienia<\/strong>: Na potrzeby przechowywania ci\u0119\u017ckich przedmiot\u00f3w mo\u017cna go ulepszy\u0107 do procesu dwuwarstwowego powlekanego papieru kompozytowego, aby zwi\u0119kszy\u0107 no\u015bno\u015b\u0107 do 5 kg.<\/li>\n<\/ul>\n<h2 id=\"4-appearance-customization-\">4.\u00a0<strong>Dostosowywanie wygl\u0105du<\/strong><\/h2>\n<ul>\n<li><strong>Wz\u00f3r i kolor<\/strong>: Obs\u0142uguje dok\u0142adne dopasowanie kolor\u00f3w kart kolor\u00f3w Pantone, a wz\u00f3r paisley mo\u017cna zast\u0105pi\u0107 spersonalizowanymi wzorami, takimi jak geometria i ro\u015bliny.<\/li>\n<li><strong>Logo marki<\/strong>: Zapewnia t\u0142oczenie na gor\u0105co, wyt\u0142aczanie UV, sitodruk i inne procesy, a tak\u017ce mo\u017ce drukowa\u0107 firmowe LOGO lub niestandardowe has\u0142a.<\/li>\n<\/ul>\n<h2 id=\"5-function-adjustment-\">5.\u00a0<strong>Regulacja funkcji<\/strong><\/h2>\n<ul>\n<li><strong>Elastyczny rozmiar<\/strong>: Zapewnia pe\u0142nowymiarowe dostosowanie z mini modeli przeno\u015bnych (11,5<em>8 cm) do wielowarstwowych kombinacji szuflad (40<\/em>30 cm).<\/li>\n<li><strong>Wyb\u00f3r podszewki<\/strong>: Opr\u00f3cz rafii mo\u017cna j\u0105 zast\u0105pi\u0107 EVA, bawe\u0142n\u0105 per\u0142ow\u0105 i innymi materia\u0142ami, aby spe\u0142ni\u0107 r\u00f3\u017cne potrzeby w zakresie odporno\u015bci na wstrz\u0105sy.<\/li>\n<\/ul>\n<h2 id=\"6-applicable-scenarios-and-advantages-\">6.\u00a0<strong>Odpowiednie scenariusze i korzy\u015bci<\/strong><\/h2>\n<ul>\n<li><strong>Scenariusze domowe i komercyjne<\/strong>: Ma zastosowanie do mydelniczek \u0142azienkowych, opakowa\u0144 kosmetyk\u00f3w hotelowych, dostosowywania pude\u0142ek na prezenty itp.<\/li>\n<li><strong>Ochrona \u015brodowiska i op\u0142acalno\u015b\u0107<\/strong>: Materia\u0142 jest zgodny z certyfikatami RoHS i SGS, a pojedyncze pude\u0142ko mo\u017ce by\u0107 ponownie u\u017cywane przez ponad 3 lata, zmniejszaj\u0105c ilo\u015b\u0107 odpad\u00f3w opakowaniowych.<\/li>\n<\/ul>","protected":false},"excerpt":{"rendered":"<p>Korpus pude\u0142ka jest w kolorze jasnozielonym i niebiesko-zielonym, z bia\u0142ym wzorem retro paisley, co zapewnia \u015bwie\u017cy i elegancki efekt wizualny. Ciemnoniebieski pier\u015bcie\u0144 \u015bci\u0105gaj\u0105cy kontrastuje kolorystycznie z korpusem pude\u0142ka, podkre\u015blaj\u0105c warstwowo\u015b\u0107 projektu.<\/p>","protected":false},"featured_media":643,"template":"","meta":{"_kad_post_transparent":"default","_kad_post_title":"","_kad_post_layout":"default","_kad_post_sidebar_id":"","_kad_post_content_style":"default","_kad_post_vertical_padding":"default","_kad_post_feature":"","_kad_post_feature_position":"","_kad_post_header":false,"_kad_post_footer":false,"_kad_post_classname":""},"product_brand":[],"product_cat":[15,28,20,17],"product_tag":[222,221,223],"class_list":{"0":"post-640","1":"product","2":"type-product","3":"status-publish","4":"has-post-thumbnail","6":"product_cat-red-light-therapy","7":"product_cat-customize","8":"product_cat-led-face-light-therapy","9":"product_cat-services","10":"product_tag-bath-soap-slide-drawer-boxes","11":"product_tag-custom-soap-boxes","12":"product_tag-soap-boxes-wholesale","14":"first","15":"instock","16":"shipping-taxable","17":"product-type-simple","18":"entry","19":"content-bg","20":"loop-entry"},"_links":{"self":[{"href":"https:\/\/red-lighttherapy.com\/pl\/wp-json\/wp\/v2\/product\/640","targetHints":{"allow":["GET"]}}],"collection":[{"href":"https:\/\/red-lighttherapy.com\/pl\/wp-json\/wp\/v2\/product"}],"about":[{"href":"https:\/\/red-lighttherapy.com\/pl\/wp-json\/wp\/v2\/types\/product"}],"wp:featuredmedia":[{"embeddable":true,"href":"https:\/\/red-lighttherapy.com\/pl\/wp-json\/wp\/v2\/media\/643"}],"wp:attachment":[{"href":"https:\/\/red-lighttherapy.com\/pl\/wp-json\/wp\/v2\/media?parent=640"}],"wp:term":[{"taxonomy":"product_brand","embeddable":true,"href":"https:\/\/red-lighttherapy.com\/pl\/wp-json\/wp\/v2\/product_brand?post=640"},{"taxonomy":"product_cat","embeddable":true,"href":"https:\/\/red-lighttherapy.com\/pl\/wp-json\/wp\/v2\/product_cat?post=640"},{"taxonomy":"product_tag","embeddable":true,"href":"https:\/\/red-lighttherapy.com\/pl\/wp-json\/wp\/v2\/product_tag?post=640"}],"curies":[{"name":"wp","href":"https:\/\/api.w.org\/{rel}","templated":true}]}}