{"id":634,"date":"2025-04-13T08:18:35","date_gmt":"2025-04-13T08:18:35","guid":{"rendered":"https:\/\/red-lighttherapy.com\/?post_type=product&#038;p=634"},"modified":"2025-04-13T08:47:17","modified_gmt":"2025-04-13T08:47:17","slug":"luxury-foldable-shopping-paper-bags-for-apparel-cosmetic","status":"publish","type":"product","link":"https:\/\/red-lighttherapy.com\/pl\/luxury-foldable-shopping-paper-bags-for-apparel-cosmetic\/","title":{"rendered":"Luksusowe sk\u0142adane torby papierowe na odzie\u017c kosmetyczn\u0105"},"content":{"rendered":"<h2 id=\"1-shopping-paper-bags-\">1.\u00a0<strong>Torby papierowe na zakupy<\/strong><\/h2>\n<p>Zaprojektowane z my\u015bl\u0105 o wysokiej klasy handlu detalicznym, papierowe torby na zakupy s\u0105 wykonane z przyjaznego dla \u015brodowiska zag\u0119szczonego papieru z certyfikatem FSC (waga 200-450 g), kt\u00f3ry mo\u017cna dostosowa\u0107 do prostok\u0105tnych, sze\u015bciok\u0105tnych lub specjalnych kszta\u0142t\u00f3w, odpowiednich do wy\u015bwietlania wizerunku marki odzie\u017cy, kosmetyk\u00f3w i innych towar\u00f3w. Powierzchnia papierowej torby mo\u017ce by\u0107 zintegrowana z t\u0142oczeniem na gor\u0105co logo marki, wyt\u0142aczaniem i innymi procesami, a tak\u017ce obs\u0142uguje wbudowan\u0105 technologi\u0119 kodowania zapobiegaj\u0105c\u0105 podrabianiu.<\/p>\n<h2 id=\"2-foldable-and-flat-shipping-\">2.\u00a0<strong>Sk\u0142adany i p\u0142aski transport<\/strong><\/h2>\n<p>Przyjmuj\u0105c konstrukcj\u0119 sk\u0142adan\u0105 rurowo, grubo\u015b\u0107 po z\u0142o\u017ceniu wynosi tylko 1-2 mm, obs\u0142uguj\u0105c tysi\u0105ce sztuk opakowa\u0144 do uk\u0142adania w stosy, zmniejszaj\u0105c koszty transportu o ponad 70%. Kluczowe projekty obejmuj\u0105:<\/p>\n<h2 id=\"3-hot-stamping-process-\">3. Z\u0142ota h<strong>proces t\u0142oczenia folii<\/strong><\/h2>\n<p>Przyj\u0119cie niemieckiej z\u0142otej folii Kurz do t\u0142oczenia na gor\u0105co w po\u0142\u0105czeniu z precyzyjn\u0105 form\u0105 \u22640,1 mm w celu uzyskania tr\u00f3jwymiarowego efektu reliefu. Innowacje technologiczne obejmuj\u0105:<\/p>\n<ul>\n<li><strong>Technologia dwukolorowej nak\u0142adki<\/strong>Lustrzane z\u0142oto + matowe z\u0142oto warstwowe t\u0142oczenie na gor\u0105co w celu wzmocnienia wizualnego nak\u0142adania warstw;<\/li>\n<li><strong>Mikro-rze\u017aba zapobiegaj\u0105ca podrabianiu<\/strong>wbudowany kod mikromarki;<\/li>\n<li><strong>Certyfikacja \u015brodowiskowa<\/strong>: przy u\u017cyciu klej\u00f3w na bazie wody i przej\u015bciu testu SGS na migracj\u0119 metali ci\u0119\u017ckich, zgodnie z normami UE REACH.<\/li>\n<\/ul>\n<h2 id=\"4-ribbon-handle-\">4.\u00a0<strong>Uchwyt wst\u0105\u017ckowy<\/strong><\/h2>\n<p>Uchwyt wykonany jest z poliestru o wysokiej g\u0119sto\u015bci lub mieszanki bawe\u0142ny i lnu, szeroko\u015b\u0107 mo\u017cna dostosowa\u0107 do 8-15 mm, a no\u015bno\u015b\u0107 wynosi do 8 kg. Innowacyjne procesy obejmuj\u0105:<\/p>\n<ul>\n<li><strong>Wbudowane mocowanie na gor\u0105co<\/strong>Unikni\u0119cie problemu \u0142atwego rozrywania tradycyjnego wykrawania, takiego jak precyzyjna struktura zawiasu sk\u0142adanego ekranu Sanlipu;<\/li>\n<li><strong>Wielofunkcyjna konstrukcja<\/strong>Zintegrowane znaczniki marki, fr\u0119dzle lub zapi\u0119cia magnetyczne na ko\u0144cu, odpowiednie do luksusowych pude\u0142ek na prezenty. Na przyk\u0142ad marki odzie\u017cowe cz\u0119sto u\u017cywaj\u0105 poszerzonych wst\u0105\u017cek, aby poprawi\u0107 komfort chwytu.<\/li>\n<\/ul>\n<h2 id=\"5-highly-customized-service-\">5.\u00a0<strong>Wysoce spersonalizowana us\u0142uga<\/strong><\/h2>\n<p>Zapewnienie w pe\u0142ni elastycznych rozwi\u0105za\u0144 dostosowywania:<\/p>\n<ul>\n<li><strong>Adaptacja funkcjonalna<\/strong>: Torby na ubrania maj\u0105 wbudowane haczyki na wieszaki, a pude\u0142ka na kosmetyki s\u0105 zaprojektowane z niezale\u017cnymi otworami na podszewk\u0119;<\/li>\n<li><strong>Kombinacja proces\u00f3w<\/strong>: Obs\u0142uguje 12 proces\u00f3w, takich jak druk punktowy Pantone + lokalny druk UV + dr\u0105\u017cenie laserowe, np. projekt powierzchni AB toreb papierowych marki Disney;<\/li>\n<li><strong>Szybka reakcja<\/strong>72-godzinny cykl proofingu, obs\u0142uga 500 sztuk minimalnego zam\u00f3wienia, dostosowanie do potrzeb limitowanych edycji sklep\u00f3w pop-up.<\/li>\n<\/ul>\n<h2 id=\"6-surface-lamination-\">6.\u00a0<strong>Laminowanie powierzchni<\/strong><\/h2>\n<p>Przyj\u0119cie technologii laminowania matowego lub b\u0142yszcz\u0105cego na bazie wody pozwala uzyska\u0107 potr\u00f3jn\u0105 popraw\u0119 wydajno\u015bci:<\/p>\n<ul>\n<li><strong>Ochronny<\/strong>: Powierzchnia bryzgoszczelna na poziomie IPX4, odporna na r\u00f3\u017cnic\u0119 temperatur od -20 \u2103 do 50 \u2103;<\/li>\n<li><strong>Optymalizacja dotyku<\/strong>: Matowa pow\u0142oka przypominaj\u0105ca sk\u00f3r\u0119, przesz\u0142a test zu\u017cycia Martindale 5000;<\/li>\n<li><strong>Kompatybilno\u015b\u0107 przyjazna dla \u015brodowiska<\/strong>: Materia\u0142 do laminowania nadaje si\u0119 do recyklingu i degradacji, spe\u0142niaj\u0105c wymagania chi\u0144skiego \"Nakazu ograniczenia stosowania tworzyw sztucznych\".<\/li>\n<\/ul>\n<h2 id=\"7-pink-main-color-design-\">7.\u00a0<strong>G\u0142\u00f3wny kolor r\u00f3\u017cowy<\/strong><\/h2>\n<p>Wybrano r\u00f3\u017cowy balet Pantone 13-2805 TCX, kt\u00f3ry zosta\u0142 zweryfikowany przez psychologi\u0119 kolor\u00f3w, aby zwi\u0119kszy\u0107 ch\u0119\u0107 zakupu 73% kobiet. Schemat kolor\u00f3w obejmuje:<\/p>\n<ul>\n<li><strong>Takie samo dopasowanie kolor\u00f3w<\/strong>: Szampa\u0144skie z\u0142oto t\u0142oczone na gor\u0105co + per\u0142owa bia\u0142a wst\u0105\u017cka, aby stworzy\u0107 lekk\u0105 luksusow\u0105 atmosfer\u0119;<\/li>\n<li><strong>Kontrastowy schemat kolor\u00f3w<\/strong>: Niebiesko-mi\u0119towe uchwyty, odpowiednie dla modnych marek generacji Z. Na przyk\u0142ad seria Chanel 2025 na wiosn\u0119 i lato wykorzystuje lodowor\u00f3\u017cow\u0105 satyn\u0119 i srebrne kontrastowe wyko\u0144czenia.<\/li>\n<\/ul>\n<h2 id=\"8-advantages-of-chinese-source-manufacturers-\">8.\u00a0<strong>Zalety chi\u0144skich producent\u00f3w \u017ar\u00f3d\u0142owych<\/strong><\/h2>\n<p>Na czele stoj\u0105 takie firmy jak Nanwang Technology i Mingdai Paper Products:<\/p>\n<ul>\n<li><strong>Gwarancja pojemno\u015bci<\/strong>: 12 w pe\u0142ni automatycznych linii produkcyjnych, przy zdolno\u015bci produkcyjnej przekraczaj\u0105cej 20 milion\u00f3w sztuk;<\/li>\n<li><strong>Certyfikacja zgodno\u015bci<\/strong>: Posiadamy certyfikaty odpowiedzialno\u015bci spo\u0142ecznej ISO 14001 i Sedex, zgodne z europejskimi i ameryka\u0144skimi standardami dost\u0119pu do marki;<\/li>\n<li><strong>Bariery techniczne<\/strong>: Niezale\u017cnie opracowana technologia produkcji ultra-du\u017cych toreb, monopolizuj\u0105ca 30% udzia\u0142u w korea\u0144skim rynku papierowych toreb odzie\u017cowych.<\/li>\n<\/ul>","protected":false},"excerpt":{"rendered":"<p>Nasz\u0105 papierow\u0105 torb\u0119 do pakowania mo\u017cna z\u0142o\u017cy\u0107 i po\u0142o\u017cy\u0107 p\u0142asko do wysy\u0142ki, aby obni\u017cy\u0107 koszty transportu. Jest zoptymalizowana dzi\u0119ki liniom wst\u0119pnego wgniatania, aby zapewni\u0107, \u017ce pozostanie niezmieniona po roz\u0142o\u017ceniu, a proces t\u0142oczenia na gor\u0105co na powierzchni poprawia wizualne nak\u0142adanie warstw.<\/p>","protected":false},"featured_media":638,"template":"","meta":{"_kad_post_transparent":"default","_kad_post_title":"","_kad_post_layout":"default","_kad_post_sidebar_id":"","_kad_post_content_style":"default","_kad_post_vertical_padding":"default","_kad_post_feature":"","_kad_post_feature_position":"","_kad_post_header":false,"_kad_post_footer":false,"_kad_post_classname":""},"product_brand":[],"product_cat":[15,28,30,17],"product_tag":[220,218,219],"class_list":{"0":"post-634","1":"product","2":"type-product","3":"status-publish","4":"has-post-thumbnail","6":"product_cat-red-light-therapy","7":"product_cat-customize","8":"product_cat-dropshipping","9":"product_cat-services","10":"product_tag-luxury-apparel-cosmetic-paper-bags","11":"product_tag-shopping-paper-bags-for-apparel","12":"product_tag-shopping-paper-bags-for-cosmetic","14":"first","15":"instock","16":"shipping-taxable","17":"product-type-simple","18":"entry","19":"content-bg","20":"loop-entry"},"_links":{"self":[{"href":"https:\/\/red-lighttherapy.com\/pl\/wp-json\/wp\/v2\/product\/634","targetHints":{"allow":["GET"]}}],"collection":[{"href":"https:\/\/red-lighttherapy.com\/pl\/wp-json\/wp\/v2\/product"}],"about":[{"href":"https:\/\/red-lighttherapy.com\/pl\/wp-json\/wp\/v2\/types\/product"}],"wp:featuredmedia":[{"embeddable":true,"href":"https:\/\/red-lighttherapy.com\/pl\/wp-json\/wp\/v2\/media\/638"}],"wp:attachment":[{"href":"https:\/\/red-lighttherapy.com\/pl\/wp-json\/wp\/v2\/media?parent=634"}],"wp:term":[{"taxonomy":"product_brand","embeddable":true,"href":"https:\/\/red-lighttherapy.com\/pl\/wp-json\/wp\/v2\/product_brand?post=634"},{"taxonomy":"product_cat","embeddable":true,"href":"https:\/\/red-lighttherapy.com\/pl\/wp-json\/wp\/v2\/product_cat?post=634"},{"taxonomy":"product_tag","embeddable":true,"href":"https:\/\/red-lighttherapy.com\/pl\/wp-json\/wp\/v2\/product_tag?post=634"}],"curies":[{"name":"wp","href":"https:\/\/api.w.org\/{rel}","templated":true}]}}