{"id":628,"date":"2025-04-13T07:49:49","date_gmt":"2025-04-13T07:49:49","guid":{"rendered":"https:\/\/red-lighttherapy.com\/?post_type=product&#038;p=628"},"modified":"2025-04-13T08:18:26","modified_gmt":"2025-04-13T08:18:26","slug":"custom-printed-vape-pen-cartridge-packaging-box-manufacturer","status":"publish","type":"product","link":"https:\/\/red-lighttherapy.com\/pl\/custom-printed-vape-pen-cartridge-packaging-box-manufacturer\/","title":{"rendered":"Niestandardowe drukowane opakowanie na kartrid\u017c Vape Pen Producent"},"content":{"rendered":"<h2 id=\"16-years-of-craftsmanship-to-create-a-child-resistant-child-resistant-e-cigarette-pen-ink-cartridge-packaging-solution\">Niestandardowe drukowane opakowanie na kartrid\u017c Vape Pen Producent Rozwi\u0105zanie opakowaniowe<\/h2>\n<h2><strong>1. Odporno\u015b\u0107 na dzieci <\/strong><strong>Projekt<\/strong><\/h2>\n<p>Przyj\u0119cie innowacyjnej konstrukcji klamry wymaga okre\u015blonej si\u0142y i k\u0105ta otwarcia, skutecznie zapobiegaj\u0105c ryzyku przypadkowego dotkni\u0119cia przez dzieci. Owalny otw\u00f3r z boku opakowania jest po\u0142\u0105czony z wysuwanym pude\u0142kiem, kt\u00f3re nie tylko zaspokaja potrzeby doros\u0142ych w zakresie wygodnego dost\u0119pu, ale tak\u017ce spe\u0142nia mi\u0119dzynarodowe standardy bezpiecze\u0144stwa opakowa\u0144 dla dzieci dzi\u0119ki fizycznej konstrukcji bariery.<\/p>\n<h2 id=\"-2-drawer-paper-boxes-design-\"><strong>2. Szufladowe pude\u0142ka na papier<\/strong><\/h2>\n<p>Typ szuflady na papier jest skoncentrowany na p\u0142ynnym otwieraniu i zamykaniu. Czarna, d\u0142uga listwa jest dopasowana do gradientowego koloru t\u0142a, co zapewnia zar\u00f3wno wizualne pi\u0119kno, jak i praktyczne funkcje. Konstrukcja pude\u0142ka jest stabilna, mo\u017ce by\u0107 wielokrotnie otwierana i zamykana bez luz\u00f3w i jest doskonale przystosowana do cz\u0119stego u\u017cywania wk\u0142ad\u00f3w atramentowych do e-papieros\u00f3w.<\/p>\n<h2 id=\"-3-premium-art-paper-\"><strong>3. Wysokiej jako\u015bci papier artystyczny<\/strong><\/h2>\n<p>Wybrany papier powlekany o gramaturze 300 g lub wi\u0119kszej, z matow\u0105 \/ b\u0142yszcz\u0105c\u0105 foli\u0105 na powierzchni, odporny na zu\u017cycie i nacisk oraz wysokie odwzorowanie kolor\u00f3w druku. Materia\u0142 jest przyjazny dla \u015brodowiska i nietoksyczny, a certyfikat ROHS zosta\u0142 przekazany, zapewniaj\u0105c, \u017ce nie wyblaknie ani nie zdeformuje si\u0119 podczas d\u0142ugotrwa\u0142ego przechowywania, poprawia wysokiej klasy tekstur\u0119 produktu....<\/p>\n<h2 id=\"-4-360-customizable-printing-\"><strong>4. Mo\u017cliwo\u015b\u0107 drukowania 360<\/strong><\/h2>\n<p>Obs\u0142uguje drukowanie wielokierunkowe na powierzchni pude\u0142ka, z boku i od spodu, i mo\u017ce swobodnie zast\u0119powa\u0107 s\u0142owa \"TEXT\" i \"LOGO\", kompatybilne z efektami gradientu od monochromatycznego do pe\u0142nokolorowego. Niezale\u017cnie od tego, czy chodzi o logo marki, ostrze\u017cenia czy wzory z kresk\u00f3wek, mo\u017cna je dok\u0142adnie odtworzy\u0107, aby osi\u0105gn\u0105\u0107 wysoki stopie\u0144 wizualnej jedno\u015bci mi\u0119dzy opakowaniem a mark\u0105.<\/p>\n<h2 id=\"-5-tailored-foam-insert-\"><strong>5. Dopasowana wk\u0142adka piankowa<\/strong><\/h2>\n<p>W zale\u017cno\u015bci od rozmiaru, kszta\u0142tu i rozmieszczenia wk\u0142adu\/pendrive'a, \u015bwiadczymy us\u0142ugi dostosowywania podszewki EVA\/PEP. Dok\u0142adno\u015b\u0107 wykrawania podszewki wynosi \u00b10,5 mm, co skutecznie mocuje produkt, aby zapobiec wstrz\u0105som i kolizjom, jednocze\u015bnie optymalizuj\u0105c wykorzystanie przestrzeni i zmniejszaj\u0105c straty w transporcie.<\/p>\n<h2 id=\"-6-cartoon-ip-empowerment-marketing-cartoon-visual-impact-\"><strong>6. Kresk\u00f3wkowy marketing wzmacniaj\u0105cy w\u0142asno\u015b\u0107 intelektualn\u0105 (Cartoon Visual Impact)<\/strong><\/h2>\n<p>Oryginalny lub autoryzowany wz\u00f3r kresk\u00f3wkowy, taki jak s\u0142odkie zwierz\u0119ta, modne ilustracje itp., obejmuj\u0105cy r\u00f3\u017cowy i fioletowy gradient, br\u0105zowy i ch\u0142odny oraz inne schematy kolor\u00f3w. \u017bywe wizualizacje bezpo\u015brednio docieraj\u0105 do m\u0142odych grup konsument\u00f3w, pomagaj\u0105c markom szybko zdoby\u0107 punkty pami\u0119ci w\u015br\u00f3d konkurencyjnych produkt\u00f3w.<\/p>\n<p><em>##\u00a0<\/em>7. 16-letnie zatwierdzenie fabryki \u017ar\u00f3d\u0142owej (ekspert OEM\/ODM)** Wiod\u0105cy chi\u0144ski producent w dziedzinie opakowa\u0144 do e-papieros\u00f3w, obs\u0142uguj\u0105cy ponad 300 marek na ca\u0142ym \u015bwiecie i dostarczaj\u0105cy \u0142\u0105cznie ponad 50 milion\u00f3w niestandardowych opakowa\u0144. Od sprawdzenia projektu po kontrol\u0119 jako\u015bci masowej produkcji, ca\u0142y \u0142a\u0144cuch w\u0142asnych fabryk jest kontrolowany, aby zapewni\u0107 48-godzinn\u0105 reakcj\u0119 i ultraszybk\u0105 dostaw\u0119 w ci\u0105gu 7-15 dni.<\/p>","protected":false},"excerpt":{"rendered":"<p>To zabezpieczone przed dzie\u0107mi papierowe pude\u0142ko z szufladami jest wykonane z wysokiej jako\u015bci powlekanego papieru i laminowane, bior\u0105c pod uwag\u0119 wysokie odwzorowanie kolor\u00f3w i ochron\u0119 \u015brodowiska. Obs\u0142uguje pe\u0142n\u0105 personalizacj\u0119 druku i jest wyposa\u017cony w precyzyjne wykrawanie podszewki, aby zapobiec wstrz\u0105som i naciskowi. Dzi\u0119ki innowacjom strukturalnym i optymalizacji materia\u0142\u00f3w, osi\u0105ga potr\u00f3jn\u0105 r\u00f3wnowag\u0119 mi\u0119dzy ochron\u0105 bezpiecze\u0144stwa, atrakcyjno\u015bci\u0105 wizualn\u0105 i wydajno\u015bci\u0105 transportu.<\/p>","protected":false},"featured_media":631,"template":"","meta":{"_kad_post_transparent":"default","_kad_post_title":"","_kad_post_layout":"default","_kad_post_sidebar_id":"","_kad_post_content_style":"default","_kad_post_vertical_padding":"default","_kad_post_feature":"","_kad_post_feature_position":"","_kad_post_header":false,"_kad_post_footer":false,"_kad_post_classname":""},"product_brand":[],"product_cat":[15,40,17],"product_tag":[216,217,215],"class_list":{"0":"post-628","1":"product","2":"type-product","3":"status-publish","4":"has-post-thumbnail","6":"product_cat-red-light-therapy","7":"product_cat-red-light-therapy-panel","8":"product_cat-services","9":"product_tag-cartridge-packaging-manufacturer","10":"product_tag-custom-vape-packaging","11":"product_tag-vape-pen-cartridge-packaging","13":"first","14":"instock","15":"shipping-taxable","16":"product-type-simple","17":"entry","18":"content-bg","19":"loop-entry"},"_links":{"self":[{"href":"https:\/\/red-lighttherapy.com\/pl\/wp-json\/wp\/v2\/product\/628","targetHints":{"allow":["GET"]}}],"collection":[{"href":"https:\/\/red-lighttherapy.com\/pl\/wp-json\/wp\/v2\/product"}],"about":[{"href":"https:\/\/red-lighttherapy.com\/pl\/wp-json\/wp\/v2\/types\/product"}],"wp:featuredmedia":[{"embeddable":true,"href":"https:\/\/red-lighttherapy.com\/pl\/wp-json\/wp\/v2\/media\/631"}],"wp:attachment":[{"href":"https:\/\/red-lighttherapy.com\/pl\/wp-json\/wp\/v2\/media?parent=628"}],"wp:term":[{"taxonomy":"product_brand","embeddable":true,"href":"https:\/\/red-lighttherapy.com\/pl\/wp-json\/wp\/v2\/product_brand?post=628"},{"taxonomy":"product_cat","embeddable":true,"href":"https:\/\/red-lighttherapy.com\/pl\/wp-json\/wp\/v2\/product_cat?post=628"},{"taxonomy":"product_tag","embeddable":true,"href":"https:\/\/red-lighttherapy.com\/pl\/wp-json\/wp\/v2\/product_tag?post=628"}],"curies":[{"name":"wp","href":"https:\/\/api.w.org\/{rel}","templated":true}]}}