{"id":610,"date":"2025-04-13T07:04:49","date_gmt":"2025-04-13T07:04:49","guid":{"rendered":"https:\/\/red-lighttherapy.com\/?post_type=product&#038;p=610"},"modified":"2025-04-13T07:17:38","modified_gmt":"2025-04-13T07:17:38","slug":"custom-scarves-apparel-t-shirt-paper-tube-packaging-wholesale","status":"publish","type":"product","link":"https:\/\/red-lighttherapy.com\/pl\/custom-scarves-apparel-t-shirt-paper-tube-packaging-wholesale\/","title":{"rendered":"Niestandardowe szaliki Odzie\u017c T-Shirt Opakowania papierowe hurtowo"},"content":{"rendered":"<h2 id=\"customized-scarf-clothing-t-shirt-paper-tube-packaging-product-description\">Niestandardowy szalik odzie\u017c T-shirt papierowe opakowanie rurowe opis produktu<\/h2>\n<h2 id=\"1-fresh-visual-experience-\">1.\u00a0<strong>\u015awie\u017ce wra\u017cenia wizualne<\/strong><\/h2>\n<ul>\n<li>Korpus pude\u0142ka ma jasnoniebieski kolor, co daje cichy i przejrzysty efekt wizualny, kt\u00f3ry idealnie pasuje do czystego i delikatnego pozycjonowania produkt\u00f3w dla matek i niemowl\u0105t. Powierzchnia jest pokryta g\u0119stymi wzorami z kresk\u00f3wek (koci\u0119ta, nied\u017awiedzie, chmury, gwiazdy itp.), a delikatn\u0105 tekstur\u0119 uzyskano dzi\u0119ki precyzyjnej technologii drukowania, przekazuj\u0105c dzieci\u0119c\u0105 zabaw\u0119 i ciep\u0142\u0105 atmosfer\u0119.<\/li>\n<li><strong>Konstrukcja okna<\/strong>: Korpus pude\u0142ka ma cz\u0119\u015bciowo przezroczyste okienko, dzi\u0119ki czemu konsumenci mog\u0105 bezpo\u015brednio obserwowa\u0107 materia\u0142 i szczeg\u00f3\u0142y wewn\u0119trznych szalik\u00f3w, T-shirt\u00f3w i innych produkt\u00f3w, a tak\u017ce zwi\u0119kszy\u0107 pewno\u015b\u0107 zakupu i interaktywno\u015b\u0107.<\/li>\n<\/ul>\n<h2 id=\"2-environmentally-friendly-materials-and-high-quality-printing-\">2.\u00a0<strong>Przyjazne dla \u015brodowiska materia\u0142y i wysokiej jako\u015bci druk<\/strong><\/h2>\n<ul>\n<li>Korzystanie z\u00a0<strong>Przyjazny dla \u015brodowiska papier powlekany z certyfikatem FSC<\/strong>Powierzchnia jest g\u0142adka i p\u0142aska, absorpcja atramentu jest jednolita, a stopie\u0144 odwzorowania kolor\u00f3w przekracza 95%, dzi\u0119ki czemu wz\u00f3r jest jasny i trwa\u0142y.<\/li>\n<li>Materia\u0142 przeszed\u0142 pomy\u015blnie\u00a0<strong>Certyfikacja systemu zarz\u0105dzania jako\u015bci\u0105 ISO<\/strong>Spe\u0142nia standardy bezpiecze\u0144stwa produkt\u00f3w dla matek i niemowl\u0105t, jest nietoksyczny i nieszkodliwy oraz mo\u017ce by\u0107 poddany recyklingowi i degradacji, pomagaj\u0105c marce stworzy\u0107 podw\u00f3jn\u0105 etykiet\u0119 \"ziele\u0144 + jako\u015b\u0107\".<\/li>\n<\/ul>\n<h2 id=\"3-flexible-customization-solution-\">3.\u00a0<strong>Elastyczne rozwi\u0105zanie do personalizacji<\/strong><\/h2>\n<ul>\n<li><strong>Typ i rozmiar pude\u0142ka<\/strong>: Obs\u0142uguje dostosowywanie r\u00f3\u017cnych typ\u00f3w pude\u0142ek, takich jak pude\u0142ka cylindryczne i kwadratowe, o rozmiarach od S do XXL, odpowiednich dla r\u00f3\u017cnych form produkt\u00f3w, takich jak szaliki, koszulki i ubrania dla niemowl\u0105t.<\/li>\n<li><strong>Druk i rzemios\u0142o<\/strong>: Konfigurowalne t\u0142oczenie na gor\u0105co, wyt\u0142aczanie UV, lakierowanie lokalne i inne procesy spe\u0142niaj\u0105ce r\u00f3\u017cnorodne potrzeby, takie jak LOGO marki, co-branding IP i motywy \u015bwi\u0105teczne.<\/li>\n<\/ul>\n<h2 id=\"4-direct-supply-from-chinese-source-factory-\">4.\u00a0<strong>Bezpo\u015brednia dostawa z chi\u0144skiej fabryki \u017ar\u00f3de\u0142<\/strong><\/h2>\n<ul>\n<li>Produkowane we w\u0142asnej fabryce, przy u\u017cyciu w pe\u0142ni zautomatyzowanego sprz\u0119tu i inteligentnych system\u00f3w magazynowania, aby zapewni\u0107 skr\u00f3cenie cyklu dostaw zam\u00f3wie\u0144 hurtowych o 30% i obni\u017cenie koszt\u00f3w o 20%.<\/li>\n<li>Zapewnienie kompleksowej obs\u0142ugi, od sprawdzenia projektu po dystrybucj\u0119 logistyczn\u0105, ograniczenie po\u015brednik\u00f3w oraz poprawa wydajno\u015bci komunikacji i kontroli koszt\u00f3w.<\/li>\n<\/ul>\n<h2 id=\"-certification-and-brand-empowerment-\"><strong>5. Certyfikacja i wzmocnienie marki<\/strong><\/h2>\n<ol>\n<li><strong>Zatwierdzenie podw\u00f3jnej certyfikacji<\/strong><\/li>\n<li><strong>Certyfikacja las\u00f3w FSC<\/strong>: Upewnij si\u0119, \u017ce materia\u0142y opakowaniowe pochodz\u0105 z las\u00f3w zarz\u0105dzanych w spos\u00f3b zr\u00f3wnowa\u017cony i przekazuj\u0105 koncepcj\u0119 odpowiedzialno\u015bci za \u015brodowisko.<\/li>\n<li><strong>Certyfikat jako\u015bci ISO 9001<\/strong>: Standaryzacja ca\u0142ego procesu, od zakupu surowc\u00f3w po produkcj\u0119, zapewnia trwa\u0142o\u015b\u0107 i sp\u00f3jno\u015b\u0107 produktu.<\/li>\n<\/ol>\n<h2 id=\"-application-scenarios-and-customer-value-\"><strong>Scenariusze zastosowa\u0144 i warto\u015b\u0107 dla klienta<\/strong><\/h2>\n<ul>\n<li><strong>Marka odzie\u017cy dla matek i niemowl\u0105t<\/strong>: Kresk\u00f3wkowe elementy i jasnoniebieskie odcienie pasuj\u0105 do produkt\u00f3w dla niemowl\u0105t, a konstrukcja okienka u\u0142atwia prezentacj\u0119 mi\u0119kkich i przyjaznych dla sk\u00f3ry w\u0142a\u015bciwo\u015bci produktu.<\/li>\n<li><strong>Marka odzie\u017cy modowej<\/strong>: Dostosowany typ pude\u0142ka i proces drukowania mog\u0105 zwi\u0119kszy\u0107 rozpoznawalno\u015b\u0107 marki, na przyk\u0142ad w przypadku limitowanych edycji \u015bwi\u0105tecznych i opakowa\u0144 IP pod wsp\u00f3ln\u0105 mark\u0105.<\/li>\n<li><strong>Prezenty i transgraniczny handel elektroniczny<\/strong>: Przyjazne dla \u015brodowiska materia\u0142y i etykiety z podw\u00f3jn\u0105 certyfikacj\u0105 spe\u0142niaj\u0105 wymagania dotycz\u0105ce dost\u0119pu do rynku w Europie i Stanach Zjednoczonych, pomagaj\u0105c markom w ekspansji zagranicznej.<\/li>\n<\/ul>","protected":false},"excerpt":{"rendered":"<p>To papierowe opakowanie tubowe wykorzystuje jasnoniebieski jako g\u0142\u00f3wny kolor, kt\u00f3ry ma \u015bwie\u017cy i spokojny efekt wizualny i mo\u017ce szybko stworzy\u0107 lekk\u0105 i przejrzyst\u0105 atmosfer\u0119. Powierzchnia pude\u0142ka pokryta jest g\u0119stymi kresk\u00f3wkowymi wzorami (takimi jak koci\u0119ta, nied\u017awiedzie, chmury, gwiazdy, kwiaty itp.) Styl jest \u015bwie\u017cy i uroczy, co jest zgodne z pozycjonowaniem produkt\u00f3w dla matek i dzieci.<\/p>","protected":false},"featured_media":612,"template":"","meta":{"_kad_post_transparent":"default","_kad_post_title":"","_kad_post_layout":"default","_kad_post_sidebar_id":"","_kad_post_content_style":"default","_kad_post_vertical_padding":"default","_kad_post_feature":"","_kad_post_feature_position":"","_kad_post_header":false,"_kad_post_footer":false,"_kad_post_classname":""},"product_brand":[],"product_cat":[15,30,17],"product_tag":[210,209,208],"class_list":{"0":"post-610","1":"product","2":"type-product","3":"status-publish","4":"has-post-thumbnail","6":"product_cat-red-light-therapy","7":"product_cat-dropshipping","8":"product_cat-services","9":"product_tag-apparel-paper-tube-wholesale","10":"product_tag-apparel-t-shirt-paper-tube","11":"product_tag-custom-scarves-packaging","13":"first","14":"instock","15":"shipping-taxable","16":"product-type-simple","17":"entry","18":"content-bg","19":"loop-entry"},"_links":{"self":[{"href":"https:\/\/red-lighttherapy.com\/pl\/wp-json\/wp\/v2\/product\/610","targetHints":{"allow":["GET"]}}],"collection":[{"href":"https:\/\/red-lighttherapy.com\/pl\/wp-json\/wp\/v2\/product"}],"about":[{"href":"https:\/\/red-lighttherapy.com\/pl\/wp-json\/wp\/v2\/types\/product"}],"wp:featuredmedia":[{"embeddable":true,"href":"https:\/\/red-lighttherapy.com\/pl\/wp-json\/wp\/v2\/media\/612"}],"wp:attachment":[{"href":"https:\/\/red-lighttherapy.com\/pl\/wp-json\/wp\/v2\/media?parent=610"}],"wp:term":[{"taxonomy":"product_brand","embeddable":true,"href":"https:\/\/red-lighttherapy.com\/pl\/wp-json\/wp\/v2\/product_brand?post=610"},{"taxonomy":"product_cat","embeddable":true,"href":"https:\/\/red-lighttherapy.com\/pl\/wp-json\/wp\/v2\/product_cat?post=610"},{"taxonomy":"product_tag","embeddable":true,"href":"https:\/\/red-lighttherapy.com\/pl\/wp-json\/wp\/v2\/product_tag?post=610"}],"curies":[{"name":"wp","href":"https:\/\/api.w.org\/{rel}","templated":true}]}}