{"id":602,"date":"2025-04-12T14:02:24","date_gmt":"2025-04-12T14:02:24","guid":{"rendered":"https:\/\/red-lighttherapy.com\/?post_type=product&#038;p=602"},"modified":"2025-04-12T18:07:09","modified_gmt":"2025-04-12T18:07:09","slug":"food-grade-tea-candle-kraft-paper-tube-packaging-supplier","status":"publish","type":"product","link":"https:\/\/red-lighttherapy.com\/pl\/food-grade-tea-candle-kraft-paper-tube-packaging-supplier\/","title":{"rendered":"\u015awieca do herbaty klasy spo\u017cywczej Dostawca opakowa\u0144 z papieru pakowego"},"content":{"rendered":"<h2 id=\"food-grade-tea-candle-kraft-paper-tube-packaging-product-description\">\u015awieca do herbaty klasy spo\u017cywczej Dostawca opakowa\u0144 z papieru pakowego Opis produktu<\/h2>\n<h2 id=\"1-structural-design-split-buckle-structure-\">1.\u00a0<strong>Konstrukcja strukturalna: dzielona konstrukcja klamrowa<\/strong><\/h2>\n<ul>\n<li><strong>Oddzielna konstrukcja g\u00f3rnej i dolnej pokrywy<\/strong>: Pokrywa i korpus pude\u0142ka maj\u0105 niezale\u017cn\u0105 konstrukcj\u0119, a \u015brednica pokrywy jest nieco wi\u0119ksza ni\u017c korpusu pude\u0142ka (tolerancja jest kontrolowana w granicach 0,5 mm). Precyzyjny proces wykrawania jest stosowany w celu uzyskania bezszwowego wyboczenia, aby zapewni\u0107 brak luzu lub przypadkowego otwarcia podczas transportu.<\/li>\n<li><strong>P\u0142ytki system blokowania gniazda karty<\/strong>: Okr\u0105g\u0142y, p\u0142ytki otw\u00f3r na kart\u0119 (g\u0142\u0119boko\u015b\u0107 1-2 mm) znajduje si\u0119 wewn\u0105trz pokrywy, kt\u00f3ra tworzy zamkni\u0119cie z g\u00f3rnym ko\u0142nierzem korpusu pude\u0142ka. U\u017cytkownik mo\u017ce j\u0105 otworzy\u0107 lekkim naci\u015bni\u0119ciem, a po zamkni\u0119ciu automatycznie odbija si\u0119 i blokuje, \u0142\u0105cz\u0105c wygod\u0119 i dekoracyjno\u015b\u0107.<\/li>\n<\/ul>\n<h2 id=\"2-environmentally-friendly-material-degradable-food-grade-kraft-paper-\">2.\u00a0<strong>Przyjazny dla \u015brodowiska materia\u0142: degradowalny papier pakowy o jako\u015bci spo\u017cywczej<\/strong><\/h2>\n<ul>\n<li><strong>Surowce i rzemios\u0142o<\/strong>: Wykonany w ca\u0142o\u015bci z pulpy drzewnej lub w\u0142\u00f3kien z recyklingu z certyfikatem FSC, przeszed\u0142 testy bezpiecze\u0144stwa \u017cywno\u015bci (zgodnie z normami GB 4806.8), nie zawiera \u015brodk\u00f3w fluorescencyjnych, plastyfikator\u00f3w i innych szkodliwych substancji i mo\u017ce bezpo\u015brednio styka\u0107 si\u0119 z korpusem \u015bwiecy.<\/li>\n<li><strong>Wydajno\u015b\u0107 degradacji<\/strong>: Ca\u0142kowicie rozk\u0142ada si\u0119 w ci\u0105gu 6-12 miesi\u0119cy w \u015brodowisku naturalnym, produktem degradacji jest w\u0142\u00f3kno naturalne i nie ma ryzyka zanieczyszczenia gleby.<\/li>\n<\/ul>\n<h2 id=\"3-function-optimization-inner-wall-reinforcement-and-protection-\">3.\u00a0<strong>Optymalizacja funkcji: wzmocnienie i ochrona \u015bciany wewn\u0119trznej<\/strong><\/h2>\n<ul>\n<li><strong>G\u0142adkie \u015bcianki wewn\u0119trzne<\/strong>: Pow\u0142oka PE klasy spo\u017cywczej o grubo\u015bci 0,05 mm jest formowana w procesie laminowania, aby zapewni\u0107, \u017ce wewn\u0119trzna \u015bciana jest g\u0142adka i pozbawiona zadzior\u00f3w, unikn\u0105\u0107 zadrapa\u0144 na powierzchni \u015bwiecy i poprawi\u0107 wytrzyma\u0142o\u015b\u0107 na \u015bciskanie (no\u015bno\u015b\u0107 do 5 kg).<\/li>\n<li><strong>Odporno\u015b\u0107 na wilgo\u0107<\/strong>: Papier Kraft o gramaturze \u2265 250 g\/m\u00b2, z wewn\u0119trzn\u0105 pow\u0142ok\u0105 \u015bcienn\u0105, mo\u017ce blokowa\u0107 wp\u0142yw zmian wilgotno\u015bci na tekstur\u0119 \u015bwiecy.<\/li>\n<\/ul>\n<h2 id=\"4-visual-design-minimalist-natural-aesthetics-\">4.\u00a0<strong>Projekt wizualny: minimalistyczna, naturalna estetyka<\/strong><\/h2>\n<ul>\n<li><strong>Kolor i drukowanie<\/strong>: Korpus pude\u0142ka wykorzystuje jasnobr\u0105zowy oryginalny kolor bazowy masy celulozowej (Pantone 16-1125 TPX), a powierzchnia jest zadrukowana monochromatycznie tuszem na bazie wody. Wz\u00f3r to g\u0142\u00f3wnie linie ro\u015blinne, takie jak paprocie i li\u015bcie oliwne, a lokalna bia\u0142a przestrze\u0144 stanowi \u226540%, tworz\u0105c wizualn\u0105 r\u00f3wnowag\u0119 \"mniej znaczy wi\u0119cej\".<\/li>\n<li><strong>Prezentacja tekstury<\/strong>: Zachowano naturaln\u0105 tekstur\u0119 papieru siarczanowego i zastosowano proces matowej laminacji, aby zwi\u0119kszy\u0107 delikatno\u015b\u0107 w dotyku i wra\u017cenie wysokiej jako\u015bci.<\/li>\n<\/ul>\n<h2 id=\"-technical-parameters-\"><strong>5. Parametry techniczne<\/strong><\/h2>\n<table>\n<thead>\n<tr>\n<th>Projekt<\/th>\n<th>Specyfikacje<\/th>\n<\/tr>\n<\/thead>\n<tbody>\n<tr>\n<td>Materia\u0142<\/td>\n<td>Papier siarczanowy spo\u017cywczy (w ca\u0142o\u015bci z pulpy drzewnej\/w\u0142\u00f3kien z recyklingu)<\/td>\n<\/tr>\n<tr>\n<td>Zakres \u015brednic<\/td>\n<td>50-150 mm (mo\u017cliwo\u015b\u0107 dostosowania)<\/td>\n<\/tr>\n<tr>\n<td>Zakres wysoko\u015bci<\/td>\n<td>80-300 mm (mo\u017cliwo\u015b\u0107 dostosowania)<\/td>\n<\/tr>\n<tr>\n<td>Grubo\u015b\u0107 \u015bcianki<\/td>\n<td>1,2-2,5 mm (regulowany)<\/td>\n<\/tr>\n<tr>\n<td>No\u015bno\u015b\u0107<\/td>\n<td>\u22645kg<\/td>\n<\/tr>\n<tr>\n<td>Minimalna ilo\u015b\u0107 zam\u00f3wienia<\/td>\n<td>500 sztuk (wsparcie dla ma\u0142ych partii)<\/td>\n<\/tr>\n<\/tbody>\n<\/table>\n<h2 id=\"-supplier-service-advantages-\"><strong>6. Zalety us\u0142ug dostawcy<\/strong><\/h2>\n<ul>\n<li><strong>Wsparcie w zakresie dostosowywania<\/strong>: Zapewnienie kompleksowej us\u0142ugi dostosowywania rozmiaru, wzoru i procesu oraz dostarczenie proofa w ci\u0105gu 3-5 dni roboczych.<\/li>\n<li><strong>Certyfikacja \u015brodowiskowa<\/strong>: System zarz\u0105dzania \u015brodowiskowego ISO 14001 i certyfikat FDA dla materia\u0142\u00f3w przeznaczonych do kontaktu z \u017cywno\u015bci\u0105.<\/li>\n<li><strong>Gwarancja pojemno\u015bci<\/strong>: Dzienna produkcja \u2265 100 000 sztuk, wspieraj\u0105ca specjalne dostawy transgraniczne i przyspieszon\u0105 produkcj\u0119 pilnych zam\u00f3wie\u0144.<\/li>\n<\/ul>\n<h2 id=\"-application-scenarios-\"><strong>Scenariusze zastosowa\u0144<\/strong><\/h2>\n<ul>\n<li><strong>Wysokiej klasy marki \u015bwiec do herbaty<\/strong>: Nadaje si\u0119 do pakowania \u015bwiec przyjaznych dla \u015brodowiska, takich jak naturalny wosk sojowy i pszczeli.<\/li>\n<li><strong>Rynek upomink\u00f3w i festiwali<\/strong>: Mo\u017cna je \u0142\u0105czy\u0107 z elementami dekoracyjnymi, takimi jak sznur konopny i suszone kwiaty, aby zwi\u0119kszy\u0107 warto\u015b\u0107 dodan\u0105 prezent\u00f3w.<\/li>\n<li><strong>Zr\u00f3wnowa\u017cony handel detaliczny<\/strong>: Zgodnie z koncepcj\u0105 \"zero odpad\u00f3w\" nadaje si\u0119 do kana\u0142\u00f3w takich jak sklepy ekologiczne i rynki ekologiczne.<\/li>\n<\/ul>","protected":false},"excerpt":{"rendered":"<p>Ten produkt to przyjazne dla \u015brodowiska cylindryczne opakowanie przeznaczone na \u015bwieczki do herbaty. Wykonane jest z papieru pakowego o jako\u015bci spo\u017cywczej, w po\u0142\u0105czeniu z innowacyjn\u0105 struktur\u0105 i minimalistyczn\u0105 estetyk\u0105, aby osi\u0105gn\u0105\u0107 jedno\u015b\u0107 funkcjonalno\u015bci i zr\u00f3wnowa\u017conego rozwoju. Nadaje si\u0119 do takich zastosowa\u0144 jak \u015bwiece zapachowe, \u015bwiece r\u0119cznie robione, \u015bwiece prezentowe itp., bior\u0105c pod uwag\u0119 ochron\u0119, wygod\u0119 i pi\u0119kno wizualne.<\/p>","protected":false},"featured_media":604,"template":"","meta":{"_kad_post_transparent":"default","_kad_post_title":"","_kad_post_layout":"default","_kad_post_sidebar_id":"","_kad_post_content_style":"default","_kad_post_vertical_padding":"default","_kad_post_feature":"","_kad_post_feature_position":"","_kad_post_header":false,"_kad_post_footer":false,"_kad_post_classname":""},"product_brand":[],"product_cat":[15,17],"product_tag":[206,207,205],"class_list":{"0":"post-602","1":"product","2":"type-product","3":"status-publish","4":"has-post-thumbnail","6":"product_cat-red-light-therapy","7":"product_cat-services","8":"product_tag-candle-paper-tube-packaging","9":"product_tag-food-grade-tea-supplier","10":"product_tag-tea-paper-tube","12":"first","13":"instock","14":"shipping-taxable","15":"product-type-simple","16":"entry","17":"content-bg","18":"loop-entry"},"_links":{"self":[{"href":"https:\/\/red-lighttherapy.com\/pl\/wp-json\/wp\/v2\/product\/602","targetHints":{"allow":["GET"]}}],"collection":[{"href":"https:\/\/red-lighttherapy.com\/pl\/wp-json\/wp\/v2\/product"}],"about":[{"href":"https:\/\/red-lighttherapy.com\/pl\/wp-json\/wp\/v2\/types\/product"}],"wp:featuredmedia":[{"embeddable":true,"href":"https:\/\/red-lighttherapy.com\/pl\/wp-json\/wp\/v2\/media\/604"}],"wp:attachment":[{"href":"https:\/\/red-lighttherapy.com\/pl\/wp-json\/wp\/v2\/media?parent=602"}],"wp:term":[{"taxonomy":"product_brand","embeddable":true,"href":"https:\/\/red-lighttherapy.com\/pl\/wp-json\/wp\/v2\/product_brand?post=602"},{"taxonomy":"product_cat","embeddable":true,"href":"https:\/\/red-lighttherapy.com\/pl\/wp-json\/wp\/v2\/product_cat?post=602"},{"taxonomy":"product_tag","embeddable":true,"href":"https:\/\/red-lighttherapy.com\/pl\/wp-json\/wp\/v2\/product_tag?post=602"}],"curies":[{"name":"wp","href":"https:\/\/api.w.org\/{rel}","templated":true}]}}