{"id":596,"date":"2025-04-12T12:06:18","date_gmt":"2025-04-12T12:06:18","guid":{"rendered":"https:\/\/red-lighttherapy.com\/?post_type=product&#038;p=596"},"modified":"2025-04-12T14:02:15","modified_gmt":"2025-04-12T14:02:15","slug":"paper-tube-packaging-cosmetic-perfume-packaging-wholesale","status":"publish","type":"product","link":"https:\/\/red-lighttherapy.com\/pl\/paper-tube-packaging-cosmetic-perfume-packaging-wholesale\/","title":{"rendered":"Opakowanie papierowe Opakowanie kosmetyczne Perfumy Hurtownia"},"content":{"rendered":"<h2 id=\"paper-tube-packaging-cosmetics-and-perfume-packaging-wholesale-product-description\">Opakowania papierowe na kosmetyki i perfumy hurtowy opis produktu<\/h2>\n<h2 id=\"1-design-concept-the-perfect-fusion-of-simplicity-and-luxury-\">1.\u00a0<strong>Koncepcja projektowa: idealne po\u0142\u0105czenie prostoty i luksusu<\/strong><\/h2>\n<p>Nasze cylindryczne opakowania papierowe oparte s\u0105 na g\u0142adkich liniach i przyjmuj\u0105 ergonomiczn\u0105 konstrukcj\u0119 o z\u0142otych proporcjach. Jest \u0142atwe do otwierania i zamykania oraz wygodne do chwytania. Nadaje si\u0119 do doskona\u0142ych produkt\u00f3w, takich jak perfumy i wysokiej klasy kosmetyki. Ca\u0142kowity rozmiar uwalnia bezowocn\u0105 dekoracj\u0119 i przyjmuje minimaln\u0105 estetyk\u0119 w formie. G\u0142\u00f3wny czarny kolor jest ozdobiony technologi\u0105 t\u0142oczenia na gor\u0105co, kt\u00f3ra nie tylko eksponuje stonowany i pow\u015bci\u0105gliwy charakter marki, ale tak\u017ce opisuje wspania\u0142\u0105 tekstur\u0119 dzi\u0119ki metalicznej jasno\u015bci, kt\u00f3ra idealnie pasuje do pozycji na rynku.<\/p>\n<h2 id=\"2-core-technology-environmentally-friendly-materials-and-high-end-hot-stamping-technology-\">2.\u00a0<strong>Podstawowa technologia: przyjazne dla \u015brodowiska materia\u0142y i zaawansowana technologia t\u0142oczenia na gor\u0105co<\/strong><\/h2>\n<ol>\n<li><strong>Przyjazny dla \u015brodowiska papier powlekany<\/strong>: Korpus pude\u0142ka wykonany jest z grubego, ekologicznego papieru (250-400 g), kt\u00f3ry ma zar\u00f3wno wysok\u0105 twardo\u015b\u0107, jak i smarowno\u015b\u0107, dzi\u0119ki czemu opakowanie jest odporne na nacisk i wilgo\u0107 oraz skutecznie chroni materia\u0142y przed wyt\u0142aczaniem podczas transportu lub wilgoci\u0105 otoczenia. Papier przeszed\u0142 certyfikacj\u0119 bezpiecze\u0144stwa \u017cywno\u015bci, jest nietoksyczny i bezwonny oraz spe\u0142nia mi\u0119dzynarodowe standardy ekologicznego pakowania.<\/li>\n<li><strong>Proces t\u0142oczenia na gor\u0105co bez u\u017cycia tuszu<\/strong>: Dzi\u0119ki wysokotemperaturowym formom silikonowym folia metalowa jest dok\u0142adnie t\u0142oczona w celu przedstawienia tr\u00f3jwymiarowych obraz\u00f3w i tekst\u00f3w t\u0142oczonych na gor\u0105co bez u\u017cycia atramentu. Proces ten jest wysoce przyjazny dla \u015brodowiska, a kolor metalu jest trwa\u0142y i nie blaknie. Jest on szczeg\u00f3lnie odpowiedni dla produkt\u00f3w wysokiej klasy, takich jak kosmetyki i perfumy, kt\u00f3re wymagaj\u0105 podkre\u015blenia logo marki. Wz\u00f3r t\u0142oczenia na gor\u0105co mo\u017cna dostosowa\u0107 jako LOGO, wz\u00f3r lub abstrakcyjn\u0105 lini\u0119 artystyczn\u0105, aby zwi\u0119kszy\u0107 rozpoznawalno\u015b\u0107 opakowania i efekt wy\u015bwietlania.<\/li>\n<\/ol>\n<h2 id=\"iii-customized-service-accurately-match-market-demand-\">3. <strong>Us\u0142uga dostosowana do indywidualnych potrzeb: Dok\u0142adne dopasowanie do potrzeb rynku<\/strong><\/h2>\n<ol>\n<li><strong>Wewn\u0119trzna podszewka o konstrukcji zapewniaj\u0105cej zero ruch\u00f3w<\/strong>: EVA, bawe\u0142na per\u0142owa, tkanina flokowana i inne materia\u0142y podszewkowe do wyboru, dostosowane do kszta\u0142tu produktu, aby uzyska\u0107 efekt mocowania \"zerowego przemieszczenia\". Na przyk\u0142ad butelki perfum mog\u0105 wykorzystywa\u0107 wyprofilowane wewn\u0119trzne podparcie g\u0105bki, aby unikn\u0105\u0107 wstrz\u0105s\u00f3w; delikatne kosmetyki mo\u017cna dopasowa\u0107 do flokowanej warstwy buforowej, aby uwzgl\u0119dni\u0107 rytua\u0142 ochrony i rozpakowywania.<\/li>\n<li><strong>Dostosowanie do rynku regionalnego<\/strong>: Elastyczne dostosowanie szczeg\u00f3\u0142\u00f3w opakowania w oparciu o preferencje kulturowe i nawyki konsumpcyjne rynku klienta. Na przyk\u0142ad:<\/li>\n<li><strong>Rynki europejskie i ameryka\u0144skie<\/strong>Preferuj\u0119 minimalistyczne linie hot stampingu i matow\u0105 czer\u0144;<\/li>\n<li><strong>Rynki azjatyckie<\/strong>Preferuj\u0105 z\u0142o\u017cone wzory t\u0142oczone na gor\u0105co i b\u0142yszcz\u0105ce materia\u0142y. Obs\u0142uga pe\u0142nego procesu dostosowywania, od rozmiaru, wzoru po rzemios\u0142o, aby pom\u00f3c w strategii lokalizacji marki.<\/li>\n<\/ol>\n<h2 id=\"iv-source-factory-advantages-quality-and-cost-\">4. <strong>Zalety fabryki \u017ar\u00f3d\u0142owej: jako\u015b\u0107 i koszt<\/strong><\/h2>\n<p>Jako jedna z trzech najwi\u0119kszych fabryk opakowa\u0144 papierowych w Chinach, integrujemy nast\u0119puj\u0105ce podstawowe zasoby:<\/p>\n<ul>\n<li><strong>Skalowana produkcja<\/strong>: 50 000 metr\u00f3w kwadratowych samodzielnie obs\u0142ugiwanych fabryk, z dzienn\u0105 zdolno\u015bci\u0105 produkcyjn\u0105 ponad 10 000 sztuk i wsparciem dla 48-godzinnej dostawy przyspieszonych zam\u00f3wie\u0144;<\/li>\n<li><strong>Przewaga kosztowa<\/strong>: Eliminuj\u0105c r\u00f3\u017cnic\u0119 cen po\u015brednik\u00f3w, cena jednostkowa powlekanego papieru do t\u0142oczenia na gor\u0105co jest o 20%-30% ni\u017csza ni\u017c \u015brednia cena rynkowa;<\/li>\n<li><strong>Zapewnienie jako\u015bci<\/strong>: Dzi\u0119ki znormalizowanej kontroli procesu ISO \u015bwiadczona jest bezp\u0142atna us\u0142uga dostarczania pr\u00f3bek, aby wspiera\u0107 klient\u00f3w w przeprowadzaniu inspekcji fabrycznych na miejscu.<\/li>\n<\/ul>\n<h2 id=\"5-application-scenarios-and-case-studies-\">5.\u00a0<strong>Scenariusze zastosowa\u0144 i studia przypadk\u00f3w<\/strong><\/h2>\n<ul>\n<li><strong>Seria perfum<\/strong>: Cylindryczne pude\u0142ko o pojemno\u015bci 30 ml (\u015brednica 5 cm \u00d7 wysoko\u015b\u0107 12 cm), z aksamitn\u0105 wy\u015bci\u00f3\u0142k\u0105 i z\u0142otym LOGO marki;<\/li>\n<li><strong>Wysokiej klasy zestaw do piel\u0119gnacji sk\u00f3ry<\/strong>Dwuwarstwowy pojemnik na papier z esencj\u0105 na g\u00f3rnej warstwie i wymiennymi opakowaniami na dolnej warstwie oraz magnetyczn\u0105 pokryw\u0105 z funkcj\u0105 otwierania i zamykania;<\/li>\n<li><strong>Pude\u0142ko na prezent \u015bwi\u0105teczny<\/strong>Pude\u0142ko w kszta\u0142cie serca z wyt\u0142oczonym z\u0142otym wzorem, ze spersonalizowanymi kartkami okoliczno\u015bciowymi i wst\u0105\u017ckami wewn\u0105trz, aby zwi\u0119kszy\u0107 warto\u015b\u0107 prezentu.<\/li>\n<\/ul>\n<h2 id=\"6-cooperation-process-\">6.\u00a0<strong>Proces wsp\u00f3\u0142pracy<\/strong><\/h2>\n<ol>\n<li><strong>Komunikacja na \u017c\u0105danie<\/strong>: Poda\u0107 rozmiar produktu, projekt lub pr\u00f3bk\u0119;<\/li>\n<li><strong>Potwierdzenie proofingu<\/strong>: Wy\u015blij fizyczn\u0105 pr\u00f3bk\u0119 w ci\u0105gu 3-5 dni roboczych;<\/li>\n<li><strong>Produkcja masowa<\/strong>: Dostawa jest realizowana 7-10 dni po podpisaniu umowy;<\/li>\n<li><strong>Wsparcie posprzeda\u017cowe<\/strong>: \u015awiadczenie us\u0142ug o warto\u015bci dodanej, takich jak magazynowanie i wymiana.<\/li>\n<\/ol>","protected":false},"excerpt":{"rendered":"<p>Opakowanie w formie papierowej tuby z g\u0142adkimi liniami nadaje si\u0119 do trzymania i otwierania r\u0119cznego. \u0141atwo je otworzy\u0107 i zamkn\u0105\u0107. Projekt jest prosty i elegancki. Proces t\u0142oczenia z\u0142ot\u0105 foli\u0105 na gor\u0105co nie wymaga drukowania atramentem. Bardzo dobrze nadaje si\u0119 do drukowania na wysokiej klasy markach, takich jak opakowania kosmetyk\u00f3w i perfum.<\/p>","protected":false},"featured_media":597,"template":"","meta":{"_kad_post_transparent":"default","_kad_post_title":"","_kad_post_layout":"default","_kad_post_sidebar_id":"","_kad_post_content_style":"default","_kad_post_vertical_padding":"default","_kad_post_feature":"","_kad_post_feature_position":"","_kad_post_header":false,"_kad_post_footer":false,"_kad_post_classname":""},"product_brand":[],"product_cat":[15,28,17],"product_tag":[202,203,204],"class_list":{"0":"post-596","1":"product","2":"type-product","3":"status-publish","4":"has-post-thumbnail","6":"product_cat-red-light-therapy","7":"product_cat-customize","8":"product_cat-services","9":"product_tag-cosmetic-paper-tube","10":"product_tag-perfume-packaging-wholesale","11":"product_tag-perfume-paper-tube","13":"first","14":"instock","15":"shipping-taxable","16":"product-type-simple","17":"entry","18":"content-bg","19":"loop-entry"},"_links":{"self":[{"href":"https:\/\/red-lighttherapy.com\/pl\/wp-json\/wp\/v2\/product\/596","targetHints":{"allow":["GET"]}}],"collection":[{"href":"https:\/\/red-lighttherapy.com\/pl\/wp-json\/wp\/v2\/product"}],"about":[{"href":"https:\/\/red-lighttherapy.com\/pl\/wp-json\/wp\/v2\/types\/product"}],"wp:featuredmedia":[{"embeddable":true,"href":"https:\/\/red-lighttherapy.com\/pl\/wp-json\/wp\/v2\/media\/597"}],"wp:attachment":[{"href":"https:\/\/red-lighttherapy.com\/pl\/wp-json\/wp\/v2\/media?parent=596"}],"wp:term":[{"taxonomy":"product_brand","embeddable":true,"href":"https:\/\/red-lighttherapy.com\/pl\/wp-json\/wp\/v2\/product_brand?post=596"},{"taxonomy":"product_cat","embeddable":true,"href":"https:\/\/red-lighttherapy.com\/pl\/wp-json\/wp\/v2\/product_cat?post=596"},{"taxonomy":"product_tag","embeddable":true,"href":"https:\/\/red-lighttherapy.com\/pl\/wp-json\/wp\/v2\/product_tag?post=596"}],"curies":[{"name":"wp","href":"https:\/\/api.w.org\/{rel}","templated":true}]}}