{"id":589,"date":"2025-04-12T11:23:53","date_gmt":"2025-04-12T11:23:53","guid":{"rendered":"https:\/\/red-lighttherapy.com\/?post_type=product&#038;p=589"},"modified":"2025-04-12T12:06:10","modified_gmt":"2025-04-12T12:06:10","slug":"supplier-custom-textured-paper-tube-packaging-essential-oil","status":"publish","type":"product","link":"https:\/\/red-lighttherapy.com\/pl\/supplier-custom-textured-paper-tube-packaging-essential-oil\/","title":{"rendered":"Dostawca Niestandardowe teksturowane opakowanie papierowe Olejki eteryczne"},"content":{"rendered":"<h2 id=\"-customized-textured-paper-tube-essential-oil-packaging-product-description-\"><strong>Niestandardowe teksturowane opakowanie na olejki eteryczne Opis produktu<\/strong><\/h2>\n<h2 id=\"-1-healing-visual-experience-\"><strong>1. Uzdrawiaj\u0105ce do\u015bwiadczenie wizualne<\/strong><\/h2>\n<p>To cylindryczne opakowanie jest g\u0142\u00f3wnie w kolorze macaron pink. Delikatny r\u00f3\u017cowy odcie\u0144 o niskim nasyceniu mo\u017ce skutecznie zmniejszy\u0107 zm\u0119czenie wzroku. Dzi\u0119ki prostej linii tworzy relaksuj\u0105c\u0105 i lecznicz\u0105 atmosfer\u0119 sensoryczn\u0105, kt\u00f3ra pasuje do naturalnych w\u0142a\u015bciwo\u015bci leczniczych olejk\u00f3w eterycznych. Powierzchnia opakowania wykorzystuje technologi\u0119 matowej tekstury, kt\u00f3ra jest delikatna w dotyku i dodatkowo zwi\u0119ksza podw\u00f3jny komfort widzenia i dotyku.<\/p>\n<h2 id=\"-2-innovative-top-and-bottom-cover-structure-\"><strong>2. Innowacyjna konstrukcja g\u00f3rnej i dolnej pokrywy<\/strong><\/h2>\n<p>Zastosowano konstrukcj\u0119 z dzielon\u0105 g\u00f3rn\u0105 i doln\u0105 pokryw\u0105. Gdy obudowa jest zamkni\u0119ta, \u015bci\u015ble do niej przylega. Na linii podzia\u0142u nie ma zb\u0119dnych dekoracji, a g\u0142adki kontur jest zarysowany minimalistycznymi geometrycznymi liniami. Cylindryczny kszta\u0142t jest po\u0142\u0105czony z procesem zamykania za pomoc\u0105 mikro-\u0142uku, aby zapewni\u0107 wra\u017cenie mi\u0119kkiej warstwy. Moment otwierania i zamykania ma zar\u00f3wno poczucie rytua\u0142u, jak i praktyczno\u015bci, co jest odpowiednie dla potrzeb ekspozycji zapach\u00f3w, \u015bwiec i innych produkt\u00f3w.<\/p>\n<h2 id=\"-3-embossed-texture-technology-\"><strong>3. Technologia wyt\u0142aczanej tekstury<\/strong><\/h2>\n<p>Powierzchnia pojemnika jest pokryta p\u0142ytk\u0105 wyt\u0142oczon\u0105 tekstur\u0105, z drobnymi poziomymi zmarszczkami symuluj\u0105cymi naturalne zmarszczki i cz\u0119\u015bciowo usianymi promienistymi kwiatowymi ciemnymi wzorami, tworz\u0105c efekt gradientu \u015bwiat\u0142a i cienia dzi\u0119ki g\u0142\u0119boko\u015bci mikro-rze\u017abienia 0,3-0,5 mm. Tekstura mo\u017ce nie tylko poprawi\u0107 antypo\u015blizgowy chwyt, ale tak\u017ce zaprezentowa\u0107 tr\u00f3jwymiarow\u0105 tekstur\u0119 pod r\u00f3\u017cnymi k\u0105tami padania \u015bwiat\u0142a, nadaj\u0105c opakowaniu stonowany i g\u0142\u0119boki wyraz artystyczny.<\/p>\n<h2 id=\"-4-highly-customized-solutions-\"><strong>4. Wysoce spersonalizowane rozwi\u0105zania<\/strong><\/h2>\n<p>Obs\u0142uguje pe\u0142ne dostosowanie, od rozmiaru, struktury po proces drukowania:<\/p>\n<ul>\n<li><strong>Zdolno\u015b\u0107 adaptacji<\/strong>: Wewn\u0119trzn\u0105 \u015brednic\u0119\/wysoko\u015b\u0107 mo\u017cna dopasowa\u0107 do buteleczek olejk\u00f3w eterycznych o pojemno\u015bci 30 ml-200 ml, s\u0142oiczk\u00f3w kremu do twarzy o pojemno\u015bci 50-500 g lub \u015bwiec aromaterapeutycznych o \u015brednicy 5-15 cm;<\/li>\n<li><strong>Rozszerzenie funkcji<\/strong>: Opcjonalna podszewka z odpornej na wstrz\u0105sy warstwy EVA, magnetyczna klamra otwieraj\u0105ca i zamykaj\u0105ca lub uszczelnienie wst\u0105\u017ck\u0105 i inne szczeg\u00f3\u0142y mog\u0105 by\u0107 wyposa\u017cone w celu zaspokojenia potrzeb wysokiej klasy opakowa\u0144 na prezenty;<\/li>\n<li><strong>Personalizacja wizualna<\/strong>: Obs\u0142uguje specjalne drukowanie w kolorze, t\u0142oczenie na gor\u0105co \/ lokalny lakier UV i inne procesy, i mo\u017ce by\u0107 zintegrowany z LOGO marki lub niestandardowymi wzorami.<\/li>\n<\/ul>\n<h2 id=\"-5-quality-assurance-and-delivery-service-\"><strong>5. Zapewnienie jako\u015bci i us\u0142ugi dostawy<\/strong><\/h2>\n<p>Opieraj\u0105c si\u0119 na 16-letnim do\u015bwiadczeniu w pakowaniu i drukowaniu, fabryka jest wyposa\u017cona w pe\u0142ni automatyczne maszyny sztancuj\u0105ce, linie do druku wkl\u0119s\u0142ego i inteligentny sprz\u0119t do kontroli jako\u015bci, aby osi\u0105gn\u0105\u0107 72-godzinny szybki proofing i 15-dniow\u0105 dostaw\u0119 masowej produkcji. Zapewniamy kompleksowe us\u0142ugi od propozycji projektowych, wyboru materia\u0142\u00f3w po dystrybucj\u0119 logistyczn\u0105, aby zapewni\u0107 precyzyjn\u0105 kontrol\u0119 jako\u015bci opakowa\u0144 i cyklu produkcyjnego.<\/p>\n<h2 id=\"-applicable-scenarios-\"><strong>Obowi\u0105zuj\u0105ce scenariusze<\/strong><\/h2>\n<ul>\n<li>Seria olejk\u00f3w eterycznych\/zapachowych: G\u00f3rna i dolna struktura pokrywy chroni korpus butelki, a wyt\u0142oczona tekstura poprawia tekstur\u0119 wy\u015bwietlacza<\/li>\n<li>Pude\u0142ko upominkowe do piel\u0119gnacji sk\u00f3ry: Minimalistyczny design dopasowany do koloru Macaron, zgodny z tonem wysokiej klasy marek kosmetycznych<\/li>\n<li>Wakacyjna edycja limitowana: Stw\u00f3rz zr\u00f3\u017cnicowan\u0105 lini\u0119 produkt\u00f3w dzi\u0119ki niestandardowemu po\u0142\u0105czeniu tekstury i koloru.<\/li>\n<\/ul>","protected":false},"excerpt":{"rendered":"<p>Opakowanie w formie papierowej tuby ma dzielon\u0105 g\u00f3rn\u0105 i doln\u0105 pokryw\u0119, co zapewnia mi\u0119kki i warstwowy efekt wizualny. Powierzchnia jest pokryta p\u0142ytk\u0105 tekstur\u0105 reliefow\u0105, dodaj\u0105c wizualny k\u0105t<\/p>","protected":false},"featured_media":593,"template":"","meta":{"_kad_post_transparent":"default","_kad_post_title":"","_kad_post_layout":"default","_kad_post_sidebar_id":"","_kad_post_content_style":"default","_kad_post_vertical_padding":"default","_kad_post_feature":"","_kad_post_feature_position":"","_kad_post_header":false,"_kad_post_footer":false,"_kad_post_classname":""},"product_brand":[],"product_cat":[15,28,17],"product_tag":[199,201,200],"class_list":{"0":"post-589","1":"product","2":"type-product","3":"status-publish","4":"has-post-thumbnail","6":"product_cat-red-light-therapy","7":"product_cat-customize","8":"product_cat-services","9":"product_tag-essential-oil-cylinder-boxes","10":"product_tag-essential-oil-paper-tube-packaging","11":"product_tag-supplier-essential-oil-packaging","13":"first","14":"instock","15":"shipping-taxable","16":"product-type-simple","17":"entry","18":"content-bg","19":"loop-entry"},"_links":{"self":[{"href":"https:\/\/red-lighttherapy.com\/pl\/wp-json\/wp\/v2\/product\/589","targetHints":{"allow":["GET"]}}],"collection":[{"href":"https:\/\/red-lighttherapy.com\/pl\/wp-json\/wp\/v2\/product"}],"about":[{"href":"https:\/\/red-lighttherapy.com\/pl\/wp-json\/wp\/v2\/types\/product"}],"wp:featuredmedia":[{"embeddable":true,"href":"https:\/\/red-lighttherapy.com\/pl\/wp-json\/wp\/v2\/media\/593"}],"wp:attachment":[{"href":"https:\/\/red-lighttherapy.com\/pl\/wp-json\/wp\/v2\/media?parent=589"}],"wp:term":[{"taxonomy":"product_brand","embeddable":true,"href":"https:\/\/red-lighttherapy.com\/pl\/wp-json\/wp\/v2\/product_brand?post=589"},{"taxonomy":"product_cat","embeddable":true,"href":"https:\/\/red-lighttherapy.com\/pl\/wp-json\/wp\/v2\/product_cat?post=589"},{"taxonomy":"product_tag","embeddable":true,"href":"https:\/\/red-lighttherapy.com\/pl\/wp-json\/wp\/v2\/product_tag?post=589"}],"curies":[{"name":"wp","href":"https:\/\/api.w.org\/{rel}","templated":true}]}}