{"id":583,"date":"2025-04-12T11:03:45","date_gmt":"2025-04-12T11:03:45","guid":{"rendered":"https:\/\/red-lighttherapy.com\/?post_type=product&#038;p=583"},"modified":"2025-04-12T11:23:45","modified_gmt":"2025-04-12T11:23:45","slug":"manufacturer-custom-paper-tube-for-coffee-candles-cosmetics","status":"publish","type":"product","link":"https:\/\/red-lighttherapy.com\/pl\/manufacturer-custom-paper-tube-for-coffee-candles-cosmetics\/","title":{"rendered":"Producent Niestandardowa papierowa tuba na \u015bwiece do kawy Kosmetyki"},"content":{"rendered":"<h2 id=\"-customized-cylindrical-paper-tube-packaging-solution-with-top-and-bottom-lid-\">Producent Niestandardowa papierowa tuba na \u015bwiece do kawy Kosmetyki<\/h2>\n<h2 id=\"-1-warm-atmosphere-aesthetic-design-\"><strong>1. Estetyczny design w ciep\u0142ej atmosferze<\/strong><\/h2>\n<p>Cylindryczna g\u00f3rna i dolna struktura zosta\u0142a przyj\u0119ta, a korpus pude\u0142ka obs\u0142uguje kombinacj\u0119 gradient\u00f3w kolor\u00f3w makaronu (takich jak kremowa biel, brzoskwiniowy r\u00f3\u017c, mi\u0119towa ziele\u0144 itp.) i tworzy ciep\u0142\u0105 i lecznicz\u0105 atmosfer\u0119 wizualn\u0105 dzi\u0119ki matowej fakturze i delikatnemu dopasowaniu kolor\u00f3w. Warstwa wewn\u0119trzna mo\u017ce by\u0107 powlekana w celu zwi\u0119kszenia nasycenia kolor\u00f3w i trwa\u0142o\u015bci, co jest odpowiednie dla wysokiej klasy scen, takich jak pude\u0142ka na prezenty z ziaren kawy, \u015bwiece do aromaterapii i zestawy do piel\u0119gnacji sk\u00f3ry.<\/p>\n<h2 id=\"-2-brand-logo-enhancement-design-\"><strong>2. Projekt ulepszenia logo marki<\/strong><\/h2>\n<p>G\u00f3rna cz\u0119\u015b\u0107 pokrywy pude\u0142ka wykorzystuje technologi\u0119 precyzyjnego wyt\u0142aczania, aby zaprezentowa\u0107 czarne LOGO marki o wysokim kontra\u015bcie, i obs\u0142uguje technologi\u0119 tr\u00f3jwymiarowego wyt\u0142aczania lub t\u0142oczenia na gor\u0105co. Na przyk\u0142ad, papierowe puszki kosmetyczne mog\u0105 by\u0107 dopasowane do logo o metalicznym po\u0142ysku, tworz\u0105c wizualny kontrast z matowym korpusem pude\u0142ka, aby zwi\u0119kszy\u0107 rozpoznawalno\u015b\u0107 marki; opakowania \u015bwiec mog\u0105 przekazywa\u0107 tekstur\u0119 poprzez wypuk\u0142e i wkl\u0119s\u0142e wyt\u0142oczenia, co jest odpowiednie dla skandynawskiego minimalistycznego lub retro lekkiego luksusowego stylu.<\/p>\n<h2 id=\"-3-cost-effective-material-selection-\"><strong>3. Ekonomiczny wyb\u00f3r materia\u0142\u00f3w<\/strong><\/h2>\n<p>G\u0142\u00f3wny korpus przyjmuje struktur\u0119 kompozytow\u0105 z powlekanego papieru o gramaturze 180-300 g, a warstwa wewn\u0119trzna jest laminowana foli\u0105 aluminiow\u0105 o jako\u015bci spo\u017cywczej lub pow\u0142ok\u0105 odporn\u0105 na wilgo\u0107 (obr\u00f3bka antybakteryjna jest opcjonalna w przypadku kosmetyk\u00f3w). Grubo\u015b\u0107 powlekanego papieru mo\u017cna regulowa\u0107 zgodnie z wymaganiami dotycz\u0105cymi no\u015bno\u015bci (np. s\u0142oiki ze \u015bwiecami wymagaj\u0105 wzmocnienia si\u0142y no\u015bnej), a koszt jest 30%-50% ni\u017cszy ni\u017c w przypadku tradycyjnych \u017celaznych puszek. Jednocze\u015bnie przeszed\u0142 certyfikacj\u0119 zarz\u0105dzania jako\u015bci\u0105 ISO 9001, aby zapewni\u0107 wytrzyma\u0142o\u015b\u0107 na \u015bciskanie \u226550 kg.<\/p>\n<h2 id=\"-4-flexible-printing-and-layout-innovation-\"><strong>4. Elastyczne drukowanie i innowacyjny uk\u0142ad<\/strong><\/h2>\n<p>-\u00a0<strong>Dostosowanie wzoru<\/strong>: Obs\u0142uguje druk offsetowy, cz\u0119\u015bciowo b\u0142yszcz\u0105c\u0105 powierzchni\u0119 UV, sitodruk i inne kombinacje wieloprocesowe, kt\u00f3re mog\u0105 przedstawia\u0107 ilustracje, tekstury geometryczne, smugi gradientowe i inne projekty. Na przyk\u0142ad, opakowania kawy mog\u0105 by\u0107 drukowane z ilustracjami pochodzenia, a puszki kosmetyk\u00f3w mog\u0105 by\u0107 dopasowane do abstrakcyjnych linii artystycznych. -\u00a0<strong>Drukowanie funkcjonalne<\/strong>: Dodaj etykiety identyfikowalno\u015bci z kodem QR, instrukcje u\u017cytkowania lub interaktywne grafiki (takie jak diagramy sk\u0142adnik\u00f3w przypraw), aby zwi\u0119kszy\u0107 komfort u\u017cytkowania.<\/p>\n<h2 id=\"-5-one-stop-service-for-the-whole-process-\"><strong>5. Kompleksowa obs\u0142uga ca\u0142ego procesu<\/strong><\/h2>\n<p>Od modelowania 3D i proofingu po masow\u0105 produkcj\u0119 i dostaw\u0119, zapewniamy: -\u00a0<strong>Wsparcie projektowe<\/strong>: Profesjonalny zesp\u00f3\u0142 pomaga w optymalizacji struktury (takiej jak wsp\u00f3\u0142czynnik t\u0142umienia otwierania i zamykania g\u00f3rnej i dolnej pokrywy), kalibracji kolor\u00f3w i weryfikacji zgodno\u015bci z przepisami (takimi jak specyfikacje etykiet dla opakowa\u0144 kosmetycznych). -\u00a0<strong>Kontrola produkcji<\/strong>: Przyj\u0119cie zautomatyzowanej maszyny do nawijania rur i wizualnego pozycjonowania maszyny do laminowania papieru w celu zapewnienia dok\u0142adno\u015bci wymiarowej \u00b10,5 mm, z miesi\u0119czn\u0105 zdolno\u015bci\u0105 produkcyjn\u0105 500 000 sztuk, obs\u0142uguj\u0105c\u0105 7-dniow\u0105 przyspieszon\u0105 produkcj\u0119 dla pilnych zam\u00f3wie\u0144.<\/p>\n<h2 id=\"-6-precision-lining-matching-system-\"><strong>6. Precyzyjny system dopasowywania ok\u0142adzin<\/strong><\/h2>\n<p>Taca wewn\u0119trzna EVA\/PEP dostosowana do kszta\u0142tu produktu (np. \u015bwiece sto\u017ckowe, cylindryczne butelki na podk\u0142ad): -\u00a0<strong>Sta\u0142a struktura<\/strong>: Zatrzaskowa, warstwowa konstrukcja zapobiega wstrz\u0105som podczas transportu, a do przechowywania kosmetyk\u00f3w mo\u017cna doda\u0107 odporn\u0105 na wstrz\u0105sy foli\u0119 b\u0105belkow\u0105. -\u00a0<strong>Rozszerzenie funkcji<\/strong>: Dodaj magnetyczne otwieranie i zamykanie, uchwyty ze wst\u0105\u017cki lub od\u0142\u0105czane przegrody, aby dopasowa\u0107 kombinacje zestaw\u00f3w pude\u0142ek upominkowych.<\/p>\n<h2 id=\"-advantages-of-cooperation-\"><strong>Zalety wsp\u00f3\u0142pracy<\/strong><\/h2>\n<p>-\u00a0<strong>Certyfikacja \u015brodowiskowa<\/strong>: Papier z certyfikatem le\u015bnym FSC + tusz biodegradowalny, zgodny z normami kompostowalno\u015bci EU EN 13432. -\u00a0<strong>Us\u0142ugi o warto\u015bci dodanej<\/strong>: Bezp\u0142atne raporty z analizy konkurencyjnych opakowa\u0144 produkt\u00f3w i kwartalne przewodniki po trendach, kt\u00f3re pomog\u0105 Ci wykorzysta\u0107 szanse rynkowe.<\/p>","protected":false},"excerpt":{"rendered":"<p>Opakowanie w formie papierowej tuby z g\u00f3rn\u0105 i doln\u0105 cz\u0119\u015bci\u0105 mo\u017ce by\u0107 wykonane z kombinacji kolor\u00f3w makaronik\u00f3w, aby stworzy\u0107 ciep\u0142\u0105 atmosfer\u0119. Czarne logo jest wyt\u0142oczone w g\u00f3rnej cz\u0119\u015bci wieczka, co pozwala konsumentom zobaczy\u0107 mark\u0119 na pierwszy rzut oka i pog\u0142\u0119bi\u0107 ich wra\u017cenie.<\/p>","protected":false},"featured_media":584,"template":"","meta":{"_kad_post_transparent":"default","_kad_post_title":"","_kad_post_layout":"default","_kad_post_sidebar_id":"","_kad_post_content_style":"default","_kad_post_vertical_padding":"default","_kad_post_feature":"","_kad_post_feature_position":"","_kad_post_header":false,"_kad_post_footer":false,"_kad_post_classname":""},"product_brand":[],"product_cat":[15,28,17],"product_tag":[197,198,196],"class_list":{"0":"post-583","1":"product","2":"type-product","3":"status-publish","4":"has-post-thumbnail","6":"product_cat-red-light-therapy","7":"product_cat-customize","8":"product_cat-services","9":"product_tag-candles-paper-tube-manufacturer","10":"product_tag-cosmetics-paper-tube-packaging","11":"product_tag-custom-coffee-paper-tube","13":"first","14":"instock","15":"shipping-taxable","16":"product-type-simple","17":"entry","18":"content-bg","19":"loop-entry"},"_links":{"self":[{"href":"https:\/\/red-lighttherapy.com\/pl\/wp-json\/wp\/v2\/product\/583","targetHints":{"allow":["GET"]}}],"collection":[{"href":"https:\/\/red-lighttherapy.com\/pl\/wp-json\/wp\/v2\/product"}],"about":[{"href":"https:\/\/red-lighttherapy.com\/pl\/wp-json\/wp\/v2\/types\/product"}],"wp:featuredmedia":[{"embeddable":true,"href":"https:\/\/red-lighttherapy.com\/pl\/wp-json\/wp\/v2\/media\/584"}],"wp:attachment":[{"href":"https:\/\/red-lighttherapy.com\/pl\/wp-json\/wp\/v2\/media?parent=583"}],"wp:term":[{"taxonomy":"product_brand","embeddable":true,"href":"https:\/\/red-lighttherapy.com\/pl\/wp-json\/wp\/v2\/product_brand?post=583"},{"taxonomy":"product_cat","embeddable":true,"href":"https:\/\/red-lighttherapy.com\/pl\/wp-json\/wp\/v2\/product_cat?post=583"},{"taxonomy":"product_tag","embeddable":true,"href":"https:\/\/red-lighttherapy.com\/pl\/wp-json\/wp\/v2\/product_tag?post=583"}],"curies":[{"name":"wp","href":"https:\/\/api.w.org\/{rel}","templated":true}]}}