{"id":577,"date":"2025-04-12T10:07:51","date_gmt":"2025-04-12T10:07:51","guid":{"rendered":"https:\/\/red-lighttherapy.com\/?post_type=product&#038;p=577"},"modified":"2025-04-15T04:13:35","modified_gmt":"2025-04-15T04:13:35","slug":"supplier-custom-candle-diffuser-kraft-paper-tube-packaging","status":"publish","type":"product","link":"https:\/\/red-lighttherapy.com\/pl\/supplier-custom-candle-diffuser-kraft-paper-tube-packaging\/","title":{"rendered":"Dostawca Niestandardowy dyfuzor do \u015bwiec Opakowanie z papieru pakowego"},"content":{"rendered":"<h2 id=\"-light-blue-elegant-series-customized-packaging-box-an-environmentally-friendly-packaging-solution-designed-for-high-end-fragrance-brands-perfectly-integrating-aesthetic-design-and-practical-functions\">Dostawca Niestandardowy dyfuzor do \u015bwiec Opakowanie z papieru pakowego<\/h2>\n<h2 id=\"1-color-aesthetics-and-brand-recognition\">1. Estetyka kolor\u00f3w i rozpoznawalno\u015b\u0107 marki<\/h2>\n<p>Przyjmuj\u0105c ten sam projekt gradientu kolor\u00f3w, z kart\u0105 kolor\u00f3w Pantone PANTONE 14-4123 \"Quiet Light Blue\" jako g\u0142\u00f3wnym kolorem, wizualn\u0105 jedno\u015b\u0107 osi\u0105ga si\u0119 poprzez zmi\u0119kczenie kolorowego systemu. Korpus pude\u0142ka LOGO przyjmuje niemieck\u0105 technologi\u0119 t\u0142oczenia na gor\u0105co z\u0142otej folii, grubo\u015b\u0107 z\u0142otej folii t\u0142oczonej na gor\u0105co osi\u0105ga 0,12 mm, a wsp\u00f3\u0142czynnik za\u0142amania \u015bwiat\u0142a jest zwi\u0119kszony o 30%. Dzi\u0119ki matowej technologii obr\u00f3bki powierzchni logo marki podkre\u015bla lekki, luksusowy styl w stonowanej fakturze.<\/p>\n<h2 id=\"2-innovative-structure-and-use-experience\">2. Innowacyjna struktura i do\u015bwiadczenie w u\u017cytkowaniu<\/h2>\n<p>Cylindryczny korpus pude\u0142ka wykorzystuje opatentowan\u0105 konstrukcj\u0119 oddzielnej g\u00f3rnej i dolnej pokrywy, w po\u0142\u0105czeniu z precyzyjn\u0105 konstrukcj\u0105 bagnetow\u0105 3,5 mm, aby uzyska\u0107 funkcj\u0119 otwierania i zamykania jedn\u0105 r\u0119k\u0105 oraz zachowa\u0107 standard py\u0142oszczelno\u015bci IP54. Op\u0142ywowy korpus pude\u0142ka jest ergonomicznie zaprojektowany, a \u0142uk uchwytu pasuje do krzywizny d\u0142oni, a otwieranie i zamykanie jest lepsze ni\u017c w przypadku tradycyjnych opakowa\u0144 gwintowanych.<\/p>\n<h2 id=\"3-environmentally-friendly-materials-and-process-certification\">3. Przyjazne dla \u015brodowiska materia\u0142y i certyfikacja proces\u00f3w<\/h2>\n<p>Surowce posiadaj\u0105 certyfikat FSC-COC (numer certyfikatu FSC-C175785), wykorzystuj\u0105c tr\u00f3jwarstwow\u0105 kompozytow\u0105 tektur\u0119 siarczanow\u0105 dostarczan\u0105 przez szwedzk\u0105 grup\u0119, o wytrzyma\u0142o\u015bci na \u015bciskanie 300KPA i zakresie tolerancji wilgotno\u015bci 30%-85%RH. Proces produkcji \u015bci\u015ble wdra\u017ca system zarz\u0105dzania \u015brodowiskowego ISO14001, a \u015blad w\u0119glowy jest o 42% ni\u017cszy ni\u017c w przypadku zwyk\u0142ych opakowa\u0144.<\/p>\n<h3 id=\"4-customized-service-guarantee-system\">4. Indywidualny system gwarancji us\u0142ug<\/h3>\n<p>-\u00a0<strong>G\u0142\u0119boka personalizacja<\/strong>: Obs\u0142uguje pe\u0142nowymiarow\u0105 adaptacj\u0119 od mikro prob\u00f3wek o \u015brednicy 15 mm do zestaw\u00f3w \u015bwiecznik\u00f3w o \u015brednicy 280 mm i zapewnia 12 rozwi\u0105za\u0144 kombinacji proces\u00f3w, takich jak wyt\u0142aczanie UV, miejscowe lakierowanie oraz magnetyczne otwieranie i zamykanie.\u00a0<strong>Pe\u0142na kontrola jako\u015bci \u0142\u0105cza<\/strong>: Opieraj\u0105c si\u0119 na miesi\u0119cznej zdolno\u015bci produkcyjnej milion\u00f3w jednostek w dw\u00f3ch g\u0142\u00f3wnych bazach produkcyjnych w Hebei i Zhejiang, wyposa\u017conych w spektrometr do wykrywania reprodukcji kolor\u00f3w, zapewniaj\u0105cy r\u00f3\u017cnic\u0119 kolor\u00f3w partii \u22641,5\u0394E.\u00a0<strong>Bezproblemowa dostawa<\/strong>: Przyj\u0119cie kompozytowej struktury ochronnej z per\u0142owej bawe\u0142nianej wy\u015bci\u00f3\u0142ki buforowej EPE + pi\u0119ciowarstwowego pude\u0142ka transportowego z tektury falistej, wsp\u00f3lnie z SF Express i DHL, aby osi\u0105gn\u0105\u0107 72-godzinn\u0105 dostaw\u0119 od drzwi do drzwi na terenie ca\u0142ego kraju, ze wska\u017anikiem p\u0119kni\u0119\u0107 poni\u017cej 0,3%.<\/p>\n<h2 id=\"5-scenario-application-and-value-added-services\">5. Zastosowanie scenariusza i us\u0142ugi o warto\u015bci dodanej<\/h2>\n<ul>\n<li>Wysokiej klasy ekspozytor w centrum handlowym (zalecany z akrylowymi stojakami ekspozycyjnymi)<\/li>\n<li>Pami\u0105tki z limitowanej edycji \u015blubu\/wystawy sztuki<\/li>\n<li>Scenariusz lekkiego transportu transgranicznego w handlu elektronicznym<\/li>\n<\/ul>\n<h2 id=\"-technical-parameters-\"><strong>Parametry techniczne<\/strong><\/h2>\n<table>\n<thead>\n<tr>\n<th>Projekt<\/th>\n<th>Warto\u015b\u0107 standardowa<\/th>\n<th>Podstawa testowania<\/th>\n<\/tr>\n<\/thead>\n<tbody>\n<tr>\n<td>Wytrzyma\u0142o\u015b\u0107 na \u015bciskanie<\/td>\n<td>\u22653200N\/\u33a1<\/td>\n<td>GB\/T 6546-2021<\/td>\n<\/tr>\n<tr>\n<td>Bezpiecze\u0144stwo spalania<\/td>\n<td>Samogaszenie po opuszczeniu ognia \u22643s<\/td>\n<td>Certyfikat UL94 HB<\/td>\n<\/tr>\n<tr>\n<td>Dok\u0142adno\u015b\u0107 t\u0142oczenia na gor\u0105co<\/td>\n<td>\u00b10,15 mm<\/td>\n<td>Standard drukowania ISO 12647-2<\/td>\n<\/tr>\n<\/tbody>\n<\/table>","protected":false},"excerpt":{"rendered":"<p>To opakowanie przyjmuje \u015bwie\u017cy i elegancki jasnoniebieski jako g\u0142\u00f3wny kolor, prezentuj\u0105c prosty i naturalny styl jako ca\u0142o\u015b\u0107. Proces t\u0142oczenia na gor\u0105co z\u0142otej folii LOGO mo\u017ce poprawi\u0107 rozpoznawalno\u015b\u0107 wy\u015bwietlanej marki i wzmocni\u0107 ton marki.<\/p>","protected":false},"featured_media":580,"template":"","meta":{"_kad_post_transparent":"default","_kad_post_title":"","_kad_post_layout":"default","_kad_post_sidebar_id":"","_kad_post_content_style":"default","_kad_post_vertical_padding":"default","_kad_post_feature":"","_kad_post_feature_position":"","_kad_post_header":false,"_kad_post_footer":false,"_kad_post_classname":""},"product_brand":[],"product_cat":[15,17],"product_tag":[194,193,195],"class_list":{"0":"post-577","1":"product","2":"type-product","3":"status-publish","4":"has-post-thumbnail","6":"product_cat-red-light-therapy","7":"product_cat-services","8":"product_tag-candle-diffuser-packaging","9":"product_tag-custom-candle-paper-tube","10":"product_tag-supplier-candle-paper-tube","12":"first","13":"instock","14":"shipping-taxable","15":"product-type-simple","16":"entry","17":"content-bg","18":"loop-entry"},"_links":{"self":[{"href":"https:\/\/red-lighttherapy.com\/pl\/wp-json\/wp\/v2\/product\/577","targetHints":{"allow":["GET"]}}],"collection":[{"href":"https:\/\/red-lighttherapy.com\/pl\/wp-json\/wp\/v2\/product"}],"about":[{"href":"https:\/\/red-lighttherapy.com\/pl\/wp-json\/wp\/v2\/types\/product"}],"wp:featuredmedia":[{"embeddable":true,"href":"https:\/\/red-lighttherapy.com\/pl\/wp-json\/wp\/v2\/media\/580"}],"wp:attachment":[{"href":"https:\/\/red-lighttherapy.com\/pl\/wp-json\/wp\/v2\/media?parent=577"}],"wp:term":[{"taxonomy":"product_brand","embeddable":true,"href":"https:\/\/red-lighttherapy.com\/pl\/wp-json\/wp\/v2\/product_brand?post=577"},{"taxonomy":"product_cat","embeddable":true,"href":"https:\/\/red-lighttherapy.com\/pl\/wp-json\/wp\/v2\/product_cat?post=577"},{"taxonomy":"product_tag","embeddable":true,"href":"https:\/\/red-lighttherapy.com\/pl\/wp-json\/wp\/v2\/product_tag?post=577"}],"curies":[{"name":"wp","href":"https:\/\/api.w.org\/{rel}","templated":true}]}}