{"id":571,"date":"2025-04-12T09:00:49","date_gmt":"2025-04-12T09:00:49","guid":{"rendered":"https:\/\/red-lighttherapy.com\/?post_type=product&#038;p=571"},"modified":"2025-04-12T10:07:39","modified_gmt":"2025-04-12T10:07:39","slug":"clothing-t-shirt-apparel-socks-underwear-paper-tube-supplier","status":"publish","type":"product","link":"https:\/\/red-lighttherapy.com\/pl\/clothing-t-shirt-apparel-socks-underwear-paper-tube-supplier\/","title":{"rendered":"Odzie\u017c Koszulki Odzie\u017c Skarpetki Bielizna Dostawca rur papierowych"},"content":{"rendered":"<h2 id=\"-product-description-of-paper-tube-for-clothing-t-shirts-apparel-socks-and-underwear-\"><strong>Odzie\u017c Koszulki Odzie\u017c Skarpetki Bielizna Tuba papierowa Dostawca Opis produktu<\/strong><\/h2>\n<h2 id=\"1-separate-cylindrical-box-design-simple-and-practical-\">1.\u00a0<strong>Oddzielna konstrukcja opakowania papierowego, prosta i praktyczna<\/strong><\/h2>\n<p>Przyj\u0119to oddzieln\u0105 struktur\u0119 pokrywy, a stosunek korpusu pude\u0142ka i pokrywy jest naukowo obliczony, co sprawia, \u017ce otwieranie i zamykanie jest p\u0142ynne, a uszczelnienie mocne. Konstrukcja pokrywy pasuje do konturu pojemnika, co nie tylko zapewnia integralno\u015b\u0107 opakowania, ale tak\u017ce przekazuje nowoczesn\u0105 koncepcj\u0119 estetyczn\u0105 poprzez minimalistyczne linie (patrz zasady projektowania oddzielnej struktury opakowania).<\/p>\n<h2 id=\"2-black-and-white-contrast-vision-strengthen-brand-recognition-\">2.\u00a0<strong>Czarno-bia\u0142y kontrast obrazu wzmacnia rozpoznawalno\u015b\u0107 marki<\/strong><\/h2>\n<p>Korpus pude\u0142ka jest oparty na czystej bieli, z okr\u0119giem czarnych linii wok\u00f3\u0142 g\u00f3rnej cz\u0119\u015bci, a atrakcyjno\u015b\u0107 wizualna jest wzmocniona dzi\u0119ki kontrastowemu wzornictwu. Ten projekt jest inspirowany trendem wysokiej klasy estetyki opakowa\u0144, odpowiedni dla lekkich luksusowych, modnych marek i innych styl\u00f3w, a tak\u017ce odpowiedni dla prostej tonacji T-shirt\u00f3w, bielizny i innych kategorii (podobnie jak logika stosowania kontrastuj\u0105cych kolor\u00f3w w kolorowych opakowaniach pude\u0142kowych).<\/p>\n<h2 id=\"3-high-definition-printing-and-typesetting-highlighting-the-brand-logo-\">3.\u00a0<strong>Druk i sk\u0142ad w wysokiej rozdzielczo\u015bci, podkre\u015blaj\u0105cy logo marki<\/strong><\/h2>\n<p>Powierzchnia wykorzystuje technologi\u0119 druku UV, tekst i wz\u00f3r s\u0105 wyra\u017ane i odporne na zu\u017cycie, a wyb\u00f3r efektu matowego\/po\u0142ysku jest obs\u0142ugiwany. Uk\u0142ad jest zgodny z zasad\u0105 \"mniej znaczy wi\u0119cej\", z nowoczesnymi czcionkami bezszeryfowymi jako g\u0142\u00f3wn\u0105 cech\u0105, zapewniaj\u0105c, \u017ce logo marki jest wy\u015brodkowane i przyci\u0105ga wzrok, pozostawiaj\u0105c puste miejsce, aby zwi\u0119kszy\u0107 poczucie luksusu (czerpi\u0105c ze standard\u00f3w drukowania nagradzanych projekt\u00f3w opakowa\u0144).<\/p>\n<h2 id=\"4-professional-box-type-adaptation-to-improve-product-matching-\">4.\u00a0<strong>Profesjonalna adaptacja typu pude\u0142ka w celu lepszego dopasowania produktu<\/strong><\/h2>\n<p>Dostosowane zalecenia dotycz\u0105ce typu pude\u0142ka s\u0105 oparte na charakterystyce produktu:<\/p>\n<ul>\n<li><strong>T-shirt\/bluza<\/strong>: Zalecany jest podwy\u017cszony cylinder o \u015brednicy 20-30 cm, z magnetycznie otwieran\u0105 i zamykan\u0105 pokryw\u0105 u\u0142atwiaj\u0105c\u0105 sk\u0142adanie i przechowywanie odzie\u017cy;<\/li>\n<li><strong>Skarpety\/bielizna<\/strong>: Warstwowy cylinder szufladowy z wbudowan\u0105 wy\u015bci\u00f3\u0142k\u0105 przedzia\u0142u s\u0142u\u017cy do sklasyfikowanego przechowywania wielu przedmiot\u00f3w;<\/li>\n<li><strong>Wysokiej klasy prezenty<\/strong>: W po\u0142\u0105czeniu ze struktur\u0105 g\u00f3rnego i dolnego wieka pude\u0142ka prezentowego, poczucie ceremonii rozpakowywania jest wzmocnione (patrz biblioteka wielofunkcyjnych typ\u00f3w pude\u0142ek).<\/li>\n<\/ul>\n<h2 id=\"5-fsc-certified-material-environmental-protection-and-quality-\">5.\u00a0<strong>Materia\u0142 z certyfikatem FSC, ochrona \u015brodowiska i jako\u015b\u0107<\/strong><\/h2>\n<p>Surowce, z kt\u00f3rych wykonane jest opakowanie, posiadaj\u0105 certyfikat le\u015bny FSC, kt\u00f3ry zapewnia, \u017ce \u017ar\u00f3d\u0142o drewna jest zr\u00f3wnowa\u017cone i spe\u0142nia standardy dost\u0119pu do rynku UE i Ameryki P\u00f3\u0142nocnej. Certyfikowany materia\u0142 ma zar\u00f3wno wysok\u0105 twardo\u015b\u0107, jak i lekko\u015b\u0107, zapewniaj\u0105c zr\u00f3\u017cnicowane rozwi\u0105zania dla marek przyjaznych dla \u015brodowiska i klient\u00f3w z wy\u017cszej p\u00f3\u0142ki (zalety \u0142a\u0144cucha dostaw z certyfikatem FSC).<\/p>\n<h2 id=\"6-modular-lining-system-all-round-protection-\">6.\u00a0<strong>Modu\u0142owy system ok\u0142adzin, wszechstronna ochrona<\/strong><\/h2>\n<p>Wn\u0119trze mo\u017cna dopasowa\u0107 do r\u00f3\u017cnych materia\u0142\u00f3w podszewki:<\/p>\n<ul>\n<li><strong>Sta\u0142y typ<\/strong>: G\u0105bka EVA lub per\u0142owa bawe\u0142na z wyci\u0119tym rowkiem, precyzyjne pozycjonowanie i odporno\u015b\u0107 na wstrz\u0105sy;<\/li>\n<li><strong>Typ mi\u0119kki<\/strong>flokowany materia\u0142 lub wype\u0142nienie z rafii, odpowiednie do bielizny;<\/li>\n<li><strong>Typ wy\u015bwietlacza<\/strong>: przezroczysty blister PET, intuicyjnie prezentuj\u0105cy szczeg\u00f3\u0142y produktu (r\u00f3\u017cnorodne rozwi\u0105zania w zakresie podszewki).<\/li>\n<\/ul>\n<h2 id=\"7-16-years-of-smart-manufacturing-experience-full-process-quality-control-\">7.\u00a0<strong>16 lat do\u015bwiadczenia w inteligentnej produkcji, pe\u0142na kontrola jako\u015bci procesu<\/strong><\/h2>\n<p>Opieraj\u0105c si\u0119 na dojrza\u0142ym systemie produkcyjnym, \u015bcis\u0142ej kontroli od sprawdzenia projektu do masowej produkcji, zapewniaj\u0105c skr\u00f3cenie cyklu dostawy o 30%, a wska\u017anik wadliwo\u015bci jest mniejszy ni\u017c 0,5%. Wspieranie dostosowywania ma\u0142ych partii i optymalizacji logistyki transgranicznej, zapewniaj\u0105c kompleksowe us\u0142ugi pakowania dla globalnych marek (odniesienie do do\u015bwiadczenia w \u0142a\u0144cuchu dostaw).<\/p>\n<h2 id=\"-advantages-of-cooperation-\"><strong>Zalety wsp\u00f3\u0142pracy<\/strong>:<\/h2>\n<ul>\n<li><strong>Wsparcie projektowe<\/strong>: Bezp\u0142atne renderingi 3D i pr\u00f3bki materia\u0142\u00f3w;<\/li>\n<li><strong>Optymalizacja koszt\u00f3w<\/strong>: Zam\u00f3wienia na du\u017c\u0105 skal\u0119 obni\u017caj\u0105 cen\u0119 jednostkow\u0105, przy minimalnym zam\u00f3wieniu 500 sztuk;<\/li>\n<li><strong>Szybka reakcja<\/strong>: Prototypowanie jest zako\u0144czone w ci\u0105gu 72 godzin, a masowa produkcja jest dostarczana w ci\u0105gu 15 dni.<\/li>\n<\/ul>","protected":false},"excerpt":{"rendered":"<p>Pude\u0142ko z papierow\u0105 tub\u0105 ma oddzieln\u0105 pokryw\u0119. Proporcje pojemnika i pokrywy s\u0105 skoordynowane, odzwierciedlaj\u0105c prosty projekt opakowania. Korpus pude\u0142ka jest g\u0142\u00f3wnie czysto bia\u0142y, a okr\u0105g czarnych linii otacza g\u00f3rn\u0105 kraw\u0119d\u017a, tworz\u0105c ostry kontrast w celu zwi\u0119kszenia atrakcyjno\u015bci. Powierzchnia pude\u0142ka jest wyra\u017anie zadrukowana, a uk\u0142ad tekstu jest prosty i nowoczesny, co mo\u017ce wzmocni\u0107 logo marki. To opakowanie jest bardzo odpowiednie do pakowania odzie\u017cy, T-shirt\u00f3w, odzie\u017cy, skarpet i bielizny<\/p>","protected":false},"featured_media":575,"template":"","meta":{"_kad_post_transparent":"default","_kad_post_title":"","_kad_post_layout":"default","_kad_post_sidebar_id":"","_kad_post_content_style":"default","_kad_post_vertical_padding":"default","_kad_post_feature":"","_kad_post_feature_position":"","_kad_post_header":false,"_kad_post_footer":false,"_kad_post_classname":""},"product_brand":[],"product_cat":[15,30,17],"product_tag":[190,192,191],"class_list":{"0":"post-571","1":"product","2":"type-product","3":"status-publish","4":"has-post-thumbnail","6":"product_cat-red-light-therapy","7":"product_cat-dropshipping","8":"product_cat-services","9":"product_tag-clothing-paper-tube","10":"product_tag-socks-underwear-paper-tube-packaging","11":"product_tag-t-shirt-paper-tube-supplier","13":"first","14":"instock","15":"shipping-taxable","16":"product-type-simple","17":"entry","18":"content-bg","19":"loop-entry"},"_links":{"self":[{"href":"https:\/\/red-lighttherapy.com\/pl\/wp-json\/wp\/v2\/product\/571","targetHints":{"allow":["GET"]}}],"collection":[{"href":"https:\/\/red-lighttherapy.com\/pl\/wp-json\/wp\/v2\/product"}],"about":[{"href":"https:\/\/red-lighttherapy.com\/pl\/wp-json\/wp\/v2\/types\/product"}],"wp:featuredmedia":[{"embeddable":true,"href":"https:\/\/red-lighttherapy.com\/pl\/wp-json\/wp\/v2\/media\/575"}],"wp:attachment":[{"href":"https:\/\/red-lighttherapy.com\/pl\/wp-json\/wp\/v2\/media?parent=571"}],"wp:term":[{"taxonomy":"product_brand","embeddable":true,"href":"https:\/\/red-lighttherapy.com\/pl\/wp-json\/wp\/v2\/product_brand?post=571"},{"taxonomy":"product_cat","embeddable":true,"href":"https:\/\/red-lighttherapy.com\/pl\/wp-json\/wp\/v2\/product_cat?post=571"},{"taxonomy":"product_tag","embeddable":true,"href":"https:\/\/red-lighttherapy.com\/pl\/wp-json\/wp\/v2\/product_tag?post=571"}],"curies":[{"name":"wp","href":"https:\/\/api.w.org\/{rel}","templated":true}]}}