{"id":565,"date":"2025-04-12T08:34:45","date_gmt":"2025-04-12T08:34:45","guid":{"rendered":"https:\/\/red-lighttherapy.com\/?post_type=product&#038;p=565"},"modified":"2025-04-12T09:00:36","modified_gmt":"2025-04-12T09:00:36","slug":"custom-child-resistant-vape-cartridge-packaging-box-factory","status":"publish","type":"product","link":"https:\/\/red-lighttherapy.com\/pl\/custom-child-resistant-vape-cartridge-packaging-box-factory\/","title":{"rendered":"Niestandardowa fabryka opakowa\u0144 na kartrid\u017ce Vape odporna na dzieci"},"content":{"rendered":"<h2 id=\"-child-safe-electronic-cigarette-cartridge-packaging-box-professional-customized-solution-\">Niestandardowa fabryka opakowa\u0144 na kartrid\u017ce Vape odporna na dzieci<\/h2>\n<h2 id=\"1-double-child-proof-device-compliance-certification-guarantee-\">1.\u00a0<strong>Podw\u00f3jne zabezpieczenie przed dzie\u0107mi, gwarancja zgodno\u015bci<\/strong><\/h2>\n<ul>\n<li>Przyj\u0119cie\u00a0<strong>struktura otwierania przez naci\u015bni\u0119cie i obr\u00f3t<\/strong>\u00a0lub\u00a0<strong>Zatrzask magnetyczny + konstrukcja odblokowuj\u0105ca suwak<\/strong>\u00a0przepustka\u00a0<strong>US 16 CFR 1700.20<\/strong>\u00a0oraz\u00a0<strong>EU ISO 8317<\/strong>\u00a0standardy test\u00f3w ochrony dzieci. Wska\u017anik awaryjno\u015bci otwierania przez dzieci wynosi \u226580%, a doro\u015bli mog\u0105 go \u0142atwo otworzy\u0107 za pomoc\u0105 intuicyjnych operacji (takich jak wyr\u00f3wnanie strza\u0142ek, przy\u0142o\u017cenie okre\u015blonej si\u0142y), co spe\u0142nia wymagania dotycz\u0105ce dost\u0119pu do rynku w Europie i Stanach Zjednoczonych.<\/li>\n<li>Wbudowany\u00a0<strong>Blokada zabezpieczaj\u0105ca przed dotykiem<\/strong>\u00a0Aby odblokowa\u0107 wysuwane pude\u0142ko, nale\u017cy \u015bcisn\u0105\u0107 dwa palce, aby zapobiec nieprawid\u0142owej obs\u0142udze przez dzieci.<\/li>\n<\/ul>\n<h2 id=\"2-immersive-pull-out-box-experience-\">2.\u00a0<strong>Wci\u0105gaj\u0105ce do\u015bwiadczenie wysuwanego pude\u0142ka<\/strong><\/h2>\n<ul>\n<li><strong>Szyna t\u0142umi\u0105ca + spr\u0119\u017cyna o powolnym zwalnianiu<\/strong>\u00a0Konstrukcja kartrid\u017ca wysuwa si\u0119 z jednolit\u0105 pr\u0119dko\u015bci\u0105 0,5 sekundy\/cm i jest dopasowana do\u00a0<strong>p\u00f3\u0142przezroczyste okno matowe<\/strong>Sprawiaj\u0105c, \u017ce produkt jest elegancki jak eksponat, zwi\u0119kszaj\u0105c poczucie ceremonii rozpakowywania.<\/li>\n<li>Korpus skrzynki przyjmuje\u00a0<strong>Segmentowana struktura wysuwana<\/strong>Pierwsza warstwa wy\u015bwietla LOGO marki i nazw\u0119 produktu, a druga warstwa stopniowo ods\u0142ania korpus wk\u0142adu, zwi\u0119kszaj\u0105c przyjemno\u015b\u0107 u\u017cytkownika z eksploracji.<\/li>\n<\/ul>\n<h2 id=\"3-visual-friendliness-and-material-safety-\">3.\u00a0<strong>Przyjazno\u015b\u0107 wizualna i bezpiecze\u0144stwo materia\u0142\u00f3w<\/strong><\/h2>\n<ul>\n<li>G\u0142\u00f3wny kolor pude\u0142ka zewn\u0119trznego to\u00a0<strong>Matowa pow\u0142oka w kolorze z\u0142amanej bieli<\/strong>kt\u00f3ry zosta\u0142\u00a0<strong>Test substancji niebezpiecznych EN71-3<\/strong>Nie ma irytuj\u0105cych refleks\u00f3w i mo\u017ce zmniejszy\u0107 d\u0142ugotrwa\u0142e zm\u0119czenie wzroku.<\/li>\n<li>Materia\u0142 mo\u017cna wybra\u0107\u00a0<strong>Podszewka EVA klasy spo\u017cywczej + pow\u0142oka z tkaniny Lycra<\/strong>\u00a0lub\u00a0<strong>Bia\u0142a tektura flokowana o gramaturze 250 g\/m\u00b2<\/strong>kt\u00f3ra jest delikatna w dotyku i zapewnia amortyzacj\u0119 zapobiegaj\u0105c\u0105 upadkom.<\/li>\n<\/ul>\n<h2 id=\"4-full-dimensional-customization-service-\">4.\u00a0<strong>Pe\u0142nowymiarowa us\u0142uga dostosowywania<\/strong><\/h2>\n<ul>\n<li><strong>Elastyczne dostosowanie rozmiaru<\/strong>: Obs\u0142uguje dostosowywanie pude\u0142ek z 5-50 wk\u0142adami, kompatybilnych z pojedynczymi opakowaniami do zestaw\u00f3w seryjnych, z kontrol\u0105 tolerancji \u00b10,3 mm.<\/li>\n<li><strong>Modu\u0142owa ok\u0142adzina<\/strong>: Design\u00a0<strong>Rowek siatki EVA<\/strong>\u00a0lub\u00a0<strong>szczelina na g\u0105bk\u0119<\/strong>\u00a0w zale\u017cno\u015bci od kszta\u0142tu kartrid\u017ca (cylinder\/kwadratowe pude\u0142ko\/specjalny kszta\u0142t), aby osi\u0105gn\u0105\u0107 zerowe mocowanie przemieszczenia i poprawi\u0107 odporno\u015b\u0107 na wstrz\u0105sy transportowe przez 60%.<\/li>\n<li><strong>Ekskluzywny projekt marki<\/strong>: Udost\u0119pnij\u00a0<strong>laser LOGO<\/strong>,\u00a0<strong>Wyt\u0142aczana tekstura UV<\/strong>\u00a0oraz\u00a0<strong>sitodruk<\/strong>\u00a0procesy, wsparcie drukowania etykiet zgodno\u015bci dla platform takich jak Amazon i niezale\u017cne stacje.<\/li>\n<\/ul>\n<h2 id=\"5-global-compliance-support-\">5.\u00a0<strong>Globalne wsparcie w zakresie zgodno\u015bci<\/strong><\/h2>\n<ul>\n<li>Zapewni\u0107\u00a0<strong>CPC (USA)<\/strong>,\u00a0<strong>CE (UE)<\/strong>\u00a0oraz\u00a0<strong>CSA Z76.1 (Kanada)<\/strong>\u00a0dokumenty certyfikacyjne, obejmuj\u0105ce raporty z test\u00f3w, takich jak trudnopalno\u015b\u0107 opakowa\u0144 i migracja chemiczna, w celu zapewnienia legalno\u015bci transgranicznego obrotu produktami pochodz\u0105cymi z konopi indyjskich.<\/li>\n<\/ul>\n<h2 id=\"-service-advantages-\"><strong>Zalety us\u0142ugi<\/strong><\/h2>\n<ul>\n<li><strong>16 lat bezpo\u015bredniej pracy w fabryce<\/strong>Dzienna zdolno\u015b\u0107 produkcyjna 1 000 000 sztuk, minimalne zam\u00f3wienie 500 sztuk i niezwykle szybka dostawa w ci\u0105gu 7-14 dni.<\/li>\n<li><strong>Pe\u0142ne upodmiotowienie procesu<\/strong>od projektowania rysunk\u00f3w, proofingu do produkcji masowej, wyposa\u017conych w konsultant\u00f3w sprzeda\u017cy 1 do 1 i zespo\u0142y kontroli jako\u015bci, zapewniaj\u0105c\u00a0<strong>projektowanie opakowa\u0144-produkcja-logistyka<\/strong>\u00a0us\u0142ugi w obiegu zamkni\u0119tym.<\/li>\n<\/ul>","protected":false},"excerpt":{"rendered":"<p>Nasze papierowe, zabezpieczone przed dzie\u0107mi opakowania na marihuan\u0119 s\u0105 wyposa\u017cone w urz\u0105dzenie zabezpieczaj\u0105ce przed dzie\u0107mi, dzi\u0119ki czemu s\u0105 trudne do otwarcia przez dzieci, ale \u0142atwe do otwarcia przez doros\u0142ych. Jest ono w pe\u0142ni zgodne z prawem i przepisami. Mo\u017cna je w du\u017cym stopniu dostosowa\u0107 do opakowania produktu vape z konopi indyjskich.<\/p>","protected":false},"featured_media":569,"template":"","meta":{"_kad_post_transparent":"default","_kad_post_title":"","_kad_post_layout":"default","_kad_post_sidebar_id":"","_kad_post_content_style":"default","_kad_post_vertical_padding":"default","_kad_post_feature":"","_kad_post_feature_position":"","_kad_post_header":false,"_kad_post_footer":false,"_kad_post_classname":""},"product_brand":[],"product_cat":[15,40,17],"product_tag":[188,189,169],"class_list":{"0":"post-565","1":"product","2":"type-product","3":"status-publish","4":"has-post-thumbnail","6":"product_cat-red-light-therapy","7":"product_cat-red-light-therapy-panel","8":"product_cat-services","9":"product_tag-custom-1ml-vape-cartridge-packaging","10":"product_tag-custom-disposable-vape-boxes","11":"product_tag-vape-cartridge-packaging","13":"first","14":"instock","15":"shipping-taxable","16":"product-type-simple","17":"entry","18":"content-bg","19":"loop-entry"},"_links":{"self":[{"href":"https:\/\/red-lighttherapy.com\/pl\/wp-json\/wp\/v2\/product\/565","targetHints":{"allow":["GET"]}}],"collection":[{"href":"https:\/\/red-lighttherapy.com\/pl\/wp-json\/wp\/v2\/product"}],"about":[{"href":"https:\/\/red-lighttherapy.com\/pl\/wp-json\/wp\/v2\/types\/product"}],"wp:featuredmedia":[{"embeddable":true,"href":"https:\/\/red-lighttherapy.com\/pl\/wp-json\/wp\/v2\/media\/569"}],"wp:attachment":[{"href":"https:\/\/red-lighttherapy.com\/pl\/wp-json\/wp\/v2\/media?parent=565"}],"wp:term":[{"taxonomy":"product_brand","embeddable":true,"href":"https:\/\/red-lighttherapy.com\/pl\/wp-json\/wp\/v2\/product_brand?post=565"},{"taxonomy":"product_cat","embeddable":true,"href":"https:\/\/red-lighttherapy.com\/pl\/wp-json\/wp\/v2\/product_cat?post=565"},{"taxonomy":"product_tag","embeddable":true,"href":"https:\/\/red-lighttherapy.com\/pl\/wp-json\/wp\/v2\/product_tag?post=565"}],"curies":[{"name":"wp","href":"https:\/\/api.w.org\/{rel}","templated":true}]}}