{"id":559,"date":"2025-04-12T08:13:57","date_gmt":"2025-04-12T08:13:57","guid":{"rendered":"https:\/\/red-lighttherapy.com\/?post_type=product&#038;p=559"},"modified":"2025-04-12T08:34:31","modified_gmt":"2025-04-12T08:34:31","slug":"wholesale-premium-custom-perfume-cosmetic-boxes-supplies","status":"publish","type":"product","link":"https:\/\/red-lighttherapy.com\/pl\/wholesale-premium-custom-perfume-cosmetic-boxes-supplies\/","title":{"rendered":"Hurtownia niestandardowych pude\u0142ek kosmetycznych na perfumy Premium"},"content":{"rendered":"<h2 id=\"-customized-perfume-and-cosmetics-box-product-description-\"><strong>Niestandardowe pude\u0142ko na perfumy i kosmetyki - opis produktu<\/strong><\/h2>\n<p>Aby zaspokoi\u0107 potrzeby wysokiej klasy opakowa\u0144 perfum i kosmetyk\u00f3w, wprowadzili\u015bmy niestandardowe rozwi\u0105zania opakowaniowe, kt\u00f3re \u0142\u0105cz\u0105 funkcjonalno\u015b\u0107, estetyk\u0119 i warto\u015b\u0107 marki, tworz\u0105c nast\u0119puj\u0105ce podstawowe korzy\u015bci dla klient\u00f3w hurtowych:<\/p>\n<h2 id=\"1-coated-paper-material-sturdy-and-durable-\">1.\u00a0<strong>Powlekany materia\u0142 papierowy, wytrzyma\u0142y i trwa\u0142y<\/strong><\/h2>\n<p>Materia\u0142 wykonany jest z papieru powlekanego o wysokiej gramaturze, o g\u0142adkiej i delikatnej powierzchni oraz wsp\u00f3\u0142czynniku odwzorowania kolor\u00f3w druku przekraczaj\u0105cym 95%. Papier ma doskona\u0142\u0105 sztywno\u015b\u0107 i no\u015bno\u015b\u0107. Pojedyncze pude\u0142ko mo\u017ce wytrzyma\u0107 obci\u0105\u017cenie do 1,5 kg, co jest odpowiednie do bezpiecznego pakowania r\u00f3\u017cnych delikatnych pojemnik\u00f3w, takich jak szklane butelki i butelki ceramiczne, spe\u0142niaj\u0105c jednocze\u015bnie potrzeby wielowarstwowego uk\u0142adania w stosy.<\/p>\n<h2 id=\"2-herm-s-orange-design-strong-visual-impact-\">2.\u00a0<strong>Pomara\u0144czowy design Herm\u00e8s, silny efekt wizualny<\/strong><\/h2>\n<p>Pude\u0142ko zewn\u0119trzne wykorzystuje kultowy pomara\u0144czowy kolor Herm\u00e8s, w po\u0142\u0105czeniu z matowym klejem lub technologi\u0105 t\u0142oczenia na gor\u0105co, tworz\u0105c \"wizualne skupienie\" na p\u00f3\u0142ce. Pomara\u0144czowy symbolizuje witalno\u015b\u0107 i luksus oraz mo\u017ce skutecznie zwi\u0119kszy\u0107 rozpoznawalno\u015b\u0107 marki. Dane pokazuj\u0105, \u017ce opakowanie w kolorze pomara\u0144czowym mo\u017ce zwi\u0119kszy\u0107 wska\u017anik pozostawania konsumenta przy produkcie o 20%. Typ pude\u0142ka obs\u0142uguje r\u00f3\u017cne metody otwierania, takie jak g\u00f3rne i dolne pokrywy oraz klapki, i jest dopasowany do t\u0142oczonego na gor\u0105co LOGO lub wyt\u0142aczanych tekstur, aby wzmocni\u0107 poczucie ceremonii rozpakowywania.<\/p>\n<h2 id=\"3-customized-protection-of-eva-lining-\">3.\u00a0<strong>Indywidualna ochrona podszewki EVA<\/strong><\/h2>\n<p>Wy\u015bci\u00f3\u0142ka wykonana jest z materia\u0142u EVA o wysokiej g\u0119sto\u015bci, kt\u00f3ry ma odporno\u015b\u0107 na uderzenia 1,5 razy wi\u0119ksz\u0105 ni\u017c standard bran\u017cowy i mo\u017ce poch\u0142on\u0105\u0107 70% energii drga\u0144 transportowych. Zapewnia opcje twardo\u015bci od 25\u00b0 do 80\u00b0 i dostosowan\u0105 konstrukcj\u0119 rowka do kszta\u0142tu butelki perfum, aby zapewni\u0107 mocowanie bez przemieszczania; powierzchnia mo\u017ce by\u0107 flokowana (np. aksamitna tekstura) lub matowa matowa, bior\u0105c pod uwag\u0119 zar\u00f3wno ochron\u0119, jak i wysokiej jako\u015bci dotyk.<\/p>\n<h2 id=\"4-diversified-printing-and-creative-design-\">4.\u00a0<strong>Zr\u00f3\u017cnicowane drukowanie i kreatywne projektowanie<\/strong><\/h2>\n<p>Obs\u0142uguje czterokolorowy druk CMYK, cz\u0119\u015bciowe UV, wyt\u0142aczanie 3D i inne procesy, a tak\u017ce mo\u017ce by\u0107 zintegrowany z artystycznymi ilustracjami, minimalistyczn\u0105 geometri\u0105 lub ekskluzywnymi elementami kulturowymi marki. Na przyk\u0142ad:<\/p>\n<ul>\n<li><strong>Temat festiwalu<\/strong>: W po\u0142\u0105czeniu z t\u0142oczonymi na gor\u0105co p\u0142atkami \u015bniegu i kwiatowymi wzorami do tworzenia limitowanych pude\u0142ek na prezenty;<\/li>\n<li><strong>Koncepcja ochrony \u015brodowiska<\/strong>: Drukowanie przy u\u017cyciu odnawialnych atrament\u00f3w i dopasowanie do logo z materia\u0142\u00f3w degradowalnych;<\/li>\n<li><strong>Inteligentna interakcja<\/strong>: Osad\u017a kod AR QR, zeskanuj kod, aby przej\u015b\u0107 do historii marki lub samouczka u\u017cytkowania.<\/li>\n<\/ul>\n<h2 id=\"5-one-stop-service-and-detail-control-\">5.\u00a0<strong>Kompleksowa obs\u0142uga i kontrola szczeg\u00f3\u0142\u00f3w<\/strong><\/h2>\n<p>Opieraj\u0105c si\u0119 na 20-letnim do\u015bwiadczeniu w zakresie opakowa\u0144 i druku, zapewniamy us\u0142ugi obejmuj\u0105ce ca\u0142y proces - od projektowania, przez odbitki pr\u00f3bne, po produkcj\u0119 masow\u0105:<\/p>\n<ul>\n<li><strong>Optymalizacja strukturalna<\/strong>: Weryfikacja no\u015bno\u015bci skrzyni oraz p\u0142ynno\u015bci otwierania i zamykania poprzez modelowanie 3D;<\/li>\n<li><strong>Kontrola jako\u015bci<\/strong>: Laboratorium przeprowadza testy kompresji, odporno\u015bci na wilgo\u0107 i upadki, aby zapewni\u0107 bezpiecze\u0144stwo transportu;<\/li>\n<li><strong>Elastyczna produkcja<\/strong>: Obs\u0142uguje minimalne zam\u00f3wienie 500, du\u017c\u0105 ilo\u015b\u0107 i dobr\u0105 cen\u0119 oraz szybk\u0105 dostaw\u0119 w ci\u0105gu 7-15 dni.<\/li>\n<\/ul>\n<h2 id=\"-why-choose-us-\"><strong>Dlaczego warto nas wybra\u0107?<\/strong><\/h2>\n<ul>\n<li><strong>Profesjonalny zesp\u00f3\u0142<\/strong>: Projektanci i in\u017cynierowie wsp\u00f3lnie opracowuj\u0105 rozwi\u0105zania, r\u00f3wnowa\u017c\u0105c estetyk\u0119 i praktyczno\u015b\u0107;<\/li>\n<li><strong>Przewaga kosztowa<\/strong>: Bezpo\u015brednia obs\u0142uga fabryczna, redukcja ogniw po\u015brednich i zmniejszenie kompleksowych koszt\u00f3w o 15%-30%;<\/li>\n<li><strong>Gwarancja posprzeda\u017cna<\/strong>: Zapewnienie us\u0142ugi zwrotu zam\u00f3wienia w celu rozwi\u0105zania szk\u00f3d transportowych lub wad wykonania.<\/li>\n<\/ul>","protected":false},"excerpt":{"rendered":"<p>Papierowe pude\u0142ko z szuflad\u0105 Otwierane suwakiem Zwi\u0119ksza komfort rozpakowywania. Korpus pude\u0142ka jest w kolorze pomara\u0144czowym Herm\u00e8s, kt\u00f3ry ma zar\u00f3wno witalno\u015b\u0107, jak i ciep\u0142o. Mo\u017ce przyci\u0105gn\u0105\u0107 uwag\u0119 klient\u00f3w na p\u00f3\u0142ce ekspozycyjnej. Podszewk\u0119 mo\u017cna dostosowa\u0107 do w\u0142asnych potrzeb, aby osi\u0105gn\u0105\u0107 zerowy ruch produktu i chroni\u0107 butelki perfum i kosmetyk\u00f3w przed uszkodzeniem<\/p>","protected":false},"featured_media":562,"template":"","meta":{"_kad_post_transparent":"default","_kad_post_title":"","_kad_post_layout":"default","_kad_post_sidebar_id":"","_kad_post_content_style":"default","_kad_post_vertical_padding":"default","_kad_post_feature":"","_kad_post_feature_position":"","_kad_post_header":false,"_kad_post_footer":false,"_kad_post_classname":""},"product_brand":[],"product_cat":[15,28,20,17],"product_tag":[186,185,187],"class_list":{"0":"post-559","1":"product","2":"type-product","3":"status-publish","4":"has-post-thumbnail","6":"product_cat-red-light-therapy","7":"product_cat-customize","8":"product_cat-led-face-light-therapy","9":"product_cat-services","10":"product_tag-cosmetic-boxes-supplies","11":"product_tag-custom-perfume-boxes","12":"product_tag-wholesale-premium-boxes","14":"first","15":"instock","16":"shipping-taxable","17":"product-type-simple","18":"entry","19":"content-bg","20":"loop-entry"},"_links":{"self":[{"href":"https:\/\/red-lighttherapy.com\/pl\/wp-json\/wp\/v2\/product\/559","targetHints":{"allow":["GET"]}}],"collection":[{"href":"https:\/\/red-lighttherapy.com\/pl\/wp-json\/wp\/v2\/product"}],"about":[{"href":"https:\/\/red-lighttherapy.com\/pl\/wp-json\/wp\/v2\/types\/product"}],"wp:featuredmedia":[{"embeddable":true,"href":"https:\/\/red-lighttherapy.com\/pl\/wp-json\/wp\/v2\/media\/562"}],"wp:attachment":[{"href":"https:\/\/red-lighttherapy.com\/pl\/wp-json\/wp\/v2\/media?parent=559"}],"wp:term":[{"taxonomy":"product_brand","embeddable":true,"href":"https:\/\/red-lighttherapy.com\/pl\/wp-json\/wp\/v2\/product_brand?post=559"},{"taxonomy":"product_cat","embeddable":true,"href":"https:\/\/red-lighttherapy.com\/pl\/wp-json\/wp\/v2\/product_cat?post=559"},{"taxonomy":"product_tag","embeddable":true,"href":"https:\/\/red-lighttherapy.com\/pl\/wp-json\/wp\/v2\/product_tag?post=559"}],"curies":[{"name":"wp","href":"https:\/\/api.w.org\/{rel}","templated":true}]}}