{"id":546,"date":"2025-04-12T07:30:15","date_gmt":"2025-04-12T07:30:15","guid":{"rendered":"https:\/\/red-lighttherapy.com\/?post_type=product&#038;p=546"},"modified":"2025-04-12T08:13:49","modified_gmt":"2025-04-12T08:13:49","slug":"custom-lipstick-lip-balm-gloss-paper-tube-packaging-supplier","status":"publish","type":"product","link":"https:\/\/red-lighttherapy.com\/pl\/custom-lipstick-lip-balm-gloss-paper-tube-packaging-supplier\/","title":{"rendered":"Niestandardowa szminka Balsam do ust B\u0142yszczyk Dostawca opakowa\u0144 papierowych"},"content":{"rendered":"<h2 id=\"-customized-lipstick-and-lip-balm-glossy-paper-tube-packaging-product-description-\"><strong>Niestandardowe opakowanie z b\u0142yszcz\u0105cej papierowej tubki na szmink\u0119 i balsam do ust opis produktu<\/strong><\/h2>\n<h2 id=\"-1-structural-design-cylindrical-top-and-bottom-lid-box-easy-to-operate-with-one-hand-\"><strong>1. Konstrukcja: cylindryczna pokrywa g\u00f3rna i dolna, \u0142atwa w obs\u0142udze jedn\u0105 r\u0119k\u0105<\/strong><\/h2>\n<ul>\n<li>Cylindryczna konstrukcja g\u00f3rnej i dolnej pokrywy z oddzielon\u0105 g\u00f3rn\u0105 i doln\u0105 pokryw\u0105 optymalizuje otwieranie i zamykanie i mo\u017ce by\u0107 \u0142atwo obs\u0142ugiwana jedn\u0105 r\u0119k\u0105, co jest zgodne z ergonomiczn\u0105 konstrukcj\u0105.<\/li>\n<li>Obs\u0142uguje spersonalizowane dostosowanie rozmiaru (np. \u015brednica 15-32 mm, wysoko\u015b\u0107 50-150 mm), odpowiednie dla szminek i balsam\u00f3w do ust o r\u00f3\u017cnych specyfikacjach.<\/li>\n<\/ul>\n<h2 id=\"-2-visual-aesthetics-red-and-pink-contrast-and-artistic-lines-\"><strong>2. Estetyka wizualna: kontrast czerwieni i r\u00f3\u017cu oraz artystyczne linie<\/strong><\/h2>\n<ul>\n<li>G\u0142\u00f3wnym kolorem jest mocno nasycony czerwony i r\u00f3\u017cowy, w po\u0142\u0105czeniu z technologi\u0105 gradientu lub \u0142\u0105czenia, aby stworzy\u0107 m\u0142odzie\u0144czy i modny efekt wizualny.<\/li>\n<li>Korpus pude\u0142ka zawiera g\u0142adkie artystyczne linie lub geometryczne wzory, a kontrastuj\u0105ce kolory wzmacniaj\u0105 motyw pi\u0119kna i przekazuj\u0105 witalno\u015b\u0107 i zmys\u0142 artystyczny marki.<\/li>\n<\/ul>\n<h2 id=\"-3-craft-details-hot-silver-logo-and-layering-enhancement-\"><strong>3. Szczeg\u00f3\u0142y wykonania: gor\u0105ce srebrne logo i wzmocnienie warstwowe<\/strong><\/h2>\n<ul>\n<li>Technologia gor\u0105cego srebra jest wykorzystywana do dok\u0142adnej prezentacji szczeg\u00f3\u0142\u00f3w, takich jak LOGO marki i logo tekstowe, zapewniaj\u0105c, \u017ce drobne wzory s\u0105 wyra\u017ane i delikatne, a dotyk jest tr\u00f3jwymiarowy i bogaty w warstwy.<\/li>\n<li>Pow\u0142oka UV, folia matowa i inne procesy obr\u00f3bki powierzchni mog\u0105 by\u0107 nak\u0142adane w celu zwi\u0119kszenia tekstury i odporno\u015bci na zu\u017cycie.<\/li>\n<\/ul>\n<h2 id=\"-4-material-and-printing-full-dimensional-customized-service-\"><strong>4. Materia\u0142 i drukowanie: pe\u0142nowymiarowa us\u0142uga dostosowana do potrzeb klienta<\/strong><\/h2>\n<ul>\n<li><strong>Wyb\u00f3r materia\u0142u<\/strong>: Zapewnienie przyjaznego dla \u015brodowiska papieru siarczanowego, degradowalnego plastiku, bia\u0142ego kartonu i innych pod\u0142o\u017cy, z uwzgl\u0119dnieniem trwa\u0142o\u015bci i zr\u00f3wnowa\u017conego rozwoju.<\/li>\n<li><strong>Proces drukowania<\/strong>: Obs\u0142uguje drukowanie w kolorze, wyt\u0142aczanie, lokaln\u0105 jasn\u0105 powierzchni\u0119 UV i inne procesy, dostosowuje si\u0119 do z\u0142o\u017conych wzor\u00f3w i wymaga\u0144 kolorystycznych marki.<\/li>\n<\/ul>\n<h2 id=\"-5-production-and-quality-control-efficient-and-stable-large-scale-delivery-capabilities-\"><strong>5. Produkcja i kontrola jako\u015bci: wydajne i stabilne mo\u017cliwo\u015bci dostaw na du\u017c\u0105 skal\u0119<\/strong><\/h2>\n<ul>\n<li><strong>Zautomatyzowana linia produkcyjna<\/strong>: Wyposa\u017cony w pe\u0142ni automatyczny sprz\u0119t do formowania wtryskowego, drukowania i monta\u017cu, o dziennej zdolno\u015bci produkcyjnej ponad 5 milion\u00f3w sztuk, wspieraj\u0105cy szybk\u0105 reakcj\u0119 na zam\u00f3wienia awaryjne.<\/li>\n<li><strong>System jako\u015bci<\/strong>: Od zakupu surowc\u00f3w (takich jak przyjazne dla \u015brodowiska tusze certyfikowane przez MSDS) po dostaw\u0119 gotowego produktu, wdra\u017canych jest 12 proces\u00f3w kontroli, aby zapewni\u0107, \u017ce b\u0142\u0105d wymiarowy wynosi \u22640,1 mm, a r\u00f3\u017cnica kolor\u00f3w druku \u0394E \u22641,5.<\/li>\n<\/ul>\n<h2 id=\"-6-value-added-services-one-stop-brand-empowerment-\"><strong>6. Us\u0142ugi o warto\u015bci dodanej: kompleksowe wzmocnienie marki<\/strong><\/h2>\n<ul>\n<li>\u015awiadczymy us\u0142ugi OEM\/ODM, wspieramy dostosowywanie form, autoryzacj\u0119 marek w\u0142asnych i specjalne zastosowania transgraniczne.<\/li>\n<li>Dostarczanie wspieraj\u0105cych rozwi\u0105za\u0144 w zakresie opakowa\u0144 zewn\u0119trznych (takich jak worki na kurz, papierowe puszki z ta\u015bm\u0105, tacki wewn\u0119trzne EVA) i optymalizacja logistyki w celu zmniejszenia strat transportowych.<\/li>\n<\/ul>","protected":false},"excerpt":{"rendered":"<p>Papierowe opakowanie tubowe z pokryw\u0105 i podstaw\u0105 ma oddzieln\u0105 struktur\u0119 g\u00f3rnej i dolnej pokrywy, kt\u00f3r\u0105 mo\u017cna \u0142atwo obs\u0142ugiwa\u0107 jedn\u0105 r\u0119k\u0105. Korpus pude\u0142ka jest g\u0142\u00f3wnie czerwony i r\u00f3\u017cowy, co ma silny wp\u0142yw wizualny i jest zgodne z tonem m\u0142odej i modnej marki.<\/p>","protected":false},"featured_media":548,"template":"","meta":{"_kad_post_transparent":"default","_kad_post_title":"","_kad_post_layout":"default","_kad_post_sidebar_id":"","_kad_post_content_style":"default","_kad_post_vertical_padding":"default","_kad_post_feature":"","_kad_post_feature_position":"","_kad_post_header":false,"_kad_post_footer":false,"_kad_post_classname":""},"product_brand":[],"product_cat":[15,28,17],"product_tag":[184,183,182],"class_list":{"0":"post-546","1":"product","2":"type-product","3":"status-publish","4":"has-post-thumbnail","6":"product_cat-red-light-therapy","7":"product_cat-customize","8":"product_cat-services","9":"product_tag-custom-lipstick-lip-balm-packaging-supplier","10":"product_tag-lip-balm-packaging","11":"product_tag-lipstick-paper-tube","13":"first","14":"instock","15":"shipping-taxable","16":"product-type-simple","17":"entry","18":"content-bg","19":"loop-entry"},"_links":{"self":[{"href":"https:\/\/red-lighttherapy.com\/pl\/wp-json\/wp\/v2\/product\/546","targetHints":{"allow":["GET"]}}],"collection":[{"href":"https:\/\/red-lighttherapy.com\/pl\/wp-json\/wp\/v2\/product"}],"about":[{"href":"https:\/\/red-lighttherapy.com\/pl\/wp-json\/wp\/v2\/types\/product"}],"wp:featuredmedia":[{"embeddable":true,"href":"https:\/\/red-lighttherapy.com\/pl\/wp-json\/wp\/v2\/media\/548"}],"wp:attachment":[{"href":"https:\/\/red-lighttherapy.com\/pl\/wp-json\/wp\/v2\/media?parent=546"}],"wp:term":[{"taxonomy":"product_brand","embeddable":true,"href":"https:\/\/red-lighttherapy.com\/pl\/wp-json\/wp\/v2\/product_brand?post=546"},{"taxonomy":"product_cat","embeddable":true,"href":"https:\/\/red-lighttherapy.com\/pl\/wp-json\/wp\/v2\/product_cat?post=546"},{"taxonomy":"product_tag","embeddable":true,"href":"https:\/\/red-lighttherapy.com\/pl\/wp-json\/wp\/v2\/product_tag?post=546"}],"curies":[{"name":"wp","href":"https:\/\/api.w.org\/{rel}","templated":true}]}}