{"id":539,"date":"2025-04-12T07:12:46","date_gmt":"2025-04-12T07:12:46","guid":{"rendered":"https:\/\/red-lighttherapy.com\/?post_type=product&#038;p=539"},"modified":"2025-04-12T07:30:03","modified_gmt":"2025-04-12T07:30:03","slug":"custom-wine-glasses-cup-drinkware-lid-and-base-box-wholesale","status":"publish","type":"product","link":"https:\/\/red-lighttherapy.com\/pl\/custom-wine-glasses-cup-drinkware-lid-and-base-box-wholesale\/","title":{"rendered":"Niestandardowe kieliszki do wina, kubki do napoj\u00f3w, pokrywki i pude\u0142ka hurtowe"},"content":{"rendered":"<h2 id=\"-customized-wine-glasses-and-wineware-box-with-lid-and-top-cover-product-description-\"><strong>Niestandardowe kieliszki do wina Cup Drinkware Pokrywka i pude\u0142ko hurtowe Opis produktu<\/strong><\/h2>\n<h2 id=\"-1-innovative-box-design-with-lid-and-top-cover-\"><strong>1. Innowacyjna konstrukcja pude\u0142ka z pokryw\u0105 i pokryw\u0105 g\u00f3rn\u0105<\/strong><\/h2>\n<p>Przyj\u0119cie\u00a0<strong>Oddzielona struktura g\u00f3rnej i dolnej powieki<\/strong>Mo\u017cna go \u0142atwo otworzy\u0107 i zamkn\u0105\u0107 jedn\u0105 r\u0119k\u0105, bior\u0105c pod uwag\u0119 wygod\u0119 i zmys\u0142 rytualny. Wn\u0119trze pude\u0142ka jest precyzyjnie dostosowane do rozmiaru kieliszka do wina i przymocowane za pomoc\u0105 g\u0105bki EVA lub podszewki blister, aby osi\u0105gn\u0105\u0107\u00a0<strong>Ochrona przed wstrz\u0105sami o zerowym przemieszczeniu<\/strong>\u00a0podczas transportu, zapewniaj\u0105c, \u017ce produkty szklane s\u0105 bezpieczne i nieuszkodzone.<\/p>\n<h2 id=\"-2-three-dimensional-hot-stamping-process-details-highlight-the-brand-\"><strong>2. Tr\u00f3jwymiarowy proces t\u0142oczenia na gor\u0105co, szczeg\u00f3\u0142y podkre\u015blaj\u0105 mark\u0119<\/strong><\/h2>\n<p>Korzystanie z\u00a0<strong>Precyzyjna technologia tr\u00f3jwymiarowego t\u0142oczenia na gor\u0105co<\/strong>Mo\u017ce prezentowa\u0107 LOGO marki na poziomie mikron\u00f3w, wzory lub tekst, nawet z\u0142o\u017cone linie i ma\u0142e wzory mog\u0105 by\u0107 wyra\u017anie wy\u015bwietlane, daj\u0105c pude\u0142ko do pakowania\u00a0<strong>tekstura metalu i tr\u00f3jwymiarowe warstwy<\/strong>. W po\u0142\u0105czeniu z sitodrukiem, wyt\u0142aczaniem i innymi procesami, zwi\u0119ksza efekt wizualny i pomaga wzmocni\u0107 wysokiej klasy wizerunek marki.<\/p>\n<h2 id=\"-3-one-stop-customization-service-worry-free-throughout-the-process-\"><strong>3. Kompleksowa us\u0142uga dostosowywania, bez obaw podczas ca\u0142ego procesu<\/strong><\/h2>\n<ul>\n<li><strong>Precyzyjne dostosowanie rozmiaru<\/strong>: Obs\u0142uguje dostosowywanie pe\u0142nowymiarowych kieliszk\u00f3w do wina od 3 uncji do 10 uncji (85 ml-285 ml) i opracowuje formy zgodnie z rysunkami klienta lub pr\u00f3bkami 1: 1, aby zapewni\u0107, \u017ce podszewka i kieliszki do wina\u00a0<strong>p\u0142ynne dopasowanie<\/strong>.<\/li>\n<li><strong>Bezp\u0142atne wsparcie projektowe<\/strong>: Profesjonalny zesp\u00f3\u0142 zapewnia struktur\u0119 opakowania i projekt schematu wizualnego, integruj\u0105c ton marki w celu stworzenia zr\u00f3\u017cnicowanego opakowania.<\/li>\n<li><strong>Wst\u0119pna kontrola jako\u015bci pr\u00f3bek<\/strong>: Bezp\u0142atne pr\u00f3bki s\u0105 wysy\u0142ane wraz z raportami z kontroli jako\u015bci, a masowa produkcja zostanie przeprowadzona po potwierdzeniu.<\/li>\n<\/ul>\n<h2 id=\"-4-intelligent-production-guarantees-efficiency-and-quality-\"><strong>4. Inteligentna produkcja gwarantuje wydajno\u015b\u0107 i jako\u015b\u0107<\/strong><\/h2>\n<p>Poleganie na\u00a0<strong>16 lat do\u015bwiadczenia w bran\u017cy<\/strong>\u00a0oraz\u00a0<strong>inteligentny system zarz\u0105dzania produkcj\u0105<\/strong>Ca\u0142y proces, od zakupu surowc\u00f3w po dostaw\u0119 gotowego produktu, jest zautomatyzowany i kontrolowany. Fabryka jest wyposa\u017cona w system \u015bledzenia zam\u00f3wie\u0144 ERP i system realizacji produkcji MES, aby zapewni\u0107 terminow\u0105 realizacj\u0119 zam\u00f3wie\u0144 i wska\u017anik kwalifikacji produkt\u00f3w na poziomie 99,8%.<\/p>\n<h2 id=\"-5-successful-cases-and-word-of-mouth-endorsement-\"><strong>5. Udane przypadki i rekomendacje przekazywane poczt\u0105 pantoflow\u0105<\/strong><\/h2>\n<p>Us\u0142ugi obejmuj\u0105\u00a0<strong>wino bia\u0142e, wino czerwone, wysokiej klasy zagraniczne marki win<\/strong>a w\u015br\u00f3d klient\u00f3w wsp\u00f3\u0142pracuj\u0105cych znajduj\u0105 si\u0119 znane firmy winiarskie i eksporterzy transgraniczni. Z\u00a0<strong>\u017ar\u00f3d\u0142o bezpo\u015brednich dostaw fabrycznych<\/strong>\u00a0Zalet\u0105 jest to, \u017ce zapewniamy op\u0142acalne rozwi\u0105zania, obs\u0142uguj\u0105ce ma\u0142e zam\u00f3wienia pr\u00f3bne i masow\u0105 produkcj\u0119 na du\u017c\u0105 skal\u0119.<\/p>\n<h2 id=\"-why-choose-us-\"><strong>Dlaczego warto nas wybra\u0107?<\/strong><\/h2>\n<p>\u2705\u00a0<strong>Bezp\u0142atny projekt + bezp\u0142atna korekta<\/strong>szybka reakcja na potrzeby w ci\u0105gu 48 godzin<br \/>\n\u2705\u00a0<strong>Fabryka z certyfikatem ISO<\/strong>zgodnie z transgranicznymi normami eksportowymi w zakresie ochrony \u015brodowiska<br \/>\n\u2705\u00a0<strong>100% kontrola jako\u015bci przed magazynowaniem<\/strong>Obiecany wska\u017anik uszkodze\u0144 poni\u017cej 0,1%<\/p>","protected":false},"excerpt":{"rendered":"<p>Pokrywa i podstawa pude\u0142ka wykorzystuj\u0105 metod\u0119 oddzielania g\u00f3rnej i dolnej pokrywy, kt\u00f3ra jest \u0142atwa w obs\u0142udze jedn\u0105 r\u0119k\u0105. Proces t\u0142oczenia na gor\u0105co mo\u017ce doskonale wyeksponowa\u0107 kunszt wykonania przed klientami i zwi\u0119kszy\u0107 popularno\u015b\u0107 marki. Mo\u017cna go w du\u017cym stopniu dostosowa\u0107 do kieliszk\u00f3w do wina i opakowa\u0144 na przybory do wina.<\/p>","protected":false},"featured_media":540,"template":"","meta":{"_kad_post_transparent":"default","_kad_post_title":"","_kad_post_layout":"default","_kad_post_sidebar_id":"","_kad_post_content_style":"default","_kad_post_vertical_padding":"default","_kad_post_feature":"","_kad_post_feature_position":"","_kad_post_header":false,"_kad_post_footer":false,"_kad_post_classname":""},"product_brand":[],"product_cat":[15,19,17],"product_tag":[178,176,177],"class_list":{"0":"post-539","1":"product","2":"type-product","3":"status-publish","4":"has-post-thumbnail","6":"product_cat-red-light-therapy","7":"product_cat-red-light-therapy-stand","8":"product_cat-services","9":"product_tag-custom-drinkware-box-wholesale","10":"product_tag-custom-wine-box","11":"product_tag-glasses-cup-lid-and-base-box","13":"first","14":"instock","15":"shipping-taxable","16":"product-type-simple","17":"entry","18":"content-bg","19":"loop-entry"},"_links":{"self":[{"href":"https:\/\/red-lighttherapy.com\/pl\/wp-json\/wp\/v2\/product\/539","targetHints":{"allow":["GET"]}}],"collection":[{"href":"https:\/\/red-lighttherapy.com\/pl\/wp-json\/wp\/v2\/product"}],"about":[{"href":"https:\/\/red-lighttherapy.com\/pl\/wp-json\/wp\/v2\/types\/product"}],"wp:featuredmedia":[{"embeddable":true,"href":"https:\/\/red-lighttherapy.com\/pl\/wp-json\/wp\/v2\/media\/540"}],"wp:attachment":[{"href":"https:\/\/red-lighttherapy.com\/pl\/wp-json\/wp\/v2\/media?parent=539"}],"wp:term":[{"taxonomy":"product_brand","embeddable":true,"href":"https:\/\/red-lighttherapy.com\/pl\/wp-json\/wp\/v2\/product_brand?post=539"},{"taxonomy":"product_cat","embeddable":true,"href":"https:\/\/red-lighttherapy.com\/pl\/wp-json\/wp\/v2\/product_cat?post=539"},{"taxonomy":"product_tag","embeddable":true,"href":"https:\/\/red-lighttherapy.com\/pl\/wp-json\/wp\/v2\/product_tag?post=539"}],"curies":[{"name":"wp","href":"https:\/\/api.w.org\/{rel}","templated":true}]}}