{"id":529,"date":"2025-04-12T06:52:35","date_gmt":"2025-04-12T06:52:35","guid":{"rendered":"https:\/\/red-lighttherapy.com\/?post_type=product&#038;p=529"},"modified":"2025-04-20T06:01:01","modified_gmt":"2025-04-20T06:01:01","slug":"lid-and-base-box-clothes-apparel-shapewear-packaging-factory","status":"publish","type":"product","link":"https:\/\/red-lighttherapy.com\/pl\/lid-and-base-box-clothes-apparel-shapewear-packaging-factory\/","title":{"rendered":"Pokrywa i podstawa pude\u0142ka Fabryka opakowa\u0144 odzie\u017cy kszta\u0142towej"},"content":{"rendered":"<h2>Pokrywa i podstawa pude\u0142ka Fabryka opakowa\u0144 odzie\u017cy kszta\u0142towej<\/h2>\n<h2 id=\"1-appearance-design-\">1.\u00a0<strong>Projekt wygl\u0105du<\/strong><\/h2>\n<p>Korpus pude\u0142ka przyjmuje klasyczn\u0105 struktur\u0119 g\u00f3rnej i dolnej pokrywy, g\u00f3rna i dolna pokrywa s\u0105 mocno ugryzione, a otwieranie i zamykanie s\u0105 wygodne i stabilne. Og\u00f3lny matowy br\u0105zowy kolor g\u0142\u00f3wny jest dopasowany do LOGO lub wzoru procesu t\u0142oczenia \/ wyt\u0142aczania na gor\u0105co, co ujawnia lekk\u0105 luksusow\u0105 tekstur\u0119 w stonowany spos\u00f3b. Je\u015bli chcesz zwi\u0119kszy\u0107 poziom wizualny, mo\u017cesz doda\u0107 technologi\u0119 reliefu lub wyt\u0142aczania, aby zwi\u0119kszy\u0107 wra\u017cenia dotykowe i tr\u00f3jwymiarowe.<\/p>\n<h2 id=\"2-inner-lining-adaptation-\">2.\u00a0<strong>Adaptacja wyk\u0142adziny wewn\u0119trznej<\/strong><\/h2>\n<p>Zgodnie z rozmiarem i pozycjonowaniem kategorii odzie\u017cy (takich jak modelki, koszulki, sp\u00f3dnice), nale\u017cy zapewni\u0107 zr\u00f3\u017cnicowane opcje podszewki:<\/p>\n<ul>\n<li><strong>Flokowana podszewka EVA<\/strong>: Powierzchnia jest pokryta delikatn\u0105 flanel\u0105, kt\u00f3ra jest mi\u0119kka i odporna na zarysowania, odpowiednia do wysokiej jako\u015bci koronek lub jedwabnych tkanin;<\/li>\n<li><strong>Wewn\u0119trzne wsparcie z per\u0142owej bawe\u0142ny<\/strong>: Przyjazny dla \u015brodowiska i odporny na nacisk, rowek mo\u017cna dostosowa\u0107 do mocowania odzie\u017cy, aby zapewni\u0107 transport odporny na wstrz\u0105sy;<\/li>\n<li><strong>Warstwowa przegroda z jedwabnej tkaniny<\/strong>: Dzi\u0119ki paskom do wi\u0105zania na kokard\u0119 mo\u017ce oddzieli\u0107 wiele element\u00f3w odzie\u017cy i zwi\u0119kszy\u0107 poczucie ceremonii podczas rozpakowywania.<\/li>\n<\/ul>\n<h2 id=\"3-decorative-details-\">3.\u00a0<strong>Detale dekoracyjne<\/strong><\/h2>\n<p>Pokrywa pude\u0142ka jest dostarczana z satynow\u0105 wst\u0105\u017ck\u0105 w tym samym kolorze lub w kolorze kontrastowym, kt\u00f3ra prezentuje pe\u0142ny kszta\u0142t dzi\u0119ki tr\u00f3jwymiarowemu procesowi sk\u0142adania. Ogon wst\u0105\u017cki mo\u017ce by\u0107 zadrukowany sloganem marki, co \u0142\u0105czy rozpoznawalno\u015b\u0107 marki i dekoracyjno\u015b\u0107. Pude\u0142ko wewn\u0119trzne mo\u017ce by\u0107 wyposa\u017cone w klamr\u0119 magnetyczn\u0105 lub uchwyt ze wst\u0105\u017cki, aby zwi\u0119kszy\u0107 wygod\u0119 otwierania.<\/p>\n<h2 id=\"4-customized-service-\">4.\u00a0<strong>Us\u0142uga dostosowana do potrzeb klienta<\/strong><\/h2>\n<p>Opieraj\u0105c si\u0119 na 16-letnim do\u015bwiadczeniu w druku i pakowaniu, obs\u0142uguje pe\u0142n\u0105 personalizacj\u0119 \u0142\u0105cza:<\/p>\n<ul>\n<li><strong>Elastyczny rozmiar<\/strong>: Od kompaktowych pude\u0142ek na bielizn\u0119 (np. 16\u00d724 cm) po pude\u0142ka na p\u0142aszcze o du\u017cej pojemno\u015bci (np. 30\u00d750 cm), nadaje si\u0119 do r\u00f3\u017cnych produkt\u00f3w;<\/li>\n<li><strong>Aktualizacja technologii<\/strong>: Opcjonalny druk UV, cz\u0119\u015bciowy laser, materia\u0142y degradowalne itp. w celu spe\u0142nienia wymaga\u0144 ochrony \u015brodowiska lub wysokiej klasy;<\/li>\n<li><strong>Elementy marki<\/strong>: Na wewn\u0119trznej tekturowej podszewce mo\u017cna wydrukowa\u0107 instrukcje prania lub historie marki, a na zewn\u0119trznym pude\u0142ku mo\u017cna wydrukowa\u0107 etykiety zapobiegaj\u0105ce podrabianiu, aby zwi\u0119kszy\u0107 zadowolenie klient\u00f3w.<\/li>\n<\/ul>\n<h2 id=\"5-quality-assurance-\">5.\u00a0<strong>Zapewnienie jako\u015bci<\/strong><\/h2>\n<p>\u0141a\u0144cuch dostaw integruje produkcj\u0119 surowc\u00f3w, takich jak papier, EVA i ta\u015bma, i przeszed\u0142 certyfikacj\u0119 systemu jako\u015bci ISO9001, aby zapewni\u0107 pe\u0142n\u0105 kontrol\u0119 jako\u015bci od sprawdzenia projektu do masowej dostawy. Obs\u0142uguje \u015bledzenie post\u0119pu produkcji w czasie rzeczywistym na WeChat, szybk\u0105 dostaw\u0119 w ci\u0105gu 7-15 dni i bezpo\u015bredni\u0105 logistyk\u0119 do innych miejsc.<\/p>\n<h2 id=\"-application-scenarios-\"><strong>Scenariusze zastosowa\u0144:<\/strong><\/h2>\n<p>Nadaje si\u0119 do pakowania produkt\u00f3w takich jak body shapers, odzie\u017c domowa i wysokiej klasy odzie\u017c gotowa do noszenia, bior\u0105c pod uwag\u0119 potrzeby zwi\u0105zane z popraw\u0105 wizerunku marki i ochron\u0105 transportu. Obs\u0142uguje dostosowywanie r\u0119kopis\u00f3w i pr\u00f3bek oraz zapewnia bezp\u0142atn\u0105 optymalizacj\u0119 projektu i us\u0142ugi korekty.<\/p>","protected":false},"excerpt":{"rendered":"<p>Ca\u0142e pude\u0142ko jest br\u0105zowe, z pokryw\u0105 i podstaw\u0105 w stylu pude\u0142ek, kt\u00f3re s\u0105 stonowane i stabilne, do\u015b\u0107 modne i maj\u0105 tr\u00f3jwymiarowy efekt dzi\u0119ki akcesoriom z kokard\u0105. Jest r\u00f3\u017cnorodne i praktyczne, dodaj\u0105c odrobin\u0119 koloru do opakowania.<\/p>","protected":false},"featured_media":534,"template":"","meta":{"_kad_post_transparent":"default","_kad_post_title":"","_kad_post_layout":"default","_kad_post_sidebar_id":"","_kad_post_content_style":"default","_kad_post_vertical_padding":"default","_kad_post_feature":"","_kad_post_feature_position":"","_kad_post_header":false,"_kad_post_footer":false,"_kad_post_classname":""},"product_brand":[],"product_cat":[15,30,19,17],"product_tag":[174,173,175],"class_list":{"0":"post-529","1":"product","2":"type-product","3":"status-publish","4":"has-post-thumbnail","6":"product_cat-red-light-therapy","7":"product_cat-dropshipping","8":"product_cat-red-light-therapy-stand","9":"product_cat-services","10":"product_tag-apparel-lid-and-base-box","11":"product_tag-clothes-packaging-factory","12":"product_tag-shapewear-packaging-factory","14":"first","15":"instock","16":"shipping-taxable","17":"product-type-simple","18":"entry","19":"content-bg","20":"loop-entry"},"_links":{"self":[{"href":"https:\/\/red-lighttherapy.com\/pl\/wp-json\/wp\/v2\/product\/529","targetHints":{"allow":["GET"]}}],"collection":[{"href":"https:\/\/red-lighttherapy.com\/pl\/wp-json\/wp\/v2\/product"}],"about":[{"href":"https:\/\/red-lighttherapy.com\/pl\/wp-json\/wp\/v2\/types\/product"}],"wp:featuredmedia":[{"embeddable":true,"href":"https:\/\/red-lighttherapy.com\/pl\/wp-json\/wp\/v2\/media\/534"}],"wp:attachment":[{"href":"https:\/\/red-lighttherapy.com\/pl\/wp-json\/wp\/v2\/media?parent=529"}],"wp:term":[{"taxonomy":"product_brand","embeddable":true,"href":"https:\/\/red-lighttherapy.com\/pl\/wp-json\/wp\/v2\/product_brand?post=529"},{"taxonomy":"product_cat","embeddable":true,"href":"https:\/\/red-lighttherapy.com\/pl\/wp-json\/wp\/v2\/product_cat?post=529"},{"taxonomy":"product_tag","embeddable":true,"href":"https:\/\/red-lighttherapy.com\/pl\/wp-json\/wp\/v2\/product_tag?post=529"}],"curies":[{"name":"wp","href":"https:\/\/api.w.org\/{rel}","templated":true}]}}