{"id":517,"date":"2025-04-12T06:12:15","date_gmt":"2025-04-12T06:12:15","guid":{"rendered":"https:\/\/red-lighttherapy.com\/?post_type=product&#038;p=517"},"modified":"2025-04-12T06:52:22","modified_gmt":"2025-04-12T06:52:22","slug":"child-resistant-510-vape-cartridge-packaging-boxes-wholesale","status":"publish","type":"product","link":"https:\/\/red-lighttherapy.com\/pl\/child-resistant-510-vape-cartridge-packaging-boxes-wholesale\/","title":{"rendered":"Odporne na dzieci 510 pude\u0142ek do pakowania kartrid\u017cy Vape Wholesale"},"content":{"rendered":"<h2 id=\"-child-safe-510-e-cigarette-cartridge-packaging-box-wholesale-product-description-\"><strong>Odporne na dzieci 510 pude\u0142ek do pakowania kartrid\u017cy Vape Hurtowy opis produktu<\/strong><\/h2>\n<p>Zgodnie z podw\u00f3jn\u0105 koncepcj\u0105 innowacyjno\u015bci i bezpiecze\u0144stwa, wprowadzili\u015bmy na rynek\u00a0<strong>Pude\u0142ko zabezpieczaj\u0105ce przed dzie\u0107mi<\/strong>\u00a0Zaprojektowany specjalnie dla 510 wk\u0142ad\u00f3w do e-papieros\u00f3w, integruj\u0105cy funkcje zabezpieczaj\u0105ce przed dzie\u0107mi, wysokiej jako\u015bci tekstur\u0119 i niestandardowy design, w pe\u0142ni dostosowuj\u0105cy si\u0119 do potrzeb konopi indyjskich i produkt\u00f3w e-papierosowych oraz pomagaj\u0105cy markom wyr\u00f3\u017cni\u0107 si\u0119.<\/p>\n<h2 id=\"1-child-proof-certification-compliance-guarantee-\">1.\u00a0<strong>Certyfikat zabezpieczenia przed dzie\u0107mi, gwarancja zgodno\u015bci<\/strong><\/h2>\n<ul>\n<li>Przyj\u0119cie\u00a0<strong>przesuwana konstrukcja blokady zabezpieczaj\u0105cej przed dzie\u0107mi<\/strong>Jest on zgodny z przepisami obowi\u0105zuj\u0105cymi w Stanach Zjednoczonych (16 CFR 1700.20, ASTM D3475) i Europie (EN ISO 8317), a tak\u017ce przeszed\u0142 pomy\u015blnie nast\u0119puj\u0105ce testy\u00a0<strong>Certyfikat zabezpieczenia przed dzie\u0107mi FSC<\/strong>zapewniaj\u0105c, \u017ce dzieci poni\u017cej 52 miesi\u0105ca \u017cycia maj\u0105 trudno\u015bci z jego otwarciem, podczas gdy doro\u015bli mog\u0105 go \u0142atwo obs\u0142ugiwa\u0107, bior\u0105c pod uwag\u0119 bezpiecze\u0144stwo i wygod\u0119.<\/li>\n<\/ul>\n<h2 id=\"2-pull-out-box-design-ceremonial-unboxing-experience-\">2.\u00a0<strong>Wysuwane pude\u0142ko, uroczyste rozpakowywanie<\/strong><\/h2>\n<ul>\n<li>Innowacyjny\u00a0<strong>wysuwana skrzynka boczna<\/strong>Wk\u0142ady s\u0105 powoli prezentowane wraz z obudow\u0105 pude\u0142ka, zwi\u0119kszaj\u0105c poczucie zaskoczenia i rytua\u0142u u\u017cytkownika podczas rozpakowywania. Pude\u0142ko otwiera si\u0119 i zamyka p\u0142ynnie, co pasuje do pozycjonowania wysokiej klasy produkt\u00f3w e-papierosowych i wzmacnia punkt pami\u0119ci marki.<\/li>\n<\/ul>\n<h2 id=\"3-customized-appearance-eye-catching-tool-on-the-shelf-\">3.\u00a0<strong>Niestandardowy wygl\u0105d, przyci\u0105gaj\u0105ce wzrok narz\u0119dzie na p\u00f3\u0142ce<\/strong><\/h2>\n<ul>\n<li>Wsparcie\u00a0<strong>Projekt druku ca\u0142ostronicowego<\/strong>kt\u00f3re mo\u017cna zintegrowa\u0107 z LOGO marki, schematem kolor\u00f3w i elementami artystycznymi oraz stworzy\u0107 zr\u00f3\u017cnicowany obraz wizualny dzi\u0119ki precyzyjnemu drukowi UV, technologii t\u0142oczenia na gor\u0105co \/ srebra lub efektowi cz\u0119\u015bciowego reliefu. Struktura pude\u0142ka zosta\u0142a zoptymalizowana, aby zapewni\u0107\u00a0<strong>Tr\u00f3jwymiarowy i wyra\u017any<\/strong>\u00a0Po wyeksponowaniu tworzy silny efekt wizualny na p\u00f3\u0142ce.<\/li>\n<\/ul>\n<h2 id=\"4-coated-paper-material-sturdy-and-durable-\">4.\u00a0<strong>Powlekany materia\u0142 papierowy, wytrzyma\u0142y i trwa\u0142y<\/strong><\/h2>\n<ul>\n<li>Wybierz\u00a0<strong>Papier powlekany o gramaturze 300-400 g<\/strong>Z matow\u0105 lub b\u0142yszcz\u0105c\u0105 foli\u0105 na powierzchni, kt\u00f3ra jest zar\u00f3wno odporna na nacisk, jak i b\u0142yszcz\u0105ca. Korpus pude\u0142ka nie jest \u0142atwy do odkszta\u0142cenia i jest odporny na zu\u017cycie, a po d\u0142ugotrwa\u0142ym przechowywaniu nadal zachowuje delikatn\u0105 tekstur\u0119. Wewn\u0119trzna warstwa jest pogrubiona w celu wsparcia struktury i dalszego zwi\u0119kszenia odporno\u015bci na uderzenia.<\/li>\n<\/ul>\n<h2 id=\"5-adaptable-to-multiple-categories-strong-compatibility-\">5.\u00a0<strong>Mo\u017cliwo\u015b\u0107 dostosowania do wielu kategorii, silna kompatybilno\u015b\u0107<\/strong><\/h2>\n<ul>\n<li>Specjalnie zoptymalizowany rozmiar dla\u00a0<strong>Standardowe kartrid\u017ce z gwintem 510<\/strong>\u00a0(dostosowany do g\u0142\u00f3wnych specyfikacji o \u015brednicy 10 mm i d\u0142ugo\u015bci 60-80 mm), kompatybilny z wk\u0142adami olejowymi THC\/CBD, produktami jednorazowymi i wielokrotnego nape\u0142niania. Przestrze\u0144 wewn\u0105trz pude\u0142ka mo\u017cna elastycznie dopasowa\u0107 do\u00a0<strong>Podszewka EVA, tacka flokowana lub karta blistrowa<\/strong>\u00a0aby spe\u0142ni\u0107 wymagania dotycz\u0105ce mocowania i odporno\u015bci na wstrz\u0105sy wk\u0142ad\u00f3w o r\u00f3\u017cnych rozmiarach.<\/li>\n<\/ul>\n<h2 id=\"6-craftsmanship-quality-assurance-\">6.\u00a0<strong>Rzemios\u0142o, zapewnienie jako\u015bci<\/strong><\/h2>\n<ul>\n<li>Poleganie na\u00a0<strong>16 lat do\u015bwiadczenia w druku i pakowaniu<\/strong>\u015acis\u0142a kontrola jako\u015bci od sprawdzenia projektu do masowej produkcji, przy u\u017cyciu przyjaznego dla \u015brodowiska atramentu i bez\u015bladowej technologii klejenia, aby zapewni\u0107, \u017ce korpus pude\u0142ka nie ma dra\u017cni\u0105cego zapachu, a szwy s\u0105 p\u0142askie. Wsparcie\u00a0<strong>etykiety zapobiegaj\u0105ce podrabianiu, identyfikowalno\u015b\u0107 kod\u00f3w QR<\/strong>\u00a0i inne us\u0142ugi o warto\u015bci dodanej w celu zwi\u0119kszenia zaufania do marki.<\/li>\n<\/ul>\n<h2 id=\"-application-scenarios-\"><strong>7. Scenariusze zastosowania<\/strong><\/h2>\n<ul>\n<li><strong>Elektroniczne papierosy z konopi indyjskich<\/strong>: Przystosowany do wk\u0142ad\u00f3w 1g\/0,5g, podszewka mo\u017ce by\u0107 dostosowana do antyoksydacyjnej warstwy folii aluminiowej, aby przed\u0142u\u017cy\u0107 okres trwa\u0142o\u015bci olejk\u00f3w eterycznych.<\/li>\n<li><strong>Rozpylacz CBD<\/strong>: Przezroczyste okienko umo\u017cliwia intuicyjne wy\u015bwietlanie koloru i ilo\u015bci oleju.<\/li>\n<li><strong>Wysokiej klasy zestaw upominkowy<\/strong>: Obs\u0142uguje pakowanie zestaw\u00f3w upominkowych, integruje akcesoria, takie jak wk\u0142ady i \u0142adowarki, oraz zwi\u0119ksza przestrze\u0144 premium.<\/li>\n<\/ul>\n<h2 id=\"-cooperation-advantages-\"><strong>Zalety wsp\u00f3\u0142pracy<\/strong><\/h2>\n<ul>\n<li><strong>Szybka reakcja<\/strong>: Zapewniamy kompleksow\u0105 obs\u0142ug\u0119 od projektu do dostawy, pe\u0142n\u0105 weryfikacj\u0119 w ci\u0105gu 7-15 dni i wsparcie dla pr\u00f3bnej produkcji ma\u0142ych partii.<\/li>\n<li><strong>Globalna zgodno\u015b\u0107<\/strong>: Uzyskanie certyfikat\u00f3w FSC, REACH, RoHS i innych w celu spe\u0142nienia wymog\u00f3w dost\u0119pu do rynku w Europie i Stanach Zjednoczonych.<\/li>\n<li><strong>Optymalizacja koszt\u00f3w<\/strong>: Produkcja na du\u017c\u0105 skal\u0119 obni\u017ca koszt pojedynczego pude\u0142ka, a przy minimalnym zam\u00f3wieniu wynosz\u0105cym 5000 sztuk mo\u017cna skorzysta\u0107 z hurtowych rabat\u00f3w cenowych.<\/li>\n<\/ul>","protected":false},"excerpt":{"rendered":"<p>Konstrukcja zabezpieczaj\u0105ca przed dzie\u0107mi mo\u017ce skutecznie zapobiega\u0107 otwieraniu przez dzieci i doros\u0142ych. Poci\u0105gnij i przesu\u0144, aby otworzy\u0107, tak aby opakowanie 510 naboj\u00f3w vape powoli pojawi\u0142o si\u0119 przed tob\u0105, zwi\u0119kszaj\u0105c wra\u017cenia z rozpakowywania.<\/p>","protected":false},"featured_media":520,"template":"","meta":{"_kad_post_transparent":"default","_kad_post_title":"","_kad_post_layout":"default","_kad_post_sidebar_id":"","_kad_post_content_style":"default","_kad_post_vertical_padding":"default","_kad_post_feature":"","_kad_post_feature_position":"","_kad_post_header":false,"_kad_post_footer":false,"_kad_post_classname":""},"product_brand":[],"product_cat":[15,20,17],"product_tag":[167,169,168],"class_list":{"0":"post-517","1":"product","2":"type-product","3":"status-publish","4":"has-post-thumbnail","6":"product_cat-red-light-therapy","7":"product_cat-led-face-light-therapy","8":"product_cat-services","9":"product_tag-cartridge-packaging","10":"product_tag-vape-cartridge-packaging","11":"product_tag-vape-packaging","13":"first","14":"instock","15":"shipping-taxable","16":"product-type-simple","17":"entry","18":"content-bg","19":"loop-entry"},"_links":{"self":[{"href":"https:\/\/red-lighttherapy.com\/pl\/wp-json\/wp\/v2\/product\/517","targetHints":{"allow":["GET"]}}],"collection":[{"href":"https:\/\/red-lighttherapy.com\/pl\/wp-json\/wp\/v2\/product"}],"about":[{"href":"https:\/\/red-lighttherapy.com\/pl\/wp-json\/wp\/v2\/types\/product"}],"wp:featuredmedia":[{"embeddable":true,"href":"https:\/\/red-lighttherapy.com\/pl\/wp-json\/wp\/v2\/media\/520"}],"wp:attachment":[{"href":"https:\/\/red-lighttherapy.com\/pl\/wp-json\/wp\/v2\/media?parent=517"}],"wp:term":[{"taxonomy":"product_brand","embeddable":true,"href":"https:\/\/red-lighttherapy.com\/pl\/wp-json\/wp\/v2\/product_brand?post=517"},{"taxonomy":"product_cat","embeddable":true,"href":"https:\/\/red-lighttherapy.com\/pl\/wp-json\/wp\/v2\/product_cat?post=517"},{"taxonomy":"product_tag","embeddable":true,"href":"https:\/\/red-lighttherapy.com\/pl\/wp-json\/wp\/v2\/product_tag?post=517"}],"curies":[{"name":"wp","href":"https:\/\/api.w.org\/{rel}","templated":true}]}}