{"id":511,"date":"2025-04-12T05:38:05","date_gmt":"2025-04-12T05:38:05","guid":{"rendered":"https:\/\/red-lighttherapy.com\/?post_type=product&#038;p=511"},"modified":"2025-04-12T06:12:03","modified_gmt":"2025-04-12T06:12:03","slug":"custom-perfume-cosmetic-skincare-drawer-paper-boxes-factory","status":"publish","type":"product","link":"https:\/\/red-lighttherapy.com\/pl\/custom-perfume-cosmetic-skincare-drawer-paper-boxes-factory\/","title":{"rendered":"Niestandardowe perfumy kosmetyczne do piel\u0119gnacji sk\u00f3ry Fabryka pude\u0142ek papierowych"},"content":{"rendered":"<h2 id=\"-customized-perfume-cosmetics-and-skincare-drawer-paper-box-product-description-\"><strong>Niestandardowe perfumy, kosmetyki i papierowe pude\u0142ko do piel\u0119gnacji sk\u00f3ry opis produktu<\/strong><\/h2>\n<p>Zgodnie z koncepcj\u0105 wysokiej klasy personalizacji, nasza firma specjalizuje si\u0119 w tworzeniu praktycznych i artystycznych opakowa\u0144 papierowych typu szufladowego dla marek perfum, kosmetyk\u00f3w i produkt\u00f3w do piel\u0119gnacji sk\u00f3ry, wzmacniaj\u0105c warto\u015b\u0107 marki dzi\u0119ki kunsztowi i koncepcjom ochrony \u015brodowiska. Specyficzne cechy produktu s\u0105 nast\u0119puj\u0105ce:<\/p>\n<h2 id=\"1-pull-out-box-design-convenience-and-ritual-coexistence-\">1.\u00a0<strong>Szuflada na papier: wygoda i rytualne wsp\u00f3\u0142istnienie<\/strong><\/h2>\n<p>Zastosowano papierow\u0105 konstrukcj\u0119 szuflady, a wysuwanie jest p\u0142ynne i g\u0142adkie, a otwieranie i zamykanie jest wygodne i pe\u0142ne rytua\u0142u. Wewn\u0119trzne pude\u0142ko i zewn\u0119trzne pude\u0142ko s\u0105 precyzyjnie dopasowane, aby zapewni\u0107 ich stabilno\u015b\u0107 po wielokrotnym poci\u0105gni\u0119ciu, co nie tylko chroni integralno\u015b\u0107 produktu, ale tak\u017ce zwi\u0119ksza przyjemno\u015b\u0107 u\u017cytkownika z rozpakowywania.<\/p>\n<h2 id=\"2-festival-atmosphere-aesthetics-red-main-tone-with-hot-stamping-technology-\">2.\u00a0<strong>Estetyka festiwalowej atmosfery: czerwony odcie\u0144 g\u0142\u00f3wny z technologi\u0105 t\u0142oczenia na gor\u0105co<\/strong><\/h2>\n<p>Korpus pude\u0142ka wykorzystuje klasyczn\u0105 czerwie\u0144 jako g\u0142\u00f3wny element wizualny, kt\u00f3ry pasuje do sceny obchod\u00f3w festiwalu i przekazuje \u015bwi\u0105teczny i entuzjastyczny wizerunek marki. Powierzchnia wykorzystuje wysoce precyzyjn\u0105 technologi\u0119 t\u0142oczenia na gor\u0105co, prezentuj\u0105c delikatny po\u0142ysk i tr\u00f3jwymiarow\u0105 tekstur\u0119, wzmacniaj\u0105c efekt wizualny i wysokiej klasy pozycjonowanie produktu.<\/p>\n<h2 id=\"3-luxury-details-enhancement-ribbon-pull-ring-and-environmentally-friendly-materials-\">3.\u00a0<strong>Luksusowe detale: pier\u015bcie\u0144 do \u015bci\u0105gania wst\u0105\u017cki i materia\u0142y przyjazne dla \u015brodowiska<\/strong><\/h2>\n<ul>\n<li><strong>Pier\u015bcie\u0144 \u015bci\u0105gaj\u0105cy w kszta\u0142cie wst\u0105\u017cki<\/strong>: Wyselekcjonowane ta\u015bmy o wysokiej wytrzyma\u0142o\u015bci, kt\u00f3re mo\u017cna wielokrotnie otwiera\u0107 i zamyka\u0107 bez zu\u017cycia, w po\u0142\u0105czeniu ze z\u0142otymi lub srebrnymi metalowymi zapi\u0119ciami, nadaj\u0105 opakowaniu lekk\u0105, luksusow\u0105 tekstur\u0119.<\/li>\n<li><strong>Materia\u0142y z certyfikatem FSC<\/strong>: Korpus pude\u0142ka wykorzystuje przyjazne dla \u015brodowiska materia\u0142y papierowe, kt\u00f3re przesz\u0142y certyfikacj\u0119 le\u015bn\u0105 FSC, bior\u0105c pod uwag\u0119 zr\u00f3wnowa\u017con\u0105 koncepcj\u0119 i wymagania dotycz\u0105ce no\u015bno\u015bci oraz spe\u0142niaj\u0105c podw\u00f3jne wymagania wysokiej klasy marek w zakresie jako\u015bci i ochrony \u015brodowiska.<\/li>\n<\/ul>\n<h2 id=\"4-professional-customization-service-full-link-support-from-demand-to-delivery-\">4.\u00a0<strong>Profesjonalna us\u0142uga dostosowywania: pe\u0142ne wsparcie od zapotrzebowania do dostawy<\/strong><\/h2>\n<ul>\n<li><strong>Rozwi\u0105zanie adaptacyjne<\/strong>: W zale\u017cno\u015bci od rozmiaru, kszta\u0142tu i marki produktu, dostarczamy zalecenia dotycz\u0105ce typu pude\u0142ka i sugestie dotycz\u0105ce optymalizacji strukturalnej, takie jak odporna na wstrz\u0105sy wewn\u0119trzna taca na butelki perfum lub warstwowe rozwi\u0105zania do przechowywania zestaw\u00f3w kosmetyk\u00f3w.<\/li>\n<li><strong>Gwarancja skutecznej dostawy<\/strong>: Wyposa\u017cony w dedykowany zesp\u00f3\u0142 serwisowy, \u015bledz\u0105cy od sprawdzenia projektu do masowej produkcji, wspieraj\u0105cy 15-25 dni szybkiej dostawy (okre\u015blony cykl jest dostosowywany do z\u0142o\u017cono\u015bci procesu), aby zapewni\u0107, \u017ce zar\u00f3wno jako\u015b\u0107, jak i terminowo\u015b\u0107 spe\u0142niaj\u0105 standardy.<\/li>\n<\/ul>\n<h2 id=\"5-value-added-services-brand-image-and-user-experience-upgrade-\">5.\u00a0<strong>Us\u0142ugi o warto\u015bci dodanej: poprawa wizerunku marki i do\u015bwiadczenia u\u017cytkownika<\/strong><\/h2>\n<ul>\n<li><strong>Zr\u00f3\u017cnicowany wyb\u00f3r proces\u00f3w<\/strong>: Opr\u00f3cz t\u0142oczenia na gor\u0105co, druk UV, wyt\u0142aczanie, sitodruk i inne procesy mog\u0105 by\u0107 nak\u0142adane w celu spe\u0142nienia spersonalizowanych potrzeb.<\/li>\n<li><strong>Rozwi\u0105zanie dla pe\u0142nego scenariusza<\/strong>: Dostarczanie niestandardowych us\u0142ug, takich jak \u015bwi\u0105teczne pude\u0142ka na prezenty, opakowania z limitowanej edycji, specjalne dostawy transgraniczne itp.<\/li>\n<\/ul>\n<h2 id=\"-cooperation-advantages-\"><strong>Zalety wsp\u00f3\u0142pracy<\/strong>:<\/h2>\n<ul>\n<li><strong>Wysoka wydajno\u015b\u0107 kosztowa<\/strong>: Produkcja na du\u017c\u0105 skal\u0119 zmniejsza koszty i obs\u0142uguje minimalne zam\u00f3wienie 500 sztuk.<\/li>\n<li><strong>Zaanga\u017cowanie w jako\u015b\u0107<\/strong>: \u015acis\u0142e standardy kontroli jako\u015bci (b\u0142\u0105d &lt;1 mm), wsparcie w rozwi\u0105zywaniu problem\u00f3w posprzeda\u017cowych w ci\u0105gu 24 godzin.<\/li>\n<\/ul>\n<p><strong>Obowi\u0105zuj\u0105ce scenariusze<\/strong>: Prezenty \u015bwi\u0105teczne, premiery nowych produkt\u00f3w, wysokiej klasy personalizacja cz\u0142onkostwa, specjalne dostawy w transgranicznym handlu elektronicznym itp.<\/p>\n<p>Dzi\u0119ki profesjonalnemu projektowaniu, koncepcjom ochrony \u015brodowiska i wydajnym us\u0142ugom jeste\u015bmy zaanga\u017cowani w dostarczanie globalnym markom rozwi\u0105za\u0144 opakowaniowych, kt\u00f3re \u0142\u0105cz\u0105 walory estetyczne i praktyczne funkcje, aby pom\u00f3c produktom wyr\u00f3\u017cni\u0107 si\u0119 na rynku. Je\u015bli potrzebujesz niestandardowego rozwi\u0105zania lub wyceny, skontaktuj si\u0119 z obs\u0142ug\u0105 klienta, aby uzyska\u0107 wy\u0142\u0105czne wsparcie!<\/p>","protected":false},"excerpt":{"rendered":"<p>Pude\u0142ko papierowe z szuflad\u0105 jest \u0142atwe do szufladkowania i wygodniejsze, aby zwi\u0119kszy\u0107 komfort u\u017cytkownika podczas rozpakowywania. Powierzchnia pude\u0142ka przyjmuje wysokiej klasy proces \"t\u0142oczenia na gor\u0105co\", aby poprawi\u0107 tekstur\u0119 i estetyk\u0119 produktu.<\/p>","protected":false},"featured_media":512,"template":"","meta":{"_kad_post_transparent":"default","_kad_post_title":"","_kad_post_layout":"default","_kad_post_sidebar_id":"","_kad_post_content_style":"default","_kad_post_vertical_padding":"default","_kad_post_feature":"","_kad_post_feature_position":"","_kad_post_header":false,"_kad_post_footer":false,"_kad_post_classname":""},"product_brand":[],"product_cat":[15,28,20,17],"product_tag":[165,166,164],"class_list":{"0":"post-511","1":"product","2":"type-product","3":"status-publish","4":"has-post-thumbnail","6":"product_cat-red-light-therapy","7":"product_cat-customize","8":"product_cat-led-face-light-therapy","9":"product_cat-services","10":"product_tag-cosmetic-skincare-drawer-paper-boxes","11":"product_tag-custom-perfume-boxes-factory","12":"product_tag-custom-perfume-paper-boxes","14":"first","15":"instock","16":"shipping-taxable","17":"product-type-simple","18":"entry","19":"content-bg","20":"loop-entry"},"_links":{"self":[{"href":"https:\/\/red-lighttherapy.com\/pl\/wp-json\/wp\/v2\/product\/511","targetHints":{"allow":["GET"]}}],"collection":[{"href":"https:\/\/red-lighttherapy.com\/pl\/wp-json\/wp\/v2\/product"}],"about":[{"href":"https:\/\/red-lighttherapy.com\/pl\/wp-json\/wp\/v2\/types\/product"}],"wp:featuredmedia":[{"embeddable":true,"href":"https:\/\/red-lighttherapy.com\/pl\/wp-json\/wp\/v2\/media\/512"}],"wp:attachment":[{"href":"https:\/\/red-lighttherapy.com\/pl\/wp-json\/wp\/v2\/media?parent=511"}],"wp:term":[{"taxonomy":"product_brand","embeddable":true,"href":"https:\/\/red-lighttherapy.com\/pl\/wp-json\/wp\/v2\/product_brand?post=511"},{"taxonomy":"product_cat","embeddable":true,"href":"https:\/\/red-lighttherapy.com\/pl\/wp-json\/wp\/v2\/product_cat?post=511"},{"taxonomy":"product_tag","embeddable":true,"href":"https:\/\/red-lighttherapy.com\/pl\/wp-json\/wp\/v2\/product_tag?post=511"}],"curies":[{"name":"wp","href":"https:\/\/api.w.org\/{rel}","templated":true}]}}