{"id":505,"date":"2025-04-12T05:11:26","date_gmt":"2025-04-12T05:11:26","guid":{"rendered":"https:\/\/red-lighttherapy.com\/?post_type=product&#038;p=505"},"modified":"2025-04-12T05:37:34","modified_gmt":"2025-04-12T05:37:34","slug":"custom-home-wireless-cam-security-camera-packaging-boxes","status":"publish","type":"product","link":"https:\/\/red-lighttherapy.com\/pl\/custom-home-wireless-cam-security-camera-packaging-boxes\/","title":{"rendered":"Niestandardowe opakowania na domowe kamery bezprzewodowe"},"content":{"rendered":"<h2 id=\"-customized-home-wireless-camera-packaging-box-product-description-\"><strong>Niestandardowe opakowanie na domow\u0105 bezprzewodow\u0105 kamer\u0119 bezpiecze\u0144stwa Opis produktu<\/strong><\/h2>\n<h2 id=\"-design-concept-and-appearance-\"><strong>1. Koncepcja projektu i wygl\u0105d<\/strong><\/h2>\n<ul>\n<li><strong>\u00a0 Prosty, estetyczny design<\/strong>\u00a0Pude\u0142ko opakowania przyjmuje czyst\u0105 biel jako g\u0142\u00f3wny kolor, z czarnymi matowymi liniami granicznymi i tworzy nowoczesny minimalistyczny styl poprzez geometryczn\u0105 segmentacj\u0119 i warstwow\u0105 superpozycj\u0119, wizualnie podkre\u015blaj\u0105c poczucie technologii i wysokiej jako\u015bci tekstury. Powierzchnia pude\u0142ka mo\u017ce by\u0107 opcjonalnie wyposa\u017cona w technologi\u0119 druku UV, aby zwi\u0119kszy\u0107 tr\u00f3jwymiarowo\u015b\u0107 i po\u0142ysk czarnych linii, co odzwierciedla inteligentne atrybuty produktu kamery.<\/li>\n<li><strong>Magnetyczna struktura otwierania i zamykania<\/strong>\u00a0Innowacyjna konstrukcja magnetycznej pokrywy pude\u0142ka umo\u017cliwia \"otwieranie jednym dotkni\u0119ciem\" dzi\u0119ki wbudowanemu magnesowi o wysokiej wytrzyma\u0142o\u015bci. Jest \u0142atwa w otwieraniu i zamykaniu oraz zapewnia doskona\u0142\u0105 szczelno\u015b\u0107. Po przetestowaniu mo\u017cna j\u0105 wielokrotnie otwiera\u0107 i zamyka\u0107 ponad 5000 razy bez \u017cadnych strat. Korpus pude\u0142ka jest szczelnie zamkni\u0119ty po zamkni\u0119ciu, \u0142\u0105cz\u0105c ochron\u0119 i rytua\u0142; po otwarciu mo\u017ce by\u0107 u\u017cywany jako domowe pude\u0142ko do przechowywania akcesori\u00f3w cyfrowych lub prezent\u00f3w \u015bwi\u0105tecznych i zwi\u0119ksza warto\u015b\u0107 ponownego wykorzystania opakowania.<\/li>\n<\/ul>\n<h2 id=\"-inner-lining-and-unboxing-experience-\"><strong>2. Wewn\u0119trzna podszewka i wra\u017cenia z rozpakowywania<\/strong><\/h2>\n<ul>\n<li><strong>Wci\u0105gaj\u0105ca konfiguracja wewn\u0119trznej wy\u015bci\u00f3\u0142ki<\/strong>\u00a0Wewn\u0119trzna warstwa jest wype\u0142niona naturaln\u0105 rafi\u0105, z regulowanymi ciep\u0142ymi \u0142a\u0144cuchami \u015bwietlnymi LED (obs\u0142ugiwane \u0142adowanie przez USB), a \u015bwiat\u0142o i cie\u0144 przeplataj\u0105 si\u0119 w momencie rozpakowywania, tworz\u0105c ciep\u0142\u0105 atmosfer\u0119. Korpus aparatu jest przymocowany za pomoc\u0105 niestandardowego gniazda z g\u0105bki EVA, a obszar akcesori\u00f3w jest wyposa\u017cony w niezale\u017cne gniazdo na kart\u0119, aby zapewni\u0107 bezpiecze\u0144stwo transportu, jednocze\u015bnie zwi\u0119kszaj\u0105c poczucie rytua\u0142u u\u017cytkownika podczas rozpakowywania poprzez podw\u00f3jne szczeg\u00f3\u0142y dotyku i wzroku, co spe\u0142nia potrzeby marketingu emocjonalnego.<\/li>\n<\/ul>\n<h2 id=\"-customized-service-and-function-expansion-\"><strong>3. Dostosowane us\u0142ugi i rozszerzenie funkcji<\/strong><\/h2>\n<ul>\n<li><strong>Typ i rozmiar pude\u0142ka<\/strong>: Zapewnia r\u00f3\u017cne typy pude\u0142ek, takie jak pokrywy g\u00f3rne i dolne, pude\u0142ka w kszta\u0142cie ksi\u0105\u017cki, pude\u0142ka z szufladami itp., obs\u0142uguje dostosowywanie rozmiaru i jest odpowiedni dla r\u00f3\u017cnych modeli kamer bezprzewodowych.<\/li>\n<li><strong>Materia\u0142 i wykonanie<\/strong>: Opcjonalny bia\u0142y karton 300-400 g, przyjazny dla \u015brodowiska papier falisty lub papier artystyczny, powierzchnia mo\u017ce by\u0107 pokryta matow\u0105 foli\u0105, jasn\u0105 foli\u0105, t\u0142oczeniem na gor\u0105co \/ srebrem i innymi procesami, a tak\u017ce obs\u0142uguje wyt\u0142aczanie, lokalny lakier i inne efekty.<\/li>\n<li><strong>Brand co-branding i sceny \u015bwi\u0105teczne<\/strong>: Mo\u017cesz zintegrowa\u0107 ilustracje o tematyce \u015bwi\u0105tecznej, projekty relief\u00f3w logo marki lub dopasowa\u0107 je do element\u00f3w prezent\u00f3w, takich jak wst\u0105\u017cki i z\u0142ote kartki okoliczno\u015bciowe, aby stworzy\u0107 ekskluzywne opakowania pod wsp\u00f3ln\u0105 mark\u0105.<\/li>\n<\/ul>\n<h2 id=\"-manufacturing-strength-and-service-guarantee-\"><strong>4. Wytrzyma\u0142o\u015b\u0107 produkcyjna i gwarancja serwisu<\/strong><\/h2>\n<ul>\n<li><strong>16-letnia kompleksowa obs\u0142uga z fabryki \u017ar\u00f3d\u0142owej<\/strong>\u00a0Opieraj\u0105c si\u0119 na 16-letnim do\u015bwiadczeniu w produkcji opakowa\u0144 w regionie delty Rzeki Per\u0142owej, zapewniamy kompleksowe us\u0142ugi od projektowania, sprawdzania do masowej produkcji, wykonujemy pierwszy projekt w ci\u0105gu 48 godzin i dostarczamy fizyczne pr\u00f3bki w ci\u0105gu 72 godzin. Fabryka przesz\u0142a certyfikacj\u0119 \u015brodowiskow\u0105 FSC i system zarz\u0105dzania jako\u015bci\u0105 ISO, aby zapewni\u0107, \u017ce materia\u0142 jest bezpieczny i degradowalny oraz spe\u0142nia \u015bwiatowe standardy eksportowe.<\/li>\n<\/ul>\n<p><strong>Obowi\u0105zuj\u0105ce scenariusze<\/strong>prezenty \u015bwi\u0105teczne, co-branding marki, wprowadzanie nowych produkt\u00f3w, wysokiej klasy personalizacja klienta itp.\u00a0<strong>G\u0142\u00f3wne zalety<\/strong>Prosta i praktyczna konstrukcja, ulepszone otwieranie i zamykanie, silne poczucie rytua\u0142u podszewki, bardzo elastyczne dostosowywanie i sprawna reakcja ze strony fabryki \u017ar\u00f3d\u0142owej.<\/p>\n<p>Takie opakowanie zapewnia nie tylko profesjonaln\u0105 ochron\u0119 produktu, ale tak\u017ce emocjonalny design, kt\u00f3ry przekazuje ciep\u0142o marki, pomagaj\u0105c zwi\u0119kszy\u0107 atrakcyjno\u015b\u0107 produktu i lojalno\u015b\u0107 u\u017cytkownik\u00f3w.<\/p>","protected":false},"excerpt":{"rendered":"<p>Pude\u0142ko z magnetycznym zamkni\u0119ciem jest g\u0142\u00f3wnie bia\u0142e z czarnymi liniami obramowania. Projekt jest prosty i pe\u0142en wizualnej hierarchii. Nadaje si\u0119 jako prezent \u015bwi\u0105teczny lub opakowanie pod wsp\u00f3ln\u0105 mark\u0105. Typ pude\u0142ka, rozmiar, kolor, materia\u0142 i efekt nadruku na powierzchni mo\u017cna w du\u017cym stopniu dostosowa\u0107 do w\u0142asnych potrzeb, aby dopasowa\u0107 je do opakowania kamery bezprzewodowej.<\/p>","protected":false},"featured_media":506,"template":"","meta":{"_kad_post_transparent":"default","_kad_post_title":"","_kad_post_layout":"default","_kad_post_sidebar_id":"","_kad_post_content_style":"default","_kad_post_vertical_padding":"default","_kad_post_feature":"","_kad_post_feature_position":"","_kad_post_header":false,"_kad_post_footer":false,"_kad_post_classname":""},"product_brand":[],"product_cat":[15,17],"product_tag":[161,163,162],"class_list":{"0":"post-505","1":"product","2":"type-product","3":"status-publish","4":"has-post-thumbnail","6":"product_cat-red-light-therapy","7":"product_cat-services","8":"product_tag-custom-camera-boxes","9":"product_tag-home-camera-packaging-boxes","10":"product_tag-wireless-cam-packaging-boxes","12":"first","13":"instock","14":"shipping-taxable","15":"product-type-simple","16":"entry","17":"content-bg","18":"loop-entry"},"_links":{"self":[{"href":"https:\/\/red-lighttherapy.com\/pl\/wp-json\/wp\/v2\/product\/505","targetHints":{"allow":["GET"]}}],"collection":[{"href":"https:\/\/red-lighttherapy.com\/pl\/wp-json\/wp\/v2\/product"}],"about":[{"href":"https:\/\/red-lighttherapy.com\/pl\/wp-json\/wp\/v2\/types\/product"}],"wp:featuredmedia":[{"embeddable":true,"href":"https:\/\/red-lighttherapy.com\/pl\/wp-json\/wp\/v2\/media\/506"}],"wp:attachment":[{"href":"https:\/\/red-lighttherapy.com\/pl\/wp-json\/wp\/v2\/media?parent=505"}],"wp:term":[{"taxonomy":"product_brand","embeddable":true,"href":"https:\/\/red-lighttherapy.com\/pl\/wp-json\/wp\/v2\/product_brand?post=505"},{"taxonomy":"product_cat","embeddable":true,"href":"https:\/\/red-lighttherapy.com\/pl\/wp-json\/wp\/v2\/product_cat?post=505"},{"taxonomy":"product_tag","embeddable":true,"href":"https:\/\/red-lighttherapy.com\/pl\/wp-json\/wp\/v2\/product_tag?post=505"}],"curies":[{"name":"wp","href":"https:\/\/api.w.org\/{rel}","templated":true}]}}