{"id":498,"date":"2025-04-12T03:55:30","date_gmt":"2025-04-12T03:55:30","guid":{"rendered":"https:\/\/red-lighttherapy.com\/?post_type=product&#038;p=498"},"modified":"2025-04-12T05:11:12","modified_gmt":"2025-04-12T05:11:12","slug":"custom-creative-nuts-chocolate-packaging-rigid-boxes-factory","status":"publish","type":"product","link":"https:\/\/red-lighttherapy.com\/pl\/custom-creative-nuts-chocolate-packaging-rigid-boxes-factory\/","title":{"rendered":"Niestandardowe kreatywne orzechy Fabryka sztywnych pude\u0142ek do pakowania czekolady"},"content":{"rendered":"<h2 id=\"-customized-creative-nut-chocolate-magnetic-gift-box-product-description-\"><strong>Niestandardowe kreatywne magnetyczne pude\u0142ko upominkowe z czekolad\u0105 orzechow\u0105 opis produktu<\/strong><\/h2>\n<h2 id=\"-1-soothing-color-design-conveying-emotional-value-\"><strong>1. Koj\u0105ca kolorystyka, przekazuj\u0105ca warto\u015b\u0107 emocjonaln\u0105<\/strong><\/h2>\n<ul>\n<li><strong>Kolor g\u0142\u00f3wny<\/strong>: Dopasowanie kolor\u00f3w gradientu g\u0142\u0119bokiego b\u0142\u0119kitu morza i b\u0142\u0119kitu nieba, zmniejszaj\u0105ce niepok\u00f3j dzi\u0119ki wizualnemu ukojeniu ch\u0142odnych kolor\u00f3w.<\/li>\n<li><strong>Zastosowanie psychologii kolor\u00f3w<\/strong>: Niebieski symbolizuje spok\u00f3j i zaufanie, pasuje do \u015bwi\u0105tecznej scenerii prezentowej i wzmacnia emocjonalny rezonans konsument\u00f3w.<\/li>\n<li><strong>Technologia powierzchniowa<\/strong>: Pude\u0142ko prezentowe jest pokryte matow\u0105 lub b\u0142yszcz\u0105c\u0105 foli\u0105, kt\u00f3ra jest odporna na zu\u017cycie, zarysowania i blakni\u0119cie, a tak\u017ce mo\u017ce zachowa\u0107 sw\u00f3j po\u0142ysk poprzez codzienne wycieranie.<\/li>\n<\/ul>\n<h2 id=\"-2-food-grade-safety-lining-double-protection-guarantee-\"><strong>2. Bezpieczna podszewka klasy spo\u017cywczej, gwarancja podw\u00f3jnej ochrony<\/strong><\/h2>\n<ul>\n<li><strong>Materia\u0142 podszewki<\/strong>: Opcjonalna folia PE (polietylen), PP (polipropylen) lub PET (poliester) o jako\u015bci spo\u017cywczej, zgodna z normami bezpiecze\u0144stwa \u017cywno\u015bci GB4806.9-2016, bezpo\u015bredni kontakt z \u017cywno\u015bci\u0105 bez ryzyka migracji.<\/li>\n<li><strong>Adaptacja funkcjonalna<\/strong>:<\/li>\n<li><strong>Podszewka EVA<\/strong>amortyzacja o wysokim wsp\u00f3\u0142czynniku odbicia, odpowiednia dla delikatnej czekolady;<\/li>\n<li><strong>Per\u0142owa bawe\u0142na<\/strong>Lekka i odporna na wstrz\u0105sy, odpowiednia do nakr\u0119tek zapobiegaj\u0105cych wyciskaniu;<\/li>\n<li><strong>Tacka blistrowa<\/strong>: przezroczyste i widoczne, poprawiaj\u0105ce ekspozycj\u0119 produktu;<\/li>\n<li><strong>Rafia\/flanela<\/strong>Przyjazne dla \u015brodowiska i naturalne, zgodnie z pozycjonowaniem wysokiej klasy prezent\u00f3w.<\/li>\n<\/ul>\n<h2 id=\"-3-highly-flexible-customization-to-meet-diverse-needs-\"><strong>3. Wysoce elastyczne dostosowanie do r\u00f3\u017cnych potrzeb<\/strong><\/h2>\n<ul>\n<li><strong>Wyb\u00f3r typu skrzynki<\/strong>Dost\u0119pne s\u0105 kwadratowe, o\u015bmiok\u0105tne, z klapk\u0105 magnetyczn\u0105 i inne style, a specjalne rze\u017abienia (takie jak p\u0142askorze\u017aba i wydr\u0105\u017cenie) s\u0105 obs\u0142ugiwane w celu zwi\u0119kszenia atrakcyjno\u015bci wizualnej.<\/li>\n<li><strong>Dostosowywanie materia\u0142\u00f3w<\/strong>:<\/li>\n<li><strong>Metalowe pude\u0142ko<\/strong>Materia\u0142: blacha ocynowana (grubo\u015b\u0107 0,19-0,35 mm), mo\u017cna wykona\u0107 nadruk dwustronny i pow\u0142ok\u0119 antyoksydacyjn\u0105;<\/li>\n<li><strong>Twarda p\u0142yta<\/strong>: Powierzchnia jest pokryta przyjazn\u0105 dla \u015brodowiska foli\u0105, odpowiedni\u0105 do lekkich zastosowa\u0144.<\/li>\n<li><strong>Dostosowanie rozmiaru<\/strong>Obs\u0142uguje spersonalizowan\u0105 regulacj\u0119 d\u0142ugo\u015bci 50-300 mm i wysoko\u015bci 20-100 mm, dok\u0142adnie dopasowuj\u0105c si\u0119 do specyfikacji produktu.<\/li>\n<\/ul>\n<h2 id=\"-4-printing-and-process-innovation-to-enhance-brand-recognition-\"><strong>4. Innowacje w zakresie druku i proces\u00f3w w celu zwi\u0119kszenia rozpoznawalno\u015bci marki<\/strong><\/h2>\n<ul>\n<li><strong>Technologia druku<\/strong>: Druk offsetowy lub czterokolorowy (CMYK), obs\u0142uga druku punktowego, laserowego, t\u0142oczenia na gor\u0105co i innych efekt\u00f3w, a dok\u0142adno\u015b\u0107 wzoru si\u0119ga 300 dpi.<\/li>\n<li><strong>Specjalny proces<\/strong>:<\/li>\n<li>Kratka 3D, t\u0142oczenie, z\u0142ote i srebrne okienko;<\/li>\n<li>Do powierzchni mo\u017cna doda\u0107 \u015bwiec\u0105cy atrament, per\u0142ow\u0105 pow\u0142ok\u0119 lub przyjazn\u0105 dla \u015brodowiska matow\u0105 foli\u0119.<\/li>\n<li><strong>Drukowanie na dole<\/strong>: Obs\u0142uga kod\u00f3w kreskowych, historii marki lub instrukcji \u017cywieniowych w celu usprawnienia przesy\u0142ania informacji.<\/li>\n<\/ul>\n<h2 id=\"-5-supply-chain-and-quality-control-advantages-\"><strong>5. Zalety \u0142a\u0144cucha dostaw i kontroli jako\u015bci<\/strong><\/h2>\n<ul>\n<li><strong>Standardy produkcji<\/strong>: W pe\u0142ni zautomatyzowana linia produkcyjna w po\u0142\u0105czeniu z bezpy\u0142owymi opakowaniami warsztatowymi, certyfikatami SGS i Intertek w celu zapewnienia bezpiecze\u0144stwa \u017cywno\u015bci.<\/li>\n<li><strong>Zaanga\u017cowanie w ochron\u0119 \u015brodowiska<\/strong>: U\u017cywaj degradowalnych plastikowych toreb OPP i podw\u00f3jnych pude\u0142 z tektury falistej, aby zmniejszy\u0107 \u015blad w\u0119glowy.<\/li>\n<li><strong>Wsparcie serwisowe<\/strong>: Zapewnienie proofingu modelowania 3D, rozwoju form i pe\u0142nego \u015bledzenia logistycznego, przy minimalnej ilo\u015bci zam\u00f3wienia 300 sztuk i wsparcie dostosowywania LOGO.<\/li>\n<\/ul>\n<p><strong>Scenariusze zastosowa\u0144<\/strong>prezenty \u015bwi\u0105teczne, s\u0142odycze \u015blubne, prezenty biznesowe, przek\u0105ski dla dzieci itp., pomagaj\u0105c markom poprawi\u0107 ich przestrze\u0144 premium i konkurencyjno\u015b\u0107 na rynku.<\/p>","protected":false},"excerpt":{"rendered":"<p>Profesjonalnie dostosowane\u00a0<strong>Pude\u0142ko upominkowe na czekolad\u0119 z orzechami z magnetycznym zamkni\u0119ciem<\/strong>G\u0142\u00f3wnie jasne kolory z koj\u0105cymi ch\u0142odnymi tonami, aby z\u0142agodzi\u0107 niepok\u00f3j, proces laminowania powierzchni zapewnia odporno\u015b\u0107 na zu\u017cycie i blakni\u0119cie.<\/p>","protected":false},"featured_media":499,"template":"","meta":{"_kad_post_transparent":"default","_kad_post_title":"","_kad_post_layout":"default","_kad_post_sidebar_id":"","_kad_post_content_style":"default","_kad_post_vertical_padding":"default","_kad_post_feature":"","_kad_post_feature_position":"","_kad_post_header":false,"_kad_post_footer":false,"_kad_post_classname":""},"product_brand":[],"product_cat":[15,17],"product_tag":[159,160,158],"class_list":{"0":"post-498","1":"product","2":"type-product","3":"status-publish","4":"has-post-thumbnail","6":"product_cat-red-light-therapy","7":"product_cat-services","8":"product_tag-chocolate-packaging-rigid-boxes","9":"product_tag-custom-food-rigid-boxes-factory","10":"product_tag-custom-nuts-packaging","12":"first","13":"instock","14":"shipping-taxable","15":"product-type-simple","16":"entry","17":"content-bg","18":"loop-entry"},"_links":{"self":[{"href":"https:\/\/red-lighttherapy.com\/pl\/wp-json\/wp\/v2\/product\/498","targetHints":{"allow":["GET"]}}],"collection":[{"href":"https:\/\/red-lighttherapy.com\/pl\/wp-json\/wp\/v2\/product"}],"about":[{"href":"https:\/\/red-lighttherapy.com\/pl\/wp-json\/wp\/v2\/types\/product"}],"wp:featuredmedia":[{"embeddable":true,"href":"https:\/\/red-lighttherapy.com\/pl\/wp-json\/wp\/v2\/media\/499"}],"wp:attachment":[{"href":"https:\/\/red-lighttherapy.com\/pl\/wp-json\/wp\/v2\/media?parent=498"}],"wp:term":[{"taxonomy":"product_brand","embeddable":true,"href":"https:\/\/red-lighttherapy.com\/pl\/wp-json\/wp\/v2\/product_brand?post=498"},{"taxonomy":"product_cat","embeddable":true,"href":"https:\/\/red-lighttherapy.com\/pl\/wp-json\/wp\/v2\/product_cat?post=498"},{"taxonomy":"product_tag","embeddable":true,"href":"https:\/\/red-lighttherapy.com\/pl\/wp-json\/wp\/v2\/product_tag?post=498"}],"curies":[{"name":"wp","href":"https:\/\/api.w.org\/{rel}","templated":true}]}}