{"id":492,"date":"2025-04-12T03:29:01","date_gmt":"2025-04-12T03:29:01","guid":{"rendered":"https:\/\/red-lighttherapy.com\/?post_type=product&#038;p=492"},"modified":"2025-04-12T03:55:15","modified_gmt":"2025-04-12T03:55:15","slug":"foldable-magnetic-cap-baseball-hat-gift-box-packaging-vendor","status":"publish","type":"product","link":"https:\/\/red-lighttherapy.com\/pl\/foldable-magnetic-cap-baseball-hat-gift-box-packaging-vendor\/","title":{"rendered":"Sk\u0142adana magnetyczna czapka z daszkiem Opakowanie prezentowe Sprzedawca"},"content":{"rendered":"<h2 id=\"-product-description-of-foldable-magnetic-baseball-cap-gift-box-\"><strong>Opis produktu Sk\u0142adana magnetyczna czapka z daszkiem na prezent<\/strong><\/h2>\n<h2 id=\"-1-simple-appearance-high-end-texture-\"><strong>1. Prosty wygl\u0105d, wysokiej jako\u015bci tekstura<\/strong><\/h2>\n<p>To sk\u0142adane pude\u0142ko na prezenty z magnetycznym zamkni\u0119ciem ma klasyczny czarny kolor i matow\u0105 powierzchni\u0119. Wygl\u0105d jest prosty i elegancki, pokazuj\u0105c pow\u015bci\u0105gliwy i wysokiej klasy ton marki. Korpus pude\u0142ka ma zgrabne linie i magnetyczn\u0105 klapk\u0119. Jest \u0142atwa do otwierania i zamykania oraz stabilna. Szczelnie przylega po zamkni\u0119ciu, zapewniaj\u0105c bezpiecze\u0144stwo produktu podczas transportu i przechowywania.<\/p>\n<h2 id=\"-3-flexible-adaptation-exclusive-customization-\"><strong>2. Elastyczna adaptacja, ekskluzywne dostosowanie<\/strong><\/h2>\n<p>Ten typ pude\u0142ka jest odpowiedni dla r\u00f3\u017cnych kategorii odzie\u017cy, takich jak czapki z daszkiem, koszulki, szaliki itp. i umo\u017cliwia spersonalizowane dostosowanie opakowania wewn\u0119trznego i zewn\u0119trznego:<\/p>\n<ul>\n<li><strong>Personalizacja druku<\/strong>: LOGO marki, wz\u00f3r lub tekst mog\u0105 by\u0107 drukowane, a precyzyjny druk offsetowy, t\u0142oczenie na gor\u0105co i inne procesy s\u0105 stosowane w celu zwi\u0119kszenia rozpoznawalno\u015bci produktu;<\/li>\n<li><strong>Dostosowanie rozmiaru<\/strong>: Zapewnia r\u00f3\u017cnorodne specyfikacje w celu dostosowania i obs\u0142uguje regulacj\u0119 na \u017c\u0105danie \u015brednicy wewn\u0119trznej i wysoko\u015bci pude\u0142ka, idealnie dopasowuj\u0105c si\u0119 do r\u00f3\u017cnych rozmiar\u00f3w odzie\u017cy;<\/li>\n<li><strong>Personalizacja podszewki wewn\u0119trznej<\/strong>: Opcjonalne flokowanie, g\u0105bka, EVA i inne materia\u0142owe podszewki zapewniaj\u0105 ochron\u0119 buforow\u0105 lub funkcje przechowywania partycji, aby zaspokoi\u0107 potrzeby mocowania odzie\u017cy, zapobiegania zmarszczkom i kurzu.<\/li>\n<\/ul>\n<h2 id=\"-4-ingenious-craftsmanship-quality-assurance-\"><strong>3. Pomys\u0142owe rzemios\u0142o, zapewnienie jako\u015bci<\/strong><\/h2>\n<p>Opieraj\u0105c si\u0119 na 16-letnim do\u015bwiadczeniu w bran\u017cy poligraficznej i opakowaniowej, zbudowali\u015bmy dojrza\u0142y system \u0142a\u0144cucha dostaw, \u015bci\u015ble kontroluj\u0105c od surowc\u00f3w po gotowe produkty:<\/p>\n<ul>\n<li><strong>Wyb\u00f3r materia\u0142u<\/strong>: Dzi\u0119ki zastosowaniu wysokiej jako\u015bci szarej tektury o gramaturze 1200 g i papieru o gramaturze 250 g\/m\u00b2, pude\u0142ko jest solidne i trwa\u0142e, a tak\u017ce ma doskona\u0142e w\u0142a\u015bciwo\u015bci no\u015bne;<\/li>\n<li><strong>Technologia magnetyczna<\/strong>: Wbudowane magnesy o wysokiej wydajno\u015bci, stabilna si\u0142a adsorpcji, wielokrotne otwieranie i zamykanie bez t\u0142umienia, zapewniaj\u0105ce \u0142atwo\u015b\u0107 u\u017cytkowania i trwa\u0142o\u015b\u0107;<\/li>\n<li><strong>Produkcja przyjazna dla \u015brodowiska<\/strong>: Przeszed\u0142 certyfikacj\u0119 ISO, u\u017cywaj\u0105c atramentu wolnego od zanieczyszcze\u0144 i materia\u0142\u00f3w nadaj\u0105cych si\u0119 do recyklingu, zgodnie z transgranicznymi normami \u015brodowiskowymi eksportu.<\/li>\n<\/ul>\n<h2 id=\"-5-one-stop-service-efficient-delivery-\"><strong>4. Kompleksowa obs\u0142uga, wydajna dostawa<\/strong><\/h2>\n<p>Zapewniamy kompleksowe us\u0142ugi od projektowania po produkcj\u0119 masow\u0105:<\/p>\n<ul>\n<li><strong>Szybki proofing<\/strong>: Dostarczenie pr\u00f3bek w ci\u0105gu 3-5 dni, obs\u0142uga wielu korekt a\u017c do uzyskania satysfakcji;<\/li>\n<li><strong>Produkcja masowa<\/strong>: Dzienne zdolno\u015bci produkcyjne si\u0119gaj\u0105 10 000 000 sztuk, obs\u0142uguj\u0105 dostawy jednocz\u0119\u015bciowe i wieloplatformow\u0105 adaptacj\u0119 logistyczn\u0105;<\/li>\n<li><strong>Bezproblemowa obs\u0142uga posprzeda\u017cowa<\/strong>: Zapewnienie ca\u0142odobowej obs\u0142ugi klienta i wysokiej jako\u015bci us\u0142ug \u015bledzenia w celu zapewnienia dok\u0142adnej dostawy na ka\u017cdym etapie.<\/li>\n<\/ul>\n<h2 id=\"-applicable-scenarios-\"><strong>Obowi\u0105zuj\u0105ce scenariusze<\/strong><\/h2>\n<ul>\n<li><strong>Marka detaliczna<\/strong>: Poprawa poziomu ekspozycji produktu, odpowiednia dla sklep\u00f3w offline, sklep\u00f3w pop-up i wysokiej klasy opakowa\u0144 upominkowych w handlu elektronicznym;<\/li>\n<li><strong>Handel transgraniczny<\/strong>: Optymalizacja koszt\u00f3w logistycznych dzi\u0119ki p\u0142askiemu transportowi i dostosowanie do sprzeda\u017cy na platformach takich jak Amazon i niezale\u017cne stacje;<\/li>\n<li><strong>Personalizacja przedsi\u0119biorstwa<\/strong>: Mog\u0105 by\u0107 u\u017cywane jako upominki promocyjne, \u015bwiadczenia pracownicze lub ekskluzywne opakowania do wsp\u00f3lnej wsp\u00f3\u0142pracy w celu wzmocnienia wizerunku marki.<\/li>\n<\/ul>\n<p>Wyb\u00f3r nas oznacza wyb\u00f3r podw\u00f3jnej gwarancji jako\u015bci i innowacyjno\u015bci. 16 lat rzemios\u0142a, tylko po to, aby stworzy\u0107 rozwi\u0105zania opakowaniowe, kt\u00f3re uzupe\u0142ni\u0105 Twoje produkty odzie\u017cowe.<\/p>","protected":false},"excerpt":{"rendered":"<p>To sk\u0142adane pude\u0142ko na prezenty z magnetycznym zamkni\u0119ciem ma klasyczny czarny matowy design, prosty i zaawansowany wygl\u0105d, kt\u00f3ry doskonale spe\u0142nia wymagania marki dotycz\u0105ce luksusowej tekstury. Jednocze\u015bnie wbudowana konstrukcja magnetycznego zamkni\u0119cia klapy jest \u0142atwa do otwierania i zamykania, stabilna i trwa\u0142a. Nadaje si\u0119 do czapek z daszkiem, T-shirt\u00f3w i innych kategorii odzie\u017cy.<\/p>","protected":false},"featured_media":493,"template":"","meta":{"_kad_post_transparent":"default","_kad_post_title":"","_kad_post_layout":"default","_kad_post_sidebar_id":"","_kad_post_content_style":"default","_kad_post_vertical_padding":"default","_kad_post_feature":"","_kad_post_feature_position":"","_kad_post_header":false,"_kad_post_footer":false,"_kad_post_classname":""},"product_brand":[],"product_cat":[15,30,22,17],"product_tag":[156,155,157],"class_list":{"0":"post-492","1":"product","2":"type-product","3":"status-publish","4":"has-post-thumbnail","6":"product_cat-red-light-therapy","7":"product_cat-dropshipping","8":"product_cat-red-light-therapy-blanket","9":"product_cat-services","10":"product_tag-baseball-cap-hat-box","11":"product_tag-baseball-cap-packaging-wholesale","12":"product_tag-custom-baseball-cap-boxes","14":"first","15":"instock","16":"shipping-taxable","17":"product-type-simple","18":"entry","19":"content-bg","20":"loop-entry"},"_links":{"self":[{"href":"https:\/\/red-lighttherapy.com\/pl\/wp-json\/wp\/v2\/product\/492","targetHints":{"allow":["GET"]}}],"collection":[{"href":"https:\/\/red-lighttherapy.com\/pl\/wp-json\/wp\/v2\/product"}],"about":[{"href":"https:\/\/red-lighttherapy.com\/pl\/wp-json\/wp\/v2\/types\/product"}],"wp:featuredmedia":[{"embeddable":true,"href":"https:\/\/red-lighttherapy.com\/pl\/wp-json\/wp\/v2\/media\/493"}],"wp:attachment":[{"href":"https:\/\/red-lighttherapy.com\/pl\/wp-json\/wp\/v2\/media?parent=492"}],"wp:term":[{"taxonomy":"product_brand","embeddable":true,"href":"https:\/\/red-lighttherapy.com\/pl\/wp-json\/wp\/v2\/product_brand?post=492"},{"taxonomy":"product_cat","embeddable":true,"href":"https:\/\/red-lighttherapy.com\/pl\/wp-json\/wp\/v2\/product_cat?post=492"},{"taxonomy":"product_tag","embeddable":true,"href":"https:\/\/red-lighttherapy.com\/pl\/wp-json\/wp\/v2\/product_tag?post=492"}],"curies":[{"name":"wp","href":"https:\/\/api.w.org\/{rel}","templated":true}]}}