{"id":485,"date":"2025-04-12T02:56:28","date_gmt":"2025-04-12T02:56:28","guid":{"rendered":"https:\/\/red-lighttherapy.com\/?post_type=product&#038;p=485"},"modified":"2025-04-12T03:28:31","modified_gmt":"2025-04-12T03:28:31","slug":"wholesale-cheap-paper-tube-packaging-for-tea-coffee-spices","status":"publish","type":"product","link":"https:\/\/red-lighttherapy.com\/pl\/wholesale-cheap-paper-tube-packaging-for-tea-coffee-spices\/","title":{"rendered":"Hurtowe tanie opakowania papierowe na przyprawy do kawy i herbaty"},"content":{"rendered":"<h2 id=\"wholesale-cheap-paper-tube-packaging-product-description\">Hurtowe tanie opakowania papierowe na herbat\u0119, kaw\u0119, przyprawy Opis produktu<\/h2>\n<h2 id=\"1-gradient-color-design-full-visual-appeal-\">1.\u00a0<strong>Gradientowa kolorystyka, pe\u0142na atrakcyjno\u015b\u0107 wizualna<\/strong><\/h2>\n<p>To papierowe opakowanie tubowe ma g\u0142\u00f3wny kolor z gradientem od g\u0142\u0119bokiej czerni u g\u00f3ry do \u017cywej pomara\u0144czy u do\u0142u. Przej\u015bcie kolor\u00f3w jest naturalne i jasne, zgodnie z nowoczesnymi trendami estetycznymi. Dynamiczny efekt wizualny gradientu kolor\u00f3w mo\u017ce natychmiast przyci\u0105gn\u0105\u0107 uwag\u0119 konsument\u00f3w, szczeg\u00f3lnie nadaje si\u0119 do ekspozycji na p\u00f3\u0142kach, nadaj\u0105c produktom takim jak herbata, kawa i przyprawy m\u0142odszy i bardziej modny wizerunek marki.<\/p>\n<h2 id=\"2-gold-geometric-elements-integrating-environmental-protection-and-artistic-sense-\">2.\u00a0<strong>Z\u0142ote elementy geometryczne, integruj\u0105ce ochron\u0119 \u015brodowiska i zmys\u0142 artystyczny<\/strong><\/h2>\n<p>G\u00f3rna cz\u0119\u015b\u0107 pude\u0142ka ozdobiona jest geometrycznym wzorem z\u0142otej gwiazdy, kt\u00f3ry inspirowany jest po\u0142\u0105czeniem tradycyjnej sztuki dekoracyjnej i nowoczesnego minimalistycznego stylu. Kontrast mi\u0119dzy z\u0142otymi elementami i gradientowym kolorem nie tylko podkre\u015bla luksus opakowania, ale tak\u017ce przekazuje poczucie porz\u0105dku i zr\u00f3wnowa\u017conego rozwoju koncepcji ochrony \u015brodowiska poprzez geometryczne linie, odzwierciedlaj\u0105c naturalne w\u0142a\u015bciwo\u015bci naturalnych produkt\u00f3w, takich jak herbata i kawa. Powierzchnia wewn\u0119trznego pude\u0142ka jest pokryta matow\u0105 pow\u0142ok\u0105, kt\u00f3ra jest mi\u0119kka i nie o\u015blepia, dodatkowo wzmacniaj\u0105c \"efekt mi\u0119kko\u015bci\".<\/p>\n<h2 id=\"3-scientific-structural-design-both-practical-and-comfortable-\">3.\u00a0<strong>Naukowy projekt strukturalny, zar\u00f3wno praktyczny, jak i wygodny<\/strong><\/h2>\n<p>Rura papierowa przyjmuje struktur\u0119 p\u0142askiej rolki, a \u015brednic\u0119 i wysoko\u015b\u0107 g\u0142\u00f3wnego korpusu mo\u017cna dostosowa\u0107 do potrzeb (zakres referencyjny: \u015brednica 2-32 mm, wysoko\u015b\u0107 2-50 mm). Pogrubienie korpusu rury mo\u017ce r\u00f3wnomiernie rozproszy\u0107 si\u0142\u0119 zewn\u0119trzn\u0105, aby unikn\u0105\u0107 deformacji wyt\u0142aczania transportowego. G\u00f3rne spiralne otwieranie i zamykanie z antypo\u015blizgow\u0105 tekstur\u0105 mo\u017cna \u0142atwo otworzy\u0107 jedn\u0105 r\u0119k\u0105, a uszczelnienie jest doskona\u0142e, aby zapewni\u0107, \u017ce zawarto\u015b\u0107 jest odporna na wilgo\u0107 i \u015bwie\u017ca.<\/p>\n<h2 id=\"4-environmentally-friendly-soybean-ink-printing-zero-pollution-degradation-\">4.\u00a0<strong>Przyjazny dla \u015brodowiska druk atramentem sojowym, zero degradacji zanieczyszcze\u0144<\/strong><\/h2>\n<p>Proces drukowania wykorzystuje technologi\u0119 atramentu sojowego, a surowce pochodz\u0105 z odnawialnych zasob\u00f3w ro\u015blinnych, nie zawieraj\u0105 metali ci\u0119\u017ckich i lotnych zwi\u0105zk\u00f3w organicznych (VOC), a po rozk\u0142adzie mog\u0105 by\u0107 ca\u0142kowicie zintegrowane ze \u015brodowiskiem naturalnym. R\u00f3\u017cnica kolor\u00f3w druku jest \u015bci\u015ble kontrolowana w zakresie \u0394E\u22643, a profesjonalna technologia zarz\u0105dzania kolorami jest wykorzystywana w celu zapewnienia, \u017ce wz\u00f3r jest wyra\u017any i nie ma odchyle\u0144 kolor\u00f3w, a LOGO i logo marki maj\u0105 wysok\u0105 rozpoznawalno\u015b\u0107.<\/p>\n<h2 id=\"5-customized-buffer-lining-food-grade-safety-guarantee-\">5.\u00a0<strong>Indywidualna wy\u015bci\u00f3\u0142ka buforowa, gwarancja bezpiecze\u0144stwa spo\u017cywczego<\/strong><\/h2>\n<p>Wy\u015bci\u00f3\u0142ka mo\u017ce by\u0107 wykonana z g\u0105bki spo\u017cywczej lub materia\u0142u EVA o regulowanej g\u0119sto\u015bci (np. EVA o wysokiej g\u0119sto\u015bci jest odpowiednia dla delikatnych cz\u0105stek przypraw), co mo\u017ce skutecznie buforowa\u0107 wibracje podczas transportu i zapobiega\u0107 uszkodzeniu zawarto\u015bci. Podszewka \u015bci\u015ble przylega do papierowej tuby, a otw\u00f3r wentylacyjny jest zarezerwowany do pakowania herbaty, kawy i innych produkt\u00f3w spo\u017cywczych, kt\u00f3re musz\u0105 by\u0107 suche.<\/p>\n<h2 id=\"6-diversified-box-type-selection-to-enhance-consumer-experience-\">6.\u00a0<strong>Zr\u00f3\u017cnicowany wyb\u00f3r typ\u00f3w pude\u0142ek w celu zwi\u0119kszenia komfortu konsument\u00f3w<\/strong><\/h2>\n<p>Obs\u0142uguje dostosowywanie r\u00f3\u017cnych typ\u00f3w pude\u0142ek, takich jak g\u00f3rne i dolne pokrywy, pude\u0142ka z klapk\u0105, pude\u0142ka z szufladami i pude\u0142ka o specjalnym kszta\u0142cie, aby spe\u0142ni\u0107 potrzeby r\u00f3\u017cnych scenariuszy, takich jak opakowania na prezenty, opakowania przeno\u015bne i opakowania rodzinne. Na przyk\u0142ad:<\/p>\n<ul>\n<li><strong>Szuflada<\/strong>Nadaje si\u0119 do pakowania ma\u0142ych ilo\u015bci herbaty, p\u0142ynne ci\u0105gni\u0119cie;<\/li>\n<li><strong>Pude\u0142ko o specjalnym kszta\u0142cie<\/strong>Konfigurowalny sze\u015bciok\u0105tny lub w kszta\u0142cie gwiazdy, aby zwi\u0119kszy\u0107 zainteresowanie;<\/li>\n<li><strong>Pude\u0142ko w kszta\u0142cie ksi\u0105\u017cki<\/strong>Nadaje si\u0119 do wysokiej klasy pude\u0142ek prezentowych, z silnym poczuciem rytua\u0142u podczas otwierania i zamykania.<\/li>\n<\/ul>\n<h2 id=\"7-sustainable-packaging-solutions-\">7.\u00a0<strong>Zr\u00f3wnowa\u017cone rozwi\u0105zania opakowaniowe<\/strong><\/h2>\n<p>Ochrona \u015brodowiska jest wdra\u017cana w ca\u0142ym procesie, od materia\u0142\u00f3w po procesy:<\/p>\n<ul>\n<li><strong>Surowce<\/strong>: U\u017cywany jest papier z certyfikatem FSC o wsp\u00f3\u0142czynniku recyklingu 95%;<\/li>\n<li><strong>Produkcja<\/strong>: Dzienna zdolno\u015b\u0107 produkcyjna si\u0119ga 5 milion\u00f3w sztuk, przy minimalnej ilo\u015bci zam\u00f3wienia wynosz\u0105cej zaledwie 500 sztuk i elastycznym dostosowywaniu ma\u0142ych partii;<\/li>\n<li><strong>Transport<\/strong>: Lekka konstrukcja (tylko 30% \u017celaznych puszek) zmniejsza emisj\u0119 dwutlenku w\u0119gla w logistyce.<\/li>\n<\/ul>\n<p><strong>Obowi\u0105zuj\u0105ce scenariusze<\/strong>Pude\u0142ka na herbat\u0119, opakowania detaliczne na ziarna kawy, pude\u0142ka na butelki z przyprawami, puszki na zdrow\u0105 \u017cywno\u015b\u0107 itp.\u00a0<strong>Zalety wsp\u00f3\u0142pracy<\/strong>: Bezp\u0142atne dostosowywanie pr\u00f3bek (dostawa w ci\u0105gu 5-7 dni), obs\u0142uga t\u0142oczenia na gor\u0105co \/ UV \/ wyt\u0142aczania i innych kombinacji wieloprocesowych oraz w\u0142asne fabryki zapewniaj\u0105ce konkurencyjno\u015b\u0107 cenow\u0105.<\/p>","protected":false},"excerpt":{"rendered":"<p>To hurtowe opakowanie papierowe jest przeznaczone do herbaty, kawy i przypraw. Przyjmuje jasny schemat kolor\u00f3w od czarnego na g\u00f3rze do pomara\u0144czowego na dole i jest dopasowany do z\u0142otego geometrycznego wyt\u0142oczenia w kszta\u0142cie gwiazdy na g\u00f3rze pude\u0142ka, przekazuj\u0105c koncepcj\u0119 ochrony \u015brodowiska w wizualnym wp\u0142ywie. Tuba ma p\u0142asko walcowan\u0105, pogrubion\u0105 struktur\u0119, kt\u00f3ra mo\u017ce r\u00f3wnomiernie rozprasza\u0107 si\u0142y zewn\u0119trzne i jest wygodna do trzymania.<\/p>","protected":false},"featured_media":486,"template":"","meta":{"_kad_post_transparent":"default","_kad_post_title":"","_kad_post_layout":"default","_kad_post_sidebar_id":"","_kad_post_content_style":"default","_kad_post_vertical_padding":"default","_kad_post_feature":"","_kad_post_feature_position":"","_kad_post_header":false,"_kad_post_footer":false,"_kad_post_classname":""},"product_brand":[],"product_cat":[15,17],"product_tag":[153,152,154],"class_list":{"0":"post-485","1":"product","2":"type-product","3":"status-publish","4":"has-post-thumbnail","6":"product_cat-red-light-therapy","7":"product_cat-services","8":"product_tag-cocoa-powder-paper-tube","9":"product_tag-tea-coffee-paper-tube","10":"product_tag-wholesale-paper-tube-spices-food","12":"first","13":"instock","14":"shipping-taxable","15":"product-type-simple","16":"entry","17":"content-bg","18":"loop-entry"},"_links":{"self":[{"href":"https:\/\/red-lighttherapy.com\/pl\/wp-json\/wp\/v2\/product\/485","targetHints":{"allow":["GET"]}}],"collection":[{"href":"https:\/\/red-lighttherapy.com\/pl\/wp-json\/wp\/v2\/product"}],"about":[{"href":"https:\/\/red-lighttherapy.com\/pl\/wp-json\/wp\/v2\/types\/product"}],"wp:featuredmedia":[{"embeddable":true,"href":"https:\/\/red-lighttherapy.com\/pl\/wp-json\/wp\/v2\/media\/486"}],"wp:attachment":[{"href":"https:\/\/red-lighttherapy.com\/pl\/wp-json\/wp\/v2\/media?parent=485"}],"wp:term":[{"taxonomy":"product_brand","embeddable":true,"href":"https:\/\/red-lighttherapy.com\/pl\/wp-json\/wp\/v2\/product_brand?post=485"},{"taxonomy":"product_cat","embeddable":true,"href":"https:\/\/red-lighttherapy.com\/pl\/wp-json\/wp\/v2\/product_cat?post=485"},{"taxonomy":"product_tag","embeddable":true,"href":"https:\/\/red-lighttherapy.com\/pl\/wp-json\/wp\/v2\/product_tag?post=485"}],"curies":[{"name":"wp","href":"https:\/\/api.w.org\/{rel}","templated":true}]}}