{"id":479,"date":"2025-04-12T02:37:40","date_gmt":"2025-04-12T02:37:40","guid":{"rendered":"https:\/\/red-lighttherapy.com\/?post_type=product&#038;p=479"},"modified":"2025-04-12T02:56:13","modified_gmt":"2025-04-12T02:56:13","slug":"custom-consumer-electronics-product-packaging-boxes-company","status":"publish","type":"product","link":"https:\/\/red-lighttherapy.com\/pl\/custom-consumer-electronics-product-packaging-boxes-company\/","title":{"rendered":"Niestandardowe pude\u0142ka do pakowania produkt\u00f3w elektroniki u\u017cytkowej"},"content":{"rendered":"<h2 id=\"-customized-consumer-electronics-product-packaging-box-product-description-\"><strong>Niestandardowe opakowanie produktu elektroniki u\u017cytkowej Opis produktu<\/strong><\/h2>\n<p>Zgodnie z koncepcj\u0105 projektow\u0105 \"prostej estetyki i funkcjonalnej praktyczno\u015bci\", dostarczamy wysokiej klasy niestandardowe rozwi\u0105zania opakowaniowe dla marek elektroniki u\u017cytkowej, z czerni\u0105 jako g\u0142\u00f3wnym tonem, integruj\u0105c klasyczne rzemios\u0142o i innowacyjn\u0105 struktur\u0119, aby stworzy\u0107 ekskluzywne opakowanie, kt\u00f3re ma zar\u00f3wno efekt wizualny, jak i praktyczn\u0105 ochron\u0119.<\/p>\n<h2 id=\"1-minimalist-aesthetics-luxury-hot-stamping-technology-\">1.\u00a0<strong>Minimalistyczna estetyka Luksusowa z\u0142ota folia do t\u0142oczenia na gor\u0105co<\/strong><\/h2>\n<p>Korpus pude\u0142ka przyjmuje matow\u0105 czarn\u0105 podstaw\u0119, z niestandardow\u0105 technologi\u0105 t\u0142oczenia na gor\u0105co (tak\u0105 jak LOGO marki, tekstura lub linie) i tworzy stonowany i luksusowy efekt wizualny dzi\u0119ki kontrastowi metalicznego po\u0142ysku i g\u0142\u0119bokiej czerni. Proces t\u0142oczenia na gor\u0105co wykorzystuje przyjazne dla \u015brodowiska materia\u0142y z folii metalowej, aby zapewni\u0107, \u017ce wz\u00f3r jest dok\u0142adnie przymocowany, odporny na zu\u017cycie i zarysowania, co zwi\u0119ksza rozpoznawalno\u015b\u0107 marki i klas\u0119 produktu.<\/p>\n<h2 id=\"2-one-handed-opening-and-closing-ritual-pull-out-structure-\">2.\u00a0<strong>Rytualna wysuwana konstrukcja otwierana i zamykana jedn\u0105 r\u0119k\u0105<\/strong><\/h2>\n<p>Innowacyjna konstrukcja wysuwanego pude\u0142ka, w po\u0142\u0105czeniu z precyzyjnym wykrawaniem i technologi\u0105 magnetycznej klamry, pozwala u\u017cytkownikom na p\u0142ynne otwieranie pude\u0142ka jedn\u0105 r\u0119k\u0105, a proces rozpakowywania jest zar\u00f3wno wygodny, jak i uroczysty. Wn\u0119trze obudowy pude\u0142ka przyjmuje stopniowane warstwy lub wbudowane gniazda kart, aby dostosowa\u0107 si\u0119 do kszta\u0142tu produkt\u00f3w elektronicznych, unikaj\u0105c wstrz\u0105s\u00f3w, jednocze\u015bnie wzmacniaj\u0105c efekt wy\u015bwietlania.<\/p>\n<h2 id=\"3-high-strength-protection-optimized-coated-paper-material-\">3.\u00a0<strong>Ochrona o wysokiej wytrzyma\u0142o\u015bci Zoptymalizowany powlekany materia\u0142 papierowy<\/strong><\/h2>\n<p>Wybrany papier powlekany o wysokiej g\u0119sto\u015bci powy\u017cej 300 g, powierzchnia papieru jest g\u0142adka i delikatna o doskona\u0142ej twardo\u015bci, a wytrzyma\u0142o\u015b\u0107 na \u015bciskanie jest 30% wy\u017csza ni\u017c w przypadku zwyk\u0142ego kartonu, skutecznie odporna na kolizje i wyt\u0142aczanie podczas transportu. Powierzchnia pude\u0142ka jest pokryta przyjazn\u0105 dla \u015brodowiska matow\u0105 warstw\u0105 folii, kt\u00f3ra jest odporna na odciski palc\u00f3w i plamy. Nie jest \u0142atwo utleni\u0107 i odbarwi\u0107 po d\u0142ugotrwa\u0142ym u\u017cytkowaniu, dzi\u0119ki czemu opakowanie pozostaje nowe przez d\u0142ugi czas.<\/p>\n<h2 id=\"4-deep-customization-flexible-adaptation-needs-\">4.\u00a0<strong>G\u0142\u0119bokie dostosowanie Elastyczne potrzeby adaptacyjne<\/strong><\/h2>\n<p>Obs\u0142uga pe\u0142nowymiarowych us\u0142ug dostosowywania:<\/p>\n<ul>\n<li><strong>Typ pude\u0142ka<\/strong>: Opr\u00f3cz typu wysuwanego, mo\u017ce zapewni\u0107 zr\u00f3\u017cnicowane struktury, takie jak g\u00f3rne i dolne pokrywy, pude\u0142ka w kszta\u0142cie ksi\u0105\u017cki i pude\u0142ka o specjalnych kszta\u0142tach;<\/li>\n<li><strong>Materia\u0142<\/strong>: Opcjonalny bia\u0142y karton, z\u0142oty i srebrny karton, specjalny papier itp., aby spe\u0142ni\u0107 specjalne potrzeby, takie jak odporno\u015b\u0107 na wilgo\u0107 i antystatyczno\u015b\u0107;<\/li>\n<li><strong>Rzemios\u0142o<\/strong>: Lokalny lakier UV, wyt\u0142aczanie, puste okna i inne procesy s\u0105 dowolnie \u0142\u0105czone w celu zwi\u0119kszenia poziomu wizualnego.<\/li>\n<\/ul>\n<h2 id=\"5-safe-inner-support-precise-fit-protection-\">5.\u00a0<strong>Bezpieczne wsparcie wewn\u0119trzne, precyzyjne dopasowanie i ochrona<\/strong><\/h2>\n<p>Wewn\u0119trzna wy\u015bci\u00f3\u0142ka zapewnia flokowanie EVA, per\u0142ow\u0105 bawe\u0142n\u0119, blister i inne materia\u0142y, a kolor mo\u017cna dostosowa\u0107 (np. czarny, ciemnoszary, czerwony). Ci\u0119cie w rozmiarze 1:1 mo\u017cna uzyska\u0107 dzi\u0119ki technologii skanowania 3D, a sta\u0142y produkt ma zerowe przemieszczenie. W przypadku precyzyjnych komponent\u00f3w elektronicznych mo\u017cna wbudowa\u0107 antystatyczne wewn\u0119trzne wsparcie, aby unikn\u0105\u0107 uszkodze\u0144 statycznych podczas transportu.<\/p>\n<h2 id=\"-core-advantages-\"><strong>G\u0142\u00f3wne zalety<\/strong><\/h2>\n<ul>\n<li><strong>Certyfikacja jako\u015bci<\/strong>: Wszystkie materia\u0142y przesz\u0142y testy SGS w zakresie ochrony \u015brodowiska i spe\u0142niaj\u0105 standardy pakowania \u017cywno\u015bci;<\/li>\n<li><strong>Szybka reakcja<\/strong>: Prototypowanie jest zako\u0144czone w ci\u0105gu 7-15 dni, a dostosowywanie ma\u0142ych partii jest obs\u0142ugiwane (minimalna ilo\u015b\u0107 zam\u00f3wienia 500);<\/li>\n<li><strong>Pe\u0142na obs\u0142uga \u0142a\u0144cucha<\/strong>: Kompleksowe rozwi\u0105zanie od projektu, wyboru materia\u0142\u00f3w po logistyk\u0119 produkcji w celu zmniejszenia koszt\u00f3w komunikacji z klientem.<\/li>\n<\/ul>\n<p>D\u0105\u017cymy do tego, aby opakowanie by\u0142o rozszerzonym no\u015bnikiem warto\u015bci marki poprzez ostateczne dopracowanie ka\u017cdego szczeg\u00f3\u0142u. Niezale\u017cnie od tego, czy chodzi o inteligentne urz\u0105dzenia do noszenia, wysokiej klasy s\u0142uchawki czy precyzyjne instrumenty, ekskluzywne rozwi\u0105zania mog\u0105 by\u0107 dostosowane, aby pom\u00f3c Ci wyr\u00f3\u017cni\u0107 si\u0119 na tle konkurencji.<\/p>","protected":false},"excerpt":{"rendered":"<p>Korpus pude\u0142ka wykorzystuje g\u0142\u0119bok\u0105 matow\u0105 czer\u0144 jako podstaw\u0119, z niestandardow\u0105 technologi\u0105 t\u0142oczenia na gor\u0105co (tak\u0105 jak logo marki lub geometryczna tekstura), poprzez zderzenie metalicznego po\u0142ysku i ciemnego t\u0142a, prezentuje stonowany i luksusowy poziom wizualny.<\/p>","protected":false},"featured_media":482,"template":"","meta":{"_kad_post_transparent":"default","_kad_post_title":"","_kad_post_layout":"default","_kad_post_sidebar_id":"","_kad_post_content_style":"default","_kad_post_vertical_padding":"default","_kad_post_feature":"","_kad_post_feature_position":"","_kad_post_header":false,"_kad_post_footer":false,"_kad_post_classname":""},"product_brand":[],"product_cat":[15,20,17],"product_tag":[151,150,149],"class_list":{"0":"post-479","1":"product","2":"type-product","3":"status-publish","4":"has-post-thumbnail","6":"product_cat-red-light-therapy","7":"product_cat-led-face-light-therapy","8":"product_cat-services","9":"product_tag-consumer-electronics-boxes-company","10":"product_tag-consumer-electronics-packaging-boxes","11":"product_tag-custom-consumer-product-packaging","13":"first","14":"instock","15":"shipping-taxable","16":"product-type-simple","17":"entry","18":"content-bg","19":"loop-entry"},"_links":{"self":[{"href":"https:\/\/red-lighttherapy.com\/pl\/wp-json\/wp\/v2\/product\/479","targetHints":{"allow":["GET"]}}],"collection":[{"href":"https:\/\/red-lighttherapy.com\/pl\/wp-json\/wp\/v2\/product"}],"about":[{"href":"https:\/\/red-lighttherapy.com\/pl\/wp-json\/wp\/v2\/types\/product"}],"wp:featuredmedia":[{"embeddable":true,"href":"https:\/\/red-lighttherapy.com\/pl\/wp-json\/wp\/v2\/media\/482"}],"wp:attachment":[{"href":"https:\/\/red-lighttherapy.com\/pl\/wp-json\/wp\/v2\/media?parent=479"}],"wp:term":[{"taxonomy":"product_brand","embeddable":true,"href":"https:\/\/red-lighttherapy.com\/pl\/wp-json\/wp\/v2\/product_brand?post=479"},{"taxonomy":"product_cat","embeddable":true,"href":"https:\/\/red-lighttherapy.com\/pl\/wp-json\/wp\/v2\/product_cat?post=479"},{"taxonomy":"product_tag","embeddable":true,"href":"https:\/\/red-lighttherapy.com\/pl\/wp-json\/wp\/v2\/product_tag?post=479"}],"curies":[{"name":"wp","href":"https:\/\/api.w.org\/{rel}","templated":true}]}}