{"id":472,"date":"2025-04-12T02:12:17","date_gmt":"2025-04-12T02:12:17","guid":{"rendered":"https:\/\/red-lighttherapy.com\/?post_type=product&#038;p=472"},"modified":"2025-04-12T02:37:26","modified_gmt":"2025-04-12T02:37:26","slug":"custom-pearl-paper-fashion-apparel-packaging-box-vendor","status":"publish","type":"product","link":"https:\/\/red-lighttherapy.com\/pl\/custom-pearl-paper-fashion-apparel-packaging-box-vendor\/","title":{"rendered":"Niestandardowy dostawca opakowa\u0144 na odzie\u017c z papieru per\u0142owego"},"content":{"rendered":"<h2 id=\"-customized-pearlescent-paper-fashion-clothing-packaging-box-supplier-product-description-\"><strong>Dostosowane per\u0142owe papierowe pude\u0142ko do pakowania odzie\u017cy Dostawca Opis produktu<\/strong><\/h2>\n<h2 id=\"-2-strengthen-the-box-structure-to-ensure-the-safety-of-clothing-\"><strong>1. Wzmocnienie struktury pude\u0142ka w celu zapewnienia bezpiecze\u0144stwa odzie\u017cy<\/strong><\/h2>\n<ul>\n<li><strong>Kompresja i konstrukcja zapobiegaj\u0105ca odkszta\u0142ceniom<\/strong>: Korpus pude\u0142ka wykorzystuje szary papier tekturowy lub tektur\u0119 falist\u0105 o wysokiej g\u0119sto\u015bci jako podszewk\u0119, w po\u0142\u0105czeniu z dwuwarstwow\u0105 lub wielowarstwow\u0105 konstrukcj\u0105 sk\u0142adan\u0105 (tak\u0105 jak tr\u00f3jk\u0105tne podparcie), wytrzyma\u0142o\u015b\u0107 na \u015bciskanie jest zwi\u0119kszona o ponad 40% i mo\u017ce wytrzyma\u0107 wyt\u0142aczanie i uderzenia podczas transportu.<\/li>\n<li><strong>Optymalizacja kszta\u0142tu pude\u0142ka g\u00f3rnej i dolnej pokrywy<\/strong>: Konstrukcja g\u00f3rnej i dolnej pokrywy (zagnie\u017cd\u017cona g\u00f3rna i dolna pokrywa) zapewnia efekt bezszwowego zamkni\u0119cia dzi\u0119ki precyzyjnej technologii wykrawania, kt\u00f3ra jest wygodna do przenoszenia i wk\u0142adania du\u017cych ubra\u0144, takich jak p\u0142aszcze i garnitury, a tak\u017ce mo\u017ce zapobiega\u0107 poluzowaniu i deformacji pude\u0142ka.<\/li>\n<\/ul>\n<h2 id=\"-3-hot-stamping-and-embossing-technology-dual-sensory-upgrade-\"><strong>2. Bia\u0142a folia do t\u0142oczenia na gor\u0105co i technologia wyt\u0142aczania, podw\u00f3jne ulepszenie sensoryczne<\/strong><\/h2>\n<ul>\n<li><strong>Technologia t\u0142oczenia na gor\u0105co<\/strong>: Wykorzystuj\u0105c importowan\u0105 z Niemiec elektrochemiczn\u0105 foli\u0119 aluminiow\u0105, matowa platynowa tekstura jest formowana na per\u0142owym papierze poprzez wyt\u0142aczanie w wysokiej temperaturze. Metaliczna tekstura i per\u0142owy kolor t\u0142a wzajemnie si\u0119 uzupe\u0142niaj\u0105, tworz\u0105c stonowany i luksusowy efekt wizualny.<\/li>\n<li><strong>Wyt\u0142oczony tr\u00f3jwymiarowy dotyk<\/strong>: W po\u0142\u0105czeniu z technologi\u0105 wyt\u0142aczania 3D, tr\u00f3jwymiarowe wyt\u0142aczanie jest wykonywane na LOGO marki lub obszarze wzoru, kt\u00f3ry ma delikatny dotyk i wyra\u017ane warstwy, wzmacniaj\u0105c punkt pami\u0119ci marki.<\/li>\n<\/ul>\n<h2 id=\"-4-all-round-customization-service-to-match-brand-needs-\"><strong>3. Wszechstronna us\u0142uga dostosowywania do potrzeb marki<\/strong><\/h2>\n<ul>\n<li><strong>Elastyczne dostosowanie rozmiaru i koloru<\/strong>: Obs\u0142uguje dostosowywanie wielu rozmiar\u00f3w od 26 \u00d7 17,5 \u00d7 3,5 cm (wersja standardowa) do 50 \u00d7 40 \u00d7 10 cm (wersja du\u017ca); zapewnia 12 podstawowych kolor\u00f3w, takich jak per\u0142owy papier r\u00f3\u017cowy, czarny i z\u0142oty, i mo\u017cna je dostosowa\u0107 za pomoc\u0105 specjalnych kolor\u00f3w Pantone, aby zapewni\u0107 wysok\u0105 sp\u00f3jno\u015b\u0107 z systemem marki VI.<\/li>\n<li><strong>Dostosowanie LOGO i wzoru<\/strong>: Obs\u0142uguje sitodruk, lokalny lakier UV i inne procesy oraz mo\u017ce drukowa\u0107 logo marki, elementy kulturowe lub wzory artystyczne, aby spe\u0142ni\u0107 spersonalizowane potrzeby.<\/li>\n<\/ul>\n<h2 id=\"-5-one-stop-service-focusing-on-foreign-trade-\"><strong>4. Kompleksowa us\u0142uga koncentruj\u0105ca si\u0119 na handlu zagranicznym<\/strong><\/h2>\n<ul>\n<li><strong>Do\u015bwiadczony zesp\u00f3\u0142<\/strong>: Cz\u0142onkowie zespo\u0142u s\u0105 g\u0142\u0119boko zaanga\u017cowani w dziedzinie opakowa\u0144 handlu zagranicznego od ponad 10 lat i s\u0105 zaznajomieni ze standardami rynkowymi, takimi jak Europa, Stany Zjednoczone i Azja Po\u0142udniowo-Wschodnia (takimi jak system notowa\u0144 FOB \/ ELC, certyfikacja \u015brodowiskowa), i mog\u0105 zapewni\u0107 pe\u0142ne wsparcie procesowe od projektowania, sprawdzania do zg\u0142oszenia celnego i logistyki.<\/li>\n<li><strong>Szybka reakcja i gwarancja kontroli jako\u015bci<\/strong>: Przyj\u0119cie cyfrowego systemu zarz\u0105dzania produkcj\u0105 (MES), post\u0119p zam\u00f3wienia mo\u017ce by\u0107 sprawdzany w czasie rzeczywistym; przej\u015bcie certyfikacji kontroli jako\u015bci SGS, zapewnienie, \u017ce wydajno\u015b\u0107 gotowego produktu jest wi\u0119ksza ni\u017c 99% i wsparcie kontroli strony trzeciej.<\/li>\n<\/ul>\n<h2 id=\"-cooperation-process-\"><strong>Proces wsp\u00f3\u0142pracy<\/strong><\/h2>\n<ol>\n<li><strong>Komunikacja na \u017c\u0105danie<\/strong>: Dostarczenie informacji o marce VI, rozmiarze produktu i wymaganiach dotycz\u0105cych personalizacji;<\/li>\n<li><strong>Sprawdzanie projektu<\/strong>: Dostarczenie rendering\u00f3w 3D i pr\u00f3bek fizycznych w ci\u0105gu 3 dni roboczych;<\/li>\n<li><strong>Produkcja masowa<\/strong>: Dostawa w ci\u0105gu 10-15 dni od potwierdzenia (obs\u0142uga zam\u00f3wie\u0144 przyspieszonych);<\/li>\n<li><strong>\u015aledzenie logistyczne<\/strong>: Zapewnienie kompleksowej us\u0142ugi \u015bledzenia logistycznego dla transportu morskiego\/lotniczego.<\/li>\n<\/ol>\n<h2 id=\"-core-advantages-\"><strong>G\u0142\u00f3wne zalety<\/strong><\/h2>\n<ul>\n<li><strong>Efektywno\u015b\u0107 kosztowa<\/strong>: Zmniejszenie koszt\u00f3w pakowania o 15% dzi\u0119ki optymalizacji strukturalnej (takiej jak jednocz\u0119\u015bciowe pude\u0142ko do formowania) przy zachowaniu wysokiej jako\u015bci tekstury;<\/li>\n<li><strong>Zr\u00f3wnowa\u017cony rozw\u00f3j<\/strong>: U\u017cywaj materia\u0142\u00f3w celulozowych nadaj\u0105cych si\u0119 do recyklingu, przestrzegaj standard\u00f3w ochrony \u015brodowiska UE REACH i pom\u00f3\u017c marce w zielonej transformacji.<\/li>\n<\/ul>","protected":false},"excerpt":{"rendered":"<p>Koncentruj\u0105c si\u0119 na handlu zagranicznym, dostarczamy wysokiej klasy niestandardowe rozwi\u0105zania opakowaniowe. Wykonane z\u00a0<strong>Papier per\u0142owy<\/strong>Powierzchnia ma delikatny per\u0142owy po\u0142ysk, nadaj\u0105c opakowaniu luksusow\u0105 tekstur\u0119 i wizualn\u0105 warstwowo\u015b\u0107;\u00a0<strong>Konstrukcja g\u00f3rnej i dolnej pokrywy pude\u0142ka<\/strong>\u00a0Jest \u0142atwy do otwierania i zamykania i doskonale nadaje si\u0119 do du\u017cych ubra\u0144, takich jak garnitury i p\u0142aszcze.<\/p>","protected":false},"featured_media":473,"template":"","meta":{"_kad_post_transparent":"default","_kad_post_title":"","_kad_post_layout":"default","_kad_post_sidebar_id":"","_kad_post_content_style":"default","_kad_post_vertical_padding":"default","_kad_post_feature":"","_kad_post_feature_position":"","_kad_post_header":false,"_kad_post_footer":false,"_kad_post_classname":""},"product_brand":[],"product_cat":[15,30,19,17],"product_tag":[147,146,148],"class_list":{"0":"post-472","1":"product","2":"type-product","3":"status-publish","4":"has-post-thumbnail","6":"product_cat-red-light-therapy","7":"product_cat-dropshipping","8":"product_cat-red-light-therapy-stand","9":"product_cat-services","10":"product_tag-apparel-packaging-box","11":"product_tag-custom-apparel-packaging","12":"product_tag-fashion-apparel-packaging","14":"first","15":"instock","16":"shipping-taxable","17":"product-type-simple","18":"entry","19":"content-bg","20":"loop-entry"},"_links":{"self":[{"href":"https:\/\/red-lighttherapy.com\/pl\/wp-json\/wp\/v2\/product\/472","targetHints":{"allow":["GET"]}}],"collection":[{"href":"https:\/\/red-lighttherapy.com\/pl\/wp-json\/wp\/v2\/product"}],"about":[{"href":"https:\/\/red-lighttherapy.com\/pl\/wp-json\/wp\/v2\/types\/product"}],"wp:featuredmedia":[{"embeddable":true,"href":"https:\/\/red-lighttherapy.com\/pl\/wp-json\/wp\/v2\/media\/473"}],"wp:attachment":[{"href":"https:\/\/red-lighttherapy.com\/pl\/wp-json\/wp\/v2\/media?parent=472"}],"wp:term":[{"taxonomy":"product_brand","embeddable":true,"href":"https:\/\/red-lighttherapy.com\/pl\/wp-json\/wp\/v2\/product_brand?post=472"},{"taxonomy":"product_cat","embeddable":true,"href":"https:\/\/red-lighttherapy.com\/pl\/wp-json\/wp\/v2\/product_cat?post=472"},{"taxonomy":"product_tag","embeddable":true,"href":"https:\/\/red-lighttherapy.com\/pl\/wp-json\/wp\/v2\/product_tag?post=472"}],"curies":[{"name":"wp","href":"https:\/\/api.w.org\/{rel}","templated":true}]}}