{"id":466,"date":"2025-04-12T01:53:16","date_gmt":"2025-04-12T01:53:16","guid":{"rendered":"https:\/\/red-lighttherapy.com\/?post_type=product&#038;p=466"},"modified":"2025-04-12T02:11:58","modified_gmt":"2025-04-12T02:11:58","slug":"custom-luxury-apparel-clothing-shirt-packaging-box-wholesale","status":"publish","type":"product","link":"https:\/\/red-lighttherapy.com\/pl\/custom-luxury-apparel-clothing-shirt-packaging-box-wholesale\/","title":{"rendered":"Niestandardowa luksusowa odzie\u017c Odzie\u017c Koszula Opakowanie Hurtownia"},"content":{"rendered":"<h2 id=\"-customized-product-description-of-magnetic-packaging-box-for-luxury-clothing-shirts-\"><strong>Indywidualny opis produktu opakowania z zamkni\u0119ciem magnetycznym na luksusowe koszule odzie\u017cowe<\/strong><\/h2>\n<p>--16-letnia fabryka \u017ar\u00f3d\u0142owa, idealne po\u0142\u0105czenie wysokiej wydajno\u015bci kosztowej i zapewnienia jako\u015bci<\/p>\n<h2 id=\"-i-color-psychology-design-lavender-tone-soothing-and-elegant-coexist-\"><strong>1. Projekt psychologii kolor\u00f3w: lawendowy odcie\u0144, koj\u0105cy i elegancki wsp\u00f3\u0142istniej\u0105cy<\/strong><\/h2>\n<ol>\n<li><strong>Estetyka lawendy<\/strong>: W opakowaniu zastosowano lawend\u0119 o niskiej jasno\u015bci i niskim nasyceniu, zainspirowan\u0105 badaniami nad psychologi\u0105 kolor\u00f3w. Mi\u0119kkie odcienie mog\u0105 skutecznie z\u0142agodzi\u0107 zm\u0119czenie wzroku i zmniejszy\u0107 niepok\u00f3j, jednocze\u015bnie przekazuj\u0105c elegancki i szlachetny temperament marki, szczeg\u00f3lnie odpowiedni do wysokiej klasy opakowa\u0144 odzie\u017cy.<\/li>\n<li><strong>Obowi\u0105zuj\u0105ce scenariusze<\/strong>: Spe\u0142nia potrzeby w zakresie pakowania prezent\u00f3w biznesowych i luksusowych koszul, wzmacnia poczucie ceremonii rozpakowywania i nadaje si\u0119 do wysokiej klasy handlu detalicznego, flagowych sklep\u00f3w marki i niestandardowych rynk\u00f3w upomink\u00f3w.<\/li>\n<\/ol>\n<h2 id=\"-ii-magnetic-box-design-exquisite-opening-and-closing-minimalist-aesthetics-\"><strong>2. Konstrukcja pude\u0142ka magnetycznego: znakomite otwieranie i zamykanie, minimalistyczna estetyka<\/strong><\/h2>\n<ol>\n<li><strong>Magnetyczny system zamykania<\/strong>: Posiada wbudowan\u0105 klamr\u0119 magnetyczn\u0105, kt\u00f3ra otwiera si\u0119 i zamyka p\u0142ynnie i cicho, zamyka si\u0119 szczelnie, unika wad tradycyjnych klapek, kt\u00f3re s\u0105 \u0142atwe do poluzowania, i poprawia komfort u\u017cytkowania.<\/li>\n<li><strong>Optymalizacja strukturalna<\/strong>: Linie w kszta\u0142cie pude\u0142ka s\u0105 proste i schludne, bez zb\u0119dnych dekoracji, odpowiednie dla nowoczesnego minimalistycznego stylu, a tekstura detali jest wzmocniona poprzez matow\u0105 obr\u00f3bk\u0119 powierzchni i proces t\u0142oczenia na gor\u0105co \/ UV (opcjonalnie).<\/li>\n<\/ol>\n<h2 id=\"-iii-materials-and-processes-professional-grade-protection-stable-and-durable-\"><strong>3. Materia\u0142y i procesy: profesjonalna ochrona, stabilno\u015b\u0107 i trwa\u0142o\u015b\u0107<\/strong><\/h2>\n<ol>\n<li><strong>Materia\u0142y podstawowe<\/strong>:<\/li>\n<li><strong>Szara p\u0142yta o wysokiej g\u0119sto\u015bci 1200 GSM<\/strong>: Ma doskona\u0142\u0105 odporno\u015b\u0107 na \u015bciskanie i mo\u017ce wytrzyma\u0107 ponad 15 kg po testach, zapewniaj\u0105c, \u017ce nie odkszta\u0142ci si\u0119 podczas transportu i spe\u0142ni mi\u0119dzynarodowe standardy pakowania.<\/li>\n<li><strong>Laminowanie papieru powlekanego 157 GSM<\/strong>: Powierzchnia jest matowa, olejowana lub poddana obr\u00f3bce UV, z delikatnym dotykiem i wysokim nasyceniem kolor\u00f3w druku, co pozwala dok\u0142adnie odtworzy\u0107 LOGO marki i wz\u00f3r.<\/li>\n<li><strong>Indywidualna podszewka<\/strong>:<\/li>\n<li><strong>Wycinana podszewka EVA\/papier<\/strong>: W zale\u017cno\u015bci od rozmiaru koszuli, forma jest otwierana w stosunku 1:1, aby osi\u0105gn\u0105\u0107 zerowe mocowanie przemieszczenia, unikn\u0105\u0107 tarcia i zmarszczek oraz dostosowa\u0107 si\u0119 do r\u00f3\u017cnych form koszul, takich jak st\u00f3jka i sk\u0142adanie.<\/li>\n<li><strong>Konstrukcja przegrody<\/strong>: Opcjonalnie dost\u0119pne s\u0105 niezale\u017cne gniazda na akcesoria (takie jak spinki do mankiet\u00f3w i krawat\u00f3w), kt\u00f3re zwi\u0119kszaj\u0105 funkcjonalno\u015b\u0107 i wydajno\u015b\u0107 przechowywania.<\/li>\n<\/ol>\n<h2 id=\"-fourth-brand-empowerment-texture-upgrade-added-value-doubled-\"><strong>4. Wzmocnienie marki: ulepszenie tekstury, podwojenie warto\u015bci dodanej<\/strong><\/h2>\n<ol>\n<li><strong>Ujednolicona identyfikacja wizualna<\/strong>: Obs\u0142uga druku punktowego Pantone i procesu t\u0142oczenia na gor\u0105co, integracja element\u00f3w marki VI z projektem pude\u0142ka i wzmocnienie punkt\u00f3w pami\u0119ci konsumenta.<\/li>\n<li><strong>Koncepcja ochrony \u015brodowiska<\/strong>: Wykorzystanie papieru z certyfikatem FSC i degradowalnego kleju, aby sprosta\u0107 trendowi zr\u00f3wnowa\u017conej mody i wzmocni\u0107 wizerunek spo\u0142ecznej odpowiedzialno\u015bci marki.<\/li>\n<\/ol>\n<h2 id=\"-five-flexible-customization-service-one-stop-solution-\"><strong>5. Elastyczna us\u0142uga dostosowywania: kompleksowe rozwi\u0105zanie<\/strong><\/h2>\n<ol>\n<li><strong>Elastyczny rozmiar<\/strong>: Obs\u0142uguje r\u00f3\u017cne typy pude\u0142ek, takie jak pokrywy g\u00f3rne i dolne, pude\u0142ka z szufladami, pude\u0142ka na ksi\u0105\u017cki itp. o wysoce niestandardowych rozmiarach, aby spe\u0142ni\u0107 wymagania dotycz\u0105ce pojedynczych sztuk \/ zestaw\u00f3w.<\/li>\n<li><strong>Kombinacja proces\u00f3w<\/strong>: Opcjonalny sitodruk, flokowanie, lokalne UV, t\u0142oczenie na gor\u0105co w kolorze srebrnym i ponad 20 innych proces\u00f3w pozwalaj\u0105cych uzyska\u0107 zr\u00f3\u017cnicowane efekty wizualne.<\/li>\n<li><strong>Us\u0142uga o warto\u015bci dodanej<\/strong>: Bezp\u0142atny podgl\u0105d projektu 3D, potwierdzenie proofingu, magazynowanie i globalne wsparcie logistyczne (FOB\/DDP i inne warunki).<\/li>\n<\/ol>\n<h2 id=\"-six-the-advantages-of-the-source-factory-16-years-of-accumulation-quality-control-\"><strong>6. Zalety fabryki \u017ar\u00f3d\u0142owej: 16 lat akumulacji, kontrola jako\u015bci<\/strong><\/h2>\n<ol>\n<li><strong>Integracja \u0142a\u0144cucha dostaw<\/strong>Samoobs\u0142ugowe zaopatrzenie w mas\u0119 celulozow\u0105, w pe\u0142ni automatyczna linia produkcyjna do sztancowania i system kontroli jako\u015bci, 30%-50% ni\u017csze ni\u017c koszty zakupu po\u015brednik\u00f3w.<\/li>\n<li><strong>Gwarancja kontroli jako\u015bci<\/strong>Przeszed\u0142 certyfikacj\u0119 ISO9001, dostarczaj\u0105c raporty z kontroli jako\u015bci partii, wska\u017anik wadliwo\u015bci poni\u017cej 0,5%, obs\u0142uguje odszkodowanie za szkody.<\/li>\n<li><strong>Szybka reakcja<\/strong>: Minimalna ilo\u015b\u0107 zam\u00f3wienia 500, cykl dostawy 7-15 dni, obs\u0142uga ma\u0142ych partii pr\u00f3bnych, zmniejszenie ryzyka zapas\u00f3w klienta.<\/li>\n<\/ol>","protected":false},"excerpt":{"rendered":"<p>Pude\u0142ko z magnetycznym zamkni\u0119ciem na odzie\u017c w kolorze lawendowym, zaprojektowane specjalnie dla marek z wy\u017cszej p\u00f3\u0142ki, przyjmuje koj\u0105cy ton o niskiej jasno\u015bci i niskim nasyceniu, w po\u0142\u0105czeniu ze sztywn\u0105 tektur\u0105 o wysokiej g\u0119sto\u015bci 1200 GSM i powlekanym papierem artystycznym 157 GSM, aby zapewni\u0107 stabiln\u0105 struktur\u0119 i delikatny dotyk.<\/p>","protected":false},"featured_media":470,"template":"","meta":{"_kad_post_transparent":"default","_kad_post_title":"","_kad_post_layout":"default","_kad_post_sidebar_id":"","_kad_post_content_style":"default","_kad_post_vertical_padding":"default","_kad_post_feature":"","_kad_post_feature_position":"","_kad_post_header":false,"_kad_post_footer":false,"_kad_post_classname":""},"product_brand":[],"product_cat":[15,30,17],"product_tag":[144,143,145],"class_list":{"0":"post-466","1":"product","2":"type-product","3":"status-publish","4":"has-post-thumbnail","6":"product_cat-red-light-therapy","7":"product_cat-dropshipping","8":"product_cat-services","9":"product_tag-custom-clothing-boxes","10":"product_tag-custom-luxury-clothing-packaging","11":"product_tag-shirt-boxes-wholesale","13":"first","14":"instock","15":"shipping-taxable","16":"product-type-simple","17":"entry","18":"content-bg","19":"loop-entry"},"_links":{"self":[{"href":"https:\/\/red-lighttherapy.com\/pl\/wp-json\/wp\/v2\/product\/466","targetHints":{"allow":["GET"]}}],"collection":[{"href":"https:\/\/red-lighttherapy.com\/pl\/wp-json\/wp\/v2\/product"}],"about":[{"href":"https:\/\/red-lighttherapy.com\/pl\/wp-json\/wp\/v2\/types\/product"}],"wp:featuredmedia":[{"embeddable":true,"href":"https:\/\/red-lighttherapy.com\/pl\/wp-json\/wp\/v2\/media\/470"}],"wp:attachment":[{"href":"https:\/\/red-lighttherapy.com\/pl\/wp-json\/wp\/v2\/media?parent=466"}],"wp:term":[{"taxonomy":"product_brand","embeddable":true,"href":"https:\/\/red-lighttherapy.com\/pl\/wp-json\/wp\/v2\/product_brand?post=466"},{"taxonomy":"product_cat","embeddable":true,"href":"https:\/\/red-lighttherapy.com\/pl\/wp-json\/wp\/v2\/product_cat?post=466"},{"taxonomy":"product_tag","embeddable":true,"href":"https:\/\/red-lighttherapy.com\/pl\/wp-json\/wp\/v2\/product_tag?post=466"}],"curies":[{"name":"wp","href":"https:\/\/api.w.org\/{rel}","templated":true}]}}