{"id":434,"date":"2025-04-11T13:16:45","date_gmt":"2025-04-11T13:16:45","guid":{"rendered":"https:\/\/red-lighttherapy.com\/?post_type=product&#038;p=434"},"modified":"2025-04-11T14:21:02","modified_gmt":"2025-04-11T14:21:02","slug":"custom-essential-oil-perfume-drawer-paper-boxes-wholesale","status":"publish","type":"product","link":"https:\/\/red-lighttherapy.com\/pl\/custom-essential-oil-perfume-drawer-paper-boxes-wholesale\/","title":{"rendered":"Niestandardowe pude\u0142ka papierowe z szufladami na olejki eteryczne Hurtownia"},"content":{"rendered":"<h2 id=\"-customized-essential-oil-perfume-drawer-paper-box-wholesale-product-description-\"><strong>Niestandardowe pude\u0142ka papierowe z szufladami na olejki eteryczne Hurtowy opis produktu<\/strong><\/h2>\n<h2 id=\"-1-ribbon-pull-ring-design-to-enhance-brand-recognition-\"><strong>1. Pier\u015bcie\u0144 \u015bci\u0105gaj\u0105cy w celu zwi\u0119kszenia rozpoznawalno\u015bci marki<\/strong><\/h2>\n<p>G\u00f3rna cz\u0119\u015b\u0107 pude\u0142ka jest wyposa\u017cona w spersonalizowany pier\u015bcie\u0144 do \u015bci\u0105gania wst\u0105\u017cki, kt\u00f3ry mo\u017ce by\u0107 u\u017cywany jako pomocniczy uchwyt. Kolor i materia\u0142 wst\u0105\u017cki (taki jak satyna i aksamit) mo\u017cna dostosowa\u0107 tak, aby odzwierciedla\u0142 g\u0142\u00f3wny kolor marki, zwi\u0119kszaj\u0105c atrakcyjno\u015b\u0107 wizualn\u0105 i punkt pami\u0119ci marki. Na przyk\u0142ad, z\u0142ote lub r\u00f3\u017cowe wst\u0105\u017cki odzwierciedlaj\u0105 proces t\u0142oczenia na gor\u0105co i romantyczny motyw, tworz\u0105c unikalny symbol estetyczny.<\/p>\n<h2 id=\"-2-hot-stamping-process-luxurious-texture-shows-the-brand-tone-\"><strong>2. Z\u0142ota folia t\u0142oczona na gor\u0105co, luksusowa tekstura pokazuje ton marki<\/strong><\/h2>\n<p>Na powierzchni zastosowano wysoce precyzyjny proces t\u0142oczenia na gor\u0105co, linie s\u0105 delikatne i g\u0142adkie, a z\u0142oty po\u0142ysk tworzy wizualny kontrast z r\u00f3\u017cowym korpusem pude\u0142ka, podkre\u015blaj\u0105c luksus i wysokiej klasy pozycjonowanie marki. Obs\u0142uguje cz\u0119\u015bciow\u0105 z\u0142ot\u0105 foli\u0119 do t\u0142oczenia na gor\u0105co (tak\u0105 jak LOGO, wz\u00f3r) lub pe\u0142ne t\u0142oczenie na gor\u0105co, aby spe\u0142ni\u0107 r\u00f3\u017cne potrzeby projektowe, dzi\u0119ki czemu opakowanie jest cichym \"rzecznikiem\" marki.<\/p>\n<h2 id=\"-3-pink-as-the-main-color-awakening-emotional-resonance-\"><strong>3. R\u00f3\u017cowy jako g\u0142\u00f3wny kolor, budz\u0105cy rezonans emocjonalny<\/strong><\/h2>\n<p>Korpus pude\u0142ka jest g\u0142\u00f3wnie w delikatnym r\u00f3\u017cu, przekazuj\u0105c romantyczny i s\u0142odki temperament marki, kt\u00f3ry jest zgodny z d\u0105\u017ceniem kobiet do szcz\u0119\u015bcia i eleganckiego \u017cycia. Obs\u0142uguje dostosowywanie numer\u00f3w kolor\u00f3w Pantone, aby zapewni\u0107 dok\u0142adne odwzorowanie kolor\u00f3w i spe\u0142ni\u0107 spersonalizowane potrzeby r\u00f3\u017cnych marek w zakresie g\u0142\u0119bi i jasno\u015bci r\u00f3\u017cu.<\/p>\n<h2 id=\"-4-customized-lining-solution-to-protect-products-in-all-directions-\"><strong>4. Indywidualne rozwi\u0105zanie podszewki do ochrony produkt\u00f3w we wszystkich kierunkach<\/strong><\/h2>\n<p>Dost\u0119pne s\u0105 r\u00f3\u017cne opcje materia\u0142\u00f3w ok\u0142adzinowych, w tym<\/p>\n<ul>\n<li><strong>Flokowana podszewka EVA<\/strong>Odporny na wstrz\u0105sy i nacisk, delikatny w dotyku, odpowiedni do butelek o nieregularnych kszta\u0142tach;<\/li>\n<li><strong>Podszewka z jedwabnej tkaniny\/g\u0105bki<\/strong>Zwi\u0119ksz wyj\u0105tkowo\u015b\u0107 opakowania, zamocuj butelk\u0119 perfum i unikaj wstrz\u0105s\u00f3w podczas transportu;<\/li>\n<li><strong>Kartonowa struktura warstwowa<\/strong>Obs\u0142uguj\u0105 pakowanie wielu butelek i optymalizuj\u0105 wykorzystanie przestrzeni. Wszystkie ok\u0142adziny mo\u017cna precyzyjnie dopasowa\u0107 do rozmiaru produktu, aby zapewni\u0107 bezpiecze\u0144stwo transportu.<\/li>\n<\/ul>\n<h2 id=\"-5-highly-flexible-customization-to-meet-diverse-needs-\"><strong>5. Wysoce elastyczne dostosowanie do r\u00f3\u017cnych potrzeb<\/strong><\/h2>\n<ul>\n<li><strong>Rozmiar<\/strong>: Obs\u0142uguje dostosowanie pude\u0142ka butelek olejk\u00f3w eterycznych 10 ml-100 ml i butelek perfum, z b\u0142\u0119dem \u015brednicy wewn\u0119trznej \u22640,1 mm;<\/li>\n<li><strong>Materia\u0142<\/strong>: Opcjonalnie karton, papier specjalny (taki jak papier per\u0142owy, papier dotykowy), przyjazny dla \u015brodowiska papier z recyklingu itp;<\/li>\n<li><strong>Proces drukowania<\/strong>: Opr\u00f3cz t\u0142oczenia na gor\u0105co obs\u0142uguje druk UV, sitodruk, wyt\u0142aczanie i inne efekty pozwalaj\u0105ce uzyska\u0107 matow\u0105, b\u0142yszcz\u0105c\u0105 lub teksturowan\u0105 tekstur\u0119;<\/li>\n<li><strong>Rozszerzenie typu Box<\/strong>: Mo\u017ce by\u0107 \u0142\u0105czony z g\u00f3rnymi i dolnymi pokrywami, magnetycznymi klamrami i innymi konstrukcjami w celu zwi\u0119kszenia funkcjonalno\u015bci opakowania.<\/li>\n<\/ul>\n<h2 id=\"-6-fsc-certified-materials-environmental-protection-and-quality-double-guarantee-\"><strong>6. Materia\u0142y z certyfikatem FSC, ochrona \u015brodowiska i podw\u00f3jna gwarancja jako\u015bci<\/strong><\/h2>\n<p>Surowce przesz\u0142y certyfikacj\u0119 gospodarki le\u015bnej FSC, aby zapewni\u0107, \u017ce \u017ar\u00f3d\u0142o papieru jest zr\u00f3wnowa\u017cone i spe\u0142nia wymogi ochrony \u015brodowiska na rynku europejskim i ameryka\u0144skim. Zapewnienie ekologicznych rozwi\u0105za\u0144 opakowaniowych dla wysokiej klasy marek i pomoc markom w przekazywaniu koncepcji odpowiedzialno\u015bci spo\u0142ecznej.<\/p>\n<h2 id=\"-8-one-to-one-professional-service-efficient-delivery-without-worries-\"><strong>8. Indywidualna profesjonalna obs\u0142uga, sprawna dostawa bez zmartwie\u0144<\/strong><\/h2>\n<ul>\n<li><strong>Wsparcie projektowe<\/strong>: Zapewnienie us\u0142ugi proofingu modelowania 3D, rendering\u00f3w wyj\u015bciowych w ci\u0105gu 48 godzin i zapewnienie dok\u0142adnej realizacji projektu;<\/li>\n<li><strong>B\u0142yskawiczna dostawa<\/strong>: Minimalne zam\u00f3wienie 500 sztuk, regularne zam\u00f3wienia s\u0105 dostarczane w ci\u0105gu 7-15 dni, a zam\u00f3wienia przyspieszone s\u0105 wysy\u0142ane w ci\u0105gu 5 dni;<\/li>\n<li><strong>Gwarancja posprzeda\u017cna<\/strong>: 15-dniowy bezwarunkowy zwrot i wymiana, pe\u0142ne \u015bledzenie logistyczne, aby zapewni\u0107 bezb\u0142\u0119dn\u0105 dostaw\u0119 opakowania.<\/li>\n<\/ul>\n<p><strong>Obowi\u0105zuj\u0105ce scenariusze<\/strong>: Marki perfum, producenci olejk\u00f3w eterycznych, pude\u0142ka na prezenty \u015bwi\u0105teczne, personalizacja wysokiej klasy produkt\u00f3w kosmetycznych.\u00a0<strong>Zalety wsp\u00f3\u0142pracy<\/strong>: Osi\u0105gnij zr\u00f3\u017cnicowanie marki dzi\u0119ki wysokiej wydajno\u015bci kosztowej, interpretuj jako\u015b\u0107 za pomoc\u0105 szczeg\u00f3\u0142\u00f3w i pozw\u00f3l, aby ka\u017cdy zapach ni\u00f3s\u0142 ze sob\u0105 kunszt i estetyk\u0119.<\/p>","protected":false},"excerpt":{"rendered":"<p>Papierowe pude\u0142ko z szuflad\u0105 mo\u017cna \u0142atwo otworzy\u0107 i jest wygodniejsze. Proces t\u0142oczenia z\u0142ot\u0105 foli\u0105 na gor\u0105co mo\u017ce nada\u0107 opakowaniu poczucie luksusu i wysokiej jako\u015bci prezentacji wizualnej.<\/p>","protected":false},"featured_media":435,"template":"","meta":{"_kad_post_transparent":"default","_kad_post_title":"","_kad_post_layout":"default","_kad_post_sidebar_id":"","_kad_post_content_style":"default","_kad_post_vertical_padding":"default","_kad_post_feature":"","_kad_post_feature_position":"","_kad_post_header":false,"_kad_post_footer":false,"_kad_post_classname":""},"product_brand":[],"product_cat":[15,28,20,17],"product_tag":[139,138,137],"class_list":{"0":"post-434","1":"product","2":"type-product","3":"status-publish","4":"has-post-thumbnail","6":"product_cat-red-light-therapy","7":"product_cat-customize","8":"product_cat-led-face-light-therapy","9":"product_cat-services","10":"product_tag-cosmetic-perfume-boxes-wholesale","11":"product_tag-custom-perfume-boxes-wholesale","12":"product_tag-essential-oil-drawer-paper-boxes","14":"first","15":"instock","16":"shipping-taxable","17":"product-type-simple","18":"entry","19":"content-bg","20":"loop-entry"},"_links":{"self":[{"href":"https:\/\/red-lighttherapy.com\/pl\/wp-json\/wp\/v2\/product\/434","targetHints":{"allow":["GET"]}}],"collection":[{"href":"https:\/\/red-lighttherapy.com\/pl\/wp-json\/wp\/v2\/product"}],"about":[{"href":"https:\/\/red-lighttherapy.com\/pl\/wp-json\/wp\/v2\/types\/product"}],"wp:featuredmedia":[{"embeddable":true,"href":"https:\/\/red-lighttherapy.com\/pl\/wp-json\/wp\/v2\/media\/435"}],"wp:attachment":[{"href":"https:\/\/red-lighttherapy.com\/pl\/wp-json\/wp\/v2\/media?parent=434"}],"wp:term":[{"taxonomy":"product_brand","embeddable":true,"href":"https:\/\/red-lighttherapy.com\/pl\/wp-json\/wp\/v2\/product_brand?post=434"},{"taxonomy":"product_cat","embeddable":true,"href":"https:\/\/red-lighttherapy.com\/pl\/wp-json\/wp\/v2\/product_cat?post=434"},{"taxonomy":"product_tag","embeddable":true,"href":"https:\/\/red-lighttherapy.com\/pl\/wp-json\/wp\/v2\/product_tag?post=434"}],"curies":[{"name":"wp","href":"https:\/\/api.w.org\/{rel}","templated":true}]}}