{"id":428,"date":"2025-04-11T12:53:29","date_gmt":"2025-04-11T12:53:29","guid":{"rendered":"https:\/\/red-lighttherapy.com\/?post_type=product&#038;p=428"},"modified":"2025-04-11T13:15:50","modified_gmt":"2025-04-11T13:15:50","slug":"wholesale-luxury-lid-and-base-ring-earring-necklace-packaging","status":"publish","type":"product","link":"https:\/\/red-lighttherapy.com\/pl\/wholesale-luxury-lid-and-base-ring-earring-necklace-packaging\/","title":{"rendered":"Hurtownia luksusowych opakowa\u0144 na kolczyki z pokrywk\u0105 i podstaw\u0105"},"content":{"rendered":"<h2 id=\"-product-description-of-luxury-lid-base-ring-earring-necklace-packaging-box-\"><strong>Opis produktu Luksusowe pude\u0142ko na kolczyki z pokrywk\u0105 i podstaw\u0105<\/strong><\/h2>\n<h2 id=\"-1-simple-and-elegant-design-highlighting-brand-texture-\"><strong>1. Prosty i elegancki design, podkre\u015blaj\u0105cy tekstur\u0119 marki<\/strong><\/h2>\n<p>Ta seria pude\u0142ek do pakowania przyjmuje minimalistyczn\u0105 koncepcj\u0119 estetyczn\u0105, a powierzchnia jest obrysowana za pomoc\u0105 precyzyjnej technologii t\u0142oczenia na gor\u0105co matowego z\u0142ota, aby obrysowa\u0107 logo marki lub wz\u00f3r tekstury, ujawniaj\u0105c luksusowy temperament w stonowany spos\u00f3b. Zderzenie matowej tekstury i metalicznego po\u0142ysku nie tylko odpowiada nowoczesnym trendom estetycznym, ale tak\u017ce wzmacnia wizualn\u0105 pami\u0119\u0107 marki. Korpus pude\u0142ka ma g\u0142adkie linie i nie ma zb\u0119dnych dekoracji, co spe\u0142nia g\u0142\u00f3wny urok wysokiej klasy bi\u017cuterii i towar\u00f3w luksusowych do pakowania \"prostych, ale nie prostych\".<\/p>\n<h2 id=\"-2-full-size-flexible-customization-suitable-for-a-variety-of-products-\"><strong>2. Elastyczne dostosowywanie w pe\u0142nym rozmiarze, odpowiednie dla r\u00f3\u017cnych produkt\u00f3w<\/strong><\/h2>\n<ul>\n<li><strong>Precyzyjne dopasowanie rozmiaru<\/strong>: Obs\u0142uguje pe\u0142ne dostosowanie rozmiaru od pier\u015bcionk\u00f3w (minimum 5\u00d75\u00d73,5 cm) do naszyjnik\u00f3w (maksymalnie 23\u00d717,5\u00d73,5 cm), zaspokajaj\u0105c potrzeby lekkiej bi\u017cuterii, akcesori\u00f3w z metali szlachetnych itp.<\/li>\n<li><strong>Elastyczny wyb\u00f3r typu pude\u0142ka<\/strong>: Zapewnia r\u00f3\u017cnorodne typy pude\u0142ek, takie jak pokrywy g\u00f3rne i dolne, magnetyczne klapki, pude\u0142ka na poduszki itp. i mo\u017ce dostosowywa\u0107 ekskluzywne struktury zgodnie z kszta\u0142tami produkt\u00f3w i wymaganiami dotycz\u0105cymi wy\u015bwietlania. Na przyk\u0142ad magnetyczne pude\u0142ko z klapk\u0105 jest \u0142atwe do otwierania i zamykania oraz ma mocne uszczelnienie, kt\u00f3re nadaje si\u0119 do wy\u015bwietlania bi\u017cuterii o wysokiej cz\u0119stotliwo\u015bci; g\u00f3rne i dolne pude\u0142ko z pokryw\u0105 ma zar\u00f3wno ochron\u0119, jak i zmys\u0142 rytualny, co nadaje si\u0119 do wysokiej klasy scen prezentowych.<\/li>\n<\/ul>\n<h2 id=\"-3-professional-inner-tray-customization-stable-and-worry-free-protection-\"><strong>3. Profesjonalne dostosowanie tacy wewn\u0119trznej, stabilna i bezproblemowa ochrona<\/strong><\/h2>\n<ul>\n<li><strong>R\u00f3\u017cnorodno\u015b\u0107 materia\u0142\u00f3w<\/strong>: Wewn\u0119trzna taca mo\u017ce by\u0107 wykonana z EVA, bawe\u0142ny per\u0142owej, g\u0105bki flokowanej, papierowej karty blister i innych materia\u0142\u00f3w, dok\u0142adnie mocuj\u0105c pier\u015bcionki, kolczyki, naszyjniki i inne produkty, aby unikn\u0105\u0107 wstrz\u0105s\u00f3w i zu\u017cycia podczas transportu lub ekspozycji. Na przyk\u0142ad flokowana podszewka ma funkcj\u0119 antystatyczn\u0105, aby chroni\u0107 po\u0142ysk metalowej bi\u017cuterii; wewn\u0119trzna taca blistrowa ma du\u017c\u0105 plastyczno\u015b\u0107 i nadaje si\u0119 do bi\u017cuterii o specjalnym kszta\u0142cie.<\/li>\n<li><strong>Projekt funkcjonalny<\/strong>: Dostosuj ekskluzywne gniazda kart dla r\u00f3\u017cnych typ\u00f3w bi\u017cuterii, takich jak gniazda na pier\u015bcionki, kolczyki, haczyki na naszyjniki itp., aby zapewni\u0107 stabilno\u015b\u0107 produktu i intuicyjny efekt wy\u015bwietlania.<\/li>\n<\/ul>\n<h2 id=\"-4-full-dimensional-craftsmanship-and-material-customization-to-empower-brand-image-\"><strong>4. Pe\u0142nowymiarowe rzemios\u0142o i dostosowywanie materia\u0142\u00f3w w celu wzmocnienia wizerunku marki<\/strong><\/h2>\n<ul>\n<li><strong>Ulepszenie materia\u0142\u00f3w<\/strong>: Dostarczamy wysokiej klasy materia\u0142y, takie jak specjalny papier artystyczny (np. papier per\u0142owy, papier dotykowy), aksamitne pokrycie i przyjazn\u0105 dla \u015brodowiska sk\u00f3r\u0119, aby zaspokoi\u0107 zr\u00f3\u017cnicowane potrzeby, od lekkiego luksusu po najwy\u017cszy luksus. Na przyk\u0142ad, aksamitny materia\u0142 ma delikatny dotyk, kt\u00f3ry pasuje do ciep\u0142ej tekstury bi\u017cuterii; specjalny papier mo\u017ce poprawi\u0107 poziom wizualny poprzez wyt\u0142aczanie, t\u0142oczenie na gor\u0105co i inne procesy.<\/li>\n<li><strong>Innowacyjne po\u0142\u0105czenie technologii<\/strong>: Obs\u0142uguje nak\u0142adanie t\u0142oczenia na gor\u0105co \/ srebra, wyt\u0142aczania, cz\u0119\u015bciowej jasnej powierzchni UV, sitodruku i innych proces\u00f3w w celu stworzenia unikalnego j\u0119zyka wizualnego opakowania.<\/li>\n<\/ul>\n<h2 id=\"-5-industry-experience-endorsement-word-of-mouth-trust-choice-\"><strong>5. Do\u015bwiadczenie w bran\u017cy, wyb\u00f3r zaufania ustnego<\/strong><\/h2>\n<p>Dzi\u0119ki ponad dziesi\u0119cioletniemu do\u015bwiadczeniu w bran\u017cy opakowa\u0144, nasze us\u0142ugi obejmuj\u0105 mi\u0119dzynarodowe marki, takie jak Tiffany i Cartier oraz wschodz\u0105cych krajowych jubiler\u00f3w, a tak\u017ce dostarczyli\u015bmy niestandardowe rozwi\u0105zania dla ponad 500 klient\u00f3w. Dzi\u0119ki dog\u0142\u0119bnemu zrozumieniu bran\u017cy jubilerskiej, dok\u0142adnie kontrolujemy estetyczne dopasowanie opakowania i produkt\u00f3w, pomagaj\u0105c markom poprawi\u0107 ich zdolno\u015b\u0107 premium i wra\u017cenia u\u017cytkownika podczas rozpakowywania.<\/p>\n<h2 id=\"-6-intelligent-production-system-quality-and-efficiency-double-guarantee-\"><strong>6. Inteligentny system produkcji, podw\u00f3jna gwarancja jako\u015bci i wydajno\u015bci<\/strong><\/h2>\n<p>Opieraj\u0105c si\u0119 na inteligentnym systemie zarz\u0105dzania produkcj\u0105, ca\u0142y proces od sprawdzenia projektu do masowej produkcji jest zautomatyzowany i informacyjny:<\/p>\n<ul>\n<li><strong>Precyzyjna kontrola jako\u015bci<\/strong>: Sprz\u0119t do kontroli wizualnej AI zapewnia dok\u0142adno\u015b\u0107 procesu i sp\u00f3jno\u015b\u0107 ka\u017cdego opakowania, ze wska\u017anikiem defekt\u00f3w poni\u017cej 0,1%.<\/li>\n<li><strong>Elastyczna produkcja<\/strong>: Obs\u0142uga elastycznych zam\u00f3wie\u0144 od 50 sztuk do 10 000 sztuk, szybka dostawa w ci\u0105gu 7-15 dni, aby zaspokoi\u0107 potrzeby promocji marki w szczycie sezonu lub limitowanych pierwszych wyda\u0144.<\/li>\n<\/ul>\n<h2 id=\"-cooperation-value-\"><strong>Warto\u015b\u0107 wsp\u00f3\u0142pracy<\/strong><\/h2>\n<p>Wybierz nasze rozwi\u0105zanie opakowaniowe, a otrzymasz \u2705\u00a0<strong>Poprawa wizerunku marki<\/strong>: Nadanie tonu marce poprzez spersonalizowany projekt w celu wzmocnienia \u015bwiadomo\u015bci konsument\u00f3w; \u2705\u00a0<strong>Optymalizacja do\u015bwiadczenia u\u017cytkownika<\/strong>: Wielowymiarowa poprawa rytua\u0142u otwierania i zamykania, ochrony i przeno\u015bno\u015bci, zwi\u0119kszaj\u0105ca ch\u0119\u0107 klient\u00f3w do ponownego zakupu; \u2705\u00a0<strong>Bilans efektywno\u015bci kosztowej<\/strong>: Zakupy na du\u017c\u0105 skal\u0119 i inteligentny system produkcji w celu zapewnienia wysokiej jako\u015bci i rozs\u0105dnych koszt\u00f3w.<\/p>","protected":false},"excerpt":{"rendered":"<p>To pude\u0142ko z pokryw\u0105 i podstaw\u0105 przyjmuje g\u00f3rn\u0105 i doln\u0105 struktur\u0119 pokrywy, kt\u00f3ra jest \u0142atwa do zabrania. Proces foliowania punktowego UV + z\u0142otego t\u0142oczenia na gor\u0105co nadaje opakowaniu poczucie luksusu i zwi\u0119ksza warto\u015b\u0107 dodan\u0105.<\/p>","protected":false},"featured_media":432,"template":"","meta":{"_kad_post_transparent":"default","_kad_post_title":"","_kad_post_layout":"default","_kad_post_sidebar_id":"","_kad_post_content_style":"default","_kad_post_vertical_padding":"default","_kad_post_feature":"","_kad_post_feature_position":"","_kad_post_header":false,"_kad_post_footer":false,"_kad_post_classname":""},"product_brand":[],"product_cat":[15,19,17],"product_tag":[132,130,131],"class_list":{"0":"post-428","1":"product","2":"type-product","3":"status-publish","4":"has-post-thumbnail","6":"product_cat-red-light-therapy","7":"product_cat-red-light-therapy-stand","8":"product_cat-services","9":"product_tag-necklace-packaging","10":"product_tag-ring-packaging","11":"product_tag-wholesale-earring-packaging","13":"first","14":"instock","15":"shipping-taxable","16":"product-type-simple","17":"entry","18":"content-bg","19":"loop-entry"},"_links":{"self":[{"href":"https:\/\/red-lighttherapy.com\/pl\/wp-json\/wp\/v2\/product\/428","targetHints":{"allow":["GET"]}}],"collection":[{"href":"https:\/\/red-lighttherapy.com\/pl\/wp-json\/wp\/v2\/product"}],"about":[{"href":"https:\/\/red-lighttherapy.com\/pl\/wp-json\/wp\/v2\/types\/product"}],"wp:featuredmedia":[{"embeddable":true,"href":"https:\/\/red-lighttherapy.com\/pl\/wp-json\/wp\/v2\/media\/432"}],"wp:attachment":[{"href":"https:\/\/red-lighttherapy.com\/pl\/wp-json\/wp\/v2\/media?parent=428"}],"wp:term":[{"taxonomy":"product_brand","embeddable":true,"href":"https:\/\/red-lighttherapy.com\/pl\/wp-json\/wp\/v2\/product_brand?post=428"},{"taxonomy":"product_cat","embeddable":true,"href":"https:\/\/red-lighttherapy.com\/pl\/wp-json\/wp\/v2\/product_cat?post=428"},{"taxonomy":"product_tag","embeddable":true,"href":"https:\/\/red-lighttherapy.com\/pl\/wp-json\/wp\/v2\/product_tag?post=428"}],"curies":[{"name":"wp","href":"https:\/\/api.w.org\/{rel}","templated":true}]}}