{"id":416,"date":"2025-04-11T11:52:55","date_gmt":"2025-04-11T11:52:55","guid":{"rendered":"https:\/\/red-lighttherapy.com\/?post_type=product&#038;p=416"},"modified":"2025-04-20T05:59:36","modified_gmt":"2025-04-20T05:59:36","slug":"lid-and-base-box-mobile-cell-phone-packaging-box-factory","status":"publish","type":"product","link":"https:\/\/red-lighttherapy.com\/pl\/lid-and-base-box-mobile-cell-phone-packaging-box-factory\/","title":{"rendered":"Pokrywa i podstawa pude\u0142ka Fabryka opakowa\u0144 na telefony kom\u00f3rkowe"},"content":{"rendered":"<h2 id=\"-product-description-of-mobile-phone-box-with-top-and-bottom-cover-\"><strong>Opis produktu Fabryka opakowa\u0144 na telefony kom\u00f3rkowe z pokrywk\u0105 i podstaw\u0105<\/strong><\/h2>\n<h2 id=\"-1-box-design-top-and-bottom-cover-structure-practical-and-environmentally-friendly-\"><strong>1. Konstrukcja pude\u0142ka: Struktura pokrywy i podstawy, praktyczna i przyjazna dla \u015brodowiska<\/strong><\/h2>\n<p>W tym produkcie zastosowano klasyczn\u0105 konstrukcj\u0119 pokrywy i podstawy. G\u00f3rna pokrywa i dolne pude\u0142ko s\u0105 ze sob\u0105 precyzyjnie po\u0142\u0105czone. Jest wygodny do otwierania i zamykania oraz ma silne poczucie rytua\u0142u, zapewniaj\u0105c konsumentom wyj\u0105tkowe wra\u017cenia podczas rozpakowywania. Konstrukcja g\u00f3rnej i dolnej pokrywy nie tylko skutecznie chroni bezpiecze\u0144stwo transportu produktu, ale ma r\u00f3wnie\u017c nast\u0119puj\u0105ce zalety:<\/p>\n<ul>\n<li><strong>Wykorzystanie drugorz\u0119dne<\/strong>: Korpus pude\u0142ka ma konstrukcj\u0119 modu\u0142ow\u0105 i mo\u017cna go \u0142atwo rozdzieli\u0107 bez u\u017cycia kleju lub skomplikowanego demonta\u017cu. Konsumenci mog\u0105 go ponownie wykorzysta\u0107 jako pude\u0142ko do przechowywania, gablot\u0119 itp., co jest zgodne z koncepcj\u0105 ochrony \u015brodowiska.<\/li>\n<li><strong>Wysoka zdolno\u015b\u0107 adaptacji<\/strong>: Obs\u0142uguje niestandardowy rozmiar (nieograniczona wysoko\u015b\u0107, szeroko\u015b\u0107 i g\u0142\u0119boko\u015b\u0107), odpowiedni dla telefon\u00f3w kom\u00f3rkowych, akcesori\u00f3w cyfrowych, towar\u00f3w luksusowych i innych produkt\u00f3w.<\/li>\n<\/ul>\n<h2 id=\"-2-appearance-craftsmanship-light-luxury-blue-and-gold-color-matching-highlighting-brand-style-\"><strong>2. Wygl\u0105d rzemios\u0142a: Jasny luksusowy niebieski i z\u0142oty kolor, podkre\u015blaj\u0105cy styl marki<\/strong><\/h2>\n<ul>\n<li><strong>Dopasowanie kolor\u00f3w<\/strong>: G\u0142\u00f3wnym kolorem jest g\u0142\u0119boki morski b\u0142\u0119kit, dopasowany do technologii t\u0142oczenia na gor\u0105co (takich jak LOGO marki, wzory itp.), Tworz\u0105c silny kontrast wizualny, tworz\u0105c lekk\u0105 luksusow\u0105 i szlachetn\u0105 atmosfer\u0119.<\/li>\n<li><strong>Technologia t\u0142oczenia na gor\u0105co<\/strong>: Precyzyjny sprz\u0119t do t\u0142oczenia na gor\u0105co zapewnia, \u017ce kraw\u0119dzie wzoru s\u0105 wyra\u017ane i pozbawione zadzior\u00f3w, a z\u0142ote i niebieskie t\u0142a tworz\u0105 tr\u00f3jwymiarowe poczucie hierarchii, co zwi\u0119ksza atrakcyjno\u015b\u0107 ekspozycji produktu.<\/li>\n<\/ul>\n<h2 id=\"-3-core-material-high-load-bearing-gray-board-coated-paper-quality-and-performance-\"><strong>3. Materia\u0142 rdzenia: szara p\u0142yta o wysokiej no\u015bno\u015bci + papier powlekany, jako\u015b\u0107 i wydajno\u015b\u0107<\/strong><\/h2>\n<ul>\n<li><strong>Pod\u0142o\u017ce z szarej p\u0142yty<\/strong>: Wybierz szar\u0105 tektur\u0119 o wysokiej g\u0119sto\u015bci 1200 GSM, o jednolitej grubo\u015bci, silnym wi\u0105zaniu mi\u0119dzywarstwowym i wytrzyma\u0142o\u015bci na \u015bciskanie ponad 150 kg, skutecznie zapobiegaj\u0105c deformacji podczas transportu. Powierzchnia szarej p\u0142yty jest p\u0142aska, co jest wygodne dla p\u00f3\u017aniejszego procesu monta\u017cu i obs\u0142uguje sk\u0142adanie i formowanie, z ostrymi kraw\u0119dziami i naro\u017cnikami oraz wyj\u0105tkowym wygl\u0105dem.<\/li>\n<li><strong>Materia\u0142 papieru ok\u0142adzinowego<\/strong>: Zewn\u0119trzna warstwa pokryta jest papierem powlekanym 157 GSM, o wysokim odwzorowaniu kolor\u00f3w, wspieraj\u0105cym druk offsetowy, druk UV i inne procesy, a wz\u00f3r jest delikatny, odporny na zu\u017cycie i zarysowania.<\/li>\n<\/ul>\n<h2 id=\"-4-inner-support-design-multiple-material-selection-precise-product-fixation-\"><strong>4. Konstrukcja wspornika wewn\u0119trznego: wyb\u00f3r wielu materia\u0142\u00f3w, precyzyjne mocowanie produktu<\/strong><\/h2>\n<ul>\n<li><strong>Wewn\u0119trzne rozwi\u0105zanie wspomagaj\u0105ce<\/strong>: EVA, per\u0142owa bawe\u0142na, g\u0105bka, papierowy blister i inne materia\u0142y podszewkowe, specjalne rowki dostosowane do kszta\u0142tu produktu, aby zapewni\u0107 stabilno\u015b\u0107 i odporno\u015b\u0107 na wstrz\u0105sy telefonu kom\u00f3rkowego i akcesori\u00f3w.<\/li>\n<li><strong>Optymalizacja funkcji<\/strong>:<\/li>\n<li><strong>EVA\/Bawe\u0142na per\u0142owa<\/strong>: Wysoce elastyczny bufor, odpowiedni do delikatnych przedmiot\u00f3w;<\/li>\n<li><strong>Blister z kart\u0105 papierow\u0105<\/strong>: Przyjazne dla \u015brodowiska i degradowalne, odpowiednie do pozycjonowania wysokiej klasy prezent\u00f3w;<\/li>\n<li><strong>Mocowanie j\u0119zyka<\/strong>: Konstrukcja typu \"pi\u00f3ro i wpust\" umo\u017cliwia szybki monta\u017c wewn\u0119trznej tacy i korpusu pude\u0142ka w celu poprawy wydajno\u015bci pakowania.<\/li>\n<\/ul>\n<h2 id=\"-5-production-capacity-automated-production-line-efficient-delivery-of-large-scale-orders-\"><strong>5. Zdolno\u015b\u0107 produkcyjna: Zautomatyzowana linia produkcyjna, sprawna realizacja zam\u00f3wie\u0144 na du\u017c\u0105 skal\u0119<\/strong><\/h2>\n<ul>\n<li><strong>Inteligentny sprz\u0119t<\/strong>: Wyposa\u017cony w pe\u0142ni automatyczne maszyny sztancuj\u0105ce, maszyny do formowania blistr\u00f3w, maszyny do t\u0142oczenia na gor\u0105co i inny sprz\u0119t do zintegrowanej produkcji od d\u0142utowania, wklejania naro\u017cnik\u00f3w po formowanie, ze \u015bredni\u0105 dzienn\u0105 zdolno\u015bci\u0105 produkcyjn\u0105 ponad 100 000 sztuk.<\/li>\n<li><strong>Zalety procesu<\/strong>:<\/li>\n<li><strong>Precyzyjne wykrawanie<\/strong>: Technologia pozycjonowania laserowego zapewnia, \u017ce b\u0142\u0105d szczeliny szarej p\u0142yty wynosi \u22641 mm, unikaj\u0105c zadzior\u00f3w sk\u0142adanego pude\u0142ka;<\/li>\n<li><strong>Szybka wymiana formy<\/strong>: Formy modu\u0142owe umo\u017cliwiaj\u0105 zmian\u0119 specyfikacji produktu w ci\u0105gu 15 minut, aby zaspokoi\u0107 potrzeby wielu partii zam\u00f3wie\u0144.<\/li>\n<\/ul>\n<h2 id=\"-6-quality-control-full-process-inspection-to-ensure-zero-product-defects-\"><strong>6. Kontrola jako\u015bci: pe\u0142na kontrola procesu w celu zapewnienia braku wad produktu<\/strong><\/h2>\n<ul>\n<li><strong>Kontrola surowc\u00f3w<\/strong>Parametry takie jak przepuszczalno\u015b\u0107 szarej tektury i gramatura powlekanego papieru s\u0105 certyfikowane przez FSC, aby wyeliminowa\u0107 ryzyko rozwarstwienia i deformacji.<\/li>\n<li><strong>Monitorowanie proces\u00f3w<\/strong>:<\/li>\n<li><strong>Kontrola pierwszej sztuki<\/strong>Test ci\u015bnieniowy i weryfikacja wymiar\u00f3w pierwszej sztuki s\u0105 przeprowadzane przed ka\u017cd\u0105 parti\u0105 produkcyjn\u0105;<\/li>\n<li><strong>Inspekcja online<\/strong>Monitorowanie w czasie rzeczywistym odchylenia pozycji t\u0142oczenia na gor\u0105co, r\u00f3\u017cnicy kolor\u00f3w druku itp. za pomoc\u0105 systemu wizyjnego maszyny.<\/li>\n<li><strong>Odbi\u00f3r gotowego produktu<\/strong>: Standardy ASTM s\u0105 wdra\u017cane, a testy drga\u0144 transportowych s\u0105 symulowane, aby zapewni\u0107, \u017ce wska\u017anik pozytywnego wyniku testu upadku wynosi \u226599,9%.<\/li>\n<\/ul>\n<h2 id=\"-cooperation-advantages-and-service-commitments-\"><strong>Korzy\u015bci ze wsp\u00f3\u0142pracy i zobowi\u0105zania do \u015bwiadczenia us\u0142ug<\/strong><\/h2>\n<ul>\n<li><strong>Us\u0142uga dostosowana do potrzeb klienta<\/strong>: Projekty 3D i fizyczne wydruki pr\u00f3bne s\u0105 dostarczane bezp\u0142atnie, a pr\u00f3bki s\u0105 dostarczane w ci\u0105gu 3 dni;<\/li>\n<li><strong>Certyfikacja \u015brodowiskowa<\/strong>Materia\u0142y s\u0105 zgodne z normami REACH i RoHS oraz wspieraj\u0105 procesy degradacji;<\/li>\n<li><strong>Gwarancja posprzeda\u017cna<\/strong>Bezwarunkowa przer\u00f3bka w przypadku problem\u00f3w z jako\u015bci\u0105, a tak\u017ce pe\u0142ny raport \u015bledzenia jako\u015bci w ca\u0142ym cyklu \u017cycia produktu.<\/li>\n<\/ul>\n<p>Dzi\u0119ki g\u0142\u0119bokiej integracji powy\u017cszych projekt\u00f3w, materia\u0142\u00f3w i proces\u00f3w, pokrywki i g\u00f3rne pude\u0142ka do pakowania produkowane przez t\u0119 fabryk\u0119 nie tylko spe\u0142niaj\u0105 potrzeby funkcjonalne, ale tak\u017ce zwi\u0119kszaj\u0105 warto\u015b\u0107 marki dzi\u0119ki lekkiej luksusowej estetyce i koncepcjom ochrony \u015brodowiska, pomagaj\u0105c klientom stworzy\u0107 zr\u00f3\u017cnicowany wizerunek produktu wysokiej klasy.<\/p>","protected":false},"excerpt":{"rendered":"<p>To pude\u0142ko z pokryw\u0105 i podstaw\u0105 przyjmuje g\u00f3rn\u0105 i doln\u0105 struktur\u0119 pokrywy, kt\u00f3ra jest \u0142atwa do zabrania. Proces foliowania punktowego UV + z\u0142otego t\u0142oczenia na gor\u0105co nadaje opakowaniu poczucie luksusu i zwi\u0119ksza warto\u015b\u0107 dodan\u0105.<\/p>","protected":false},"featured_media":425,"template":"","meta":{"_kad_post_transparent":"default","_kad_post_title":"","_kad_post_layout":"default","_kad_post_sidebar_id":"","_kad_post_content_style":"default","_kad_post_vertical_padding":"default","_kad_post_feature":"","_kad_post_feature_position":"","_kad_post_header":false,"_kad_post_footer":false,"_kad_post_classname":""},"product_brand":[],"product_cat":[15,19,17],"product_tag":[129,128,127],"class_list":{"0":"post-416","1":"product","2":"type-product","3":"status-publish","4":"has-post-thumbnail","6":"product_cat-red-light-therapy","7":"product_cat-red-light-therapy-stand","8":"product_cat-services","9":"product_tag-cell-phone-packaging-factory","10":"product_tag-cellphone-packaging-box","11":"product_tag-mobile-phone-boxes","13":"first","14":"instock","15":"shipping-taxable","16":"product-type-simple","17":"entry","18":"content-bg","19":"loop-entry"},"_links":{"self":[{"href":"https:\/\/red-lighttherapy.com\/pl\/wp-json\/wp\/v2\/product\/416","targetHints":{"allow":["GET"]}}],"collection":[{"href":"https:\/\/red-lighttherapy.com\/pl\/wp-json\/wp\/v2\/product"}],"about":[{"href":"https:\/\/red-lighttherapy.com\/pl\/wp-json\/wp\/v2\/types\/product"}],"wp:featuredmedia":[{"embeddable":true,"href":"https:\/\/red-lighttherapy.com\/pl\/wp-json\/wp\/v2\/media\/425"}],"wp:attachment":[{"href":"https:\/\/red-lighttherapy.com\/pl\/wp-json\/wp\/v2\/media?parent=416"}],"wp:term":[{"taxonomy":"product_brand","embeddable":true,"href":"https:\/\/red-lighttherapy.com\/pl\/wp-json\/wp\/v2\/product_brand?post=416"},{"taxonomy":"product_cat","embeddable":true,"href":"https:\/\/red-lighttherapy.com\/pl\/wp-json\/wp\/v2\/product_cat?post=416"},{"taxonomy":"product_tag","embeddable":true,"href":"https:\/\/red-lighttherapy.com\/pl\/wp-json\/wp\/v2\/product_tag?post=416"}],"curies":[{"name":"wp","href":"https:\/\/api.w.org\/{rel}","templated":true}]}}