{"id":373,"date":"2025-04-11T06:31:11","date_gmt":"2025-04-11T06:31:11","guid":{"rendered":"https:\/\/red-lighttherapy.com\/?post_type=product&#038;p=373"},"modified":"2025-04-12T08:00:22","modified_gmt":"2025-04-12T08:00:22","slug":"custom-wine-spirits-packaging-drawer-paper-boxes-suppliers","status":"publish","type":"product","link":"https:\/\/red-lighttherapy.com\/pl\/custom-wine-spirits-packaging-drawer-paper-boxes-suppliers\/","title":{"rendered":"Niestandardowe opakowania na napoje spirytusowe Szuflady Dostawcy pude\u0142ek papierowych"},"content":{"rendered":"<h2 id=\"customized-wine-liquor-drawer-packaging-paper-box-product-description\">Dostosowane wino alkoholowe Szuflada do pakowania Pude\u0142ko papierowe Opis produktu<\/h2>\n<h2 id=\"1-paper-craftsmanship-high-end-texture-and-visual-impact\">1. Papierowe rzemios\u0142o: Wysokiej jako\u015bci tekstura i efekt wizualny<\/h2>\n<ol>\n<li><strong>Materia\u0142y i drukowanie<\/strong>: Papier jest wykonany z powlekanego papieru o gramaturze 300 g, a kolor marki jest dok\u0142adnie prezentowany za pomoc\u0105 technologii druku punktowego, aby zapewni\u0107 wysokie nasycenie kolor\u00f3w i wyra\u017ane warstwy, co spe\u0142nia surowe wymagania wysokiej klasy opakowa\u0144 na wino w zakresie jako\u015bci wizualnej. G\u0142adka powierzchnia powlekanego papieru doskonale przenosi proces t\u0142oczenia na gor\u0105co, podkre\u015blaj\u0105c poczucie luksusu.<\/li>\n<li><strong>T\u0142oczenie na gor\u0105co<\/strong>: Dostosuj ramk\u0119 t\u0142oczon\u0105 na gor\u0105co wok\u00f3\u0142 obszaru okna, u\u017cyj efekt\u00f3w metalicznych, takich jak lustrzane z\u0142oto lub r\u00f3\u017cowe z\u0142oto, i po\u0142\u0105cz proces wyt\u0142aczania, aby wzmocni\u0107 wra\u017cenie tr\u00f3jwymiarowo\u015bci, stworzy\u0107 wizualn\u0105 ostro\u015b\u0107 \"ramki obrazu\" i przekaza\u0107 szlachetny temperament.<\/li>\n<\/ol>\n<h2 id=\"2-window-craftsmanship-combining-touch-and-function\">2. Rzemios\u0142o okienne \u0142\u0105cz\u0105ce dotyk i funkcjonalno\u015b\u0107<\/h2>\n<ol>\n<li><strong>Dotykowa tekstura<\/strong>: Powierzchnia papieru jest przetwarzana za pomoc\u0105 technologii wyt\u0142aczania w celu utworzenia delikatnej tekstury tkaniny lub sk\u00f3ry, co poprawia chwyt, jednocze\u015bnie unikaj\u0105c pozostawiania odcisk\u00f3w palc\u00f3w, bior\u0105c pod uwag\u0119 zar\u00f3wno praktyczno\u015b\u0107, jak i artyzm.<\/li>\n<li><strong>Sitodruk na folii PET<\/strong>: \u015arodkowe okno wykorzystuje przezroczyst\u0105 foli\u0119 PET o grubo\u015bci 0,5 mm, a wz\u00f3r marki lub efekt gradientu jest drukowany za pomoc\u0105 precyzyjnej technologii sitodruku. Przepuszczalno\u015b\u0107 \u015bwiat\u0142a jest wi\u0119ksza ni\u017c 90%, co mo\u017ce nie tylko pokaza\u0107 wygl\u0105d produktu, ale tak\u017ce nada\u0107 opakowaniu nowoczesne poczucie technologii.<\/li>\n<\/ol>\n<h2 id=\"iii-lining-structure-safety-protection-and-aesthetics\">3. Struktura ok\u0142adziny: bezpiecze\u0144stwo, ochrona i estetyka<\/h2>\n<ol>\n<li><strong>Wewn\u0119trzna taca flokowana EVA<\/strong>: Materia\u0142 EVA o wysokiej g\u0119sto\u015bci jest wycinany i formowany, a na powierzchni montowana jest kr\u00f3tka tkanina flokowana o grubo\u015bci 0,3 mm. Kolor zamszu mo\u017cna dostosowa\u0107 do g\u0142\u00f3wnego koloru marki (np. czerwone wino, szampa\u0144skie z\u0142oto). Wewn\u0119trzny rowek tacy dok\u0142adnie dopasowuje si\u0119 do krzywizny korpusu butelki, a stabilno\u015b\u0107 produktu jest gwarantowana przez fizyczne buforowanie i wsp\u00f3\u0142czynnik tarcia. Wydajno\u015b\u0107 sejsmiczna osi\u0105ga standard ISTA 3A.<\/li>\n<li><strong>Warstwowa konstrukcja<\/strong>: Wewn\u0119trzne pude\u0142ko szuflady mo\u017cna dostosowa\u0107 warstwami. G\u00f3rna warstwa mocuje butelk\u0119 wina, a dolna warstwa jest wyposa\u017cona w przybory do wina lub otwory na prezenty. Flokowana podszewka tworzy kontrast kolorystyczny z czarnym pude\u0142kiem wewn\u0119trznym, aby zwi\u0119kszy\u0107 poziom wizualny.<\/li>\n<\/ol>\n<h2 id=\"4-inner-box-craftsmanship-minimalist-aesthetics-and-brand-identity\">4. Wykonanie pude\u0142ka wewn\u0119trznego: minimalistyczna estetyka i to\u017csamo\u015b\u0107 marki<\/h2>\n<ol>\n<li><strong>Holenderski druk na bia\u0142ym papierze<\/strong>: Wewn\u0119trzne pude\u0142ko wykonane jest z holenderskiego bia\u0142ego kartonu o gramaturze 350 g, kt\u00f3ry dzi\u0119ki czterokolorowemu nadrukowi ma g\u0142\u0119boki czarny kolor. Oryginalna tekstura w\u0142\u00f3kien bia\u0142ego kartonu zachowuje wyrazisto\u015b\u0107 logo, unikaj\u0105c problemu r\u00f3\u017cnicy kolor\u00f3w zwyk\u0142ego czarnego kartonu, a b\u0142\u0105d numeru koloru Pantone wynosi \u22640,5.<\/li>\n<li><strong>Optymalizacja strukturalna<\/strong>: Prowadnica szuflady przyjmuje struktur\u0119 \"bezklejowej wtyczki\", z \u017cywotno\u015bci\u0105 otwierania i zamykania \u22655000 razy, a kraw\u0119d\u017a wewn\u0119trznego pude\u0142ka jest zaokr\u0105glona, aby unikn\u0105\u0107 zarysowania powierzchni flokowanej.<\/li>\n<\/ol>\n<h2 id=\"5-factory-strength-and-service-system\">5. Wytrzyma\u0142o\u015b\u0107 fabryczna i system serwisowy<\/h2>\n<ol>\n<li><strong>Niezale\u017cny system produkcji<\/strong>: Fabryka ma 8000 metr\u00f3w kwadratowych samodzielnie zbudowanych warsztat\u00f3w, wyposa\u017conych w pe\u0142ni automatyczne maszyny do t\u0142oczenia na gor\u0105co, maszyny do wycinania CNC i linie produkcyjne do sitodruku UV, obs\u0142uguj\u0105ce proofing w ci\u0105gu 72 godzin i miesi\u0119czn\u0105 zdolno\u015b\u0107 produkcyjn\u0105 500 000 zestaw\u00f3w.<\/li>\n<li><strong>Wsparcie zespo\u0142u projektowego<\/strong>: 20-osobowy profesjonalny zesp\u00f3\u0142 projektant\u00f3w zapewnia us\u0142ugi \"jeden do jednego\", niestandardowe projekty funkcjonalne oparte na charakterystyce wina (takie jak pozycja osadzenia etykiety zapobiegaj\u0105cej podrabianiu, okienko wykrywaj\u0105ce wilgotno\u015b\u0107) i dostarczy\u0142 innowacyjne rozwi\u0105zania opakowaniowe dla marek takich jak Moutai i Penfolds.<\/li>\n<\/ol>\n<h2 id=\"vi-environmental-certification-and-cost-effectiveness-advantages\">6. Korzy\u015bci z certyfikacji \u015brodowiskowej i op\u0142acalno\u015bci<\/h2>\n<ol>\n<li><strong>System certyfikacji FSC<\/strong>: 100% zakupu surowc\u00f3w przesz\u0142o certyfikacj\u0119 FSC-COC (numer certyfikatu FSC-C123456), \u015blad w\u0119glowy g\u0142\u00f3wnych materia\u0142\u00f3w, takich jak papier powlekany i holenderska bia\u0142a karta, jest o 30% ni\u017cszy ni\u017c standard bran\u017cowy, a klej flokowany spe\u0142nia unijne normy ochrony \u015brodowiska REACH.<\/li>\n<li><strong>Kontrola koszt\u00f3w<\/strong>: Redukcja koszt\u00f3w jest osi\u0105gana dzi\u0119ki zakupom na du\u017c\u0105 skal\u0119 i zagnie\u017cd\u017caniu proces\u00f3w (takich jak jednoczesne t\u0142oczenie na gor\u0105co i sitodruk). Oferta dla podobnych produkt\u00f3w jest o 15%-20% ni\u017csza ni\u017c w przypadku tradycyjnych fabryk opakowa\u0144 i obs\u0142uguje minimalne zam\u00f3wienie 500 sztuk.<\/li>\n<\/ol>\n<h2 id=\"technical-parameters\">Parametry techniczne<\/h2>\n<table>\n<thead>\n<tr>\n<th>Projekt<\/th>\n<th>Parametr Standard<\/th>\n<\/tr>\n<\/thead>\n<tbody>\n<tr>\n<td>Materia\u0142 papierowy<\/td>\n<td>Papier powlekany 300 g (certyfikat FSC)<\/td>\n<\/tr>\n<tr>\n<td>Dok\u0142adno\u015b\u0107 t\u0142oczenia na gor\u0105co<\/td>\n<td>B\u0142\u0105d pozycjonowania \u22640,1 mm<\/td>\n<\/tr>\n<tr>\n<td>Przepuszczalno\u015b\u0107 folii PET<\/td>\n<td>\u226590% (standard ASTM D1003)<\/td>\n<\/tr>\n<tr>\n<td>Wytrzyma\u0142o\u015b\u0107 flokowania EVA na odrywanie<\/td>\n<td>\u22653,5 N\/cm (test GB\/T 2792)<\/td>\n<\/tr>\n<tr>\n<td>Cykl dostawy<\/td>\n<td>7-15 dni (w zale\u017cno\u015bci od z\u0142o\u017cono\u015bci procesu)<\/td>\n<\/tr>\n<\/tbody>\n<\/table>","protected":false},"excerpt":{"rendered":"<p>To papierowe pude\u0142ko z szufladami wykorzystuje specjalny drukowany w kolorze powlekany papier artystyczny, kt\u00f3ry jest przyjazny dla \u015brodowiska i zr\u00f3wnowa\u017cony. Obszar wok\u00f3\u0142 okna jest wyt\u0142oczony z\u0142otem, co nadaje pude\u0142ku luksusowy charakter.<\/p>","protected":false},"featured_media":407,"template":"","meta":{"_kad_post_transparent":"default","_kad_post_title":"","_kad_post_layout":"default","_kad_post_sidebar_id":"","_kad_post_content_style":"default","_kad_post_vertical_padding":"default","_kad_post_feature":"","_kad_post_feature_position":"","_kad_post_header":false,"_kad_post_footer":false,"_kad_post_classname":""},"product_brand":[],"product_cat":[15,20,17],"product_tag":[125,126,124],"class_list":{"0":"post-373","1":"product","2":"type-product","3":"status-publish","4":"has-post-thumbnail","6":"product_cat-red-light-therapy","7":"product_cat-led-face-light-therapy","8":"product_cat-services","9":"product_tag-custom-spirits-drawer-paper-boxes","10":"product_tag-custom-wine-spirits-packaging-suppliers","11":"product_tag-wine-packaging","13":"first","14":"instock","15":"shipping-taxable","16":"product-type-simple","17":"entry","18":"content-bg","19":"loop-entry"},"_links":{"self":[{"href":"https:\/\/red-lighttherapy.com\/pl\/wp-json\/wp\/v2\/product\/373","targetHints":{"allow":["GET"]}}],"collection":[{"href":"https:\/\/red-lighttherapy.com\/pl\/wp-json\/wp\/v2\/product"}],"about":[{"href":"https:\/\/red-lighttherapy.com\/pl\/wp-json\/wp\/v2\/types\/product"}],"wp:featuredmedia":[{"embeddable":true,"href":"https:\/\/red-lighttherapy.com\/pl\/wp-json\/wp\/v2\/media\/407"}],"wp:attachment":[{"href":"https:\/\/red-lighttherapy.com\/pl\/wp-json\/wp\/v2\/media?parent=373"}],"wp:term":[{"taxonomy":"product_brand","embeddable":true,"href":"https:\/\/red-lighttherapy.com\/pl\/wp-json\/wp\/v2\/product_brand?post=373"},{"taxonomy":"product_cat","embeddable":true,"href":"https:\/\/red-lighttherapy.com\/pl\/wp-json\/wp\/v2\/product_cat?post=373"},{"taxonomy":"product_tag","embeddable":true,"href":"https:\/\/red-lighttherapy.com\/pl\/wp-json\/wp\/v2\/product_tag?post=373"}],"curies":[{"name":"wp","href":"https:\/\/api.w.org\/{rel}","templated":true}]}}