{"id":367,"date":"2025-04-11T06:02:12","date_gmt":"2025-04-11T06:02:12","guid":{"rendered":"https:\/\/red-lighttherapy.com\/?post_type=product&#038;p=367"},"modified":"2025-04-11T06:30:31","modified_gmt":"2025-04-11T06:30:31","slug":"luxury-perfume-cosmetics-clamshell-rigid-boxes-suppliers","status":"publish","type":"product","link":"https:\/\/red-lighttherapy.com\/pl\/luxury-perfume-cosmetics-clamshell-rigid-boxes-suppliers\/","title":{"rendered":"Luksusowe perfumy kosmetyczne Sztywne pude\u0142ka z klapk\u0105 Dostawcy"},"content":{"rendered":"<h2 id=\"-product-description-of-high-end-perfume-and-cosmetics-flip-top-hard-box-\"><strong>Opis produktu Luksusowe perfumy Kosmetyki Sztywne pude\u0142ka z klapk\u0105 Dostawcy<\/strong><\/h2>\n<p><strong>--Rzemios\u0142o, niestandardowe luksusowe rozwi\u0105zania opakowaniowe<\/strong><\/p>\n<h2 id=\"-i-innovative-design-one-handed-operation-smooth-opening-and-closing-\"><strong>1. Innowacyjna konstrukcja: obs\u0142uga jedn\u0105 r\u0119k\u0105, p\u0142ynne otwieranie i zamykanie<\/strong><\/h2>\n<p>To pude\u0142ko prezentowe z klapk\u0105 przyjmuje prezent z klapk\u0105<strong>\u00a0projekt struktury<\/strong>Cz\u0119\u015b\u0107 zawiasowa jest przetwarzana przez precyzyjne formy, aby zapewni\u0107 p\u0142ynne otwieranie i zamykanie, i mo\u017ce by\u0107 \u0142atwo obs\u0142ugiwana jedn\u0105 r\u0119k\u0105. Korpus skrzynki zosta\u0142 przetestowany pod k\u0105tem trwa\u0142o\u015bci i wytrzyma\u0142o\u015bci.\u00a0<strong>ponad 10 000 powtarzaj\u0105cych si\u0119 otwar\u0107 i zamkni\u0119\u0107<\/strong>kt\u00f3ra spe\u0142nia potrzeby d\u0142ugotrwa\u0142ego u\u017cytkowania wysokiej klasy kosmetyk\u00f3w. Pokrywa z klapk\u0105 jest po\u0142\u0105czona z magnetyczn\u0105 konstrukcj\u0105 ss\u0105c\u0105 lub klamr\u0105 (opcjonalnie), aby zwi\u0119kszy\u0107 stabilno\u015b\u0107 zamkni\u0119cia i unikn\u0105\u0107 przypadkowego otwarcia podczas transportu.<\/p>\n<h2 id=\"-ii-material-and-structure-stable-protection-upgraded-touch-\"><strong>2. Materia\u0142 i struktura: stabilna ochrona, ulepszony dotyk<\/strong><\/h2>\n<ol>\n<li><strong>Papier powlekany 157GSM<\/strong>G\u0142adka i delikatna powierzchnia, wysoka reprodukcja kolor\u00f3w, wyra\u017any i tr\u00f3jwymiarowy nadrukowany wz\u00f3r.<\/li>\n<li><strong>Szara p\u0142yta o wysokiej g\u0119sto\u015bci 1200GSM<\/strong>Twardo\u015b\u0107 korpusu skrzynki osi\u0105ga wiod\u0105cy w bran\u017cy poziom, a wytrzyma\u0142o\u015b\u0107 na \u015bciskanie jest zwi\u0119kszona o 30%, skutecznie opieraj\u0105c si\u0119 uderzeniom zewn\u0119trznym.<\/li>\n<li>G\u0142\u00f3wnym kolorem jest\u00a0<strong>ciemnozielony i czarny matowy<\/strong>. Ciemnozielony odcie\u0144 daje wra\u017cenie naturalnego luksusu, a czarne linie podkre\u015blaj\u0105 prosty kontur, co zmniejsza zm\u0119czenie wzroku i wzmacnia rozpoznawalno\u015b\u0107 marki.<\/li>\n<\/ol>\n<h2 id=\"-third-surface-technology-long-term-protection-excellent-texture-\"><strong>3. Technologia powierzchni: d\u0142ugotrwa\u0142a ochrona, doskona\u0142a tekstura<\/strong><\/h2>\n<p>Korpus skrzynki jest traktowany\u00a0<strong>Technologia pe\u0142nego laminowania<\/strong>\u00a0(opcjonalnie jasna folia\/matowa folia\/folia dotykowa):<\/p>\n<ul>\n<li><strong>Wodoodporny i przeciwporostowy<\/strong>skutecznie blokuj\u0105 przenikanie cieczy i wyd\u0142u\u017caj\u0105 \u017cywotno\u015b\u0107 opakowania.<\/li>\n<li><strong>Odporno\u015b\u0107 na zu\u017cycie i zarysowania<\/strong>: Twardo\u015b\u0107 powierzchni osi\u0105ga 3H, aby unikn\u0105\u0107 zarysowa\u0144 podczas transportu lub wy\u015bwietlania.<\/li>\n<li><strong>Dostosowanie po\u0142ysku<\/strong>: Matowa folia prezentuje stonowany luksus, jasna folia zwi\u0119ksza efekt wizualny, a folia dotykowa nadaje wyj\u0105tkow\u0105 aksamitn\u0105 tekstur\u0119.<\/li>\n<\/ul>\n<h2 id=\"-fourth-functional-lining-shock-resistant-and-cushioning-details-win-\"><strong>4. Funkcjonalna podszewka: odporna na wstrz\u0105sy i amortyzuj\u0105ca, szczeg\u00f3\u0142y wygrywaj\u0105<\/strong><\/h2>\n<ol>\n<li><strong>Flokowana podszewka EVA<\/strong>Dopasowuje si\u0119 do konturu butelki, wydajno\u015b\u0107 amortyzacji jest lepsza ni\u017c tradycyjne g\u0105bki i mo\u017ce zmniejszy\u0107 si\u0142\u0119 uderzenia 80% w te\u015bcie upadku.<\/li>\n<li><strong>Kartonowa struktura warstwowa<\/strong>: Konstrukcja o strukturze plastra miodu poprawia no\u015bno\u015b\u0107 i nadaje si\u0119 do delikatnych przedmiot\u00f3w, takich jak szklane butelki i ceramiczne s\u0142oiki.<\/li>\n<li><strong>Jedwabna tkanina \/ podszewka z rafii<\/strong>: Opcjonalna jedwabna tkanina poprawiaj\u0105ca dotyk lub naturalna rafia dodaj\u0105ca przyjazn\u0105 dla \u015brodowiska tekstur\u0119, aby sprosta\u0107 wymaganiom r\u00f3\u017cnych marek.<\/li>\n<\/ol>\n<h2 id=\"-v-deep-customization-flexible-adaptation-to-multiple-needs-\"><strong>5. G\u0142\u0119boka personalizacja: Elastyczne dostosowanie do wielu potrzeb<\/strong><\/h2>\n<ol>\n<li>Wsparcie\u00a0<strong>dno i pokrywa dolna, typ szuflady, typ pokrywy przesuwnej<\/strong>\u00a0i inne typy pude\u0142ek, o rozmiarach od 50 \u00d7 50 \u00d7 50 mm do 300 \u00d7 300 \u00d7 200 mm, odpowiednie do butelek perfum, esencji, szminek i innych produkt\u00f3w.<\/li>\n<li><strong>T\u0142oczenie na gor\u0105co\/wyt\u0142aczanie UV<\/strong>: Cz\u0119\u015bciowe t\u0142oczenie LOGO na gor\u0105co lub tr\u00f3jwymiarowy druk UV w celu zwi\u0119kszenia pami\u0119ci wizualnej marki.<\/li>\n<li><strong>Puste okno<\/strong>: Przezroczysty materia\u0142 PET umo\u017cliwia intuicyjne wy\u015bwietlanie produkt\u00f3w i zwi\u0119ksza atrakcyjno\u015b\u0107 ekspozycji.<\/li>\n<\/ol>\n<h2 id=\"-six-production-guarantee-large-scale-intelligent-manufacturing-worry-free-delivery-\"><strong>6. Gwarancja produkcji: inteligentna produkcja na du\u017c\u0105 skal\u0119, bezproblemowa dostawa<\/strong><\/h2>\n<ul>\n<li><strong>Wytrzyma\u0142o\u015b\u0107 fabryczna<\/strong>: 5320\u33a1 znormalizowana fabryka, 16 lat do\u015bwiadczenia w bran\u017cy, wyposa\u017cona w pe\u0142ni automatyczn\u0105 maszyn\u0119 do sztancowania, maszyn\u0119 do laminowania i lini\u0119 do druku cyfrowego, o dziennej zdolno\u015bci produkcyjnej 50 000 sztuk.<\/li>\n<li><strong>System kontroli jako\u015bci<\/strong>: Przeszed\u0142 certyfikacj\u0119 ISO 9001, \u015bci\u015ble kontroluje 12 link\u00f3w kontroli jako\u015bci od zakupu surowca do dostawy gotowego produktu, a wska\u017anik defekt\u00f3w jest mniejszy ni\u017c 0,3%.<\/li>\n<li><strong>Czas dostawy<\/strong>: Regularne zam\u00f3wienia s\u0105 dostarczane w ci\u0105gu 7-10 dni, a zam\u00f3wienia przyspieszone mo\u017cna skr\u00f3ci\u0107 do 3 dni, wspieraj\u0105c globaln\u0105 wsp\u00f3\u0142prac\u0119 logistyczn\u0105.<\/li>\n<\/ul>\n<h2 id=\"-application-scenarios-\"><strong>Scenariusze zastosowa\u0144<\/strong><\/h2>\n<ul>\n<li><strong>Wysokiej klasy perfumy<\/strong>: Spersonalizowane pude\u0142ko magnetyczne z podszewk\u0105 z pianki EVA chroni szklan\u0105 butelk\u0119 i podkre\u015bla styl marki.<\/li>\n<li><strong>Pude\u0142ko upominkowe do piel\u0119gnacji sk\u00f3ry<\/strong>: Wielowarstwowa struktura typu szufladkowego mie\u015bci esencje, kremy i inne kategorie, a folia dotykowa jest pokryta, aby zwi\u0119kszy\u0107 poczucie ceremonii otwierania pude\u0142ka.<\/li>\n<li><strong>Makija\u017c z limitowanej edycji<\/strong>: Pude\u0142ko o specjalnym kszta\u0142cie w po\u0142\u0105czeniu z metalowymi akcesoriami tworzy opakowanie na poziomie kolekcji.<\/li>\n<\/ul>","protected":false},"excerpt":{"rendered":"<p>Pude\u0142ko z klapk\u0105 jest \u0142atwe do otwierania i zamykania i mo\u017ce by\u0107 u\u017cywane ponownie. Korpus pude\u0142ka jest g\u0142\u00f3wnie zielony, aby zmniejszy\u0107 zm\u0119czenie wzroku. Pude\u0142ko mo\u017ce by\u0107 w du\u017cym stopniu dostosowane do opakowania perfum i kosmetyk\u00f3w.<\/p>","protected":false},"featured_media":372,"template":"","meta":{"_kad_post_transparent":"default","_kad_post_title":"","_kad_post_layout":"default","_kad_post_sidebar_id":"","_kad_post_content_style":"default","_kad_post_vertical_padding":"default","_kad_post_feature":"","_kad_post_feature_position":"","_kad_post_header":false,"_kad_post_footer":false,"_kad_post_classname":""},"product_brand":[],"product_cat":[15,28,27,17],"product_tag":[121,122,120],"class_list":{"0":"post-367","1":"product","2":"type-product","3":"status-publish","4":"has-post-thumbnail","6":"product_cat-red-light-therapy","7":"product_cat-customize","8":"product_cat-red-light-therapy-belt","9":"product_cat-services","10":"product_tag-cosmetics-rigid-boxes","11":"product_tag-luxury-perfume-boxes-suppliers","12":"product_tag-perfume-clamshell-boxes","14":"first","15":"instock","16":"shipping-taxable","17":"product-type-simple","18":"entry","19":"content-bg","20":"loop-entry"},"_links":{"self":[{"href":"https:\/\/red-lighttherapy.com\/pl\/wp-json\/wp\/v2\/product\/367","targetHints":{"allow":["GET"]}}],"collection":[{"href":"https:\/\/red-lighttherapy.com\/pl\/wp-json\/wp\/v2\/product"}],"about":[{"href":"https:\/\/red-lighttherapy.com\/pl\/wp-json\/wp\/v2\/types\/product"}],"wp:featuredmedia":[{"embeddable":true,"href":"https:\/\/red-lighttherapy.com\/pl\/wp-json\/wp\/v2\/media\/372"}],"wp:attachment":[{"href":"https:\/\/red-lighttherapy.com\/pl\/wp-json\/wp\/v2\/media?parent=367"}],"wp:term":[{"taxonomy":"product_brand","embeddable":true,"href":"https:\/\/red-lighttherapy.com\/pl\/wp-json\/wp\/v2\/product_brand?post=367"},{"taxonomy":"product_cat","embeddable":true,"href":"https:\/\/red-lighttherapy.com\/pl\/wp-json\/wp\/v2\/product_cat?post=367"},{"taxonomy":"product_tag","embeddable":true,"href":"https:\/\/red-lighttherapy.com\/pl\/wp-json\/wp\/v2\/product_tag?post=367"}],"curies":[{"name":"wp","href":"https:\/\/api.w.org\/{rel}","templated":true}]}}