{"id":361,"date":"2025-04-11T05:27:38","date_gmt":"2025-04-11T05:27:38","guid":{"rendered":"https:\/\/red-lighttherapy.com\/?post_type=product&#038;p=361"},"modified":"2025-04-11T06:31:01","modified_gmt":"2025-04-11T06:31:01","slug":"high-end-gold-paper-lid-and-base-chocolate-box-manufacturer","status":"publish","type":"product","link":"https:\/\/red-lighttherapy.com\/pl\/high-end-gold-paper-lid-and-base-chocolate-box-manufacturer\/","title":{"rendered":"Wysokiej jako\u015bci z\u0142ota papierowa pokrywka i podstawa pude\u0142ka na czekolad\u0119"},"content":{"rendered":"<h2 id=\"-high-end-gold-card-chocolate-box-product-description-\"><strong>Wysokiej klasy pude\u0142ko na czekolad\u0119 ze z\u0142otego papieru Opis produktu<\/strong><\/h2>\n<p>-Wyja\u015bniaj\u0105c luksusow\u0105 uczt\u0119 z kunsztem<\/p>\n<p>Jako profesjonalny producent z 16-letnim do\u015bwiadczeniem w produkcji opakowa\u0144, koncentrujemy si\u0119 na tworzeniu artystycznych i funkcjonalnych rozwi\u0105za\u0144 opakowaniowych dla wysokiej klasy marek czekolady. Fabryka zajmuje powierzchni\u0119 5 320 metr\u00f3w kwadratowych i jest wyposa\u017cona we w pe\u0142ni zautomatyzowane linie produkcyjne i precyzyjny sprz\u0119t do formowania. Dzi\u0119ki wydajnym zdolno\u015bciom produkcyjnym i \u015bcis\u0142ej kontroli jako\u015bci, aby zapewni\u0107 stabilno\u015b\u0107 produktu, wprowadzamy teraz na rynek nowy produkt.\u00a0<strong>Pude\u0142ko upominkowe z wyt\u0142aczan\u0105 na gor\u0105co z\u0142ot\u0105 kart\u0105<\/strong>\u00a0z nast\u0119puj\u0105cymi podstawowymi zaletami:<\/p>\n<h2 id=\"-1-materials-and-crafts-the-ultimate-luxurious-tactile-and-visual-experience-\"><strong>1. Materia\u0142y i rzemios\u0142o: najlepsze luksusowe wra\u017cenia dotykowe i wizualne<\/strong><\/h2>\n<ol>\n<li><strong>Z\u0142oty materia\u0142 bazowy do kart i wyt\u0142aczane r\u0119kodzie\u0142o<\/strong>\u00a0U\u017cywaj\u0105c z\u0142otego papieru o wysokiej gramaturze (Gold Paper) jako g\u0142\u00f3wnego materia\u0142u, powierzchnia jest wyt\u0142aczana z tr\u00f3jwymiarowymi teksturami (takimi jak imitacja sk\u00f3ry, geometryczne wyt\u0142oczenia lub wyt\u0142oczenia kwiatowe) za pomoc\u0105 niestandardowych form, kt\u00f3re maj\u0105 delikatny dotyk i s\u0105 odporne na zu\u017cycie i nacisk. Proces laminowania matowego dodatkowo zwi\u0119ksza po\u0142ysk powierzchni, sprawiaj\u0105c, \u017ce z\u0142ota podstawa prezentuje matowy lub b\u0142yszcz\u0105cy efekt, nadaj\u0105c opakowaniu stonowan\u0105 i luksusow\u0105 tekstur\u0119.<\/li>\n<li><strong>Technologia t\u0142oczenia na gor\u0105co: doskona\u0142y wyraz symboli marki<\/strong>\u00a0Wykorzystuj\u0105c niemieck\u0105 elektrochemiczn\u0105 foli\u0119 aluminiow\u0105 Kurz, p\u0142aska maszyna do t\u0142oczenia precyzyjnie przenosi ciep\u0142o, aby uzyska\u0107 tr\u00f3jwymiarow\u0105 prezentacj\u0119 czerwonych i z\u0142otych logo, tekstu lub obramowa\u0144. Czerwony i z\u0142oty kolor s\u0105 pe\u0142ne, tworz\u0105c zimny i ciep\u0142y kontrast ze z\u0142otym t\u0142em karty, co mo\u017ce szybko przyci\u0105gn\u0105\u0107 uwag\u0119 podczas ekspozycji na p\u00f3\u0142ce i zwi\u0119kszy\u0107 rozpoznawalno\u015b\u0107 marki.<\/li>\n<\/ol>\n<h2 id=\"-second-design-elements-dynamic-aesthetics-and-artistic-details-\"><strong>2. Elementy projektu: dynamiczna estetyka i artystyczne detale<\/strong><\/h2>\n<ol>\n<li><strong>Kszta\u0142t wst\u0105\u017cki z kokard\u0105: eleganckie wyko\u0144czenie<\/strong>\u00a0G\u00f3rna lub boczna cz\u0119\u015b\u0107 pokrywy pude\u0142ka jest dopasowana do r\u0119cznie tkanej matowej\/b\u0142yszcz\u0105cej jedwabnej kokardy, kt\u00f3r\u0105 mo\u017cna wybra\u0107 w kolorze czerwonego wina, z\u0142otego szampana lub niestandardowych kolorach. Wst\u0105\u017cka mo\u017ce by\u0107 ozdobiona wyt\u0142oczonymi na gor\u0105co literami lub inkrustowana kryszta\u0142owymi klamrami, aby stworzy\u0107 tr\u00f3jwymiarowy efekt warstwowy, kt\u00f3ry jest odpowiedni dla uroczystych scen, takich jak s\u0142odycze \u015blubne i prezenty \u015bwi\u0105teczne.<\/li>\n<li><strong>Wewn\u0119trzna podszewka z falistym uk\u0142adem punkt\u00f3w: wizualny przep\u0142yw i funkcjonalna ochrona<\/strong>\u00a0Wewn\u0119trzna taca jest wykonana z EVA lub flaneli o jako\u015bci spo\u017cywczej, a gradientowy wz\u00f3r falistych kropek jest tworzony przez grawerowanie laserowe. Kropki s\u0105 u\u0142o\u017cone w z\u0142otym stosunku, aby symulowa\u0107 przep\u0142yw czekolady, gdy si\u0119 topi, a wkl\u0119s\u0142a i wypuk\u0142a struktura mocuje pojedyncz\u0105 czekolad\u0119, aby zapobiec kolizji podczas transportu.<\/li>\n<\/ol>\n<h2 id=\"-three-customized-services-fully-meet-brand-needs-\"><strong>3. Dostosowane us\u0142ugi: w pe\u0142ni spe\u0142niaj\u0105 potrzeby marki<\/strong><\/h2>\n<ol>\n<li><strong>Elastyczne dostosowanie typu i rozmiaru skrzynki<\/strong>\u00a0Oferujemy ponad 20 standardowych typ\u00f3w pude\u0142ek, takich jak pude\u0142ka z g\u00f3rn\u0105 i doln\u0105 pokryw\u0105, pude\u0142ka w kszta\u0142cie ksi\u0105\u017cki, pude\u0142ka z szufladami itp. oraz obs\u0142ugujemy niestandardowe projekty o specjalnych kszta\u0142tach (takie jak w kszta\u0142cie serca i sze\u015bciok\u0105ta). Zakres rozmiar\u00f3w obejmuje opakowania jednoziarniste o pojemno\u015bci od 5 cm\u00b3 do wielowarstwowych koszy upominkowych o pojemno\u015bci 30 cm\u00b3, odpowiednie dla wszystkich kategorii czekolady, takich jak trufle, bloki i kanapki.<\/li>\n<li><strong>Pe\u0142ne opcje dostosowywania link\u00f3w<\/strong><\/li>\n<li><strong>Ulepszenie materia\u0142\u00f3w<\/strong>: opcjonalne szczotkowane z\u0142ote karty, laserowy papier fantazyjny, biodegradowalne i przyjazne dla \u015brodowiska pod\u0142o\u017ca papierowe itp;<\/li>\n<li><strong>Schemat kolor\u00f3w<\/strong>: Specjalny druk kolorowy Pantone, lokalny lakier UV, pow\u0142oka per\u0142owa i inne procesy w celu uzyskania spersonalizowanego dopasowania kolor\u00f3w;<\/li>\n<li><strong>Kombinacja akcesori\u00f3w<\/strong>Mo\u017cna je dopasowa\u0107 do dodatkowych akcesori\u00f3w, takich jak magnetyczne klamry, aksamitne podszewki i z\u0142ocone kartki okoliczno\u015bciowe, aby wzmocni\u0107 poczucie ceremonii podczas otwierania pude\u0142ka.<\/li>\n<li><strong>Wydajny proofing i dostarczanie partii<\/strong>\u00a0Cykl proofingu wynosi 3-5 dni roboczych, przy minimalnym zam\u00f3wieniu 500 sztuk, a dzienna zdolno\u015b\u0107 produkcyjna si\u0119ga 5 milion\u00f3w sztuk. System ERP s\u0142u\u017cy do \u015bledzenia ca\u0142ego procesu zam\u00f3wienia, aby zapewni\u0107 sp\u00f3jno\u015b\u0107 czasu dostawy i jako\u015bci.<\/li>\n<\/ol>\n<h2 id=\"-iv-application-scenarios-and-competitive-advantages-\"><strong>4. Scenariusze zastosowa\u0144 i przewagi konkurencyjne<\/strong><\/h2>\n<ul>\n<li><strong>Adaptacja scenariusza<\/strong>s\u0142odycze \u015blubne, luksusowe produkty pod wsp\u00f3ln\u0105 mark\u0105, limitowane edycje \u015bwi\u0105teczne, spersonalizowane prezenty firmowe itp;<\/li>\n<li><strong>Certyfikacja \u015brodowiskowa<\/strong>: Niekt\u00f3re materia\u0142y przesz\u0142y certyfikacj\u0119 le\u015bn\u0105 FSC i spe\u0142niaj\u0105 normy UE dotycz\u0105ce materia\u0142\u00f3w przeznaczonych do kontaktu z \u017cywno\u015bci\u0105;<\/li>\n<li><strong>Us\u0142ugi o warto\u015bci dodanej<\/strong>: Bezp\u0142atny projekt renderowania 3D, transgraniczne rozwi\u0105zania logistyczne i propozycje opakowa\u0144 z histori\u0105 marki.<\/li>\n<\/ul>\n<h2 id=\"-choosing-us-is-not-only-choosing-a-packaging-but-also-injecting-soul-into-the-brand-\"><strong>Wyb\u00f3r naszej firmy to nie tylko wyb\u00f3r opakowania, ale tak\u017ce nadanie marce duszy.<\/strong><\/h2>\n<p>Od wyboru materia\u0142u po kunszt, od estetycznego projektu po sprawn\u0105 dostaw\u0119 - pomagamy ka\u017cdej czekoladzie sta\u0107 si\u0119 dzie\u0142em sztuki z sercem rzemie\u015blnika.<\/p>","protected":false},"excerpt":{"rendered":"<p>Pude\u0142ko to jest wykonane ze z\u0142otego papieru i ma proces t\u0142oczenia na czerwono, kt\u00f3ry mo\u017ce doda\u0107 niepowtarzalnego uroku Twojej marce.<\/p>","protected":false},"featured_media":364,"template":"","meta":{"_kad_post_transparent":"default","_kad_post_title":"","_kad_post_layout":"default","_kad_post_sidebar_id":"","_kad_post_content_style":"default","_kad_post_vertical_padding":"default","_kad_post_feature":"","_kad_post_feature_position":"","_kad_post_header":false,"_kad_post_footer":false,"_kad_post_classname":""},"product_brand":[],"product_cat":[15,19,17],"product_tag":[118,117,119],"class_list":{"0":"post-361","1":"product","2":"type-product","3":"status-publish","4":"has-post-thumbnail","6":"product_cat-red-light-therapy","7":"product_cat-red-light-therapy-stand","8":"product_cat-services","9":"product_tag-china-chocolate-box","10":"product_tag-chocolate-box-manufacturer","11":"product_tag-lid-bnd-base-chocolate-box","13":"first","14":"instock","15":"shipping-taxable","16":"product-type-simple","17":"entry","18":"content-bg","19":"loop-entry"},"_links":{"self":[{"href":"https:\/\/red-lighttherapy.com\/pl\/wp-json\/wp\/v2\/product\/361","targetHints":{"allow":["GET"]}}],"collection":[{"href":"https:\/\/red-lighttherapy.com\/pl\/wp-json\/wp\/v2\/product"}],"about":[{"href":"https:\/\/red-lighttherapy.com\/pl\/wp-json\/wp\/v2\/types\/product"}],"wp:featuredmedia":[{"embeddable":true,"href":"https:\/\/red-lighttherapy.com\/pl\/wp-json\/wp\/v2\/media\/364"}],"wp:attachment":[{"href":"https:\/\/red-lighttherapy.com\/pl\/wp-json\/wp\/v2\/media?parent=361"}],"wp:term":[{"taxonomy":"product_brand","embeddable":true,"href":"https:\/\/red-lighttherapy.com\/pl\/wp-json\/wp\/v2\/product_brand?post=361"},{"taxonomy":"product_cat","embeddable":true,"href":"https:\/\/red-lighttherapy.com\/pl\/wp-json\/wp\/v2\/product_cat?post=361"},{"taxonomy":"product_tag","embeddable":true,"href":"https:\/\/red-lighttherapy.com\/pl\/wp-json\/wp\/v2\/product_tag?post=361"}],"curies":[{"name":"wp","href":"https:\/\/api.w.org\/{rel}","templated":true}]}}