{"id":350,"date":"2025-04-11T04:15:43","date_gmt":"2025-04-11T04:15:43","guid":{"rendered":"https:\/\/red-lighttherapy.com\/?post_type=product&#038;p=350"},"modified":"2025-04-11T05:27:29","modified_gmt":"2025-04-11T05:27:29","slug":"custom-lid-and-base-led-flashlight-boxes-packaging-wholesale","status":"publish","type":"product","link":"https:\/\/red-lighttherapy.com\/pl\/custom-lid-and-base-led-flashlight-boxes-packaging-wholesale\/","title":{"rendered":"Niestandardowe pude\u0142ka na latarki LED z pokrywk\u0105 i podstaw\u0105, pakowane hurtowo"},"content":{"rendered":"<h2 id=\"-customized-led-flashlight-lid-and-base-box-packaging-wholesale-product-description-\"><strong>Niestandardowe opakowanie z pokryw\u0105 i podstaw\u0105 latarki LED Hurtowy opis produktu<\/strong><\/h2>\n<h2 id=\"-1-exquisite-printing-technology-highlighting-quality-\"><strong>1. Znakomita technologia druku, podkre\u015blaj\u0105ca jako\u015b\u0107<\/strong><\/h2>\n<p>To opakowanie na latark\u0119 wykorzystuje wysoce precyzyjn\u0105 technologi\u0119 druku offsetowego i sitodruku, czarny tusz jest r\u00f3wnomiernie wype\u0142niony, wz\u00f3r jest wyra\u017any i ostry, a kolor jest czysty i bez odchyle\u0144. Powierzchnia mo\u017ce by\u0107 pokryta matow\u0105 foli\u0105, b\u0142yszcz\u0105c\u0105 foli\u0105 lub pow\u0142ok\u0105 UV w celu zwi\u0119kszenia odporno\u015bci na zu\u017cycie i po\u0142ysku, zapewniaj\u0105c, \u017ce logo marki zawsze zachowuje wysokiej jako\u015bci tekstur\u0119 podczas transportu i wy\u015bwietlania. Obs\u0142uga t\u0142oczenia na gor\u0105co \/ gor\u0105cego srebra, wyt\u0142aczania i innych proces\u00f3w w celu spe\u0142nienia spersonalizowanych potrzeb wizualnych oraz zwi\u0119kszenia rozpoznawalno\u015bci i atrakcyjno\u015bci opakowania produktu.<\/p>\n<h2 id=\"-2-stiff-material-combination-double-protection-\"><strong>2. Sztywne po\u0142\u0105czenie materia\u0142\u00f3w, podw\u00f3jna ochrona<\/strong><\/h2>\n<p>Korpus skrzynki wykorzystuje\u00a0<strong>Papier powlekany 350g<\/strong>\u00a0oraz\u00a0<strong>Szara p\u0142yta o wysokiej wytrzyma\u0142o\u015bci<\/strong>\u00a0struktura kompozytowa, a warstwa rdzenia z szarej tektury przyjmuje proces prasowania w\u0142\u00f3kien w pe\u0142ni pochodz\u0105cych z recyklingu, aby zapewni\u0107, \u017ce korpus pude\u0142ka ma doskona\u0142\u0105 odporno\u015b\u0107 na \u015bciskanie i odkszta\u0142canie. Powierzchnia powlekanego papieru jest g\u0142adka i delikatna, a odwzorowanie kolor\u00f3w druku jest wysokie. Szara warstwa rdzenia zapewnia sztywne podparcie, kt\u00f3re mo\u017ce wytrzyma\u0107 uderzenia si\u0142y zewn\u0119trznej podczas transportu i skutecznie chroni\u0107 precyzyjne urz\u0105dzenia elektroniczne, takie jak latarki.<\/p>\n<h2 id=\"-3-box-design-with-top-and-bottom-lid-for-intuitive-display-\"><strong>3. Konstrukcja pude\u0142ka z g\u00f3rn\u0105 i doln\u0105 pokryw\u0105 dla intuicyjnego wy\u015bwietlania<\/strong><\/h2>\n<p>Przyj\u0119cie klasycznego\u00a0<strong>Konstrukcja g\u00f3rnej i dolnej pokrywy<\/strong>\u00a0(g\u00f3rna pokrywa i dolne pude\u0142ko s\u0105 ca\u0142kowicie zapinane), jest \u0142atwa do otwierania i zamykania oraz ma silne poczucie ceremonii. Wygl\u0105d i szczeg\u00f3\u0142y funkcjonalne latarki mog\u0105 by\u0107 w pe\u0142ni wy\u015bwietlane w momencie otwarcia, wzmacniaj\u0105c pierwsze wra\u017cenie klienta. Rozmiar pude\u0142ka jest precyzyjnie dostosowany, wewn\u0119trzna przestrze\u0144 wn\u0119ki jest kompaktowa i nie ma nadmiarowo\u015bci, co zapobiega wstrz\u0105saniu produktu i jest wygodne do uk\u0142adania w stosy, przechowywania i transportu.<\/p>\n<h2 id=\"-4-multi-scenario-application-strong-compatibility-\"><strong>4. Zastosowanie w wielu scenariuszach, silna kompatybilno\u015b\u0107<\/strong><\/h2>\n<p>Zaprojektowany specjalnie dla latarek LED, kompatybilny z wieloma modelami, takimi jak mocne \u015bwiat\u0142o, mini i akumulator. Rozszerzone scenariusze zastosowania obejmuj\u0105:<\/p>\n<ul>\n<li><strong>Sprz\u0119t zewn\u0119trzny<\/strong>: teleskopy, kompasy, przeno\u015bne narz\u0119dzia itp;<\/li>\n<li><strong>Produkty elektroniczne<\/strong>: ma\u0142e instrumenty, akcesoria (takie jak \u0142adowarki, zestawy baterii);<\/li>\n<li><strong>Personalizacja prezentu<\/strong>: upominki biznesowe, promocyjne pude\u0142ka na prezenty, wspieraj\u0105ce motywy \u015bwi\u0105teczne lub wsp\u00f3lne projekty marki.<\/li>\n<\/ul>\n<h2 id=\"-5-customized-lining-solution-precise-fit-\"><strong>5. Indywidualne rozwi\u0105zanie podszewki, precyzyjne dopasowanie<\/strong><\/h2>\n<p>Zapewniaj\u0105 r\u00f3\u017cnorodne opcje ok\u0142adzin, aby zapewni\u0107 mocowanie produktu i odporno\u015b\u0107 na wstrz\u0105sy:<\/p>\n<ul>\n<li><strong>G\u0105bka EVA<\/strong>Ci\u0119cie i formowanie o wysokiej g\u0119sto\u015bci, doskona\u0142a amortyzacja, odpowiednia do specjalnych kontur\u00f3w latarki;<\/li>\n<li><strong>Taca do flokowania<\/strong>: Lepsza jako\u015b\u0107 dotyku, odpowiednia do wysokiej klasy opakowa\u0144 prezentowych;<\/li>\n<li><strong>Wyjmowana komora<\/strong>: Modu\u0142owa konstrukcja, obs\u0142uga kombinacji wielu produkt\u00f3w (takich jak latarka + zapasowa bateria).<\/li>\n<\/ul>\n<h2 id=\"-6-all-round-flexible-customization-service-\"><strong>6. Wszechstronna, elastyczna us\u0142uga dostosowywania<\/strong><\/h2>\n<p>Wsparcie spersonalizowanego dostosowania w ca\u0142ym procesie od projektu do produkcji:<\/p>\n<ul>\n<li><strong>Projekt wygl\u0105du<\/strong>: Konfigurowalne LOGO, wz\u00f3r, schemat kolor\u00f3w, kompatybilny z nadrukiem punktowym Pantone;<\/li>\n<li><strong>Optymalizacja strukturalna<\/strong>: Dostosuj grubo\u015b\u0107 pude\u0142ka, po\u0142o\u017cenie okna, klamr\u0119 magnetyczn\u0105 i inne szczeg\u00f3\u0142y zgodnie z potrzebami;<\/li>\n<li><strong>Aktualizacja funkcji<\/strong>: Dodaj dodatkowe modu\u0142y funkcjonalne, takie jak uchwyty, ta\u015bmy, etykiety zapobiegaj\u0105ce podrabianiu itp.<\/li>\n<\/ul>\n<h2 id=\"-7-large-scale-production-capacity-quality-assurance-\"><strong>7. Zdolno\u015b\u0107 produkcyjna na du\u017c\u0105 skal\u0119, zapewnienie jako\u015bci<\/strong><\/h2>\n<p>Fabryka posiada\u00a0<strong>5 320 metr\u00f3w kwadratowych<\/strong>\u00a0Nowoczesny warsztat, wyposa\u017cony w pe\u0142ni zautomatyzowane maszyny do druku offsetowego, maszyny sztancuj\u0105ce i linie kontroli jako\u015bci, o dziennej zdolno\u015bci produkcyjnej 100 000 sztuk. Przeszed\u0142 certyfikacj\u0119 systemu zarz\u0105dzania jako\u015bci\u0105 ISO, ca\u0142y proces od zakupu surowc\u00f3w do dostawy gotowego produktu mo\u017cna prze\u015bledzi\u0107, aby zapewni\u0107 stabilno\u015b\u0107 partii. Obs\u0142uga dostaw transgranicznych (zgodne opakowania na platformach takich jak Amazon i eBay) oraz pilna us\u0142uga przyspieszonego zam\u00f3wienia, cykl dostawy 7-15 dni, w celu zaspokojenia du\u017cych hurtowych oraz ma\u0142ych i \u015brednich potrzeb w zakresie dostosowywania.<\/p>\n<h2 id=\"-cooperation-advantages-\"><strong>Zalety wsp\u00f3\u0142pracy<\/strong><\/h2>\n<ul>\n<li><strong>Kompleksowa obs\u0142uga<\/strong>P\u0142ynne po\u0142\u0105czenie ca\u0142ego procesu projektowania, proofingu, produkcji i logistyki;<\/li>\n<li><strong>Certyfikacja \u015brodowiskowa<\/strong>: Zastosowano szar\u0105 tektur\u0119 z certyfikatem FSC i atrament na bazie wody, kt\u00f3ry jest zgodny z unijnymi normami ochrony \u015brodowiska REACH;<\/li>\n<li><strong>Optymalizacja koszt\u00f3w<\/strong>: Zam\u00f3wienia na du\u017c\u0105 skal\u0119 obni\u017caj\u0105 cen\u0119 jednostkow\u0105, przy minimalnym zam\u00f3wieniu 500 sztuk i wsparciu dla wielopoziomowych ofert.<\/li>\n<\/ul>\n<p>Je\u015bli potrzebujesz pr\u00f3bek lub niestandardowych rozwi\u0105za\u0144, skontaktuj si\u0119 z naszym zespo\u0142em projektowym. Wykorzystamy profesjonaln\u0105 technologi\u0119 i wydajne us\u0142ugi, aby nada\u0107 Twoim produktom bardziej konkurencyjn\u0105 warto\u015b\u0107 opakowania.<\/p>","protected":false},"excerpt":{"rendered":"<p>Pokryw\u0119 i podstaw\u0119 mo\u017cna szybko otworzy\u0107 jedn\u0105 r\u0119k\u0105, aby u\u0142atwi\u0107 rozpakowywanie. Pude\u0142ko ma znakomit\u0105 technologi\u0119 druku i wyra\u017ane wzory. Doskonale nadaje si\u0119 do drukowania opakowa\u0144 latarek LED.<\/p>","protected":false},"featured_media":359,"template":"","meta":{"_kad_post_transparent":"default","_kad_post_title":"","_kad_post_layout":"default","_kad_post_sidebar_id":"","_kad_post_content_style":"default","_kad_post_vertical_padding":"default","_kad_post_feature":"","_kad_post_feature_position":"","_kad_post_header":false,"_kad_post_footer":false,"_kad_post_classname":""},"product_brand":[],"product_cat":[15,19,17],"product_tag":[116,115,114],"class_list":{"0":"post-350","1":"product","2":"type-product","3":"status-publish","4":"has-post-thumbnail","6":"product_cat-red-light-therapy","7":"product_cat-red-light-therapy-stand","8":"product_cat-services","9":"product_tag-custom-led-flashlight-boxes","10":"product_tag-flashlight-boxes-packaging","11":"product_tag-lid-and-base-led-boxes","13":"first","14":"instock","15":"shipping-taxable","16":"product-type-simple","17":"entry","18":"content-bg","19":"loop-entry"},"_links":{"self":[{"href":"https:\/\/red-lighttherapy.com\/pl\/wp-json\/wp\/v2\/product\/350","targetHints":{"allow":["GET"]}}],"collection":[{"href":"https:\/\/red-lighttherapy.com\/pl\/wp-json\/wp\/v2\/product"}],"about":[{"href":"https:\/\/red-lighttherapy.com\/pl\/wp-json\/wp\/v2\/types\/product"}],"wp:featuredmedia":[{"embeddable":true,"href":"https:\/\/red-lighttherapy.com\/pl\/wp-json\/wp\/v2\/media\/359"}],"wp:attachment":[{"href":"https:\/\/red-lighttherapy.com\/pl\/wp-json\/wp\/v2\/media?parent=350"}],"wp:term":[{"taxonomy":"product_brand","embeddable":true,"href":"https:\/\/red-lighttherapy.com\/pl\/wp-json\/wp\/v2\/product_brand?post=350"},{"taxonomy":"product_cat","embeddable":true,"href":"https:\/\/red-lighttherapy.com\/pl\/wp-json\/wp\/v2\/product_cat?post=350"},{"taxonomy":"product_tag","embeddable":true,"href":"https:\/\/red-lighttherapy.com\/pl\/wp-json\/wp\/v2\/product_tag?post=350"}],"curies":[{"name":"wp","href":"https:\/\/api.w.org\/{rel}","templated":true}]}}