{"id":344,"date":"2025-04-11T03:46:15","date_gmt":"2025-04-11T03:46:15","guid":{"rendered":"https:\/\/red-lighttherapy.com\/?post_type=product&#038;p=344"},"modified":"2025-04-11T04:15:32","modified_gmt":"2025-04-11T04:15:32","slug":"direct-factory-magnetic-closure-box-oral-irrigator-packaging","status":"publish","type":"product","link":"https:\/\/red-lighttherapy.com\/pl\/direct-factory-magnetic-closure-box-oral-irrigator-packaging\/","title":{"rendered":"Bezpo\u015brednia fabryka pude\u0142ka z zamkni\u0119ciem magnetycznym Opakowanie irygatora do jamy ustnej"},"content":{"rendered":"<h2 id=\"-product-description-of-the-factory-direct-magnetic-sealed-box-oral-irrigator-packaging-\"><strong>Opis produktu bezpo\u015bredniego fabrycznego magnetycznego pude\u0142ka z zamkni\u0119ciem Opakowanie irygatora do jamy ustnej<\/strong><\/h2>\n<h2 id=\"-1-magnetic-sealing-design-convenient-and-durable-\"><strong>1. Magnetyczne zamkni\u0119cie: Wygodny i trwa\u0142y<\/strong><\/h2>\n<ul>\n<li><strong>Konstrukcja wbudowanego magnesu<\/strong>: Pokrywa pude\u0142ka przyjmuje ukryt\u0105 magnetyczn\u0105 struktur\u0119 zamkni\u0119cia, a magnes jest osadzony na kraw\u0119dzi korpusu pude\u0142ka i korpusu pokrywy, aby unikn\u0105\u0107 zu\u017cycia lub odpadni\u0119cia spowodowanego ekspozycj\u0105.<\/li>\n<li><strong>Automatyczne wyr\u00f3wnanie adsorpcji<\/strong>: Si\u0142a magnetyczna automatycznie adsorbuje si\u0119 podczas otwierania i zamykania, dok\u0142adnie wyr\u00f3wnuje i mo\u017ce by\u0107 \u0142atwo obs\u0142ugiwana jedn\u0105 r\u0119k\u0105, aby poprawi\u0107 komfort u\u017cytkowania.<\/li>\n<li><strong>D\u0142ugotrwa\u0142a wytrzyma\u0142o\u015b\u0107<\/strong>: System magnetyczny zosta\u0142 przetestowany pod k\u0105tem otwierania i zamykania tysi\u0105ce razy, aby zapewni\u0107, \u017ce nadal utrzymuje stabiln\u0105 adsorpcj\u0119 po d\u0142ugotrwa\u0142ym u\u017cytkowaniu, co jest odpowiednie dla scenariuszy u\u017cytkowania o wysokiej cz\u0119stotliwo\u015bci.<\/li>\n<\/ul>\n<h2 id=\"-2-simple-aesthetic-design-blue-and-white-color-matching-and-brand-recognition-\"><strong>2. Prosty, estetyczny design: Dopasowanie kolor\u00f3w niebieskiego i bia\u0142ego oraz rozpoznawalno\u015b\u0107 marki<\/strong><\/h2>\n<ul>\n<li><strong>J\u0119zyk wizualny<\/strong>: Obudowa pude\u0142ka jest g\u0142\u00f3wnie niebiesko-bia\u0142a. Niebieski symbolizuje profesjonalizm i czysto\u015b\u0107, a bia\u0142y prostot\u0119 i technologi\u0119. Delikatne dopasowanie kolor\u00f3w mo\u017ce z\u0142agodzi\u0107 presj\u0119 psychiczn\u0105 u\u017cytkownik\u00f3w przed u\u017cyciem.<\/li>\n<li><strong>Wzmocnienie marki<\/strong>: Powierzchnia pude\u0142ka wykorzystuje matow\u0105 technologi\u0119 do drukowania logo marki, z minimalistyczn\u0105 lini\u0105, aby zwi\u0119kszy\u0107 rozpoznawalno\u015b\u0107 wizualn\u0105 i przekaza\u0107 poczucie wysokiej jako\u015bci.<\/li>\n<\/ul>\n<h2 id=\"-3-double-sided-printing-process-dual-optimization-of-environmental-protection-and-information-communication-\"><strong>3. Dwustronny proces drukowania: podw\u00f3jna optymalizacja ochrony \u015brodowiska i komunikacji informacyjnej<\/strong><\/h2>\n<ul>\n<li><strong>Koncepcja ochrony \u015brodowiska<\/strong>: Przyj\u0119cie materia\u0142\u00f3w papierowych nadaj\u0105cych si\u0119 do recyklingu, technologii druku dwustronnego w celu zmniejszenia ilo\u015bci odpad\u00f3w papierowych, zgodnie z trendem ekologicznych opakowa\u0144.<\/li>\n<li><strong>Podzia\u0142 funkcjonalny<\/strong>:<\/li>\n<li><strong>Zewn\u0119trzne<\/strong>: Logo marki i g\u0142\u00f3wne punkty sprzeda\u017cy (takie jak \"sp\u0142ukiwanie klasy medycznej\" i \"przeno\u015bna konstrukcja\") s\u0105 wyra\u017anie widoczne, aby wzmocni\u0107 pozycjonowanie na rynku.<\/li>\n<li><strong>Wewn\u0119trzny<\/strong>: Szczeg\u00f3\u0142owe instrukcje dotycz\u0105ce produktu, informacje o sk\u0142adnikach i certyfikaty bezpiecze\u0144stwa w celu zwi\u0119kszenia zaufania u\u017cytkownik\u00f3w.<\/li>\n<\/ul>\n<h2 id=\"-4-customized-inner-tray-design-impact-resistance-and-personalized-adaptation-\"><strong>4. Indywidualna konstrukcja tacy wewn\u0119trznej: odporno\u015b\u0107 na uderzenia i spersonalizowane dostosowanie<\/strong><\/h2>\n<ul>\n<li><strong>Odporna na uderzenia taca wewn\u0119trzna<\/strong>: Wewn\u0119trzna taca z tworzywa sztucznego PP o wysokiej wytrzyma\u0142o\u015bci, przechodzi standardowy test udarno\u015bci wi\u0105zki ISO 179 i jest odporna na wibracje i upadki podczas transportu.<\/li>\n<li><strong>Elastyczne opcje dostosowywania<\/strong>:<\/li>\n<li><strong>Wyb\u00f3r materia\u0142u<\/strong>: EVA, g\u0105bka, tkanina jedwabna lub podszewka z rafii, aby dostosowa\u0107 si\u0119 do r\u00f3\u017cnych form produkt\u00f3w (takich jak urz\u0105dzenie do sp\u0142ukiwania, dysza, kabel \u0142aduj\u0105cy itp.), aby zapewni\u0107 bezpiecze\u0144stwo transportu.<\/li>\n<li><strong>Optymalizacja strukturalna<\/strong>: Warstwowe lub zintegrowane tace wewn\u0119trzne mog\u0105 by\u0107 zaprojektowane zgodnie z rozmiarem produktu, aby zmaksymalizowa\u0107 wykorzystanie przestrzeni.<\/li>\n<\/ul>\n<h2 id=\"-5-factory-strength-and-service-guarantee-\"><strong>5. Fabryczna gwarancja wytrzyma\u0142o\u015bci i serwisu<\/strong><\/h2>\n<ul>\n<li><strong>Wiod\u0105ca pozycja w bran\u017cy<\/strong>: Jako 3 najwi\u0119ksza fabryka druku i opakowa\u0144 w Chinach, obs\u0142uguje ponad 5000 markowych klient\u00f3w z bran\u017cy medycznej, elektronicznej, d\u00f3br szybkozbywalnych i innych.<\/li>\n<li><strong>Wydajny system produkcji<\/strong>:<\/li>\n<li><strong>Sprz\u0119t i zdolno\u015bci produkcyjne<\/strong>: Wyposa\u017cona we w pe\u0142ni automatyczne maszyny sztancuj\u0105ce, maszyny do druku cyfrowego UV i inteligentne systemy kontroli jako\u015bci, dzienna zdolno\u015b\u0107 produkcyjna si\u0119ga ponad 1 miliona sztuk, wspieraj\u0105c 48-godzinn\u0105 dostaw\u0119 zam\u00f3wie\u0144 awaryjnych.<\/li>\n<li><strong>Kontrola jako\u015bci<\/strong>: Przeszed\u0142 certyfikacj\u0119 ISO 9001, ka\u017cda partia produkt\u00f3w przechodzi wielowymiarowe testy, takie jak odporno\u015b\u0107 na \u015bciskanie, odporno\u015b\u0107 na zu\u017cycie i r\u00f3\u017cnica kolor\u00f3w, aby zapewni\u0107, \u017ce kwalifikowany wska\u017anik gotowych produkt\u00f3w opakowaniowych wynosi \u226599,8%.<\/li>\n<li><strong>Kompleksowa obs\u0142uga<\/strong>: \u015aledzenie od projektu, przez proofing do masowej produkcji, dostarczanie bezp\u0142atnych sugestii dotycz\u0105cych optymalizacji projektu i obni\u017canie koszt\u00f3w podejmowania decyzji przez klienta.<\/li>\n<\/ul>\n<h2 id=\"-reasons-for-choosing-us-\"><strong>Powody, dla kt\u00f3rych warto nas wybra\u0107<\/strong><\/h2>\n<ul>\n<li><strong>Innowacyjne wzornictwo<\/strong>: Po\u0142\u0105czenie magnetycznej struktury ss\u0105cej i estetycznego wzornictwa uwzgl\u0119dnia zar\u00f3wno funkcj\u0119, jak i komunikacj\u0119 marki.<\/li>\n<li><strong>Zgodno\u015b\u0107 z przepisami dotycz\u0105cymi ochrony \u015brodowiska<\/strong>: Materia\u0142y i procesy s\u0105 zgodne z certyfikatem FSC i normami \u015brodowiskowymi UE REACH.<\/li>\n<li><strong>Przewaga kosztowa<\/strong>: Produkcja na du\u017c\u0105 skal\u0119 zmniejsza koszty jednostkowe, a niestandardowe us\u0142ugi nie maj\u0105 ogranicze\u0144 dotycz\u0105cych minimalnej ilo\u015bci zam\u00f3wienia.<\/li>\n<\/ul>","protected":false},"excerpt":{"rendered":"<p>Pude\u0142ko z magnetycznym zamkni\u0119ciem automatycznie si\u0119 wch\u0142ania i wyr\u00f3wnuje, jest \u0142atwe do otwierania i zamykania, ma prosty i elegancki wygl\u0105d oraz jest dwustronnie zadrukowane, aby oszcz\u0119dza\u0107 zasoby.<\/p>","protected":false},"featured_media":348,"template":"","meta":{"_kad_post_transparent":"default","_kad_post_title":"","_kad_post_layout":"default","_kad_post_sidebar_id":"","_kad_post_content_style":"default","_kad_post_vertical_padding":"default","_kad_post_feature":"","_kad_post_feature_position":"","_kad_post_header":false,"_kad_post_footer":false,"_kad_post_classname":""},"product_brand":[],"product_cat":[15,28,17],"product_tag":[113,112,111],"class_list":{"0":"post-344","1":"product","2":"type-product","3":"status-publish","4":"has-post-thumbnail","6":"product_cat-red-light-therapy","7":"product_cat-customize","8":"product_cat-services","9":"product_tag-custom-oral-irrigator-packaging","10":"product_tag-magnetic-closure-oral-irrigator-box","11":"product_tag-oral-irrigator-packaging","13":"first","14":"instock","15":"shipping-taxable","16":"product-type-simple","17":"entry","18":"content-bg","19":"loop-entry"},"_links":{"self":[{"href":"https:\/\/red-lighttherapy.com\/pl\/wp-json\/wp\/v2\/product\/344","targetHints":{"allow":["GET"]}}],"collection":[{"href":"https:\/\/red-lighttherapy.com\/pl\/wp-json\/wp\/v2\/product"}],"about":[{"href":"https:\/\/red-lighttherapy.com\/pl\/wp-json\/wp\/v2\/types\/product"}],"wp:featuredmedia":[{"embeddable":true,"href":"https:\/\/red-lighttherapy.com\/pl\/wp-json\/wp\/v2\/media\/348"}],"wp:attachment":[{"href":"https:\/\/red-lighttherapy.com\/pl\/wp-json\/wp\/v2\/media?parent=344"}],"wp:term":[{"taxonomy":"product_brand","embeddable":true,"href":"https:\/\/red-lighttherapy.com\/pl\/wp-json\/wp\/v2\/product_brand?post=344"},{"taxonomy":"product_cat","embeddable":true,"href":"https:\/\/red-lighttherapy.com\/pl\/wp-json\/wp\/v2\/product_cat?post=344"},{"taxonomy":"product_tag","embeddable":true,"href":"https:\/\/red-lighttherapy.com\/pl\/wp-json\/wp\/v2\/product_tag?post=344"}],"curies":[{"name":"wp","href":"https:\/\/api.w.org\/{rel}","templated":true}]}}