{"id":338,"date":"2025-04-11T03:21:02","date_gmt":"2025-04-11T03:21:02","guid":{"rendered":"https:\/\/red-lighttherapy.com\/?post_type=product&#038;p=338"},"modified":"2025-04-11T03:46:10","modified_gmt":"2025-04-11T03:46:10","slug":"custom-tempered-glass-screen-protector-packaging-box-factory","status":"publish","type":"product","link":"https:\/\/red-lighttherapy.com\/pl\/custom-tempered-glass-screen-protector-packaging-box-factory\/","title":{"rendered":"Niestandardowa fabryka opakowa\u0144 ze szk\u0142a hartowanego"},"content":{"rendered":"<h2 id=\"-customized-tempered-glass-screen-protector-packaging-box-factory-product-description-\"><strong>Niestandardowe opakowanie fabryczne na ochraniacz ekranu ze szk\u0142a hartowanego opis produktu<\/strong><\/h2>\n<h2 id=\"-i-top-and-bottom-cover-box-design-both-ritual-and-practicality-\"><strong>1. Konstrukcja pokrywy i podstawy pude\u0142ka: zar\u00f3wno rytua\u0142, jak i praktyczno\u015b\u0107<\/strong><\/h2>\n<ol>\n<li><strong>Klasyczna konstrukcja pokrywy i podstawy<\/strong>\u00a0Konstrukcja pude\u0142ka z oddzielnymi pokrywami g\u00f3rn\u0105 i doln\u0105 jest prosta i wygodna w otwieraniu i zamykaniu, nadaj\u0105c produktowi wyj\u0105tkowy charakter. Korpus pude\u0142ka jest wycinany za pomoc\u0105 precyzyjnych form, a b\u0142\u0105d jest kontrolowany w zakresie \u00b10,1 mm, aby zapewni\u0107 szczelne dopasowanie po zamkni\u0119ciu, zwi\u0119kszaj\u0105c wysokiej jako\u015bci tekstur\u0119 produktu.<\/li>\n<li><strong>Optymalizacja ochrony i wygody<\/strong>\u00a0Materia\u0142 korpusu pude\u0142ka wykorzystuje proces kompozytowy szarej p\u0142yty 1200GSM i papieru miedzianego 157G, o wytrzyma\u0142o\u015bci na \u015bciskanie 50 kg ci\u015bnienia statycznego bez deformacji, skutecznie odporny na wyt\u0142aczanie i kolizje podczas transportu. Wbudowana magnetyczna struktura ss\u0105ca, b\u0142\u0105d dopasowania wynosi \u22640,2 mm po zamkni\u0119ciu i mo\u017cna go p\u0142ynnie otwiera\u0107 i zamyka\u0107 jedn\u0105 r\u0119k\u0105, bior\u0105c pod uwag\u0119 bezpiecze\u0144stwo i wygod\u0119.<\/li>\n<\/ol>\n<h2 id=\"-second-orange-main-visual-design-stimulate-brand-vitality-\"><strong>2. Pomara\u0144czowy g\u0142\u00f3wny projekt wizualny: stymuluje witalno\u015b\u0107 marki<\/strong><\/h2>\n<ol>\n<li><strong>Psychologia kolor\u00f3w wzmacnia mark\u0119<\/strong>\u00a0Pomara\u0144czowy jest g\u0142\u00f3wnym kolorem, w po\u0142\u0105czeniu z technologi\u0105 gradientu o niskim nasyceniu, aby przekaza\u0107 witalno\u015b\u0107, ciep\u0142o i pozytywne emocje. Pomara\u0144czowa d\u0142ugo\u015b\u0107 fali (590-610 nm) zapewnia r\u00f3wnowag\u0119 mi\u0119dzy penetracj\u0105 wizualn\u0105 a komfortem, co mo\u017ce zwi\u0119kszy\u0107 rozpoznawalno\u015b\u0107 na p\u00f3\u0142ce o 20%-30% i poprawi\u0107 pami\u0119\u0107 konsument\u00f3w o marce.<\/li>\n<li><strong>Logo marki jest wyra\u017anie widoczne<\/strong>\u00a0Na powierzchni zastosowano technologi\u0119 czterokolorowego druku offsetowego, kt\u00f3ra umo\u017cliwia dok\u0142adne dopasowanie kolor\u00f3w Pantone i zapewnia brak r\u00f3\u017cnic kolorystycznych w druku. Logo marki mo\u017cna po\u0142\u0105czy\u0107 z technologi\u0105 t\u0142oczenia na gor\u0105co, UV lub wyt\u0142aczania, aby stworzy\u0107 silny kontrast wizualny na pomara\u0144czowej podstawie i wzmocni\u0107 efekt marki.<\/li>\n<\/ol>\n<h2 id=\"-third-customized-adaptation-solution-accurately-match-product-needs-\"><strong>3. Indywidualne rozwi\u0105zanie adaptacyjne: dok\u0142adne dopasowanie do potrzeb produktu<\/strong><\/h2>\n<ol>\n<li><strong>Elastyczne dostosowywanie typu pude\u0142ka<\/strong>\u00a0Obs\u0142uguje pe\u0142nowymiarow\u0105 adaptacj\u0119 i mo\u017ce dostosowa\u0107 ekskluzywne typy pude\u0142ek zgodnie z rozmiarem folii hartowanej (np. grubo\u015b\u0107 od 0,15 mm do 0,33 mm) i krzywizn\u0105 powierzchni (2,5D\/3D\/r\u00f3wna g\u0142\u0119boko\u015b\u0107, cztery zakrzywione powierzchnie). Na przyk\u0142ad:<\/li>\n<li><strong>Ultracienka wersja<\/strong>: Nadaje si\u0119 do ultracienkiej folii hartowanej 0,15 mm, grubo\u015b\u0107 pude\u0142ka jest kontrolowana w zakresie 1,5 cm;<\/li>\n<li><strong>Wersja zakrzywiona<\/strong>: Konstrukcja wewn\u0119trznego wspornika w kszta\u0142cie litery U dla folii hartowanej gi\u0119tej na gor\u0105co 3D w celu dopasowania do krzywizny folii.<\/li>\n<li><strong>R\u00f3\u017cnorodny wyb\u00f3r materia\u0142\u00f3w ok\u0142adzinowych<\/strong>\u00a0Dost\u0119pne opcje podszewki, takie jak flokowanie EVA, tkanina jedwabna, karton, g\u0105bka itp:<\/li>\n<li><strong>Flokowanie EVA<\/strong>: Doskona\u0142a odporno\u015b\u0107 na wstrz\u0105sy, odpowiednia do precyzyjnej ochrony kraw\u0119dzi foli\u0105 hartowan\u0105;<\/li>\n<li><strong>Podszewka z jedwabnej tkaniny<\/strong>: Delikatny w dotyku, odpowiedni do wysokiej klasy opakowa\u0144 prezentowych;<\/li>\n<li><strong>Nak\u0142adanie warstw g\u0105bki<\/strong>: W przegrodach mo\u017cna przechowywa\u0107 wiele folii hartowanych, kt\u00f3re s\u0105 odporne na zarysowania i zajmuj\u0105 ma\u0142o miejsca.<\/li>\n<\/ol>\n<h2 id=\"-fourth-china-s-source-factory-advantages-one-stop-service-and-cost-optimization-\"><strong>4. Zalety chi\u0144skiej fabryki \u017ar\u00f3d\u0142owej: kompleksowa obs\u0142uga i optymalizacja koszt\u00f3w<\/strong><\/h2>\n<ol>\n<li><strong>Bezp\u0142atne pr\u00f3bki i wsparcie projektowe<\/strong>\u00a0Zapewniamy bezp\u0142atn\u0105 us\u0142ug\u0119 proofingu, wysy\u0142amy fizyczne pr\u00f3bki w ci\u0105gu 3-5 dni roboczych i wspieramy pe\u0142nowymiarow\u0105 regulacj\u0119 typu pude\u0142ka, nadruku i podszewki. Zesp\u00f3\u0142 projektant\u00f3w mo\u017ce zapewni\u0107 optymalizacj\u0119 struktury opakowania i dostosowanie rozwi\u0105za\u0144 wizualnych w oparciu o system marki VI w celu zmniejszenia koszt\u00f3w rozwoju klienta.<\/li>\n<li><strong>Wysoko op\u0142acalne rozwi\u0105zanie do produkcji masowej<\/strong>\u00a0Jako fabryka \u017ar\u00f3d\u0142owa w Dongguan \/ Shenzhen, Guangdong, przyjmuje zautomatyzowan\u0105 lini\u0119 produkcyjn\u0105 i obs\u0142uguje minimalne zam\u00f3wienie 10 sztuk. Koszt pojedynczego pude\u0142ka jest 30%-40% ni\u017cszy ni\u017c \u015brednia cena rynkowa. Zapewnia r\u00f3\u017cnorodne opcje pakowania, takie jak torby OPP, blistry i kolorowe pude\u0142ka, aby sprosta\u0107 logistyce transgranicznej i potrzebom handlu detalicznego.<\/li>\n<li><strong>Gwarancja jako\u015bci i certyfikacji<\/strong>\u00a0Materia\u0142 wy\u015bci\u00f3\u0142ki spe\u0142nia standardy klasy medycznej (YY\/T 0114), a korpus pude\u0142ka przechodzi test cyklu temperatury i wilgotno\u015bci od -25 \u2103 do 50 \u2103, aby zapewni\u0107 globaln\u0105 stabilno\u015b\u0107 transportu. Obs\u0142uguje certyfikat CE i przyjazny dla \u015brodowiska druk atramentowy oraz spe\u0142nia wymagania dotycz\u0105ce dost\u0119pu do rynku w Europie i Stanach Zjednoczonych.<\/li>\n<\/ol>\n<h2 id=\"-v-technical-parameters-and-service-process-\"><strong>5. Parametry techniczne i proces obs\u0142ugi<\/strong><\/h2>\n<table>\n<thead>\n<tr>\n<th>Projekt<\/th>\n<th>Parametry\/szczeg\u00f3\u0142y us\u0142ugi<\/th>\n<\/tr>\n<\/thead>\n<tbody>\n<tr>\n<td><strong>Typ pude\u0142ka<\/strong><\/td>\n<td>G\u00f3rna i dolna pokrywa (konfigurowalne szuflady, okna i inne warianty)<\/td>\n<\/tr>\n<tr>\n<td><strong>Materia\u0142<\/strong><\/td>\n<td>Papier powlekany 157G + szara tektura 1200GSM, matowa folia na powierzchni<\/td>\n<\/tr>\n<tr>\n<td><strong>Proces drukowania<\/strong><\/td>\n<td>Czterokolorowy druk offsetowy + cz\u0119\u015bciowe t\u0142oczenie UV \/ na gor\u0105co, dopasowanie kolor\u00f3w Pantone<\/td>\n<\/tr>\n<tr>\n<td><strong>Cykl dostawy<\/strong><\/td>\n<td>3-5 dni w przypadku pr\u00f3bek, 7-15 dni w przypadku produkcji masowej (obs\u0142ugiwana dostawa przyspieszona)<\/td>\n<\/tr>\n<tr>\n<td><strong>Opakowania logistyczne<\/strong><\/td>\n<td>Niezale\u017cna torba OPP + odporny na wstrz\u0105sy karton o strukturze plastra miodu, obs\u0142uga bezpo\u015bredniej dostawy DHL\/FedEx<\/td>\n<\/tr>\n<\/tbody>\n<\/table>","protected":false},"excerpt":{"rendered":"<p>Typ pude\u0142ka z pokryw\u0105 i podstaw\u0105 jest oddzielony, a metoda otwierania i zamykania jest prosta i wygodna, nadaj\u0105c produktowi unikalny rytua\u0142 i u\u0142atwiaj\u0105c jego u\u017cytkowanie.<\/p>","protected":false},"featured_media":341,"template":"","meta":{"_kad_post_transparent":"default","_kad_post_title":"","_kad_post_layout":"default","_kad_post_sidebar_id":"","_kad_post_content_style":"default","_kad_post_vertical_padding":"default","_kad_post_feature":"","_kad_post_feature_position":"","_kad_post_header":false,"_kad_post_footer":false,"_kad_post_classname":""},"product_brand":[],"product_cat":[15,19,17],"product_tag":[108,109,110],"class_list":{"0":"post-338","1":"product","2":"type-product","3":"status-publish","4":"has-post-thumbnail","6":"product_cat-red-light-therapy","7":"product_cat-red-light-therapy-stand","8":"product_cat-services","9":"product_tag-custom-tempered-glass-packaging","10":"product_tag-screen-protector-packaging-box","11":"product_tag-screen-protector-packaging-factory","13":"first","14":"instock","15":"shipping-taxable","16":"product-type-simple","17":"entry","18":"content-bg","19":"loop-entry"},"_links":{"self":[{"href":"https:\/\/red-lighttherapy.com\/pl\/wp-json\/wp\/v2\/product\/338","targetHints":{"allow":["GET"]}}],"collection":[{"href":"https:\/\/red-lighttherapy.com\/pl\/wp-json\/wp\/v2\/product"}],"about":[{"href":"https:\/\/red-lighttherapy.com\/pl\/wp-json\/wp\/v2\/types\/product"}],"wp:featuredmedia":[{"embeddable":true,"href":"https:\/\/red-lighttherapy.com\/pl\/wp-json\/wp\/v2\/media\/341"}],"wp:attachment":[{"href":"https:\/\/red-lighttherapy.com\/pl\/wp-json\/wp\/v2\/media?parent=338"}],"wp:term":[{"taxonomy":"product_brand","embeddable":true,"href":"https:\/\/red-lighttherapy.com\/pl\/wp-json\/wp\/v2\/product_brand?post=338"},{"taxonomy":"product_cat","embeddable":true,"href":"https:\/\/red-lighttherapy.com\/pl\/wp-json\/wp\/v2\/product_cat?post=338"},{"taxonomy":"product_tag","embeddable":true,"href":"https:\/\/red-lighttherapy.com\/pl\/wp-json\/wp\/v2\/product_tag?post=338"}],"curies":[{"name":"wp","href":"https:\/\/api.w.org\/{rel}","templated":true}]}}