{"id":332,"date":"2025-04-11T02:59:08","date_gmt":"2025-04-11T02:59:08","guid":{"rendered":"https:\/\/red-lighttherapy.com\/?post_type=product&#038;p=332"},"modified":"2025-04-11T03:20:51","modified_gmt":"2025-04-11T03:20:51","slug":"oral-irrigator-dental-water-flosser-magnetic-closure-box","status":"publish","type":"product","link":"https:\/\/red-lighttherapy.com\/pl\/oral-irrigator-dental-water-flosser-magnetic-closure-box\/","title":{"rendered":"Irygator dentystyczny do p\u0142ukania jamy ustnej z magnetycznym zamkni\u0119ciem"},"content":{"rendered":"<h2 id=\"-oral-irrigator-and-dental-flosser-magnetic-box-product-description-\"><strong>Pude\u0142ko magnetyczne z irygatorem do jamy ustnej i nici\u0105 dentystyczn\u0105 Opis produktu<\/strong><\/h2>\n<h2 id=\"-i-packaging-design-and-structure-\"><strong>1. Projekt i struktura opakowania<\/strong><\/h2>\n<ol>\n<li><strong>Materia\u0142 i no\u015bno\u015b\u0107<\/strong>\u00a0Wykorzystuj\u0105c papier powlekany 157G jako papier wierzchni, w po\u0142\u0105czeniu z szar\u0105 tektur\u0105 o wysokiej wytrzyma\u0142o\u015bci 1200GSM, powstaje stabilna konstrukcja pude\u0142ka, kt\u00f3ra mo\u017ce wytrzyma\u0107 wyt\u0142aczanie i wibracje w codziennym u\u017cytkowaniu, zapewniaj\u0105c prawid\u0142owe mocowanie precyzyjnych instrument\u00f3w, takich jak wbudowane nici dentystyczne i irygatory. Wytrzyma\u0142o\u015b\u0107 na \u015bciskanie korpusu skrzynki zosta\u0142a przetestowana na 50 kg ci\u015bnienia statycznego bez deformacji, spe\u0142niaj\u0105c wymagania dotycz\u0105ce trwa\u0142o\u015bci w scenariuszach podr\u00f3\u017cnych i medycznych.<\/li>\n<li><strong>Wygl\u0105d i prezentacja marki<\/strong>\u00a0Dzi\u0119ki jasnym kolorom (takim jak mi\u0119towa ziele\u0144 i jasny koral) jako podstawie, zastosowano odcienie o niskim nasyceniu, aby stworzy\u0107 g\u0142\u0119bokie poczucie luksusu, jednocze\u015bnie wyra\u017anie prezentuj\u0105c logo marki. Proces laminowania powierzchni zwi\u0119ksza odporno\u015b\u0107 na zabrudzenia i zarysowania. W laboratorium sprawdzono, \u017ce nie kurczy si\u0119 i nie odkszta\u0142ca podczas przechowywania w sta\u0142ej temperaturze 40\u00b0C przez 72 godziny, bior\u0105c pod uwag\u0119 zar\u00f3wno estetyk\u0119, jak i praktyczno\u015b\u0107.<\/li>\n<li><strong>Magnetyczne otwarcie i zamkni\u0119cie oraz poczucie ceremonii<\/strong>\u00a0Konstrukcja pude\u0142ka magnetycznego w kszta\u0142cie ksi\u0105\u017cki, wsp\u00f3\u0142czynnik t\u0142umienia otwierania i zamykania jest ergonomicznie zoptymalizowany do 0,3 N i mo\u017ce by\u0107 obs\u0142ugiwany p\u0142ynnie jedn\u0105 r\u0119k\u0105. Struktura magnetyczna jest precyzyjnie wyr\u00f3wnana, a dopasowanie wynosi \u00b10,1 mm po zamkni\u0119ciu, nadaj\u0105c czynno\u015bci otwierania uroczysty charakter, kt\u00f3ry pasuje do profesjonalnego tonu produkt\u00f3w medycznych.<\/li>\n<\/ol>\n<h2 id=\"-second-customized-function-adaptation-\"><strong>2. Dostosowanie funkcji do indywidualnych potrzeb<\/strong><\/h2>\n<ol>\n<li><strong>Typ pude\u0142ka i elastyczno\u015b\u0107 drukowania<\/strong>\u00a0Obs\u0142uguje r\u00f3\u017cne konstrukcje pude\u0142ek (takie jak sp\u0142aszczone, w kszta\u0142cie litery U), dostosowuj\u0105c si\u0119 do r\u00f3\u017cnych specyfikacji irygator\u00f3w do jamy ustnej o pojemno\u015bci 30 ml-500 ml i niezale\u017cnie pakowanych nici dentystycznych. Drukowany uk\u0142ad mo\u017cna dostosowa\u0107 za pomoc\u0105 logo medycznego, instrukcji obs\u0142ugi lub element\u00f3w kultury marki, aby dok\u0142adnie przekaza\u0107 charakterystyk\u0119 produktu i profesjonalne informacje.<\/li>\n<li><strong>Wewn\u0119trzny materia\u0142 no\u015bny i ulepszenie tekstury<\/strong>\u00a0Zapewnia flokowanie EVA, jedwabn\u0105 tkanin\u0119, g\u0105bk\u0119 i inne opcje podszewki:<\/li>\n<li><strong>Flokowanie EVA<\/strong>Doskona\u0142a odporno\u015b\u0107 na wstrz\u0105sy, odpowiednia do precyzyjnej ochrony g\u0142owicy p\u0142ucz\u0105cej;<\/li>\n<li><strong>Podszewka z jedwabnej tkaniny<\/strong>: delikatny dotyk, poprawiaj\u0105cy wra\u017cenia z wysokiej jako\u015bci piel\u0119gnacji;<\/li>\n<li><strong>Nak\u0142adanie warstw kartonu<\/strong>mo\u017cna podzieli\u0107 na partycje do przechowywania irygator\u00f3w i dysz zamiennych, aby zoptymalizowa\u0107 wykorzystanie przestrzeni.<\/li>\n<\/ol>\n<h2 id=\"-three-scenario-application-and-detail-optimization-\"><strong>3. Zastosowanie scenariusza i optymalizacja szczeg\u00f3\u0142\u00f3w<\/strong><\/h2>\n<ol>\n<li><strong>Dostosowanie scenariusza mobilnego<\/strong>\u00a0Grubo\u015b\u0107 pude\u0142ka jest kontrolowana do 1,8 cm, dzi\u0119ki czemu mo\u017cna je \u0142atwo umie\u015bci\u0107 w kieszeni koszuli lub torbie podr\u0119cznej. Ca\u0142kowita waga po za\u0142adowaniu 50 niezale\u017cnych nici dentystycznych odpowiada tylko dw\u00f3m smartfonom, a przeno\u015bno\u015b\u0107 jest wyj\u0105tkowa.<\/li>\n<li><strong>Gwarancja bezpiecze\u0144stwa i higieny<\/strong>\u00a0Wszystkie materia\u0142y ok\u0142adzinowe spe\u0142niaj\u0105 standardy medyczne (takie jak YY\/T 0114, GB18457), aby unikn\u0105\u0107 deformacji w wysokiej temperaturze i ryzyka pozosta\u0142o\u015bci chemicznych. Kraw\u0119d\u017a korpusu skrzynki jest zaokr\u0105glona, a komfort chwytu zosta\u0142 poprawiony przez 18%, zmniejszaj\u0105c prawdopodobie\u0144stwo przypadkowego urazu podczas pracy.<\/li>\n<li><strong>Inteligentne projektowanie detali<\/strong>\u00a0Opcjonalne wbudowane mikro-lusterko na pokrywie (optymalizacja k\u0105ta widzenia 3 cm) pozwala u\u017cytkownikom na jednoczesn\u0105 piel\u0119gnacj\u0119 jamy ustnej i piel\u0119gnacj\u0119, a 17 regulacji k\u0105ta zapewnia najlepsze wra\u017cenia u\u017cytkownika.<\/li>\n<\/ol>","protected":false},"excerpt":{"rendered":"<p>To magnetyczne pude\u0142ko mo\u017cna \u0142atwo otwiera\u0107 i zamyka\u0107. Wykorzystuje sztywn\u0105 tektur\u0119 157GSM i szar\u0105 tektur\u0119 1200GSM, kt\u00f3re tworz\u0105 struktur\u0119 pude\u0142ka i chroni\u0105 produkty przed uszkodzeniem podczas transportu.<\/p>","protected":false},"featured_media":335,"template":"","meta":{"_kad_post_transparent":"default","_kad_post_title":"","_kad_post_layout":"default","_kad_post_sidebar_id":"","_kad_post_content_style":"default","_kad_post_vertical_padding":"default","_kad_post_feature":"","_kad_post_feature_position":"","_kad_post_header":false,"_kad_post_footer":false,"_kad_post_classname":""},"product_brand":[],"product_cat":[15,28,17],"product_tag":[106,105,107],"class_list":{"0":"post-332","1":"product","2":"type-product","3":"status-publish","4":"has-post-thumbnail","6":"product_cat-red-light-therapy","7":"product_cat-customize","8":"product_cat-services","9":"product_tag-dental-water-flosser-box","10":"product_tag-oral-irrigator-box","11":"product_tag-oral-irrigator-magnetic-closure-box","13":"first","14":"instock","15":"shipping-taxable","16":"product-type-simple","17":"entry","18":"content-bg","19":"loop-entry"},"_links":{"self":[{"href":"https:\/\/red-lighttherapy.com\/pl\/wp-json\/wp\/v2\/product\/332","targetHints":{"allow":["GET"]}}],"collection":[{"href":"https:\/\/red-lighttherapy.com\/pl\/wp-json\/wp\/v2\/product"}],"about":[{"href":"https:\/\/red-lighttherapy.com\/pl\/wp-json\/wp\/v2\/types\/product"}],"wp:featuredmedia":[{"embeddable":true,"href":"https:\/\/red-lighttherapy.com\/pl\/wp-json\/wp\/v2\/media\/335"}],"wp:attachment":[{"href":"https:\/\/red-lighttherapy.com\/pl\/wp-json\/wp\/v2\/media?parent=332"}],"wp:term":[{"taxonomy":"product_brand","embeddable":true,"href":"https:\/\/red-lighttherapy.com\/pl\/wp-json\/wp\/v2\/product_brand?post=332"},{"taxonomy":"product_cat","embeddable":true,"href":"https:\/\/red-lighttherapy.com\/pl\/wp-json\/wp\/v2\/product_cat?post=332"},{"taxonomy":"product_tag","embeddable":true,"href":"https:\/\/red-lighttherapy.com\/pl\/wp-json\/wp\/v2\/product_tag?post=332"}],"curies":[{"name":"wp","href":"https:\/\/api.w.org\/{rel}","templated":true}]}}