{"id":326,"date":"2025-04-11T02:38:38","date_gmt":"2025-04-11T02:38:38","guid":{"rendered":"https:\/\/red-lighttherapy.com\/?post_type=product&#038;p=326"},"modified":"2025-04-11T02:58:59","modified_gmt":"2025-04-11T02:58:59","slug":"custom-kraft-paper-eyeglasses-glasses-drawer-box-wholesale","status":"publish","type":"product","link":"https:\/\/red-lighttherapy.com\/pl\/custom-kraft-paper-eyeglasses-glasses-drawer-box-wholesale\/","title":{"rendered":"Niestandardowe pude\u0142ko do szuflady na okulary z papieru Kraft Hurtownia"},"content":{"rendered":"<h3 id=\"-customized-kraft-paper-glasses-drawer-box-wholesale-product-description-\"><strong>Dostosowane pude\u0142ko do szuflady na okulary Kraft Paper Wholesale Opis produktu<\/strong><\/h3>\n<h2 id=\"-1-innovative-triangular-shape-to-create-brand-visual-symbols-\"><strong>1. Innowacyjny tr\u00f3jk\u0105tny kszta\u0142t do tworzenia wizualnych symboli marki<\/strong><\/h2>\n<p>To pude\u0142ko na okulary przyjmuje unikaln\u0105 tr\u00f3jk\u0105tn\u0105 tr\u00f3jwymiarow\u0105 struktur\u0119, prze\u0142amuj\u0105c monotonne wzornictwo tradycyjnego kwadratowego korpusu pude\u0142ka i nadaj\u0105c produktowi siln\u0105 rozpoznawalno\u015b\u0107 i efekt wizualny dzi\u0119ki geometrycznej estetyce. Tr\u00f3jk\u0105tna konstrukcja otwierania i zamykania w stylu szuflady nie tylko optymalizuje wykorzystanie przestrzeni, ale tak\u017ce przekazuje poczucie nowoczesnej mody dzi\u0119ki ostrym liniom i symetrycznym kraw\u0119dziom, pomagaj\u0105c marce wyr\u00f3\u017cni\u0107 si\u0119 na tle podobnych opakowa\u0144 i tworz\u0105c zr\u00f3\u017cnicowany punkt pami\u0119ci.<\/p>\n<h2 id=\"-2-environmentally-friendly-materials-practicing-the-concept-of-sustainable-development-\"><strong>2. Materia\u0142y przyjazne dla \u015brodowiska, realizuj\u0105ce koncepcj\u0119 zr\u00f3wnowa\u017conego rozwoju<\/strong><\/h2>\n<p>Korpus pude\u0142ka wykonany jest z wytrzyma\u0142ego papieru typu kraft o gramaturze 120 g w po\u0142\u0105czeniu z szar\u0105 tektur\u0105. W por\u00f3wnaniu z tradycyjnym papierem powlekanym, jego naturalne sk\u0142adniki z w\u0142\u00f3kien drzewnych mog\u0105 ulec szybkiej degradacji, a w procesie produkcji nie ma szkodliwych dodatk\u00f3w, takich jak \u015brodki fluorescencyjne. Papier Kraft charakteryzuje si\u0119 zar\u00f3wno odporno\u015bci\u0105 na \u015bcieranie, jak i na nacisk, skutecznie chroni\u0105c okulary przed kolizjami, spe\u0142niaj\u0105c jednocze\u015bnie mi\u0119dzynarodowe normy \u015brodowiskowe i zaspokajaj\u0105c pilne potrzeby konsument\u00f3w w zakresie ekologicznych opakowa\u0144.<\/p>\n<h2 id=\"-3-printing-with-soybean-ink-to-achieve-environmental-protection-throughout-the-life-cycle-\"><strong>3. Drukowanie atramentem sojowym w celu zapewnienia ochrony \u015brodowiska w ca\u0142ym cyklu \u017cycia.<\/strong><\/h2>\n<p>Proces drukowania wykorzystuje atrament sojowy (SOYBEAN OIL INK), kt\u00f3rego surowcem jest odnawialny olej sojowy. Po rozk\u0142adzie mo\u017cna go ca\u0142kowicie zintegrowa\u0107 ze \u015brodowiskiem naturalnym bez pozosta\u0142o\u015bci lotnych zanieczyszcze\u0144 organicznych (LZO). Atrament ma jasny i stabilny kolor, umo\u017cliwia precyzyjne drukowanie wzor\u00f3w, a wydajno\u015b\u0107 odbarwiania jest wy\u017csza, gdy makulatura jest poddawana recyklingowi, co dodatkowo zmniejsza marnotrawstwo zasob\u00f3w.<\/p>\n<h2 id=\"-4-multi-field-adaptation-empowering-high-end-product-packaging-\"><strong>4. Adaptacja na wielu polach, umo\u017cliwiaj\u0105ca pakowanie wysokiej klasy produkt\u00f3w<\/strong><\/h2>\n<p>Tr\u00f3jk\u0105tna szuflada o awangardowym designie i funkcjonalnej kompatybilno\u015bci nadaje si\u0119 do:<\/p>\n<ul>\n<li><strong>Akcesoria modowe<\/strong>takich jak okulary przeciws\u0142oneczne, bi\u017cuteria itp., podkre\u015blaj\u0105c lekki, luksusowy ton produktu;<\/li>\n<li><strong>Modne zabawki<\/strong>: Zapewniaj\u0105 wyj\u0105tkow\u0105 przestrze\u0144 ekspozycyjn\u0105 dla limitowanych edycji figurek;<\/li>\n<li><strong>Wysokiej klasy artyku\u0142y papiernicze<\/strong>: Przechowuj d\u0142ugopisy i narz\u0119dzia artystyczne, aby poprawi\u0107 tekstur\u0119 marki. Jego elastyczne scenariusze zastosowa\u0144 mog\u0105 zaspokoi\u0107 wszystkie potrzeby zwi\u0105zane z \u0142\u0105czeniem, od sprzeda\u017cy detalicznej po wr\u0119czanie prezent\u00f3w.<\/li>\n<\/ul>\n<h2 id=\"-5-exquisite-accessory-details-to-enhance-brand-aesthetic-expression-\"><strong>5. Wykwintne detale akcesori\u00f3w zwi\u0119kszaj\u0105ce estetyczny wyraz marki<\/strong><\/h2>\n<p>G\u00f3rna cz\u0119\u015b\u0107 pude\u0142ka jest wyposa\u017cona w pier\u015bcie\u0144 z satynowej wst\u0105\u017cki, kt\u00f3ry obs\u0142uguje niestandardowe, ekskluzywne dopasowanie kolor\u00f3w lub t\u0142oczone na gor\u0105co LOGO, dodaj\u0105c poczucie ceremonii podczas procesu otwierania. Prowadnica szuflady ma konstrukcj\u0119 magnetyczn\u0105 lub zatrzaskow\u0105, z wewn\u0119trzn\u0105 podk\u0142adk\u0105 flanelow\u0105 zapewniaj\u0105c\u0105 p\u0142ynne ci\u0105gni\u0119cie, odporn\u0105 na wstrz\u0105sy i zarysowania, bior\u0105c pod uwag\u0119 praktyczno\u015b\u0107 i atrakcyjno\u015b\u0107 wizualn\u0105.<\/p>\n<h2 id=\"-6-full-dimensional-customization-service-to-meet-personalized-needs-\"><strong>6. Pe\u0142nowymiarowa us\u0142uga dostosowywania do spersonalizowanych potrzeb<\/strong><\/h2>\n<p>Zapewnia kompleksowe rozwi\u0105zanie do dostosowywania i obs\u0142uguje elastyczn\u0105 regulacj\u0119 nast\u0119puj\u0105cych parametr\u00f3w:<\/p>\n<ul>\n<li><strong>Typ pude\u0142ka<\/strong>: Opr\u00f3cz standardowego tr\u00f3jk\u0105tnego modelu szuflady, mo\u017cna go rozszerzy\u0107 o wielowarstwowe \u015bcianki dzia\u0142owe lub konstrukcje o specjalnym kszta\u0142cie;<\/li>\n<li><strong>Materia\u0142<\/strong>: Opcjonalnie matowy\/b\u0142yszcz\u0105cy papier pakowy lub wodoodporna pow\u0142oka kompozytowa (przyjazna dla \u015brodowiska);<\/li>\n<li><strong>Drukowanie<\/strong>: Obs\u0142uguje t\u0142oczenie na gor\u0105co, sitodruk, wyt\u0142aczanie i inne procesy oraz nadaje si\u0119 do systemu marki VI;<\/li>\n<li><strong>Rozmiar<\/strong>: Obejmuje potrzeby od pojedynczych szyb po wielosiatkowe pude\u0142ka ekspozycyjne i obs\u0142uguje niestandardowe rozmiary.<\/li>\n<\/ul>\n<h2 id=\"-technical-parameters-and-delivery-guarantee-\"><strong>Parametry techniczne i gwarancja dostawy<\/strong><\/h2>\n<ul>\n<li><strong>Rozmiar podstawowy<\/strong>: 160-240 mm d\u0142ugo\u015bci \u00d7 66-120 mm szeroko\u015bci \u00d7 55-120 mm wysoko\u015bci (regulowane);<\/li>\n<li><strong>Minimalna ilo\u015b\u0107 zam\u00f3wienia<\/strong>: 500 sztuk, obs\u0142uga weryfikacji ma\u0142ych partii;<\/li>\n<li><strong>Cykl produkcyjny<\/strong>7-15 dni (dostosowane w zale\u017cno\u015bci od z\u0142o\u017cono\u015bci personalizacji);<\/li>\n<li><strong>Standardy kontroli jako\u015bci<\/strong>: Przeszed\u0142 system ochrony \u015brodowiska ISO 14001 i test odporno\u015bci na ci\u015bnienie transportowe.<\/li>\n<\/ul>\n<p><strong>Warto\u015b\u0107 wsp\u00f3\u0142pracy<\/strong>: Dzi\u0119ki po\u0142\u0105czeniu przyjaznych dla \u015brodowiska materia\u0142\u00f3w, innowacyjnego projektu i g\u0142\u0119bokiej personalizacji, produkt ten mo\u017ce pom\u00f3c markom zmniejszy\u0107 ich \u015blad w\u0119glowy, jednocze\u015bnie poprawiaj\u0105c wra\u017cenia konsumenta terminala dzi\u0119ki wysokiej warto\u015bci opakowaniu, osi\u0105gaj\u0105c sytuacj\u0119 korzystn\u0105 dla obu stron w zakresie warto\u015bci handlowej i odpowiedzialno\u015bci spo\u0142ecznej.<\/p>","protected":false},"excerpt":{"rendered":"<p>Pude\u0142ko przyjmuje unikalny tr\u00f3jk\u0105tny kszta\u0142t papieru szufladowego, prze\u0142amuj\u0105c konwencjonalny kwadratowy kszta\u0142t pude\u0142ka, dzi\u0119ki czemu ca\u0142e pude\u0142ko i powi\u0105zana z nim marka s\u0105 bardzo rozpoznawalne i efektowne wizualnie.<\/p>","protected":false},"featured_media":329,"template":"","meta":{"_kad_post_transparent":"default","_kad_post_title":"","_kad_post_layout":"default","_kad_post_sidebar_id":"","_kad_post_content_style":"default","_kad_post_vertical_padding":"default","_kad_post_feature":"","_kad_post_feature_position":"","_kad_post_header":false,"_kad_post_footer":false,"_kad_post_classname":""},"product_brand":[],"product_cat":[15,20,17],"product_tag":[104,102,103],"class_list":{"0":"post-326","1":"product","2":"type-product","3":"status-publish","4":"has-post-thumbnail","6":"product_cat-red-light-therapy","7":"product_cat-led-face-light-therapy","8":"product_cat-services","9":"product_tag-custom-eyeglasses-box-wholesale","10":"product_tag-eyeglasses-drawer-box","11":"product_tag-glasses-drawer-box","13":"first","14":"instock","15":"shipping-taxable","16":"product-type-simple","17":"entry","18":"content-bg","19":"loop-entry"},"_links":{"self":[{"href":"https:\/\/red-lighttherapy.com\/pl\/wp-json\/wp\/v2\/product\/326","targetHints":{"allow":["GET"]}}],"collection":[{"href":"https:\/\/red-lighttherapy.com\/pl\/wp-json\/wp\/v2\/product"}],"about":[{"href":"https:\/\/red-lighttherapy.com\/pl\/wp-json\/wp\/v2\/types\/product"}],"wp:featuredmedia":[{"embeddable":true,"href":"https:\/\/red-lighttherapy.com\/pl\/wp-json\/wp\/v2\/media\/329"}],"wp:attachment":[{"href":"https:\/\/red-lighttherapy.com\/pl\/wp-json\/wp\/v2\/media?parent=326"}],"wp:term":[{"taxonomy":"product_brand","embeddable":true,"href":"https:\/\/red-lighttherapy.com\/pl\/wp-json\/wp\/v2\/product_brand?post=326"},{"taxonomy":"product_cat","embeddable":true,"href":"https:\/\/red-lighttherapy.com\/pl\/wp-json\/wp\/v2\/product_cat?post=326"},{"taxonomy":"product_tag","embeddable":true,"href":"https:\/\/red-lighttherapy.com\/pl\/wp-json\/wp\/v2\/product_tag?post=326"}],"curies":[{"name":"wp","href":"https:\/\/api.w.org\/{rel}","templated":true}]}}