{"id":314,"date":"2025-04-11T02:01:19","date_gmt":"2025-04-11T02:01:19","guid":{"rendered":"https:\/\/red-lighttherapy.com\/?post_type=product&#038;p=314"},"modified":"2025-04-11T02:38:29","modified_gmt":"2025-04-11T02:38:29","slug":"custom-jewelry-drawer-style-rigid-packaging-boxes-wholesale","status":"publish","type":"product","link":"https:\/\/red-lighttherapy.com\/pl\/custom-jewelry-drawer-style-rigid-packaging-boxes-wholesale\/","title":{"rendered":"Niestandardowe sztywne pude\u0142ka do pakowania bi\u017cuterii w stylu szuflady hurtowej"},"content":{"rendered":"<h2 id=\"-customized-jewelry-drawer-style-hard-packaging-box-product-description-\">Niestandardowe sztywne pude\u0142ka do pakowania bi\u017cuterii w stylu szuflady hurtowej<\/h2>\n<h2 id=\"-i-design-concept-dual-presentation-of-simple-aesthetics-and-ritual-sense-\"><strong>1. Koncepcja projektu: podw\u00f3jna prezentacja prostej estetyki i zmys\u0142u rytualnego<\/strong><\/h2>\n<ol>\n<li><strong>Czysta czarna matowa tekstura<\/strong>\u00a0Jako materia\u0142 zewn\u0119trznego pude\u0142ka u\u017cyj specjalnego papieru wype\u0142nionego czyst\u0105 czarn\u0105 sk\u00f3r\u0105 i matowej obr\u00f3bki powierzchni, aby unikn\u0105\u0107 odblaskowych zak\u0142\u00f3ce\u0144, tworz\u0105c\u00a0<strong>niski luksus<\/strong>\u00a0efekt wizualny. Czarna podstawa jest po\u0142\u0105czona z minimalistyczn\u0105 lini\u0105, aby wzmocni\u0107 wizerunek marki.\u00a0<strong>Wysokiej klasy pozycjonowanie<\/strong>kontrastuj\u0105c z blaskiem bi\u017cuterii, podkre\u015blaj\u0105c podstawow\u0105 warto\u015b\u0107 produktu.<\/li>\n<li><strong>Wysuwana konstrukcja otworu<\/strong>\u00a0Porzucaj\u0105c tradycyjn\u0105 struktur\u0119 pude\u0142ka nieba i ziemi, wysuwana konstrukcja w stylu szuflady wzmacnia poczucie rytua\u0142u poprzez\u00a0<strong>progresywne do\u015bwiadczenie otwierania pude\u0142ek<\/strong>. Procesowi wyci\u0105gania towarzyszy jedwabiste uczucie t\u0142umienia, daj\u0105c u\u017cytkownikom psychologiczne oczekiwanie \"odkrywania skarb\u00f3w\". Wewn\u0119trzne pude\u0142ko i zewn\u0119trzna rama s\u0105 precyzyjnie zatrza\u015bni\u0119te, aby zapewni\u0107 p\u0142ynne wyci\u0105ganie bez wstrz\u0105s\u00f3w, zwi\u0119kszaj\u0105c komfort u\u017cytkowania.\u00a0<strong>wysokiej klasy zmys\u0142<\/strong>\u00a0do\u015bwiadczenia u\u017cytkownika.<\/li>\n<\/ol>\n<h2 id=\"-second-material-and-structure-taking-into-account-both-protection-and-uniqueness-\"><strong>2. Materia\u0142 i struktura: bior\u0105c pod uwag\u0119 zar\u00f3wno ochron\u0119, jak i wyj\u0105tkowo\u015b\u0107<\/strong><\/h2>\n<ol>\n<li><strong>Materia\u0142 kompozytowy o wysokiej wytrzyma\u0142o\u015bci<\/strong><\/li>\n<li><strong>Specjalny papier 120g wype\u0142niony sk\u00f3r\u0105<\/strong>: Powierzchnia jest delikatna jak sk\u00f3ra, odporna na zu\u017cycie i odporna na zabrudzenia, odpowiednia do d\u0142ugotrwa\u0142ego przechowywania i transportu.<\/li>\n<li><strong>Szara p\u0142yta 1200GSM<\/strong>: Szara p\u0142yta o wysokiej g\u0119sto\u015bci zapewnia\u00a0<strong>Super mocne wsparcie<\/strong>Wytrzyma\u0142o\u015b\u0107 na \u015bciskanie korpusu skrzyni jest ponad 2 razy wi\u0119ksza ni\u017c standard bran\u017cowy, co skutecznie zapobiega kolizjom i wyciskaniu podczas transportu.<\/li>\n<li><strong>Modu\u0142owa konstrukcja strukturalna<\/strong>\u00a0Korpus skrzyni ma konstrukcj\u0119 dzielon\u0105, kt\u00f3ra obs\u0142uguje\u00a0<strong>Elastyczne dostosowanie rozmiaru<\/strong>\u00a0(obs\u0142uguj\u0105cy od minimum 10 cm\u00b3 do maksimum 50 cm\u00b3). Podszewk\u0119 mo\u017cna dostosowa\u0107 za pomoc\u0105 rowk\u00f3w z flaneli EVA lub regulowanych przegr\u00f3dek w zale\u017cno\u015bci od kszta\u0142tu bi\u017cuterii, odpowiednich do r\u00f3\u017cnych potrzeb przechowywania, takich jak pier\u015bcionki, naszyjniki i kolczyki.<\/li>\n<\/ol>\n<h2 id=\"-iii-craftsmanship-details-exquisite-touch-and-brand-enhancement-\"><strong>3. Szczeg\u00f3\u0142y rzemios\u0142a: wykwintny dotyk i wzmocnienie marki<\/strong><\/h2>\n<ol>\n<li><strong>Wyt\u0142aczane r\u0119kodzie\u0142o i akcesoria wst\u0105\u017ckowe<\/strong><\/li>\n<li><strong>Tr\u00f3jwymiarowe wyt\u0142oczone LOGO\/wz\u00f3r<\/strong>: Dzi\u0119ki precyzyjnemu t\u0142oczeniu, logo marki lub niestandardowy wz\u00f3r jest prezentowany na pokrywie lub boku pude\u0142ka, kt\u00f3re ma tr\u00f3jwymiarowy dotyk i bogate warstwy wizualne.<\/li>\n<li><strong>Pier\u015bcie\u0144 do \u015bci\u0105gania wst\u0105\u017cki i metalowe akcesoria<\/strong>: Przedni koniec szuflady jest dopasowany do satynowej wst\u0105\u017cki lub metalowego pier\u015bcienia w tym samym kolorze, aby zwi\u0119kszy\u0107 wygod\u0119 otwierania pude\u0142ka.\u00a0<strong>atrakcyjno\u015b\u0107 wizualna<\/strong>Wst\u0105\u017ck\u0119 mo\u017cna dostosowa\u0107 za pomoc\u0105 t\u0142oczenia na gor\u0105co koloru marki lub tekstu, aby zwi\u0119kszy\u0107 rozpoznawalno\u015b\u0107 marki.<\/li>\n<li><strong>Ochrona \u015brodowiska i trwa\u0142o\u015b\u0107<\/strong>\u00a0Zar\u00f3wno papier sk\u00f3rzany, jak i szara tektura posiadaj\u0105 certyfikat FSC i spe\u0142niaj\u0105 nast\u0119puj\u0105ce wymagania\u00a0<strong>normy ochrony \u015brodowiska<\/strong>Pude\u0142ko jest klejone klejem spo\u017cywczym, kt\u00f3ry nie ma dra\u017cni\u0105cego zapachu i zapewnia bezpiecze\u0144stwo przechowywania bi\u017cuterii.<\/li>\n<\/ol>\n<h2 id=\"-iv-customized-service-full-process-personalized-solution-\"><strong>4. Indywidualna us\u0142uga: spersonalizowane rozwi\u0105zanie w pe\u0142nym procesie<\/strong><\/h2>\n<ol>\n<li><strong>Dog\u0142\u0119bne wsparcie projektowe<\/strong><\/li>\n<li>Zapewni\u0107\u00a0<strong>Sprawdzanie poprawno\u015bci modelowania 3D<\/strong>\u00a0klienci mog\u0105 uczestniczy\u0107 w szczeg\u00f3\u0142owej regulacji typu pude\u0142ka, wzoru i struktury podszewki, aby zapewni\u0107, \u017ce stopie\u0144 przywr\u00f3cenia projektu osi\u0105gnie 99%.<\/li>\n<li>Wsparcie\u00a0<strong>Ponad 20 proces\u00f3w powierzchniowych<\/strong>\u00a0takie jak t\u0142oczenie na gor\u0105co, UV, grawerowanie laserowe itp., aby spe\u0142ni\u0107 r\u00f3\u017cne wymagania dotycz\u0105ce stylu (takie jak jasne, luksusowe ciemne wzory, laser aurora itp.)<\/li>\n<li><strong>Gwarancja masowej produkcji i logistyki<\/strong><\/li>\n<li>Minimalna ilo\u015b\u0107 zam\u00f3wienia\u00a0<strong>500<\/strong>Cykl proofingu 3-5 dni, cykl produkcji masowej 7-14 dni.<\/li>\n<li>Wsparcie SF Express\/Deppon Logistics na terenie ca\u0142ego kraju, zapewnienie\u00a0<strong>odszkodowanie<\/strong>\u00a0aby zapewni\u0107 bezproblemow\u0105 dostaw\u0119.<\/li>\n<\/ol>\n<h2 id=\"-v-application-scenarios-and-brand-value-\"><strong>5. Scenariusze zastosowa\u0144 i warto\u015b\u0107 marki<\/strong><\/h2>\n<ul>\n<li><strong>Obowi\u0105zuj\u0105ce scenariusze<\/strong>sklepy jubilerskie, wysokiej klasy personalizacja prezent\u00f3w, luksusowe wsp\u00f3lne opakowania, zestawy bi\u017cuterii \u015blubnej itp.<\/li>\n<li><strong>Wzmocnienie pozycji marki<\/strong>: Przez\u00a0<strong>wizualna jedno\u015b\u0107<\/strong>\u00a0oraz\u00a0<strong>dotykowe punkty pami\u0119ci<\/strong> opakowania, wzmocnienie postrzegania przez konsument\u00f3w marki jako \"wykwintnej, profesjonalnej i przyjaznej dla \u015brodowiska\" oraz zwi\u0119kszenie wska\u017anika odkupu i potencja\u0142u komunikacji spo\u0142ecznej.<\/li>\n<\/ul>\n<p>To opakowanie jest nie tylko pojemnikiem, ale tak\u017ce no\u015bnikiem historii marki i punktem styczno\u015bci z emocjami u\u017cytkownik\u00f3w, pomagaj\u0105c wyr\u00f3\u017cni\u0107 si\u0119 na rynku bi\u017cuterii.<\/p>","protected":false},"excerpt":{"rendered":"<p>To papierowe pude\u0142ko do szuflady na bi\u017cuteri\u0119 ma wi\u0119kszy wp\u0142yw wizualny i poczucie rytua\u0142u ni\u017c tradycyjna metoda otwierania pude\u0142ka. LOGO jest wyt\u0142aczane, co dodaje wizualnego wyrafinowania i bogatych wra\u017ce\u0144 dotykowych.<\/p>","protected":false},"featured_media":316,"template":"","meta":{"_kad_post_transparent":"default","_kad_post_title":"","_kad_post_layout":"default","_kad_post_sidebar_id":"","_kad_post_content_style":"default","_kad_post_vertical_padding":"default","_kad_post_feature":"","_kad_post_feature_position":"","_kad_post_header":false,"_kad_post_footer":false,"_kad_post_classname":""},"product_brand":[],"product_cat":[15,20,17],"product_tag":[101,100,99],"class_list":{"0":"post-314","1":"product","2":"type-product","3":"status-publish","4":"has-post-thumbnail","6":"product_cat-red-light-therapy","7":"product_cat-led-face-light-therapy","8":"product_cat-services","9":"product_tag-custom-boxes-wholesale","10":"product_tag-jewelry-packaging-boxes","11":"product_tag-jewelry-rigid-boxes","13":"first","14":"instock","15":"shipping-taxable","16":"product-type-simple","17":"entry","18":"content-bg","19":"loop-entry"},"_links":{"self":[{"href":"https:\/\/red-lighttherapy.com\/pl\/wp-json\/wp\/v2\/product\/314","targetHints":{"allow":["GET"]}}],"collection":[{"href":"https:\/\/red-lighttherapy.com\/pl\/wp-json\/wp\/v2\/product"}],"about":[{"href":"https:\/\/red-lighttherapy.com\/pl\/wp-json\/wp\/v2\/types\/product"}],"wp:featuredmedia":[{"embeddable":true,"href":"https:\/\/red-lighttherapy.com\/pl\/wp-json\/wp\/v2\/media\/316"}],"wp:attachment":[{"href":"https:\/\/red-lighttherapy.com\/pl\/wp-json\/wp\/v2\/media?parent=314"}],"wp:term":[{"taxonomy":"product_brand","embeddable":true,"href":"https:\/\/red-lighttherapy.com\/pl\/wp-json\/wp\/v2\/product_brand?post=314"},{"taxonomy":"product_cat","embeddable":true,"href":"https:\/\/red-lighttherapy.com\/pl\/wp-json\/wp\/v2\/product_cat?post=314"},{"taxonomy":"product_tag","embeddable":true,"href":"https:\/\/red-lighttherapy.com\/pl\/wp-json\/wp\/v2\/product_tag?post=314"}],"curies":[{"name":"wp","href":"https:\/\/api.w.org\/{rel}","templated":true}]}}