{"id":308,"date":"2025-04-11T01:44:45","date_gmt":"2025-04-11T01:44:45","guid":{"rendered":"https:\/\/red-lighttherapy.com\/?post_type=product&#038;p=308"},"modified":"2025-04-11T02:01:12","modified_gmt":"2025-04-11T02:01:12","slug":"premium-quality-custom-tea-packaging-pouches-boxes-wholesale","status":"publish","type":"product","link":"https:\/\/red-lighttherapy.com\/pl\/premium-quality-custom-tea-packaging-pouches-boxes-wholesale\/","title":{"rendered":"Najwy\u017cszej jako\u015bci niestandardowe opakowania na herbat\u0119 Pude\u0142ka hurtowe"},"content":{"rendered":"<h2 id=\"-high-end-customized-tea-gift-box-a-packaging-solution-that-combines-traditional-aesthetics-with-modern-practicality-\"><strong>Najwy\u017cszej jako\u015bci niestandardowe opakowania hurtowe na herbat\u0119 - rozwi\u0105zanie opakowaniowe \u0142\u0105cz\u0105ce tradycyjn\u0105 estetyk\u0119 z nowoczesn\u0105 praktyczno\u015bci\u0105<\/strong><\/h2>\n<h2 id=\"-1-core-material-a-perfect-balance-between-environmental-protection-and-pressure-resistance-\"><strong>1. Materia\u0142 rdzenia: idealna r\u00f3wnowaga mi\u0119dzy ochron\u0105 \u015brodowiska a odporno\u015bci\u0105 na nacisk<\/strong><\/h2>\n<p>To pude\u0142ko do pakowania herbaty przyjmuje\u00a0<strong>Dwuwarstwowa konstrukcja kompozytowa\u00a0<\/strong>Warstwa zewn\u0119trzna to\u00a0<strong>Czerwony karton z certyfikatem FSC\u00a0<\/strong>a warstwa wewn\u0119trzna jest uzupe\u0142niona\u00a0<strong>szara p\u0142yta o wysokiej g\u0119sto\u015bci\u00a0<\/strong>osi\u0105gaj\u0105c podw\u00f3jny prze\u0142om w zakresie ochrony \u015brodowiska i funkcjonalno\u015bci.<\/p>\n<ul>\n<li><strong>Certyfikacja \u015brodowiskowa\u00a0<\/strong>: Przeszed\u0142 testy SGS i normy bezpiecze\u0144stwa EN71, wykorzystuj\u0105c czyst\u0105 pulp\u0119 drzewn\u0105 i barwniki spo\u017cywcze, aby zapewni\u0107 bezpo\u015bredni kontakt z li\u015b\u0107mi herbaty.<\/li>\n<li><strong>Odporno\u015b\u0107 na \u015bciskanie\u00a0<\/strong>: Zgodnie z testami laboratoryjnymi pude\u0142ko mo\u017ce wytrzyma\u0107 obci\u0105\u017cenie 15 kg bez deformacji, a jego w\u0142a\u015bciwo\u015bci antysejsmiczne s\u0105 30% lepsze ni\u017c standard bran\u017cowy (dane z bia\u0142ej ksi\u0119gi Stowarzyszenia Przemys\u0142u Opakowa\u0144).<\/li>\n<li><strong>Przetwarzanie szczeg\u00f3\u0142\u00f3w\u00a0<\/strong>: Powierzchnia jest pokryta matow\u0105 foli\u0105, kt\u00f3ra jest delikatna w dotyku i zapobiega pozostawianiu odcisk\u00f3w palc\u00f3w, poprawiaj\u0105c wysokiej jako\u015bci tekstur\u0119.<\/li>\n<\/ul>\n<h2 id=\"-ii-humanized-design-innovative-experience-of-pull-out-opening-and-closing-\"><strong>2. Humanizowana konstrukcja: innowacyjne do\u015bwiadczenie wysuwanego otwierania i zamykania<\/strong><\/h2>\n<p>Przyj\u0119cie\u00a0<strong>grawitacyjny system wysuwania rdzenia<\/strong>Zapewnia p\u0142ynne dzia\u0142anie \"otwieranie jednym podniesieniem i zamykanie jednym naci\u015bni\u0119ciem\":<\/p>\n<ul>\n<li><strong>Ulepszone poczucie ceremonii<\/strong>: 3 mm konstrukcja t\u0142umi\u0105ca sprawia, \u017ce proces wyci\u0105gania przypomina otwieranie cennej ksi\u0105\u017cki, zwi\u0119kszaj\u0105c interaktywne wra\u017cenia konsument\u00f3w.<\/li>\n<li><strong>Stabilna struktura<\/strong>: G\u0105sienica wykorzystuje technologi\u0119 wzmocnienia nachylonego pod k\u0105tem 45\u00b0 i pozostaje g\u0142adka jak wcze\u015bniej po 5000 test\u00f3w otwierania i zamykania (zgodnie z norm\u0105 GB\/T 4857).<\/li>\n<li><strong>Optymalizacja przestrzeni<\/strong>: G\u0142\u0119boko\u015b\u0107 pude\u0142ka jest o 20% mniejsza ni\u017c w przypadku tradycyjnego typu clamshell, kt\u00f3ry jest bardziej odpowiedni do ekspozycji w supermarkecie oraz magazynowania i transportu.<\/li>\n<\/ul>\n<h2 id=\"-iii-visual-communication-modern-expression-of-oriental-aesthetics-\"><strong>3. Komunikacja wizualna: nowoczesny wyraz orientalnej estetyki<\/strong><\/h2>\n<p><strong>J\u0119zyk projektowania<\/strong>\u00a0przyjmuje zasad\u0119 \"mniej znaczy wi\u0119cej\":<\/p>\n<ul>\n<li><strong>System kolor\u00f3w<\/strong>: G\u0142\u00f3wnym kolorem jest\u00a0<strong>Czerwony Mur Zakazanego Miasta (Pantone 18-1663TPX)<\/strong>kt\u00f3ry symbolizuje godno\u015b\u0107 i pomy\u015blno\u015b\u0107. Psychologia kolor\u00f3w wykaza\u0142a, \u017ce mo\u017ce on zwi\u0119kszy\u0107 ch\u0119\u0107 kupowania prezent\u00f3w o 32%.<\/li>\n<li><strong>Koncentracja wizualna<\/strong>2 mm t\u0142oczone na gor\u0105co, matowe, z\u0142ote logo, w po\u0142\u0105czeniu z bardzo cienk\u0105, wkl\u0119s\u0142\u0105 ramk\u0105 o grubo\u015bci 0,3 mm, zwi\u0119ksza rozpoznawalno\u015b\u0107 marki o 57% (dane z ankiety przeprowadzonej przez China Packaging Design Association).<\/li>\n<li><strong>Symbole kulturowe<\/strong>: Opcjonalnie 24 terminy s\u0142oneczne wzory t\u0142oczenia na gor\u0105co lub rzemios\u0142o reliefowe Tea Horse Ancient Road w celu pog\u0142\u0119bienia atrybut\u00f3w kulturowych.<\/li>\n<\/ul>\n<h2 id=\"-fourth-lining-protection-dual-upgrade-of-function-and-aesthetics-\"><strong>4. Ochrona podszewki: podw\u00f3jne ulepszenie funkcji i estetyki<\/strong><\/h2>\n<p>Innowacyjny\u00a0<strong>trzystopniowy system buforowania<\/strong>\u00a0zapewnia bezpiecze\u0144stwo herbaty:<\/p>\n<ol>\n<li><strong>Pierwsza warstwa ochrony<\/strong>Wewn\u0119trzne wsparcie z czarnej pianki EVA o grubo\u015bci 2 mm, przesz\u0142o testy transportowe ISTA 3A<\/li>\n<li><strong>Stabilno\u015b\u0107 warstwy \u015brodkowej<\/strong>falista tekturowa przegroda, skutecznie rozpraszaj\u0105ca uderzenia si\u0142 zewn\u0119trznych<\/li>\n<li><strong>Wsparcie dolnej warstwy<\/strong>Papier siarkowy o jako\u015bci spo\u017cywczej jest pakowany niezale\u017cnie, a jego odporno\u015b\u0107 na wilgo\u0107 wynosi 98,7%.\u00a0<em>Uwaga: Czarna kartonowa wy\u015bci\u00f3\u0142ka jest kalibrowana przez kolorymetr LAB, co mo\u017ce zwi\u0119kszy\u0107 kontrast kolor\u00f3w herbaty o 41%.<\/em><\/li>\n<\/ol>\n<h2 id=\"-five-flexible-customization-adapt-to-full-scene-needs-\"><strong>5. Elastyczne dostosowywanie: dostosowanie do pe\u0142nych potrzeb sceny<\/strong><\/h2>\n<p>Zapewniamy\u00a0<strong>Modu\u0142owe us\u0142ugi dostosowywania<\/strong>:<\/p>\n<ul>\n<li><strong>Dostosowanie rozmiaru<\/strong>obs\u0142uga pe\u0142nego pokrycia specyfikacji 50g-5kg, specjalny cykl proofingu 3D typu pude\u0142kowego wynosi tylko 24 godziny<\/li>\n<li><strong>Rozszerzenie funkcji<\/strong>opcjonalny chip NFC zapobiegaj\u0105cy fa\u0142szerstwom, okno skanowania magazynu\/AR i inne inteligentne modu\u0142y<\/li>\n<li><strong>Us\u0142uga o warto\u015bci dodanej<\/strong>: bezp\u0142atny pakiet materia\u0142\u00f3w marketingowych (w tym kr\u00f3tki skrypt wideo do rozpakowywania, szablon strony szczeg\u00f3\u0142\u00f3w e-commerce)<\/li>\n<\/ul>\n<h2 id=\"-cooperation-process-\"><strong>Proces wsp\u00f3\u0142pracy<\/strong><\/h2>\n<ol>\n<li><strong>Potwierdzenie wymaga\u0144<\/strong>: Zapewnienie wymaga\u0144 dotycz\u0105cych rozmiaru produktu\/pozycji sceny\/elementu kulturowego<\/li>\n<li><strong>Wyj\u015bcie rozwi\u0105zania<\/strong>: Dostarczenie 3 zestaw\u00f3w propozycji projektowych w ci\u0105gu 3 dni roboczych<\/li>\n<li><strong>Potwierdzenie proofingu<\/strong>: Obs\u0142uga podw\u00f3jnej weryfikacji modelu fizycznego\/3D<\/li>\n<li><strong>Produkcja masowa<\/strong>: Minimalne zam\u00f3wienie 1000 sztuk, obs\u0142uga bezpo\u015bredniej wysy\u0142ki z trzech magazyn\u00f3w we wschodnich Chinach, po\u0142udniowych Chinach i po\u0142udniowo-zachodnich Chinach.<\/li>\n<\/ol>","protected":false},"excerpt":{"rendered":"<p>Pude\u0142ko ma klasyczn\u0105 konstrukcj\u0119 otwierania i zamykania szuflady na papier. Wykonane jest z czerwonej sztywnej tektury i szarej tektury artystycznej, kt\u00f3re s\u0105 trwa\u0142ymi i przyjaznymi dla \u015brodowiska materia\u0142ami, kt\u00f3re mog\u0105 chroni\u0107 produkty wewn\u0105trz pude\u0142ka.<\/p>","protected":false},"featured_media":311,"template":"","meta":{"_kad_post_transparent":"default","_kad_post_title":"","_kad_post_layout":"default","_kad_post_sidebar_id":"","_kad_post_content_style":"default","_kad_post_vertical_padding":"default","_kad_post_feature":"","_kad_post_feature_position":"","_kad_post_header":false,"_kad_post_footer":false,"_kad_post_classname":""},"product_brand":[],"product_cat":[15,20,17],"product_tag":[98,96,97],"class_list":{"0":"post-308","1":"product","2":"type-product","3":"status-publish","4":"has-post-thumbnail","6":"product_cat-red-light-therapy","7":"product_cat-led-face-light-therapy","8":"product_cat-services","9":"product_tag-custom-tea-packaging-wholesale","10":"product_tag-tea-packaging-boxes","11":"product_tag-tea-pouches-boxes","13":"first","14":"instock","15":"shipping-taxable","16":"product-type-simple","17":"entry","18":"content-bg","19":"loop-entry"},"_links":{"self":[{"href":"https:\/\/red-lighttherapy.com\/pl\/wp-json\/wp\/v2\/product\/308","targetHints":{"allow":["GET"]}}],"collection":[{"href":"https:\/\/red-lighttherapy.com\/pl\/wp-json\/wp\/v2\/product"}],"about":[{"href":"https:\/\/red-lighttherapy.com\/pl\/wp-json\/wp\/v2\/types\/product"}],"wp:featuredmedia":[{"embeddable":true,"href":"https:\/\/red-lighttherapy.com\/pl\/wp-json\/wp\/v2\/media\/311"}],"wp:attachment":[{"href":"https:\/\/red-lighttherapy.com\/pl\/wp-json\/wp\/v2\/media?parent=308"}],"wp:term":[{"taxonomy":"product_brand","embeddable":true,"href":"https:\/\/red-lighttherapy.com\/pl\/wp-json\/wp\/v2\/product_brand?post=308"},{"taxonomy":"product_cat","embeddable":true,"href":"https:\/\/red-lighttherapy.com\/pl\/wp-json\/wp\/v2\/product_cat?post=308"},{"taxonomy":"product_tag","embeddable":true,"href":"https:\/\/red-lighttherapy.com\/pl\/wp-json\/wp\/v2\/product_tag?post=308"}],"curies":[{"name":"wp","href":"https:\/\/api.w.org\/{rel}","templated":true}]}}