{"id":302,"date":"2025-04-10T14:48:23","date_gmt":"2025-04-10T14:48:23","guid":{"rendered":"https:\/\/red-lighttherapy.com\/?post_type=product&#038;p=302"},"modified":"2025-04-11T01:44:37","modified_gmt":"2025-04-11T01:44:37","slug":"custom-triangular-packaging-rigid-boxes-wholesale-with-logo","status":"publish","type":"product","link":"https:\/\/red-lighttherapy.com\/pl\/custom-triangular-packaging-rigid-boxes-wholesale-with-logo\/","title":{"rendered":"Niestandardowe tr\u00f3jk\u0105tne opakowania sztywne pude\u0142ka hurtowe z logo"},"content":{"rendered":"<h2 id=\"customized-triangular-packaging-hard-box-products\">Niestandardowe tr\u00f3jk\u0105tne opakowania sztywne pude\u0142ka hurtowe z logo<\/h2>\n<h2 id=\"-1-unique-design-subverting-traditional-visual-experience-\"><strong>1. Unikalna konstrukcja, podwa\u017caj\u0105ca tradycyjne wra\u017cenia wizualne<\/strong><\/h2>\n<p>To pude\u0142ko opakowaniowe przyjmuje innowacyjn\u0105 tr\u00f3jk\u0105tn\u0105 tr\u00f3jwymiarow\u0105 struktur\u0119, prze\u0142amuj\u0105c ograniczenia konwencjonalnych kwadratowych pude\u0142ek i wykorzystuj\u0105c geometryczn\u0105 estetyk\u0119 w celu zwi\u0119kszenia rozpoznawalno\u015bci marki i efektu wizualnego.<\/p>\n<h2 id=\"-2-minimalist-aesthetic-design-strengthening-brand-memory-\"><strong>2. Minimalistyczna estetyka, wzmacniaj\u0105ca pami\u0119\u0107 marki<\/strong><\/h2>\n<p>Opakowanie bazuje na klasycznych czarno-bia\u0142ych kolorach. Ca\u0142o\u015b\u0107 wykonana jest z czystej czarnej tektury z jednostronnym czarno-szarym mocowaniem o gramaturze 1200g. Ma delikatny dotyk i grub\u0105 tekstur\u0119, doskonale zachowuj\u0105c tr\u00f3jwymiarowy kszta\u0142t tr\u00f3jk\u0105tnego twardego pude\u0142ka. Powierzchnia pude\u0142ka jest ozdobiona bia\u0142ym tekstem lub grafik\u0105 marki, tworz\u0105c silny kontrast wizualny, kt\u00f3ry jest prosty i klimatyczny, a jednocze\u015bnie przekazuje wysokiej klasy ton marki. Cz\u0119\u015b\u0107 z logo wykorzystuje technologi\u0119 t\u0142oczenia na gor\u0105co, aby wzmocni\u0107 tekstur\u0119 poprzez metaliczny po\u0142ysk. Mo\u017cna j\u0105 r\u00f3wnie\u017c dostosowa\u0107 na \u017c\u0105danie do lokalnych proces\u00f3w UV, wyt\u0142aczania, matowania i innych, aby spe\u0142ni\u0107 r\u00f3\u017cnorodne potrzeby zwi\u0105zane z wyra\u017caniem marki.<\/p>\n<h2 id=\"-3-environmentally-friendly-materials-and-craftsmanship-taking-into-account-both-quality-and-sustainability-\"><strong>3. Przyjazne dla \u015brodowiska materia\u0142y i rzemios\u0142o, uwzgl\u0119dniaj\u0105ce zar\u00f3wno jako\u015b\u0107, jak i zr\u00f3wnowa\u017cony rozw\u00f3j.<\/strong><\/h2>\n<ul>\n<li><strong>G\u0142\u00f3wny materia\u0142<\/strong>: Wyselekcjonowana, neutralna dla \u015brodowiska czarna tektura z pulpy drzewnej, o neutralnej warto\u015bci PH, nadaj\u0105ca si\u0119 do recyklingu 100% i zgodna z mi\u0119dzynarodowymi normami \u015brodowiskowymi; 1200 g szarej tektury o wysokiej g\u0119sto\u015bci zapewnia, \u017ce pude\u0142ko jest solidne i trwa\u0142e.<\/li>\n<li><strong>Rzemios\u0142o<\/strong>: Powierzchnia mo\u017ce by\u0107 opcjonalnie pokryta jasn\u0105 foli\u0105\/podfoli\u0105, wyt\u0142aczana itp. w celu zwi\u0119kszenia wodoodporno\u015bci i odporno\u015bci na porastanie; t\u0142oczenie na gor\u0105co, UV i inne procesy wykorzystuj\u0105 nietoksyczne i przyjazne dla \u015brodowiska atramenty i przechodz\u0105 certyfikacj\u0119 SGS.<\/li>\n<\/ul>\n<h2 id=\"-4-customized-inner-support-solution-precise-adaptation-to-product-protection-\"><strong>4. Indywidualne rozwi\u0105zanie wsparcia wewn\u0119trznego, precyzyjne dostosowanie do ochrony produktu<\/strong><\/h2>\n<p>Zgodnie z charakterystyk\u0105 produkt\u00f3w klienta, zapewniamy r\u00f3\u017cnorodne przyjazne dla \u015brodowiska materia\u0142y wewn\u0119trzne, takie jak g\u0105bka, EVA, bawe\u0142na per\u0142owa itp. i osi\u0105gamy idealne dopasowanie do kszta\u0142tu produktu dzi\u0119ki precyzyjnemu otworowi formy, aby zapobiec wstrz\u0105som podczas transportu. Wewn\u0119trzne wsparcie mo\u017ce by\u0107 zaprojektowane jako struktura przekrojowa, typu blister lub mi\u0119kka struktura podszewki, odpowiednia dla r\u00f3\u017cnych kategorii, takich jak bi\u017cuteria, akcesoria elektroniczne i instrumenty precyzyjne.<\/p>\n<h2 id=\"-5-wide-application-fields-and-brand-empowerment-\"><strong>5. Szeroki zakres zastosowa\u0144 i wzmocnienie marki<\/strong><\/h2>\n<p>To tr\u00f3jk\u0105tne pude\u0142ko do pakowania jest przeznaczone do produkt\u00f3w o wysokiej warto\u015bci dodanej, obejmuj\u0105cych nast\u0119puj\u0105ce bran\u017ce:<\/p>\n<ul>\n<li><strong>Akcesoria modowe<\/strong>: takie jak lekka luksusowa bi\u017cuteria i bi\u017cuteria designerska, podkre\u015blaj\u0105ca artystyczny ton.<\/li>\n<li><strong>Modne zabawki<\/strong>takich jak \u015blepe pude\u0142ka i figurki, przyci\u0105gaj\u0105c m\u0142ode grupy konsument\u00f3w dzi\u0119ki unikalnym kszta\u0142tom.<\/li>\n<li><strong>Wysokiej klasy artyku\u0142y papiernicze<\/strong>: takie jak d\u0142ugopisy z limitowanej edycji i notesy artystyczne, wzbogacaj\u0105ce atrybuty prezentu.<\/li>\n<li><strong>Jedzenie\/herbata<\/strong>mo\u017cna dopasowa\u0107 do technologii t\u0142oczenia na gor\u0105co i odpornej na wilgo\u0107 podszewki, odpowiedniej do \u015bwi\u0105tecznych pude\u0142ek na prezenty.<\/li>\n<\/ul>\n<h2 id=\"-6-leading-enterprise-strength-guarantee-full-link-service-support-\"><strong>6. Wiod\u0105ca gwarancja wytrzyma\u0142o\u015bci przedsi\u0119biorstwa, pe\u0142ne wsparcie serwisowe<\/strong><\/h2>\n<p>Jako wiod\u0105ce przedsi\u0119biorstwo w bran\u017cy poligraficznej i opakowaniowej, obs\u0142ugujemy ponad 2500 krajowych i zagranicznych marek i zapewniamy nast\u0119puj\u0105ce podstawowe korzy\u015bci:<\/p>\n<ul>\n<li><strong>Elastyczna produkcja<\/strong>Obs\u0142uga 500 sztuk minimalnego zam\u00f3wienia, dzienna zdolno\u015b\u0107 produkcyjna milion\u00f3w, aby zaspokoi\u0107 potrzeby pilnych zam\u00f3wie\u0144.<\/li>\n<li><strong>Pe\u0142na obs\u0142uga procesu<\/strong>Od optymalizacji projektu (obs\u0142uga formatu AI\/CDR\/AI), potwierdzenia proofingu do masowej produkcji, 7-14 dni niezwykle szybkiej dostawy.<\/li>\n<li><strong>Gwarancja posprzeda\u017cna<\/strong>: Zapewnienie kompensacji szk\u00f3d, \u015bledzenia logistycznego i us\u0142ug zarz\u0105dzania magazynem, a czas reakcji posprzeda\u017cowej jest kr\u00f3tszy ni\u017c 24 godziny.<\/li>\n<\/ul>\n<h2 id=\"-technical-parameters-\"><strong>Parametry techniczne<\/strong><\/h2>\n<table>\n<thead>\n<tr>\n<th>Projekt<\/th>\n<th>Specyfikacje<\/th>\n<\/tr>\n<\/thead>\n<tbody>\n<tr>\n<td>Materia\u0142<\/td>\n<td>Przyjazny dla \u015brodowiska czarny karton + jednostronna czarna szara tektura 1200g<\/td>\n<\/tr>\n<tr>\n<td>Proces<\/td>\n<td>Folia do t\u0142oczenia na gor\u0105co \/ Spot UV \/ wyt\u0142aczanie \/ laminowanie (opcjonalnie)<\/td>\n<\/tr>\n<tr>\n<td>Rozmiar<\/td>\n<td>Obs\u0142uga dostosowywania 1-100 cm<\/td>\n<\/tr>\n<tr>\n<td>Minimalna ilo\u015b\u0107 zam\u00f3wienia<\/td>\n<td>500 sztuk<\/td>\n<\/tr>\n<tr>\n<td>Cykl dostawy<\/td>\n<td>7-14 dni (dostosowane w zale\u017cno\u015bci od z\u0142o\u017cono\u015bci procesu)<\/td>\n<\/tr>\n<\/tbody>\n<\/table>\n<h2 id=\"-cooperation-process-\"><strong>Proces wsp\u00f3\u0142pracy<\/strong><\/h2>\n<ol>\n<li><strong>Potwierdzenie \u017c\u0105dania<\/strong>: Dostarczenie rozmiaru produktu, szkicu projektu i wymaga\u0144 procesowych.<\/li>\n<li><strong>Przegl\u0105d sprawdzania<\/strong>: Dostarczenie fizycznych pude\u0142ek z pr\u00f3bkami w ci\u0105gu 3-5 dni roboczych.<\/li>\n<li><strong>Produkcja masowa<\/strong>: Rozpocz\u0119cie produkcji po wp\u0142aceniu zaliczki i monitorowanie kontroli jako\u015bci w trakcie ca\u0142ego procesu.<\/li>\n<li><strong>Dostawa logistyczna<\/strong>: Obs\u0142uga globalnego transportu i dostarczanie odpornych na wstrz\u0105sy rozwi\u0105za\u0144 opakowaniowych.<\/li>\n<\/ol>","protected":false},"excerpt":{"rendered":"<p>Pude\u0142ko ma unikalny tr\u00f3jk\u0105tny kszta\u0142t, kt\u00f3ry prze\u0142amuje konwencjonalny kwadratowy kszta\u0142t pude\u0142ka. G\u00f3rna i dolna cz\u0119\u015b\u0107 pude\u0142ka jest \u0142atwa do otwierania i zamykania, co zwi\u0119ksza komfort rozpakowywania.<\/p>","protected":false},"featured_media":305,"template":"","meta":{"_kad_post_transparent":"default","_kad_post_title":"","_kad_post_layout":"default","_kad_post_sidebar_id":"","_kad_post_content_style":"default","_kad_post_vertical_padding":"default","_kad_post_feature":"","_kad_post_feature_position":"","_kad_post_header":false,"_kad_post_footer":false,"_kad_post_classname":""},"product_brand":[],"product_cat":[15,19,17],"product_tag":[95,93,94],"class_list":{"0":"post-302","1":"product","2":"type-product","3":"status-publish","4":"has-post-thumbnail","6":"product_cat-red-light-therapy","7":"product_cat-red-light-therapy-stand","8":"product_cat-services","9":"product_tag-triangular-boxes-wholesale","10":"product_tag-triangular-packaging-boxes","11":"product_tag-triangular-rigid-boxes","13":"first","14":"instock","15":"shipping-taxable","16":"product-type-simple","17":"entry","18":"content-bg","19":"loop-entry"},"_links":{"self":[{"href":"https:\/\/red-lighttherapy.com\/pl\/wp-json\/wp\/v2\/product\/302","targetHints":{"allow":["GET"]}}],"collection":[{"href":"https:\/\/red-lighttherapy.com\/pl\/wp-json\/wp\/v2\/product"}],"about":[{"href":"https:\/\/red-lighttherapy.com\/pl\/wp-json\/wp\/v2\/types\/product"}],"wp:featuredmedia":[{"embeddable":true,"href":"https:\/\/red-lighttherapy.com\/pl\/wp-json\/wp\/v2\/media\/305"}],"wp:attachment":[{"href":"https:\/\/red-lighttherapy.com\/pl\/wp-json\/wp\/v2\/media?parent=302"}],"wp:term":[{"taxonomy":"product_brand","embeddable":true,"href":"https:\/\/red-lighttherapy.com\/pl\/wp-json\/wp\/v2\/product_brand?post=302"},{"taxonomy":"product_cat","embeddable":true,"href":"https:\/\/red-lighttherapy.com\/pl\/wp-json\/wp\/v2\/product_cat?post=302"},{"taxonomy":"product_tag","embeddable":true,"href":"https:\/\/red-lighttherapy.com\/pl\/wp-json\/wp\/v2\/product_tag?post=302"}],"curies":[{"name":"wp","href":"https:\/\/api.w.org\/{rel}","templated":true}]}}