{"id":296,"date":"2025-04-10T14:37:20","date_gmt":"2025-04-10T14:37:20","guid":{"rendered":"https:\/\/red-lighttherapy.com\/?post_type=product&#038;p=296"},"modified":"2025-04-10T14:47:44","modified_gmt":"2025-04-10T14:47:44","slug":"wholesale-perfume-cosmetic-packaging-gift-boxes-supplier","status":"publish","type":"product","link":"https:\/\/red-lighttherapy.com\/pl\/wholesale-perfume-cosmetic-packaging-gift-boxes-supplier\/","title":{"rendered":"Hurtownia Perfumy Opakowania kosmetyczne Pude\u0142ka na prezenty Dostawca"},"content":{"rendered":"<h3 id=\"product-description-of-perfume-and-cosmetics-gift-box-with-top-and-bottom-cover\">Hurtownia Perfumy Opakowania kosmetyczne Pude\u0142ka na prezenty Dostawca<\/h3>\n<h2 id=\"-1-top-and-bottom-cover-box-design-combining-practicality-and-aesthetic-value-\"><strong>1. Konstrukcja g\u00f3rnej i dolnej skrzynki, \u0142\u0105cz\u0105ca praktyczno\u015b\u0107 i walory estetyczne<\/strong><\/h2>\n<p>To pude\u0142ko upominkowe przyjmuje klasyczny typ g\u00f3rnej i dolnej pokrywy, o prostej i stabilnej strukturze. G\u00f3rna pokrywa i dolne pude\u0142ko s\u0105 po\u0142\u0105czone za pomoc\u0105 precyzyjnej wtyczki lub ssania magnetycznego, co jest wygodne do otwierania i zamykania oraz pe\u0142ne rytualnego wyczucia.<\/p>\n<h2 id=\"-2-high-standard-material-combination-taking-into-account-both-protection-and-texture-\"><strong>2. Wysokiej jako\u015bci kombinacja materia\u0142\u00f3w, uwzgl\u0119dniaj\u0105ca zar\u00f3wno ochron\u0119, jak i tekstur\u0119<\/strong><\/h2>\n<ul>\n<li><strong>Materia\u0142 opakowania zewn\u0119trznego<\/strong>: Laminowanie papierem powlekanym 157g + szara tektura 1200G, kt\u00f3ra ma wysok\u0105 sztywno\u015b\u0107 i du\u017c\u0105 odporno\u015b\u0107 na nacisk, mo\u017ce skutecznie przeciwdzia\u0142a\u0107 kolizjom i wyt\u0142aczaniu podczas transportu oraz zapewnia\u0107 bezpiecze\u0144stwo produkt\u00f3w wewn\u0119trznych.<\/li>\n<li><strong>Konstrukcja pude\u0142ka wewn\u0119trznego<\/strong>: Powierzchnia wewn\u0119trznego pude\u0142ka wykorzystuje proces srebrnego b\u0142ysku, w po\u0142\u0105czeniu z technologi\u0105 sitodruku lub wkl\u0119s\u0142odruku, prezentuj\u0105c metaliczny po\u0142ysk i delikatny dotyk, zwi\u0119kszaj\u0105c luksus ca\u0142ego opakowania.<\/li>\n<\/ul>\n<h2 id=\"-3-high-end-craft-details-creating-a-dual-visual-and-tactile-experience-\"><strong>3. Wysokiej jako\u015bci detale rzemie\u015blnicze, tworz\u0105ce podw\u00f3jne wra\u017cenia wizualne i dotykowe<\/strong><\/h2>\n<ul>\n<li><strong>Wyt\u0142oczone rzemios\u0142o<\/strong>: Powierzchnia zewn\u0119trznego pude\u0142ka jest ukszta\u0142towana z wzorami lub logo marki za pomoc\u0105 tr\u00f3jwymiarowej technologii wyt\u0142aczania, aby zwi\u0119kszy\u0107 wizualne wyrafinowanie i warstw\u0119 dotykow\u0105.<\/li>\n<li><strong>Gor\u0105ce srebro i cz\u0119\u015bciowe UV<\/strong>: Logo i tekst na powierzchni pude\u0142ka s\u0105 w kolorze gor\u0105cego srebra, z cz\u0119\u015bciowym pokryciem lakierem UV, tworz\u0105c matowy i b\u0142yszcz\u0105cy kontrast, dodatkowo podkre\u015blaj\u0105c charakter marki i klas\u0119 produktu.<\/li>\n<\/ul>\n<h2 id=\"-4-customized-lining-structure-all-round-product-protection-\"><strong>4. Indywidualna struktura podszewki, wszechstronna ochrona produktu<\/strong><\/h2>\n<p>Wewn\u0119trzna taca wykonana jest z czarnego materia\u0142u EVA, z mi\u0119kkim aksamitem na powierzchni, kt\u00f3ry mo\u017ce nie tylko mocowa\u0107 butelki perfum lub kosmetyki, ale tak\u017ce buforowa\u0107 wibracje i zapobiega\u0107 zadrapaniom. Umo\u017cliwia spersonalizowan\u0105 personalizacj\u0119 i mo\u017ce by\u0107 zast\u0105piona piank\u0105 o wysokiej g\u0119sto\u015bci, flokowaniem lub materia\u0142ami degradowalnymi zgodnie z potrzebami klienta, aby dostosowa\u0107 si\u0119 do kszta\u0142tu i potrzeb w zakresie ochrony r\u00f3\u017cnych produkt\u00f3w.<\/p>\n<h2 id=\"-5-simple-aesthetic-design-conveying-the-high-end-image-of-the-brand-\"><strong>5. Prosty, estetyczny design, przekazuj\u0105cy wysokiej klasy wizerunek marki<\/strong><\/h2>\n<p>Og\u00f3lne opakowanie jest g\u0142\u00f3wnie czarne i srebrne, z prostym LOGO marki i uk\u0142adem tekstu, tworz\u0105c wysokiej klasy, modny i profesjonalny styl wizualny. J\u0119zyk projektowania jest zgodny z zasad\u0105 \"mniej znaczy wi\u0119cej\" i wzmacnia rozpoznawalno\u015b\u0107 marki poprzez kontrast kolor\u00f3w i puste przetwarzanie.<\/p>\n<h2 id=\"-6-personalized-customization-service-to-meet-diverse-needs-\"><strong>6. Spersonalizowana us\u0142uga dostosowywania do r\u00f3\u017cnych potrzeb<\/strong><\/h2>\n<p>Zapewniamy kompleksowe us\u0142ugi dostosowywania od projektu do produkcji:<\/p>\n<ul>\n<li><strong>Innowacje strukturalne<\/strong>: Obs\u0142uguje pude\u0142ka z ods\u0142oni\u0119t\u0105 tali\u0105, uko\u015bnymi ustami, akrylow\u0105 przezroczyst\u0105 pokryw\u0105 i innymi pochodnymi typami g\u00f3rnej i dolnej pokrywy, a tak\u017ce mo\u017ce by\u0107 \u0142\u0105czony z kreatywnymi strukturami, takimi jak obr\u00f3t i o\u015bwietlenie, w celu zwi\u0119kszenia interaktywno\u015bci.<\/li>\n<li><strong>Elastyczny proces<\/strong>: Obs\u0142uguje druk offsetowy, wkl\u0119s\u0142y, t\u0142oczenie na gor\u0105co, sitodruk i inne kombinacje proces\u00f3w, aby spe\u0142ni\u0107 potrzeby spersonalizowanych zam\u00f3wie\u0144 w ma\u0142ych partiach.<\/li>\n<li><strong>Adaptacja marki<\/strong>: Dok\u0142adne zarz\u0105dzanie kolorami mo\u017ce by\u0107 wykonywane zgodnie z kart\u0105 kolor\u00f3w marki klienta, aby zapewni\u0107, \u017ce efekt drukowania jest wysoce zgodny ze standardem marki.<\/li>\n<\/ul>\n<h2 id=\"-7-large-scale-production-capacity-to-ensure-quality-and-delivery-\"><strong>7. Zdolno\u015b\u0107 produkcyjna na du\u017c\u0105 skal\u0119 w celu zapewnienia jako\u015bci i dostawy<\/strong><\/h2>\n<p>Fabryka zajmuje powierzchni\u0119 5 320 metr\u00f3w kwadratowych i ma 16 lat profesjonalnego do\u015bwiadczenia w produkcji. Jest wyposa\u017cona w zautomatyzowane linie produkcyjne i zaawansowany sprz\u0119t drukarski (taki jak maszyny do druku offsetowego i maszyny do druku UV). Dzi\u0119ki standaryzowanym procesom i rygorystycznym systemom kontroli jako\u015bci, dzienna produkcja wynosi ponad 100 000 sztuk, co zapewnia stabiln\u0105 dostaw\u0119 i sp\u00f3jno\u015b\u0107 jako\u015bciow\u0105 zam\u00f3wie\u0144 wielkoseryjnych.<\/p>\n<h2 id=\"-advantages-of-cooperation-\"><strong>Zalety wsp\u00f3\u0142pracy<\/strong>:<\/h2>\n<ul>\n<li><strong>Optymalizacja koszt\u00f3w<\/strong>: Dostarczanie klientom op\u0142acalnych rozwi\u0105za\u0144 poprzez zaopatrzenie na du\u017c\u0105 skal\u0119 i optymalizacj\u0119 proces\u00f3w produkcyjnych.<\/li>\n<li><strong>Koncepcja ochrony \u015brodowiska<\/strong>: Opcjonalne materia\u0142y przyjazne dla \u015brodowiska (takie jak karton z recyklingu, degradowalny EVA) w odpowiedzi na trend zr\u00f3wnowa\u017conego rozwoju.<\/li>\n<li><strong>Wsparcie posprzeda\u017cowe<\/strong>: \u015awiadczymy us\u0142ugi obejmuj\u0105ce ca\u0142y proces, takie jak przegl\u0105d projektu, potwierdzenie proofingu, \u015bledzenie logistyczne itp. oraz obiecujemy gwarancj\u0119 zwrotu i wymiany w przypadku problem\u00f3w z jako\u015bci\u0105.<\/li>\n<\/ul>","protected":false},"excerpt":{"rendered":"<p>Pude\u0142ko to sk\u0142ada si\u0119 z g\u00f3rnej i dolnej cz\u0119\u015bci o prostej i eleganckiej strukturze, \u0142atwej do otwierania i zamykania, z wyt\u0142oczonym kunsztem, kt\u00f3ry dodaje wizualnego wyrafinowania i bogatych wra\u017ce\u0144 dotykowych.<\/p>","protected":false},"featured_media":298,"template":"","meta":{"_kad_post_transparent":"default","_kad_post_title":"","_kad_post_layout":"default","_kad_post_sidebar_id":"","_kad_post_content_style":"default","_kad_post_vertical_padding":"default","_kad_post_feature":"","_kad_post_feature_position":"","_kad_post_header":false,"_kad_post_footer":false,"_kad_post_classname":""},"product_brand":[],"product_cat":[15,28,19,17],"product_tag":[91,90,92],"class_list":{"0":"post-296","1":"product","2":"type-product","3":"status-publish","4":"has-post-thumbnail","6":"product_cat-red-light-therapy","7":"product_cat-customize","8":"product_cat-red-light-therapy-stand","9":"product_cat-services","10":"product_tag-cosmetic-packaging-supplier","11":"product_tag-perfume-boxes","12":"product_tag-perfume-cosmetic-gift-boxes","14":"first","15":"instock","16":"shipping-taxable","17":"product-type-simple","18":"entry","19":"content-bg","20":"loop-entry"},"_links":{"self":[{"href":"https:\/\/red-lighttherapy.com\/pl\/wp-json\/wp\/v2\/product\/296","targetHints":{"allow":["GET"]}}],"collection":[{"href":"https:\/\/red-lighttherapy.com\/pl\/wp-json\/wp\/v2\/product"}],"about":[{"href":"https:\/\/red-lighttherapy.com\/pl\/wp-json\/wp\/v2\/types\/product"}],"wp:featuredmedia":[{"embeddable":true,"href":"https:\/\/red-lighttherapy.com\/pl\/wp-json\/wp\/v2\/media\/298"}],"wp:attachment":[{"href":"https:\/\/red-lighttherapy.com\/pl\/wp-json\/wp\/v2\/media?parent=296"}],"wp:term":[{"taxonomy":"product_brand","embeddable":true,"href":"https:\/\/red-lighttherapy.com\/pl\/wp-json\/wp\/v2\/product_brand?post=296"},{"taxonomy":"product_cat","embeddable":true,"href":"https:\/\/red-lighttherapy.com\/pl\/wp-json\/wp\/v2\/product_cat?post=296"},{"taxonomy":"product_tag","embeddable":true,"href":"https:\/\/red-lighttherapy.com\/pl\/wp-json\/wp\/v2\/product_tag?post=296"}],"curies":[{"name":"wp","href":"https:\/\/api.w.org\/{rel}","templated":true}]}}