{"id":290,"date":"2025-04-10T14:24:46","date_gmt":"2025-04-10T14:24:46","guid":{"rendered":"https:\/\/red-lighttherapy.com\/?post_type=product&#038;p=290"},"modified":"2025-04-10T14:37:11","modified_gmt":"2025-04-10T14:37:11","slug":"custom-beauty-cosmetics-eyelash-serum-packaging-box-oem-odm","status":"publish","type":"product","link":"https:\/\/red-lighttherapy.com\/pl\/custom-beauty-cosmetics-eyelash-serum-packaging-box-oem-odm\/","title":{"rendered":"Niestandardowe opakowanie serum do rz\u0119s Beauty Cosmetics OEM ODM"},"content":{"rendered":"<h2 id=\"obsidian-luxury-series-magnetic-book-shaped-eyelash-essence-gift-box-oem-odm-customized-version-\">Niestandardowe opakowanie serum do rz\u0119s Beauty Cosmetics OEM ODM<\/h2>\n<h2 id=\"-core-parameters-and-technical-specifications-\"><strong>Podstawowe parametry i specyfikacje techniczne<\/strong><\/h2>\n<ol>\n<li><strong>Materia\u0142 i struktura<\/strong><\/li>\n<li><strong>Papier powierzchniowy<\/strong>: Wyselekcjonowany papier powlekany 157G o wysokim po\u0142ysku, z matow\u0105 warstw\u0105 na powierzchni, delikatny w dotyku, odporny na zu\u017cycie i zapobiegaj\u0105cy zabrudzeniom.<\/li>\n<li><strong>Pod\u0142o\u017ce<\/strong>: Przyj\u0119cie szarej p\u0142yty o wysokiej g\u0119sto\u015bci 1200GSM, przetworzonej w procesie depresji, aby zapewni\u0107 p\u0142asko\u015b\u0107 korpusu pude\u0142ka i zwi\u0119kszy\u0107 wytrzyma\u0142o\u015b\u0107 na \u015bciskanie o 30%, doskonale wspieraj\u0105c produkt i zapobiegaj\u0105c deformacji podczas transportu.<\/li>\n<li><strong>Magnetyczny system ss\u0105cy<\/strong>: Wbudowany silny magnes NdFeB, si\u0142a ssania z dok\u0142adno\u015bci\u0105 do 0,8-1,2 N, p\u0142ynne otwieranie i zamykanie oraz mocne zamykanie, daj\u0105ce poczucie rytua\u0142u podczas otwierania pude\u0142ka.<\/li>\n<li><strong>Wygl\u0105d i jako\u015b\u0107 wykonania<\/strong><\/li>\n<li><strong>Tonacja kolor\u00f3w<\/strong>: Czyste czarne matowe t\u0142o, g\u0142\u0119boka obsydianowa tekstura uzyskana dzi\u0119ki technologii druku punktowego, dopasowana do logo marki w kolorze gor\u0105cego srebra (kolor punktowy Pantone 877C) i gor\u0105cego czerwonego z\u0142ota (kolor punktowy Pantone 871C), metaliczny kontrast po\u0142ysku jest ostry, a efekt wizualny jest silny.<\/li>\n<li><strong>Dok\u0142adno\u015b\u0107 t\u0142oczenia na gor\u0105co<\/strong>B\u0142\u0105d \u22640,1 mm, obs\u0142uga wielopoziomowego tr\u00f3jwymiarowego efektu t\u0142oczenia na gor\u0105co, takiego jak LOGO marki, przyjmuje wyt\u0142oczony gor\u0105cy srebrny + p\u0142aski proces superpozycji gor\u0105cego czerwonego z\u0142ota, aby podkre\u015bli\u0107 tr\u00f3jwymiarowy poziom.<\/li>\n<li><strong>Typ pude\u0142ka i funkcjonalna konstrukcja<\/strong><\/li>\n<li><strong>Struktura typu ksi\u0105\u017ckowego<\/strong>: G\u00f3rna i dolna pokrywa z klapk\u0105, k\u0105t otwarcia pokrywy pude\u0142ka wynosi \u2265150 \u00b0, a powierzchnia wy\u015bwietlacza jest zmaksymalizowana; wewn\u0119trzne pude\u0142ko jest osadzone na g\u0142\u0119boko\u015bci 5 mm, aby zapobiec wstrz\u0105saniu butelki z esencj\u0105.<\/li>\n<li><strong>Personalizacja druku<\/strong>: Obs\u0142uguje czterokolorowy druk CMYK, dopasowywanie kolor\u00f3w Pantone w kolorze dodatkowym i lokalny lakier UV, a tak\u017ce mo\u017ce elastycznie drukowa\u0107 historie marki, opisy sk\u0142adnik\u00f3w lub ilustracje artystyczne, odpowiednie do \u015bwi\u0105tecznych limitowanych edycji, wsp\u00f3lnych modeli i innych wielu motyw\u00f3w.<\/li>\n<li><strong>Plan konfiguracji tacy wewn\u0119trznej<\/strong><\/li>\n<li><strong>Opcje materia\u0142owe<\/strong>:<\/li>\n<li><strong>Flokowanie EVA<\/strong>: Grubo\u015b\u0107 3 mm, czarne kr\u00f3tkie flokowanie na powierzchni, antypo\u015blizgowe i odporne na wstrz\u0105sy z luksusowym dotykiem.<\/li>\n<li><strong>Podszewka z jedwabnej tkaniny<\/strong>: 100% jedwabna tkanina morwowa, opcjonalnie w kolorze czerwonego wina\/ciemnozielonym\/szampa\u0144skim, z r\u0119cznie plisowan\u0105 technologi\u0105, podkre\u015blaj\u0105c\u0105 wysokiej klasy pozycjonowanie.<\/li>\n<li><strong>Przyjazny dla \u015brodowiska podajnik papieru<\/strong>: Degradowalna szara karta do sztancowania, obs\u0142uga pojedynczej butelki \/ podw\u00f3jnej butelki, odpowiednia dla 15-30 ml r\u00f3\u017cnych specyfikacji butelki esencji.<\/li>\n<li><strong>Rozszerzenie funkcji<\/strong>: Mo\u017ce zintegrowa\u0107 niewidoczne szuflady i warstwowe struktury, aby pomie\u015bci\u0107 instrukcje, szczoteczki do tuszu do rz\u0119s i inne akcesoria.<\/li>\n<\/ol>\n<h2 id=\"-customized-service-advantages-\"><strong>Zalety niestandardowych us\u0142ug<\/strong><\/h2>\n<ul>\n<li><strong>Dostosowanie projektu<\/strong>: Zapewnia ponad 8 podstawowych bibliotek pude\u0142ek, takich jak pude\u0142ka w kszta\u0142cie ksi\u0105\u017cki, g\u00f3rne i dolne pokrywy, szuflady itp., obs\u0142uguje wykrawanie o specjalnym kszta\u0142cie (takie jak zakrzywione rogi, puste okna) i kombinacje proces\u00f3w powierzchniowych (wyt\u0142aczanie + t\u0142oczenie na gor\u0105co + sitodruk).<\/li>\n<li><strong>Cykl produkcyjny<\/strong>: 5-7 dni na wykonanie pr\u00f3bki, 15-20 dni na dostaw\u0119 masowej produkcji (minimalne zam\u00f3wienie 1000-5000 zestaw\u00f3w), wspieraj\u0105c elastyczn\u0105 produkcj\u0119 ma\u0142ych partii.<\/li>\n<li><strong>Certyfikacja \u015brodowiskowa<\/strong>: Przeszed\u0142 certyfikacj\u0119 le\u015bn\u0105 FSC, materia\u0142 wewn\u0119trznej tacy jest zgodny z normami REACH i RoHS, a raport \u015bladu w\u0119glowego mo\u017ce by\u0107 dostarczony.<\/li>\n<\/ul>\n<h2 id=\"-application-scenarios-and-value-enhancement-\"><strong>Scenariusze zastosowa\u0144 i zwi\u0119kszanie warto\u015bci<\/strong><\/h2>\n<ul>\n<li><strong>Wizerunek marki<\/strong>: Dzi\u0119ki czarno-z\u0142otej estetyce oraz magnetycznemu otwieraniu i zamykaniu interaktywnej konstrukcji, wzmacnia ton marki \"profesjonalny, wysokiej klasy i wykwintny\" oraz poprawia wra\u017cenia z rozpakowywania i punkty pami\u0119ci u\u017cytkownika.<\/li>\n<li><strong>Uprawnienia marketingowe<\/strong>: Obs\u0142uga t\u0142oczenia na gor\u0105co kod\u00f3w QR, drukowanie interaktywnych warstw AR, \u0142\u0105czenie tre\u015bci cyfrowych online oraz integracja produkt\u00f3w i efekt\u00f3w.<\/li>\n<\/ul>\n<h2 id=\"-service-commitment-\"><strong>Zobowi\u0105zanie do \u015bwiadczenia us\u0142ug<\/strong><\/h2>\n<p>Zapewnienie pe\u0142nego wsparcia ODM, od projektu strukturalnego, wyboru materia\u0142\u00f3w po wdro\u017cenie procesu, zapewniaj\u0105c, \u017ce ka\u017cde ogniwo jest g\u0142\u0119boko zgodne z DNA marki, pomagaj\u0105c produktowi wyr\u00f3\u017cni\u0107 si\u0119 na rynku wysokiej klasy kosmetyk\u00f3w.<\/p>","protected":false},"excerpt":{"rendered":"<p>To magnetyczne pude\u0142ko z zamkni\u0119ciem ma uroczyst\u0105 metod\u0119 otwierania i zamykania. Wykwintne srebrne i czerwone z\u0142ote t\u0142oczenie na gor\u0105co dodaje niepowtarzalnego uroku i wyj\u0105tkowego stylu.<\/p>","protected":false},"featured_media":292,"template":"","meta":{"_kad_post_transparent":"default","_kad_post_title":"","_kad_post_layout":"default","_kad_post_sidebar_id":"","_kad_post_content_style":"default","_kad_post_vertical_padding":"default","_kad_post_feature":"","_kad_post_feature_position":"","_kad_post_header":false,"_kad_post_footer":false,"_kad_post_classname":""},"product_brand":[],"product_cat":[15,28,17],"product_tag":[87,89,88],"class_list":{"0":"post-290","1":"product","2":"type-product","3":"status-publish","4":"has-post-thumbnail","6":"product_cat-red-light-therapy","7":"product_cat-customize","8":"product_cat-services","9":"product_tag-custom-beauty-packaging","10":"product_tag-custom-cosmetics-packaging","11":"product_tag-eyelash-serum-packaging-box","13":"first","14":"instock","15":"shipping-taxable","16":"product-type-simple","17":"entry","18":"content-bg","19":"loop-entry"},"_links":{"self":[{"href":"https:\/\/red-lighttherapy.com\/pl\/wp-json\/wp\/v2\/product\/290","targetHints":{"allow":["GET"]}}],"collection":[{"href":"https:\/\/red-lighttherapy.com\/pl\/wp-json\/wp\/v2\/product"}],"about":[{"href":"https:\/\/red-lighttherapy.com\/pl\/wp-json\/wp\/v2\/types\/product"}],"wp:featuredmedia":[{"embeddable":true,"href":"https:\/\/red-lighttherapy.com\/pl\/wp-json\/wp\/v2\/media\/292"}],"wp:attachment":[{"href":"https:\/\/red-lighttherapy.com\/pl\/wp-json\/wp\/v2\/media?parent=290"}],"wp:term":[{"taxonomy":"product_brand","embeddable":true,"href":"https:\/\/red-lighttherapy.com\/pl\/wp-json\/wp\/v2\/product_brand?post=290"},{"taxonomy":"product_cat","embeddable":true,"href":"https:\/\/red-lighttherapy.com\/pl\/wp-json\/wp\/v2\/product_cat?post=290"},{"taxonomy":"product_tag","embeddable":true,"href":"https:\/\/red-lighttherapy.com\/pl\/wp-json\/wp\/v2\/product_tag?post=290"}],"curies":[{"name":"wp","href":"https:\/\/api.w.org\/{rel}","templated":true}]}}