{"id":284,"date":"2025-04-10T14:14:31","date_gmt":"2025-04-10T14:14:31","guid":{"rendered":"https:\/\/red-lighttherapy.com\/?post_type=product&#038;p=284"},"modified":"2025-04-10T14:24:36","modified_gmt":"2025-04-10T14:24:36","slug":"wholesale-custom-cosmetic-essential-oil-packaging-boxes","status":"publish","type":"product","link":"https:\/\/red-lighttherapy.com\/pl\/wholesale-custom-cosmetic-essential-oil-packaging-boxes\/","title":{"rendered":"Hurtownia niestandardowych opakowa\u0144 kosmetycznych na olejki eteryczne"},"content":{"rendered":"<h3 id=\"high-end-customized-cosmetic-essential-oil-packaging-box-a-comprehensive-solution-that-integrates-craft-aesthetics-and-functionality\">Hurtownia niestandardowych opakowa\u0144 kosmetycznych na olejki eteryczne - kompleksowe rozwi\u0105zanie \u0142\u0105cz\u0105ce estetyk\u0119 i funkcjonalno\u015b\u0107<\/h3>\n<h2 id=\"-i-visual-core-the-ultimate-collision-of-single-black-printing-and-hot-stamping-technology-\"><strong>1. Wizualny rdze\u0144: ostateczne zderzenie pojedynczego czarnego druku i technologii t\u0142oczenia na gor\u0105co<\/strong><\/h2>\n<ol>\n<li><strong>Pojedynczy czarny nadruk<\/strong>: Wykorzystuj\u0105c technologi\u0119 czystego czarnego atramentu C0\/M0\/Y0\/K100, prezentuje g\u0142\u0119boki kolor t\u0142a z delikatn\u0105 dok\u0142adno\u015bci\u0105 druku, unika ryzyka b\u0142\u0119d\u00f3w nadruku czterokolorowego i zapewnia, \u017ce kraw\u0119dzie LOGO i tekstu s\u0105 ostre i wyra\u017ane. Czarne t\u0142o jest tajemnicze jak noc, wprowadzaj\u0105c do marki wysokiej klasy i stabilny ton wizualny, jednocze\u015bnie wzmacniaj\u0105c minimalistyczn\u0105 estetyk\u0119 logo marki poprzez pusty projekt.<\/li>\n<li><strong>Technologia t\u0142oczenia na gor\u0105co<\/strong>: LOGO wykorzystuje technologi\u0119 t\u0142oczenia na gor\u0105co 24-karatow\u0105 z\u0142ot\u0105 foli\u0105, kt\u00f3ra jest dok\u0142adnie przymocowana do powierzchni pude\u0142ka poprzez wyt\u0142aczanie w wysokiej temperaturze, a metaliczny po\u0142ysk tworzy silny kontrast z czarnym matowym kolorem. Warstwa t\u0142oczona na gor\u0105co ma grubo\u015b\u0107 0,1 mm, jest odporna na zu\u017cycie i utlenianie, a pod wp\u0142ywem za\u0142amania \u015bwiat\u0142a daje dynamiczny efekt serpentyny, podkre\u015blaj\u0105c luksusow\u0105 tekstur\u0119 marki.<\/li>\n<\/ol>\n<h2 id=\"-second-structural-innovation-sky-and-earth-box-and-ritual-opening-and-closing-design-\"><strong>2. Innowacja strukturalna: skrzynia nieba i ziemi oraz rytualny projekt otwierania i zamykania<\/strong><\/h2>\n<ol>\n<li><strong>Struktura nieba i ziemi<\/strong>: G\u00f3rna pokrywa (niebo) i dolne pude\u0142ko (ziemia) s\u0105 formowane niezale\u017cnie, przyjmuj\u0105c konstrukcj\u0119 od ziemi do nieba, osadzone na szarym pod\u0142o\u017cu o grubo\u015bci 1,2 mm 1200GSM, o wytrzyma\u0142o\u015bci na \u015bciskanie 50 kg \/ \u33a1, zapewniaj\u0105c odporno\u015b\u0107 na uderzenia podczas transportu. Kraw\u0119d\u017a korpusu pude\u0142ka jest obrabiana z fazowaniem 5 mm, a otwieranie i zamykanie jest p\u0142ynne i bez zaci\u0119\u0107.<\/li>\n<li><strong>Tekstura siatki i zmys\u0142 rytualny<\/strong>: Powierzchnia pude\u0142ka jest zintegrowana z geometrycznymi siatkami reliefowymi o g\u0142\u0119boko\u015bci 0,3 mm, a tr\u00f3jwymiarowy dotyk uzyskuje si\u0119 dzi\u0119ki t\u0142oczeniu w formie; magnetyczna struktura otwierania i zamykania (si\u0142a magnetyczna \u22651,2 N) jest dopasowana do ukrytego pier\u015bcienia do ci\u0105gni\u0119cia wst\u0105\u017cki, bior\u0105c pod uwag\u0119 praktyczno\u015b\u0107 i rytua\u0142 rozpakowywania.<\/li>\n<\/ol>\n<h2 id=\"-third-material-and-adaptation-dual-guarantee-of-performance-and-aesthetics-\"><strong>3. Materia\u0142 i adaptacja: podw\u00f3jna gwarancja wydajno\u015bci i estetyki<\/strong><\/h2>\n<ol>\n<li><strong>Materia\u0142 opakowania zewn\u0119trznego<\/strong>:<\/li>\n<li><strong>Papier do twarzy<\/strong>: 157G podw\u00f3jny papier miedziany, powierzchnia jest matowa, olejowana, delikatna w dotyku i odporna na odciski palc\u00f3w.<\/li>\n<li><strong>Wewn\u0119trzna podszewka<\/strong>: Szara tektura 1200GSM, g\u0119sto\u015b\u0107 0,92 g\/cm\u00b3, no\u015bno\u015b\u0107 30% lepsza ni\u017c zwyk\u0142ej tektury.<\/li>\n<li><strong>Indywidualne rozwi\u0105zanie tacki wewn\u0119trznej<\/strong>:<\/li>\n<li><strong>Opcje materia\u0142owe<\/strong>: Flokowanie (kr\u00f3tkie w\u0142osie 0,5 mm, opcjonalnie czerwone wino \/ ciemnozielone), karton (podw\u00f3jna bia\u0142a karta 350G), jedwabna tkanina (jedwabny \u017cakard).<\/li>\n<li><strong>Projekt funkcjonalny<\/strong>: Wewn\u0119trzna taca z pianki EVA (g\u0119sto\u015b\u0107 38D-60D) jest precyzyjnie naci\u0119ta, odpowiednia dla butelek olejk\u00f3w eterycznych o pojemno\u015bci 5-100 ml, a jej w\u0142a\u015bciwo\u015bci antysejsmiczne zosta\u0142y potwierdzone certyfikatem ISTA 3A.<\/li>\n<\/ol>\n<h2 id=\"-fourth-flexible-customization-various-box-types-and-printing-adaptation-\"><strong>4. Elastyczne dostosowywanie: r\u00f3\u017cne typy pude\u0142ek i adaptacja druku<\/strong><\/h2>\n<ol>\n<li><strong>Biblioteka typu Box<\/strong>: Zapewnia 8 podstawowych typ\u00f3w pude\u0142ek, takich jak g\u00f3rne i dolne pokrywy, szuflady, pude\u0142ka w kszta\u0142cie ksi\u0105\u017cki itp., obs\u0142uguje wycinanie specjalnych kszta\u0142t\u00f3w (takich jak sze\u015bciok\u0105tne i zakrzywione otwory okienne) i nadaje si\u0119 do prezent\u00f3w biznesowych, ekspozycji detalicznych i innych scenariuszy.<\/li>\n<li><strong>Uk\u0142ad wydruku<\/strong>: Obs\u0142uguje wiele kombinacji proces\u00f3w, takich jak kolor punktowy Pantone, cz\u0119\u015bciowe UV, wyt\u0142aczanie itp., przy minimalnej ilo\u015bci zam\u00f3wienia 500 sztuk na parti\u0119 i cyklu pr\u00f3bnym 3-5 dni, spe\u0142niaj\u0105c potrzeby szybkich iteracji, takich jak \u015bwi\u0105teczne edycje limitowane i produkty pod wsp\u00f3ln\u0105 mark\u0105.<\/li>\n<\/ol>\n<h2 id=\"-v-quality-commitment-and-value-added-services-\"><strong>5. Zaanga\u017cowanie w jako\u015b\u0107 i us\u0142ugi o warto\u015bci dodanej<\/strong><\/h2>\n<ul>\n<li><strong>Standard kontroli jako\u015bci<\/strong>: Przeszed\u0142 certyfikacj\u0119 \u015brodowiskow\u0105 SGS (wykrywanie metali ci\u0119\u017ckich i migracji), obs\u0142uguje 48-godzinny test odporno\u015bci na temperatur\u0119 i wilgotno\u015b\u0107 (cykl -20 \u2103 ~ 60 \u2103).<\/li>\n<li><strong>Service Link<\/strong>: Zapewnia kompleksowe rozwi\u0105zanie do sprawdzania modeli 3D, magazynowania i dystrybucji oraz logistyki transgranicznej (DDP\/DDU), przy minimalnej ilo\u015bci zam\u00f3wienia 500 sztuk i cyklu dostawy 7-14 dni.<\/li>\n<\/ul>","protected":false},"excerpt":{"rendered":"<p>Unikalna konstrukcja siatki pokrywy i podstawy pude\u0142ka jest po\u0142\u0105czona z ceremonialn\u0105 metod\u0105 otwierania i zamykania, kt\u00f3ra jest zar\u00f3wno charakterystyczna, jak i wygodna w u\u017cyciu.<\/p>","protected":false},"featured_media":289,"template":"","meta":{"_kad_post_transparent":"default","_kad_post_title":"","_kad_post_layout":"default","_kad_post_sidebar_id":"","_kad_post_content_style":"default","_kad_post_vertical_padding":"default","_kad_post_feature":"","_kad_post_feature_position":"","_kad_post_header":false,"_kad_post_footer":false,"_kad_post_classname":""},"product_brand":[],"product_cat":[15,28,19,17],"product_tag":[85,86,80],"class_list":{"0":"post-284","1":"product","2":"type-product","3":"status-publish","4":"has-post-thumbnail","6":"product_cat-red-light-therapy","7":"product_cat-customize","8":"product_cat-red-light-therapy-stand","9":"product_cat-services","10":"product_tag-cosmetic-packaging","11":"product_tag-custom-cosmetic-essential-oil-packaging","12":"product_tag-essential-oil-packaging","14":"first","15":"instock","16":"shipping-taxable","17":"product-type-simple","18":"entry","19":"content-bg","20":"loop-entry"},"_links":{"self":[{"href":"https:\/\/red-lighttherapy.com\/pl\/wp-json\/wp\/v2\/product\/284","targetHints":{"allow":["GET"]}}],"collection":[{"href":"https:\/\/red-lighttherapy.com\/pl\/wp-json\/wp\/v2\/product"}],"about":[{"href":"https:\/\/red-lighttherapy.com\/pl\/wp-json\/wp\/v2\/types\/product"}],"wp:featuredmedia":[{"embeddable":true,"href":"https:\/\/red-lighttherapy.com\/pl\/wp-json\/wp\/v2\/media\/289"}],"wp:attachment":[{"href":"https:\/\/red-lighttherapy.com\/pl\/wp-json\/wp\/v2\/media?parent=284"}],"wp:term":[{"taxonomy":"product_brand","embeddable":true,"href":"https:\/\/red-lighttherapy.com\/pl\/wp-json\/wp\/v2\/product_brand?post=284"},{"taxonomy":"product_cat","embeddable":true,"href":"https:\/\/red-lighttherapy.com\/pl\/wp-json\/wp\/v2\/product_cat?post=284"},{"taxonomy":"product_tag","embeddable":true,"href":"https:\/\/red-lighttherapy.com\/pl\/wp-json\/wp\/v2\/product_tag?post=284"}],"curies":[{"name":"wp","href":"https:\/\/api.w.org\/{rel}","templated":true}]}}