{"id":278,"date":"2025-04-10T14:03:32","date_gmt":"2025-04-10T14:03:32","guid":{"rendered":"https:\/\/red-lighttherapy.com\/?post_type=product&#038;p=278"},"modified":"2025-04-10T14:14:16","modified_gmt":"2025-04-10T14:14:16","slug":"custom-printed-logo-essential-oil-box-packaging-wholesale","status":"publish","type":"product","link":"https:\/\/red-lighttherapy.com\/pl\/custom-printed-logo-essential-oil-box-packaging-wholesale\/","title":{"rendered":"Niestandardowe drukowane logo Pude\u0142ko na olejki eteryczne Opakowanie hurtowe"},"content":{"rendered":"<h2 id=\"-customized-printed-logo-essential-oil-box-packaging-wholesale-product-description-\">Niestandardowe drukowane logo Pude\u0142ko na olejki eteryczne Opakowanie hurtowe<\/h2>\n<h2 id=\"-i-visual-aesthetics-and-craft-design-\"><strong>1. Estetyka wizualna i projektowanie rzemie\u015blnicze<\/strong><\/h2>\n<ol>\n<li><strong>Zaawansowana estetyka czarnej tonacji<\/strong>\u00a0Wykorzystanie g\u0142\u0119bokiej czerni jako g\u0142\u00f3wnego koloru, w po\u0142\u0105czeniu z matowym i lokalnym przetwarzaniem \u015bwiat\u0142a, zapewnia stonowany i luksusowy efekt wizualny poprzez za\u0142amanie \u015bwiat\u0142a i cienia. Pe\u0142na wersja procesu UV pokrywa korpus pude\u0142ka, aby zwi\u0119kszy\u0107 odporno\u015b\u0107 powierzchni na zu\u017cycie i po\u0142ysk. Zachowuj\u0105c czarny, spokojny ton, nadaje opakowaniu dynamiczne poziomy \u015bwiat\u0142a i cienia, znacznie poprawiaj\u0105c rozpoznawalno\u015b\u0107 marki.<\/li>\n<li><strong>Proces t\u0142oczenia na gor\u0105co LOGO<\/strong>\u00a0LOGO przyjmuje proces t\u0142oczenia na gor\u0105co i tworzy tr\u00f3jwymiarow\u0105 wkl\u0119s\u0142\u0105 i wypuk\u0142\u0105 tekstur\u0119 poprzez precyzyjne prasowanie na gor\u0105co, na\u0142o\u017cone na metalow\u0105 foli\u0119 (opcjonalnie z\u0142oto, r\u00f3\u017cowe z\u0142oto lub laserowe z\u0142oto), kt\u00f3ra jest delikatna w dotyku i wizualnie l\u015bni\u0105ca. Proces ten nie tylko wzmacnia ton marki, ale mo\u017ce by\u0107 r\u00f3wnie\u017c stosowany jako znak zapobiegaj\u0105cy podrabianiu w celu zwi\u0119kszenia przestrzeni premium produktu.<\/li>\n<\/ol>\n<h2 id=\"-second-structural-design-and-material-guarantee-\"><strong>2. Projekt konstrukcyjny i gwarancja materia\u0142owa<\/strong><\/h2>\n<ol>\n<li><strong>Pokrywa typu \"niebo i ziemia\" trzy w jednym<\/strong><\/li>\n<li><strong>Pude\u0142ko zewn\u0119trzne z otwieraniem i zamykaniem atmosferycznym<\/strong>: Struktura pokrywy nieba i ziemi zosta\u0142a zaprojektowana w formie \"nieba pokrywaj\u0105cego ziemi\u0119\". Zewn\u0119trzne pude\u0142ko przyjmuje szar\u0105 p\u0142yt\u0119 o wysokiej g\u0119sto\u015bci 1200GSM o grubo\u015bci 1,3 mm, wysokiej twardo\u015bci i du\u017cej odporno\u015bci na nacisk. Jest naturalnie g\u0142adka podczas otwierania i zamykania, a poczucie rytua\u0142u otwierania pokrywy jest pe\u0142ne.<\/li>\n<li><strong>Pude\u0142ko wewn\u0119trzne skupia si\u0119 na wy\u015bwietlaczu<\/strong>: Wewn\u0119trzny wspornik wykonany jest z szarej p\u0142yty powlekanej papierem 157G z matow\u0105 foli\u0105 na powierzchni. Produkt jest wy\u015brodkowany i dopasowany do niestandardowej podszewki (opcjonalnie EVA, flanela lub przezroczysty akrylowy wspornik), aby zapewni\u0107 stabilno\u015b\u0107 butelki olejku eterycznego i koncentracj\u0119 wizualn\u0105.<\/li>\n<li><strong>Dopasowanie materia\u0142\u00f3w naukowych<\/strong><\/li>\n<li><strong>Papier powlekany 157G<\/strong>: Wysokie odwzorowanie kolor\u00f3w, odpowiednie do druku czterokolorowego i dostosowywania kolor\u00f3w dodatkowych, numer koloru Pantone dok\u0142adnie odpowiada wizji marki.<\/li>\n<li><strong>Szara p\u0142yta 1200GSM<\/strong>: Doskona\u0142a no\u015bno\u015b\u0107, odporno\u015b\u0107 na wstrz\u0105sy podczas transportu na du\u017ce odleg\u0142o\u015bci, dzienna wydajno\u015b\u0107 si\u0119gaj\u0105ca 100 000 sztuk i mo\u017cliwo\u015b\u0107 dostosowywania na du\u017c\u0105 skal\u0119.<\/li>\n<\/ol>\n<h2 id=\"-three-diversified-adaptation-solutions-\"><strong>3. Zr\u00f3\u017cnicowane rozwi\u0105zania adaptacyjne<\/strong><\/h2>\n<ol>\n<li><strong>Elastyczne dostosowywanie typu i stylu pude\u0142ka<\/strong><\/li>\n<li><strong>Wyb\u00f3r typu skrzynki<\/strong>: Opr\u00f3cz g\u00f3rnej i dolnej pokrywy, mo\u017cna dostarczy\u0107 pude\u0142ka z szufladami, pude\u0142ka w kszta\u0142cie ksi\u0105\u017cki, pude\u0142ka o specjalnych kszta\u0142tach i inne konstrukcje, aby zaspokoi\u0107 potrzeby r\u00f3\u017cnych scenariuszy (takich jak transport e-commerce, ekspozycja offline).<\/li>\n<li><strong>Rozszerzenie projektu<\/strong>: Obs\u0142uguje r\u00f3\u017cne style, takie jak minimalizm, styl narodowy, sztuka abstrakcyjna itp. Powierzchnia pude\u0142ka mo\u017ce by\u0107 po\u0142\u0105czona z konstrukcj\u0105 okna (przezroczyste okno PCV), wyt\u0142aczan\u0105 tekstur\u0105 w kolorze gor\u0105cego srebra lub na\u0142o\u017conymi interaktywnymi elementami AR, aby poprawi\u0107 wra\u017cenia konsumenta.<\/li>\n<li><strong>Funkcjonalne ulepszenie wewn\u0119trznej podszewki<\/strong><\/li>\n<li><strong>Warstwowa pami\u0119\u0107 masowa<\/strong>: W przypadku zestaw\u00f3w olejk\u00f3w eterycznych sk\u0142adaj\u0105cych si\u0119 z wielu butelek, wewn\u0119trzne pude\u0142ko mo\u017ce by\u0107 zaprojektowane z wysuwan\u0105 warstwow\u0105 struktur\u0105, z akcesoriami takimi jak wst\u0105\u017cki i klamry magnetyczne, aby zwi\u0119kszy\u0107 praktyczno\u015b\u0107 i sens rytua\u0142u.<\/li>\n<li><strong>Adaptacja przyjazna dla \u015brodowiska<\/strong>: Zapewniaj\u0105 degradowaln\u0105 szar\u0105 tektur\u0119 i opcje powlekania UV na bazie wody, spe\u0142niaj\u0105 normy \u015brodowiskowe UE i pomagaj\u0105 w eksporcie transgranicznym.<\/li>\n<\/ol>\n<h2 id=\"-fourth-service-and-value-empowerment-\"><strong>4. Wzmocnienie us\u0142ug i warto\u015bci<\/strong><\/h2>\n<ol>\n<li><strong>Kompleksowe rozwi\u0105zanie<\/strong><\/li>\n<li><strong>Wsparcie przy sprawdzaniu<\/strong>: Zapewniamy bezp\u0142atne modelowanie 3D i pr\u00f3bki fizyczne, a tak\u017ce niestandardowe manuskrypty lub wsp\u00f3\u0142prac\u0119 z projektantami w celu zapewnienia dok\u0142adnej realizacji projektu.<\/li>\n<li><strong>Przewaga partii<\/strong>: Minimalne zam\u00f3wienie 500 sztuk, 15-dniowy cykl dostawy, obs\u0142uga drukowania LOGO, t\u0142oczenia na gor\u0105co, UV i innej mieszanej produkcji wsadowej, mo\u017cliwo\u015b\u0107 kontroli koszt\u00f3w.<\/li>\n<li><strong>Zwi\u0119kszenie warto\u015bci marki<\/strong>\u00a0Dostarczanie historii marki poprzez opakowanie, na przyk\u0142ad: czarne t\u0142o UV mo\u017ce by\u0107 zintegrowane z ilustracjami IP marki, t\u0142oczone na gor\u0105co LOGO i wyt\u0142aczana tekstura tworz\u0105 wizualne punkty pami\u0119ci, dzi\u0119ki czemu produkt wyr\u00f3\u017cnia si\u0119 na p\u00f3\u0142ce, a konsumenci rozprowadzaj\u0105 go spontanicznie po rozpakowaniu.<\/li>\n<\/ol>","protected":false},"excerpt":{"rendered":"<p>Typ pude\u0142ka z g\u00f3rn\u0105 i doln\u0105 pokryw\u0105 przyjmuje struktur\u0119 g\u00f3rnej i dolnej pokrywy, kt\u00f3ra jest \u0142atwa do otwierania i zamykania oraz ma poczucie otwierania pokrywy. Ca\u0142y korpus pude\u0142ka jest starannie wykonany w technologii UV, aby pokaza\u0107 rozpoznawalno\u015b\u0107 marki. Jednocze\u015bnie LOGO jest dodawane za pomoc\u0105 technologii t\u0142oczenia na gor\u0105co, aby wzmocni\u0107 ton marki.<\/p>","protected":false},"featured_media":281,"template":"","meta":{"_kad_post_transparent":"default","_kad_post_title":"","_kad_post_layout":"default","_kad_post_sidebar_id":"","_kad_post_content_style":"default","_kad_post_vertical_padding":"default","_kad_post_feature":"","_kad_post_feature_position":"","_kad_post_header":false,"_kad_post_footer":false,"_kad_post_classname":""},"product_brand":[],"product_cat":[15,28,19,17],"product_tag":[83,80,84],"class_list":{"0":"post-278","1":"product","2":"type-product","3":"status-publish","4":"has-post-thumbnail","6":"product_cat-red-light-therapy","7":"product_cat-customize","8":"product_cat-red-light-therapy-stand","9":"product_cat-services","10":"product_tag-custom-essential-oil-box","11":"product_tag-essential-oil-packaging","12":"product_tag-essential-oil-packaging-wholesale","14":"first","15":"instock","16":"shipping-taxable","17":"product-type-simple","18":"entry","19":"content-bg","20":"loop-entry"},"_links":{"self":[{"href":"https:\/\/red-lighttherapy.com\/pl\/wp-json\/wp\/v2\/product\/278","targetHints":{"allow":["GET"]}}],"collection":[{"href":"https:\/\/red-lighttherapy.com\/pl\/wp-json\/wp\/v2\/product"}],"about":[{"href":"https:\/\/red-lighttherapy.com\/pl\/wp-json\/wp\/v2\/types\/product"}],"wp:featuredmedia":[{"embeddable":true,"href":"https:\/\/red-lighttherapy.com\/pl\/wp-json\/wp\/v2\/media\/281"}],"wp:attachment":[{"href":"https:\/\/red-lighttherapy.com\/pl\/wp-json\/wp\/v2\/media?parent=278"}],"wp:term":[{"taxonomy":"product_brand","embeddable":true,"href":"https:\/\/red-lighttherapy.com\/pl\/wp-json\/wp\/v2\/product_brand?post=278"},{"taxonomy":"product_cat","embeddable":true,"href":"https:\/\/red-lighttherapy.com\/pl\/wp-json\/wp\/v2\/product_cat?post=278"},{"taxonomy":"product_tag","embeddable":true,"href":"https:\/\/red-lighttherapy.com\/pl\/wp-json\/wp\/v2\/product_tag?post=278"}],"curies":[{"name":"wp","href":"https:\/\/api.w.org\/{rel}","templated":true}]}}