{"id":260,"date":"2025-04-10T13:18:48","date_gmt":"2025-04-10T13:18:48","guid":{"rendered":"https:\/\/red-lighttherapy.com\/?post_type=product&#038;p=260"},"modified":"2025-04-10T13:51:14","modified_gmt":"2025-04-10T13:51:14","slug":"luxury-customized-weed-cbd-oil-packaging-gift-box-wholesale","status":"publish","type":"product","link":"https:\/\/red-lighttherapy.com\/pl\/luxury-customized-weed-cbd-oil-packaging-gift-box-wholesale\/","title":{"rendered":"Luksusowe, niestandardowe opakowanie na olej CBD Weed, pude\u0142ko upominkowe hurtowo"},"content":{"rendered":"<h3 id=\"luxury-customized-hemp-cbd-oil-packaging-gift-box-wholesale\">Luksusowe, niestandardowe opakowanie oleju CBD z konopi Pude\u0142ko na prezent Hurtownia<\/h3>\n<h2 id=\"-1-high-end-visual-design-single-black-printing-and-stylized-patterns-\"><strong>1. Wysokiej klasy projekt wizualny: pojedynczy czarny nadruk i stylizowane wzory<\/strong><\/h2>\n<ul>\n<li><strong>Pojedynczy czarny proces drukowania<\/strong>: Wykorzystuj\u0105c technologi\u0119 druku monochromatycznego w kolorze czarnym (Pantone Black), jasny i ciemny kontrast oraz delikatne linie podkre\u015blaj\u0105 poczucie prostoty i luksusu, tworz\u0105c g\u0142\u0119boki i wysokiej klasy efekt wizualny.<\/li>\n<li><strong>Czarno-bia\u0142a estetyka<\/strong>: Z klasyczn\u0105 czerni\u0105 i biel\u0105 jako g\u0142\u00f3wnym tonem, w po\u0142\u0105czeniu z r\u00f3\u017cnorodnymi wzorami, takimi jak geometryczne tekstury, abstrakcyjna sztuka lub minimalistyczne logo marki, nie tylko odzwierciedla tekstur\u0119 marki, ale tak\u017ce nadaje ka\u017cdemu pude\u0142ku prezentowemu unikalny styl, aby zaspokoi\u0107 potrzeby r\u00f3\u017cnych scenariuszy konsumenckich (takich jak medycyna, prezenty i wysokiej klasy handel detaliczny).<\/li>\n<\/ul>\n<h2 id=\"-2-innovative-magnetic-box-structure-function-and-experience-upgrade-\"><strong>2. Innowacyjna struktura skrzynki magnetycznej: aktualizacja funkcji i do\u015bwiadczenia<\/strong><\/h2>\n<ul>\n<li><strong>Boczna klamra magnetyczna<\/strong>: Bok pude\u0142ka jest wyposa\u017cony w magnetyczn\u0105 klamr\u0119, kt\u00f3ra zapewnia inne wra\u017cenia podczas otwierania i zamykania ni\u017c tradycyjne opakowania. Jest stabilne i niezawodne po zamkni\u0119ciu oraz eleganckie i g\u0142adkie po otwarciu, co zwi\u0119ksza poczucie rytua\u0142u u\u017cytkownika w interakcji.<\/li>\n<li><strong>Projekt wzmocnienia strukturalnego<\/strong>: W po\u0142\u0105czeniu z podstaw\u0105 z szarej p\u0142yty o wysokiej wytrzyma\u0142o\u015bci 1200GSM, zapewnia odporno\u015b\u0107 na \u015bciskanie i trwa\u0142o\u015b\u0107 korpusu pude\u0142ka oraz chroni wewn\u0119trzn\u0105 butelk\u0119 oleju CBD przed uderzeniami zewn\u0119trznymi podczas transportu lub przechowywania.<\/li>\n<\/ul>\n<h2 id=\"-3-customized-materials-and-craftsmanship-\"><strong>3. Niestandardowe materia\u0142y i wykonanie<\/strong><\/h2>\n<ul>\n<li><strong>Wysokiej jako\u015bci kombinacja materia\u0142\u00f3w<\/strong>: Warstwa zewn\u0119trzna wykorzystuje papier powlekany 157G, a powierzchnia jest pokryta matow\u0105 foli\u0105 lub cz\u0119\u015bciowym procesem UV w celu zwi\u0119kszenia w\u0142a\u015bciwo\u015bci dotykowych i przeciwporostowych; warstwa wewn\u0119trzna jest dopasowana do szarej tektury 1200GSM, bior\u0105c pod uwag\u0119 twardo\u015b\u0107 i w\u0142a\u015bciwo\u015bci ochrony \u015brodowiska (nadaj\u0105ce si\u0119 do recyklingu).<\/li>\n<li><strong>Szczeg\u00f3\u0142y rzemios\u0142a<\/strong>: Obs\u0142uguje dodatkowe procesy, takie jak wyt\u0142aczanie, t\u0142oczenie na gor\u0105co i sitodruk, aby jeszcze bardziej podkre\u015bli\u0107 tr\u00f3jwymiarowy i luksusowy charakter logo lub wzor\u00f3w marki.<\/li>\n<\/ul>\n<h2 id=\"-4-flexible-box-type-and-differentiated-design-\"><strong>4. Elastyczny typ obudowy i zr\u00f3\u017cnicowana konstrukcja<\/strong><\/h2>\n<ul>\n<li><strong>Us\u0142uga dostosowywania typu pude\u0142ka<\/strong>: Zapewnia r\u00f3\u017cnorodne typy pude\u0142ek, takie jak pokrywy g\u00f3rne i dolne, pude\u0142ka w kszta\u0142cie ksi\u0105\u017cki, pude\u0142ka z szufladami itp. Rozmiar oraz metody otwierania i zamykania mo\u017cna dostosowa\u0107 do potrzeb, aby spe\u0142ni\u0107 r\u00f3\u017cne wymagania, od przeno\u015bnych ma\u0142ych pojemno\u015bci po luksusowe prezenty.<\/li>\n<li><strong>Rozwi\u0105zanie r\u00f3\u017cnicuj\u0105ce<\/strong>: Dzi\u0119ki modu\u0142owej konstrukcji klienci mog\u0105 zintegrowa\u0107 elementy marki VI (takie jak LOGO, slogan), w po\u0142\u0105czeniu ze zr\u00f3\u017cnicowanymi strukturami (takimi jak warstwowa taca wewn\u0119trzna, przezroczyste okienko), aby zwi\u0119kszy\u0107 rozpoznawalno\u015b\u0107 produktu i wra\u017cenia konsument\u00f3w.<\/li>\n<\/ul>\n<h2 id=\"-5-multifunctional-inner-tray-adaptation-solution-\"><strong>5. Wielofunkcyjne rozwi\u0105zanie do adaptacji tacek wewn\u0119trznych<\/strong><\/h2>\n<ul>\n<li><strong>Zr\u00f3\u017cnicowane materia\u0142y tac wewn\u0119trznych<\/strong>:<\/li>\n<li><strong>Podszewka EVA<\/strong>: Nadaje si\u0119 do szklanych butelek CBD o wysokiej warto\u015bci, korpus butelki jest mocowany za pomoc\u0105 niestandardowych rowk\u00f3w, odpornych na wstrz\u0105sy i upadki.<\/li>\n<li><strong>Flokowana taca wewn\u0119trzna<\/strong>: Zwi\u0119ksz luksus dotyku, odpowiedni do wysokiej klasy prezent\u00f3w.<\/li>\n<li><strong>Formowanie masy celulozowej ulegaj\u0105cej degradacji<\/strong>: Opcja przyjazna dla \u015brodowiska, zgodna z koncepcj\u0105 zr\u00f3wnowa\u017conej marki.<\/li>\n<li><strong>Funkcjonalny projekt zagospodarowania przestrzennego<\/strong>: Obs\u0142uguje uk\u0142ad warstwowy i siatkowy, kompatybilny z butelkami oleju CBD, zakraplaczami, instrukcjami i innymi akcesoriami do przechowywania, bior\u0105c pod uwag\u0119 zar\u00f3wno pi\u0119kno, jak i praktyczno\u015b\u0107.<\/li>\n<\/ul>\n<h2 id=\"-6-one-stop-customization-service-and-quality-assurance-\"><strong>6. Kompleksowa us\u0142uga dostosowywania i zapewnienie jako\u015bci<\/strong><\/h2>\n<ul>\n<li><strong>Pe\u0142ne wsparcie procesu od projektu do produkcji<\/strong>: Zapewniamy us\u0142ugi modelowania 3D i proofingu, aby upewni\u0107 si\u0119, \u017ce efekt projektu jest zgodny z rzeczywistym produktem, a pr\u00f3bki mog\u0105 by\u0107 dostarczone w ci\u0105gu zaledwie 3-5 dni.<\/li>\n<li><strong>Produkcja masowa i logistyka<\/strong>: Obs\u0142uguje miesi\u0119czn\u0105 zdolno\u015b\u0107 produkcyjn\u0105 milion\u00f3w, a opakowanie wykorzystuje niestandardowe skrzynie g\u0142\u00f3wne do wzmocnionego transportu, obejmuj\u0105ce wiele port\u00f3w, takich jak Ningbo i Szanghaj na eksport.<\/li>\n<\/ul>\n<h2 id=\"-summary-of-product-advantages-\"><strong>Podsumowanie zalet produktu<\/strong>:<\/h2>\n<ul>\n<li><strong>Wysokiej klasy pozycjonowanie<\/strong>: Dzi\u0119ki pojedynczemu czarnemu nadrukowi i magnetycznej strukturze ss\u0105cej tworzy luksusow\u0105 tekstur\u0119 opakowania.<\/li>\n<li><strong>Bezpiecze\u0144stwo i zgodno\u015b\u0107<\/strong>: Materia\u0142 spe\u0142nia mi\u0119dzynarodowe normy \u015brodowiskowe (takie jak szara tektura nadaj\u0105ca si\u0119 do recyklingu), a informacje na etykiecie mo\u017cna dostosowa\u0107 zgodnie z przepisami.<\/li>\n<li><strong>Elastyczna personalizacja<\/strong>: Od kszta\u0142tu pude\u0142ka po tac\u0119 wewn\u0119trzn\u0105, w pe\u0142ni zaspokaja potrzeby zr\u00f3\u017cnicowania marki i pomaga poprawi\u0107 konkurencyjno\u015b\u0107 na rynku.<\/li>\n<\/ul>","protected":false},"excerpt":{"rendered":"<p>To pude\u0142ko z magnetycznym zamkni\u0119ciem ma klamr\u0119 z boku, a metoda prze\u0142\u0105czania jest nowatorska i unikalna, co poprawia og\u00f3ln\u0105 tekstur\u0119 i j\u0119drno\u015b\u0107 pude\u0142ka.<\/p>","protected":false},"featured_media":265,"template":"","meta":{"_kad_post_transparent":"default","_kad_post_title":"","_kad_post_layout":"default","_kad_post_sidebar_id":"","_kad_post_content_style":"default","_kad_post_vertical_padding":"default","_kad_post_feature":"","_kad_post_feature_position":"","_kad_post_header":false,"_kad_post_footer":false,"_kad_post_classname":""},"product_brand":[],"product_cat":[15,17],"product_tag":[78,77,79],"class_list":{"0":"post-260","1":"product","2":"type-product","3":"status-publish","4":"has-post-thumbnail","6":"product_cat-red-light-therapy","7":"product_cat-services","8":"product_tag-cbd-oil-packaging-box","9":"product_tag-customized-weed-packaging","10":"product_tag-weed-cbd-oil-packaging-wholesale","12":"first","13":"instock","14":"shipping-taxable","15":"product-type-simple","16":"entry","17":"content-bg","18":"loop-entry"},"_links":{"self":[{"href":"https:\/\/red-lighttherapy.com\/pl\/wp-json\/wp\/v2\/product\/260","targetHints":{"allow":["GET"]}}],"collection":[{"href":"https:\/\/red-lighttherapy.com\/pl\/wp-json\/wp\/v2\/product"}],"about":[{"href":"https:\/\/red-lighttherapy.com\/pl\/wp-json\/wp\/v2\/types\/product"}],"wp:featuredmedia":[{"embeddable":true,"href":"https:\/\/red-lighttherapy.com\/pl\/wp-json\/wp\/v2\/media\/265"}],"wp:attachment":[{"href":"https:\/\/red-lighttherapy.com\/pl\/wp-json\/wp\/v2\/media?parent=260"}],"wp:term":[{"taxonomy":"product_brand","embeddable":true,"href":"https:\/\/red-lighttherapy.com\/pl\/wp-json\/wp\/v2\/product_brand?post=260"},{"taxonomy":"product_cat","embeddable":true,"href":"https:\/\/red-lighttherapy.com\/pl\/wp-json\/wp\/v2\/product_cat?post=260"},{"taxonomy":"product_tag","embeddable":true,"href":"https:\/\/red-lighttherapy.com\/pl\/wp-json\/wp\/v2\/product_tag?post=260"}],"curies":[{"name":"wp","href":"https:\/\/api.w.org\/{rel}","templated":true}]}}