{"id":254,"date":"2025-04-10T13:05:03","date_gmt":"2025-04-10T13:05:03","guid":{"rendered":"https:\/\/red-lighttherapy.com\/?post_type=product&#038;p=254"},"modified":"2025-04-10T13:36:07","modified_gmt":"2025-04-10T13:36:07","slug":"magnetic-closure-saw-blade-rigid-gift-packaging-box-factory","status":"publish","type":"product","link":"https:\/\/red-lighttherapy.com\/pl\/magnetic-closure-saw-blade-rigid-gift-packaging-box-factory\/","title":{"rendered":"Zamkni\u0119cie magnetyczne Brzeszczot sztywny Fabryka opakowa\u0144 na prezenty"},"content":{"rendered":"<h3 id=\"magnetic-sealed-saw-blade-hard-gift-packaging-box\">Brzeszczot magnetyczny w twardym opakowaniu prezentowym<\/h3>\n<h2 id=\"-i-core-materials-and-crafts-\"><strong>1. Podstawowe materia\u0142y i rzemios\u0142o<\/strong><\/h2>\n<ol>\n<li><strong>Wyb\u00f3r wysokiej jako\u015bci materia\u0142\u00f3w<\/strong>: Produkt wykorzystuje\u00a0<strong>Papier powlekany 157 g<\/strong>\u00a0jako papier do monta\u017cu powierzchniowego, w po\u0142\u0105czeniu z\u00a0<strong>Szara tektura o wysokiej g\u0119sto\u015bci 1200 g<\/strong>\u00a0jako pod\u0142o\u017ce. Powierzchnia powlekanego papieru jest przetwarzana przez\u00a0<strong>Czterokolorowy proces drukowania<\/strong>Szara p\u0142yta ma doskona\u0142\u0105 odporno\u015b\u0107 na \u015bciskanie i p\u0142asko\u015b\u0107, mo\u017ce wytrzyma\u0107 wstrz\u0105sy transportowe i zapewnia, \u017ce obudowa pude\u0142ka nie odkszta\u0142ca si\u0119 przez d\u0142ugi czas.<\/li>\n<li><strong>Konstrukcja klasy przemys\u0142owej<\/strong>: The\u00a0<strong>Konstrukcja skrzynki typu flip-top<\/strong>\u00a0a pokrywa skrzynki jest wygodnie otwierana i zamykana za pomoc\u0105 magnetycznego urz\u0105dzenia uszczelniaj\u0105cego. Jest szczelna i stabilna po zamkni\u0119ciu, a\u00a0<strong>spersonalizowany model konturu<\/strong>\u00a0Utworzony przez na\u0142o\u017cenie wewn\u0119trznej szarej p\u0142yty dok\u0142adnie mocuje brzeszczot, aby unikn\u0105\u0107 wstrz\u0105s\u00f3w. Og\u00f3lna struktura uwzgl\u0119dnia zar\u00f3wno ekspozycj\u0119, jak i ochron\u0119, nadaje si\u0119 do ekspozycji na p\u00f3\u0142kach lub jako opakowanie prezentowe.<\/li>\n<\/ol>\n<h2 id=\"-ii-visual-design-and-functional-features-\"><strong>2. Projekt wizualny i cechy funkcjonalne<\/strong><\/h2>\n<ol>\n<li><strong>Wygl\u0105d tematyczny<\/strong>:<\/li>\n<li>G\u0142\u00f3wnym kolorem jest\u00a0<strong>matowy czarny<\/strong>z\u00a0<strong>bia\u0142y wz\u00f3r pi\u0142okszta\u0142tny<\/strong>\u00a0oraz\u00a0<strong>fluorescencyjne zielone logo marki<\/strong>tworz\u0105c silny efekt wizualny w stylu industrialnym. Wz\u00f3r ok\u0142adki przywraca dynamik\u0119 ci\u0119cia brzeszczotu za pomoc\u0105 linii wektorowych, intuicyjnie przekazuj\u0105c przeznaczenie produktu.<\/li>\n<li>Konstrukcja zawiera\u00a0<strong>minimalizm<\/strong>\u00a0bez zb\u0119dnych element\u00f3w dekoracyjnych, podkre\u015blaj\u0105c atrybuty profesjonalnych narz\u0119dzi, jednocze\u015bnie zwi\u0119kszaj\u0105c rozpoznawalno\u015b\u0107 marki.<\/li>\n<li><strong>Optymalizacja wk\u0142adki<\/strong>: Wewn\u0119trzna wn\u0119ka wykorzystuje\u00a0<strong>3-4 warstwy szarej p\u0142yty na\u0142o\u017cone na ci\u0119cie<\/strong>i wykorzystuje technologi\u0119 wykrawania CNC w celu ukszta\u0142towania rowka dopasowanego do kszta\u0142tu brzeszczotu, aby zapewni\u0107 wszechstronn\u0105 ochron\u0119 bufora. Bia\u0142a wy\u015bci\u00f3\u0142ka kontrastuje z czarn\u0105 obudow\u0105 pude\u0142ka, zwi\u0119kszaj\u0105c poczucie ceremonii po wyj\u0119ciu produktu.<\/li>\n<\/ol>\n<h2 id=\"-three-customized-services-and-production-guarantee-\"><strong>3. Indywidualne us\u0142ugi i gwarancja produkcji<\/strong><\/h2>\n<ol>\n<li><strong>Elastyczny schemat dostosowywania<\/strong>:<\/li>\n<li>Wsparcie\u00a0<strong>regulacja rozmiaru<\/strong>\u00a0(dostosowanie do brzeszczot\u00f3w o r\u00f3\u017cnych specyfikacjach),\u00a0<strong>przeprojektowanie wzoru<\/strong>\u00a0(wymienne LOGO, tekst i elementy graficzne),\u00a0<strong>ulepszenie materia\u0142u<\/strong>\u00a0(np. zast\u0105pienie specjalnym papierem lub dodanie procesu t\u0142oczenia na gor\u0105co).<\/li>\n<li>Zapewni\u0107\u00a0<strong>Bawe\u0142na per\u0142owa EPE<\/strong>\u00a0lub\u00a0<strong>taca blistrowa<\/strong>\u00a0i inne akcesoria buforowe, aby zaspokoi\u0107 potrzeby wysokiej klasy opakowa\u0144 na prezenty.<\/li>\n<li><strong>Pe\u0142na kontrola jako\u015bci i dostawa<\/strong>:<\/li>\n<li>Przyj\u0119cie\u00a0<strong>w pe\u0142ni automatyczna maszyna sztancuj\u0105ca<\/strong>\u00a0oraz\u00a0<strong>Szybka czterokolorowa maszyna drukuj\u0105ca<\/strong>ze \u015bredni\u0105 dzienn\u0105 zdolno\u015bci\u0105 produkcyjn\u0105 wynosz\u0105c\u0105 10 000 sztuk, obs\u0142uguj\u0105c\u0105 dostawy pilnych zam\u00f3wie\u0144 w ci\u0105gu 7-10 dni.<\/li>\n<li>Wdro\u017cenie\u00a0<strong>Trzypoziomowy system kontroli jako\u015bci<\/strong>Kontrola magazynowania surowca (wilgotno\u015b\u0107 szarej tektury \u22648%), test p\u0142asko\u015bci p\u00f3\u0142produktu, test \u015bciskania i upuszczania gotowego produktu.<\/li>\n<\/ol>\n<h2 id=\"-fourth-application-scenarios-and-competitive-advantages-\"><strong>4. Scenariusze zastosowa\u0144 i przewagi konkurencyjne<\/strong><\/h2>\n<ol>\n<li><strong>Obowi\u0105zuj\u0105ce pola<\/strong>: Zaprojektowany specjalnie dla\u00a0<strong>Marki brzeszczot\u00f3w do pi\u0142 przemys\u0142owych<\/strong>,\u00a0<strong>zestawy upominkowe narz\u0119dzi sprz\u0119towych<\/strong>\u00a0oraz\u00a0<strong>Wysokiej klasy akcesoria do urz\u0105dze\u0144 mechanicznych<\/strong>Nadaje si\u0119 do ekspozycji w supermarketach, transportu e-commerce, prezent\u00f3w wystawowych i innych scenariuszy.<\/li>\n<li><strong>G\u0142\u00f3wne zalety<\/strong>:<\/li>\n<li><strong>Zr\u00f3\u017cnicowana konstrukcja<\/strong>: Po\u0142\u0105czenie funkcjonalno\u015bci i estetyki, prze\u0142amuj\u0105ce stereotyp tradycyjnego opakowania narz\u0119dzi.<\/li>\n<li><strong>Zgodno\u015b\u0107 z przepisami dotycz\u0105cymi ochrony \u015brodowiska<\/strong>: Zar\u00f3wno szara tektura, jak i papier powlekany s\u0105 zgodne z certyfikatem FSC i wspieraj\u0105 recykling.<\/li>\n<li><strong>Kompleksowa obs\u0142uga<\/strong>: Od projektu do gotowego opakowania produktu, zapewniamy pe\u0142ne wsparcie procesowe w zakresie proofingu, produkcji i logistyki.<\/li>\n<\/ol>\n<h2 id=\"-technical-parameters-example-\"><strong>Parametry techniczne<\/strong>\u00a0(przyk\u0142ad)<\/h2>\n<table>\n<thead>\n<tr>\n<th>Pozycja<\/th>\n<th>Warto\u015b\u0107 standardowa<\/th>\n<\/tr>\n<\/thead>\n<tbody>\n<tr>\n<td>Waga szarej p\u0142yty<\/td>\n<td>1200 g (\u00b15%)<\/td>\n<\/tr>\n<tr>\n<td>Drukowanie powierzchniowe<\/td>\n<td>CMYK + laminowanie matowe<\/td>\n<\/tr>\n<tr>\n<td>No\u015bno\u015b\u0107<\/td>\n<td>Statyczna odporno\u015b\u0107 na \u015bciskanie \u226550 kg<\/td>\n<\/tr>\n<tr>\n<td>Cykl dostawy<\/td>\n<td>Zwyk\u0142e zam\u00f3wienia 7-14 dni<\/td>\n<\/tr>\n<\/tbody>\n<\/table>","protected":false},"excerpt":{"rendered":"<p>Konstrukcja tego pude\u0142ka na brzeszczot to pude\u0142ko z magnetycznym zamkni\u0119ciem. Wygl\u0105d opiera si\u0119 na elemencie brzeszczotu jako g\u0142\u00f3wnej zawarto\u015bci. Na pokrywie nadrukowany jest wz\u00f3r brzeszczotu, kt\u00f3ry w bardziej intuicyjny spos\u00f3b przekazuje przeznaczenie produktu.<\/p>","protected":false},"featured_media":255,"template":"","meta":{"_kad_post_transparent":"default","_kad_post_title":"","_kad_post_layout":"default","_kad_post_sidebar_id":"","_kad_post_content_style":"default","_kad_post_vertical_padding":"default","_kad_post_feature":"","_kad_post_feature_position":"","_kad_post_header":false,"_kad_post_footer":false,"_kad_post_classname":""},"product_brand":[],"product_cat":[15,17],"product_tag":[76,75,74],"class_list":{"0":"post-254","1":"product","2":"type-product","3":"status-publish","4":"has-post-thumbnail","6":"product_cat-red-light-therapy","7":"product_cat-services","8":"product_tag-magnetic-closure-saw-blade-box","9":"product_tag-saw-blade-packaging-box-factory","10":"product_tag-saw-blade-rigid-box","12":"first","13":"instock","14":"shipping-taxable","15":"product-type-simple","16":"entry","17":"content-bg","18":"loop-entry"},"_links":{"self":[{"href":"https:\/\/red-lighttherapy.com\/pl\/wp-json\/wp\/v2\/product\/254","targetHints":{"allow":["GET"]}}],"collection":[{"href":"https:\/\/red-lighttherapy.com\/pl\/wp-json\/wp\/v2\/product"}],"about":[{"href":"https:\/\/red-lighttherapy.com\/pl\/wp-json\/wp\/v2\/types\/product"}],"wp:featuredmedia":[{"embeddable":true,"href":"https:\/\/red-lighttherapy.com\/pl\/wp-json\/wp\/v2\/media\/255"}],"wp:attachment":[{"href":"https:\/\/red-lighttherapy.com\/pl\/wp-json\/wp\/v2\/media?parent=254"}],"wp:term":[{"taxonomy":"product_brand","embeddable":true,"href":"https:\/\/red-lighttherapy.com\/pl\/wp-json\/wp\/v2\/product_brand?post=254"},{"taxonomy":"product_cat","embeddable":true,"href":"https:\/\/red-lighttherapy.com\/pl\/wp-json\/wp\/v2\/product_cat?post=254"},{"taxonomy":"product_tag","embeddable":true,"href":"https:\/\/red-lighttherapy.com\/pl\/wp-json\/wp\/v2\/product_tag?post=254"}],"curies":[{"name":"wp","href":"https:\/\/api.w.org\/{rel}","templated":true}]}}