{"id":248,"date":"2025-04-10T12:46:08","date_gmt":"2025-04-10T12:46:08","guid":{"rendered":"https:\/\/red-lighttherapy.com\/?post_type=product&#038;p=248"},"modified":"2025-04-10T13:04:37","modified_gmt":"2025-04-10T13:04:37","slug":"luxury-food-tea-irregular-shaped-gift-packaging-box-suppliers","status":"publish","type":"product","link":"https:\/\/red-lighttherapy.com\/pl\/luxury-food-tea-irregular-shaped-gift-packaging-box-suppliers\/","title":{"rendered":"Luksusowa herbata spo\u017cywcza o nieregularnym kszta\u0142cie Dostawcy opakowa\u0144 na prezenty"},"content":{"rendered":"<h2 id=\"luxury-food-tea-shaped-gift-box\">Luksusowa herbata spo\u017cywcza o nieregularnym kszta\u0142cie Dostawcy opakowa\u0144 na prezenty<\/h2>\n<p>Jako innowacyjny lider w dziedzinie wysokiej klasy opakowa\u0144 na prezenty, jeste\u015bmy zaanga\u017cowani w integracj\u0119 artystycznej estetyki z praktycznymi funkcjami i wprowadzili\u015bmy na rynek\u00a0<strong>Seria pude\u0142ek na herbat\u0119 w kszta\u0142cie o\u015bmiok\u0105ta<\/strong>kt\u00f3ry zosta\u0142 specjalnie zaprojektowany dla wysokiej klasy marek \u017cywno\u015bci i herbaty, aby tworzy\u0107 rozwi\u0105zania opakowaniowe, kt\u00f3re s\u0105 zar\u00f3wno rozpoznawalne, jak i wysokiej jako\u015bci. Poni\u017cej przedstawiono podstawowe zalety i szczeg\u00f3\u0142y techniczne produktu:<\/p>\n<h2 id=\"-1-material-and-structure-scientific-protection-stable-and-durable-\"><strong>1. Materia\u0142 i struktura: ochrona naukowa, stabilna i trwa\u0142a<\/strong><\/h2>\n<ul>\n<li><strong>Szkielet z szarej p\u0142yty o wysokiej wytrzyma\u0142o\u015bci<\/strong>: Szara tektura o wysokiej g\u0119sto\u015bci jest u\u017cywana jako wewn\u0119trzna struktura no\u015bna, w po\u0142\u0105czeniu z procesem powlekania papieru o gramaturze 300 g, poprzez precyzyjne wycinanie i technologi\u0119 wci\u0119\u0107 w celu utworzenia o\u015bmiok\u0105tnego tr\u00f3jwymiarowego kszta\u0142tu pude\u0142ka, wytrzyma\u0142o\u015b\u0107 na \u015bciskanie jest zwi\u0119kszona o 40%, zapewniaj\u0105c, \u017ce korpus pude\u0142ka nie odkszta\u0142ci si\u0119 ani nie p\u0119knie podczas transportu.<\/li>\n<li><strong>Konstrukcja ok\u0142adziny buforowej<\/strong>: Wewn\u0119trzna konfiguracja to bia\u0142a, jednocz\u0119\u015bciowa, formowana taca wewn\u0119trzna EVA, kt\u00f3ra jest dok\u0142adnie dostosowana do niezale\u017cnych ma\u0142ych opakowa\u0144 herbaty (takich jak herbata w torebkach 5 g \/ 8 g) poprzez podzielone gniazdo karty, w po\u0142\u0105czeniu z falist\u0105 struktur\u0105 bufora, skutecznie poch\u0142ania wibracje transportowe i zapobiega przemieszczaniu si\u0119 produktu lub uszkodzeniom spowodowanym kolizj\u0105.<\/li>\n<\/ul>\n<h2 id=\"-ii-innovative-design-fusion-of-geometric-aesthetics-and-cultural-symbols-\"><strong>2. Innowacyjny design: po\u0142\u0105czenie estetyki geometrycznej i symboli kulturowych<\/strong><\/h2>\n<ul>\n<li><strong>O\u015bmiok\u0105tne pude\u0142ko o specjalnym kszta\u0142cie<\/strong>: Prze\u0142amuj\u0105c tradycyjny kwadratowy kszta\u0142t pude\u0142ka, z o\u015bmiok\u0105tn\u0105 struktur\u0105 geometryczn\u0105 jako podstawowym j\u0119zykiem projektowania, kanciaste linie s\u0105 zar\u00f3wno twarde, jak i mi\u0119kkie, co nie tylko odzwierciedla pomy\u015blne znaczenie \"bogactwa ze wszystkich kierunk\u00f3w\" w tradycyjnej kulturze, ale tak\u017ce nadaje nowoczesnej minimalistycznej estetyce cechy, a rozpoznawalno\u015b\u0107 p\u00f3\u0142ki jest zwi\u0119kszona przez 60%.<\/li>\n<li><strong>Kolorowy system wizualny<\/strong>: G\u0142\u00f3wnym kolorem jest czysta matowa biel, symbolizuj\u0105ca naturaln\u0105 czysto\u015b\u0107 herbaty; matowe czerwone linie s\u0142u\u017c\u0105 do obrysowania kontur\u00f3w, a lokalny proces t\u0142oczenia na gor\u0105co s\u0142u\u017cy do prezentacji tradycyjnych wzor\u00f3w, takich jak wzory chmur i szewron\u00f3w, tworz\u0105c czerwono-z\u0142oto-bia\u0142y tr\u00f3jkolorowy kontrast, \u0142\u0105cz\u0105cy orientaln\u0105 elegancj\u0119 i mi\u0119dzynarodowy zmys\u0142 mody.<\/li>\n<\/ul>\n<h2 id=\"-iii-process-details-seiko-quality-sensory-upgrade-\"><strong>3. Szczeg\u00f3\u0142y procesu: Jako\u015b\u0107 Seiko, ulepszenie sensoryczne<\/strong><\/h2>\n<ul>\n<li><strong>Technologia druku w wysokiej rozdzielczo\u015bci<\/strong>: Pi\u0119ciokolorowy druk offsetowy w po\u0142\u0105czeniu z lokaln\u0105 technologi\u0105 UV s\u0142u\u017cy do uzyskania reprodukcji kolor\u00f3w 98% wzoru. Z\u0142ote elementy s\u0105 prezentowane z tr\u00f3jwymiarowym po\u0142yskiem poprzez t\u0142oczenie na zimno lub siedmiokolorow\u0105 technologi\u0119 proszkow\u0105. B\u0142\u0105d dok\u0142adno\u015bci kraw\u0119dzi wynosi \u22640,1 mm, eliminuj\u0105c wady, takie jak nadlewki i zadziory.<\/li>\n<li><strong>Obr\u00f3bka tekstury powierzchni<\/strong>: Matowa lub aksamitna w dotyku folia jest nak\u0142adana w celu zwi\u0119kszenia odporno\u015bci na zu\u017cycie, a proces wyt\u0142aczania jest stosowany w celu zwi\u0119kszenia tr\u00f3jwymiarowo\u015bci LOGO marki. Kiedy opuszki palc\u00f3w dotykaj\u0105 go, przedstawia delikatn\u0105 matow\u0105 lub aksamitn\u0105 tekstur\u0119, zapewniaj\u0105c wysokiej klasy wra\u017cenia od wzroku do dotyku.<\/li>\n<\/ul>\n<h2 id=\"-fourth-customized-service-in-depth-adaptation-to-brand-needs-\"><strong>4. Spersonalizowana us\u0142uga: dog\u0142\u0119bne dostosowanie do potrzeb marki<\/strong><\/h2>\n<ul>\n<li><strong>Elastyczne wymiary dostosowywania<\/strong>:<\/li>\n<li><strong>Regulacja typu skrzynki<\/strong>: Obs\u0142uguje precyzyjn\u0105 regulacj\u0119 k\u0105ta o\u015bmiok\u0105ta (np. k\u0105t ostry 60\u00b0 lub k\u0105t rozwarty 120\u00b0), rozszerzenie rozmiaru (wysoko\u015b\u0107 50-300 mm mo\u017cna dostosowa\u0107) i nadaje si\u0119 do puszek z herbat\u0105 lub opakowa\u0144 \u017cywno\u015bci o r\u00f3\u017cnych specyfikacjach.<\/li>\n<li><strong>Projekt wizualny<\/strong>: Zapewnia t\u0142oczenie na gor\u0105co LOGO marki \/ sitodruk, optymalizacj\u0119 uk\u0142adu graficznego, implantacj\u0119 element\u00f3w kulturowych (takich jak czcionki kaligraficzne, symbole regionalne) oraz 20 podstawowych bibliotek uk\u0142ad\u00f3w, kt\u00f3re mo\u017cna szybko dostosowa\u0107 do potrzeb.<\/li>\n<li><strong>Kompleksowy proces obs\u0142ugi<\/strong>: Od sprawdzenia modelowania 3D, wyboru materia\u0142u do masowej produkcji, pierwsze potwierdzenie pr\u00f3bki jest zako\u0144czone w ci\u0105gu 15 dni, a minimalna ilo\u015b\u0107 zam\u00f3wienia 3000 sztuk jest dostarczana w ci\u0105gu 30 dni, wspieraj\u0105c globalne \u015bledzenie logistyki.<\/li>\n<\/ul>\n<h2 id=\"-v-quality-control-and-environmental-protection-strict-standards-sustainable-concept-\"><strong>5. Kontrola jako\u015bci i ochrona \u015brodowiska: Surowe standardy, zr\u00f3wnowa\u017cona koncepcja<\/strong><\/h2>\n<ul>\n<li><strong>Kontrola jako\u015bci ca\u0142ego \u0142a\u0144cucha<\/strong>: Przeszed\u0142 certyfikacj\u0119 systemu jako\u015bci ISO9001, 12 wska\u017anik\u00f3w, takich jak g\u0119sto\u015b\u0107 szarej p\u0142yty (\u2265800g\/m\u00b3) i wytrzyma\u0142o\u015b\u0107 na rozerwanie powlekanego papieru (\u2265400kPa) s\u0105 testowane partia po partii, aby zapewni\u0107 zgodno\u015b\u0107 z normami bezpiecze\u0144stwa \u017cywno\u015bci.<\/li>\n<li><strong>Zielony system produkcji<\/strong>: Dzi\u0119ki zastosowaniu przyjaznego dla \u015brodowiska papieru z certyfikatem FSC i tuszu na bazie wody, w procesie produkcji nie powstaj\u0105 \u017cadne \u015bcieki, a pude\u0142ko mo\u017cna podda\u0107 recyklingowi i degradacji w tempie ponad 90%, co pomaga marce wdro\u017cy\u0107 strategi\u0119 ESG.<\/li>\n<\/ul>\n<h2 id=\"application-scenarios-and-value-empowerment\">Scenariusze aplikacji i zwi\u0119kszanie warto\u015bci<\/h2>\n<p>Ta seria pude\u0142ek upominkowych jest odpowiednia dla wysokiej klasy prezent\u00f3w, takich jak herbata Pu'er, herbata skalna i cenne produkty spo\u017cywcze, szczeg\u00f3lnie dla\u00a0<strong>prezenty biznesowe, wsp\u00f3lne nazwy marek, \u015bwi\u0105teczne edycje limitowane<\/strong>\u00a0i inne potrzeby marketingowe. Dzi\u0119ki zr\u00f3\u017cnicowanemu o\u015bmiok\u0105tnemu wzornictwu, implantacji symboli kulturowych i spersonalizowanym us\u0142ugom, pomaga markom ustanowi\u0107\u00a0<strong>\"rozpoznawanie jednym spojrzeniem\"<\/strong>\u00a0Pami\u0119\u0107 wizualna w\u015br\u00f3d podobnych konkurencyjnych produkt\u00f3w i zwi\u0119kszenie przestrzeni premium produktu o ponad 30%.<\/p>","protected":false},"excerpt":{"rendered":"<p>Pude\u0142ko ma kszta\u0142t o\u015bmiok\u0105ta, z bia\u0142\u0105 wy\u015bci\u00f3\u0142k\u0105 wewn\u0105trz i konstrukcj\u0105 przegrody, kt\u00f3ra mo\u017ce dok\u0142adnie dopasowa\u0107 ma\u0142e opakowanie herbaty do wn\u0119trza i ustali\u0107 pozycj\u0119 produktu, \u0142\u0105cz\u0105c praktyczno\u015b\u0107 i pi\u0119kno.<\/p>","protected":false},"featured_media":250,"template":"","meta":{"_kad_post_transparent":"default","_kad_post_title":"","_kad_post_layout":"default","_kad_post_sidebar_id":"","_kad_post_content_style":"default","_kad_post_vertical_padding":"default","_kad_post_feature":"","_kad_post_feature_position":"","_kad_post_header":false,"_kad_post_footer":false,"_kad_post_classname":""},"product_brand":[],"product_cat":[15,17],"product_tag":[73,71,72],"class_list":{"0":"post-248","1":"product","2":"type-product","3":"status-publish","4":"has-post-thumbnail","6":"product_cat-red-light-therapy","7":"product_cat-services","8":"product_tag-food-tea-box-suppliers","9":"product_tag-food-tea-gift-packaging","10":"product_tag-luxury-food-gift-box","12":"first","13":"instock","14":"shipping-taxable","15":"product-type-simple","16":"entry","17":"content-bg","18":"loop-entry"},"_links":{"self":[{"href":"https:\/\/red-lighttherapy.com\/pl\/wp-json\/wp\/v2\/product\/248","targetHints":{"allow":["GET"]}}],"collection":[{"href":"https:\/\/red-lighttherapy.com\/pl\/wp-json\/wp\/v2\/product"}],"about":[{"href":"https:\/\/red-lighttherapy.com\/pl\/wp-json\/wp\/v2\/types\/product"}],"wp:featuredmedia":[{"embeddable":true,"href":"https:\/\/red-lighttherapy.com\/pl\/wp-json\/wp\/v2\/media\/250"}],"wp:attachment":[{"href":"https:\/\/red-lighttherapy.com\/pl\/wp-json\/wp\/v2\/media?parent=248"}],"wp:term":[{"taxonomy":"product_brand","embeddable":true,"href":"https:\/\/red-lighttherapy.com\/pl\/wp-json\/wp\/v2\/product_brand?post=248"},{"taxonomy":"product_cat","embeddable":true,"href":"https:\/\/red-lighttherapy.com\/pl\/wp-json\/wp\/v2\/product_cat?post=248"},{"taxonomy":"product_tag","embeddable":true,"href":"https:\/\/red-lighttherapy.com\/pl\/wp-json\/wp\/v2\/product_tag?post=248"}],"curies":[{"name":"wp","href":"https:\/\/api.w.org\/{rel}","templated":true}]}}