{"id":242,"date":"2025-04-10T12:32:25","date_gmt":"2025-04-10T12:32:25","guid":{"rendered":"https:\/\/red-lighttherapy.com\/?post_type=product&#038;p=242"},"modified":"2025-04-10T12:46:01","modified_gmt":"2025-04-10T12:46:01","slug":"china-double-door-open-gourmet-food-gift-box-suppliers","status":"publish","type":"product","link":"https:\/\/red-lighttherapy.com\/pl\/china-double-door-open-gourmet-food-gift-box-suppliers\/","title":{"rendered":"Chiny Podw\u00f3jne drzwi otwarte Gourmet Food Gift Box Dostawcy"},"content":{"rendered":"<h2 id=\"-double-door-open-liftable-food-gift-box\">Chiny Podw\u00f3jne drzwi otwarte Gourmet Food Gift Box Dostawcy<\/h2>\n<h2 id=\"-i-core-material-high-pressure-resistant-and-environmentally-friendly-substrate-\"><strong>1. Materia\u0142 rdzenia: odporne na wysokie ci\u015bnienie i przyjazne dla \u015brodowiska pod\u0142o\u017ce<\/strong><\/h2>\n<ol>\n<li><strong>Papier powlekany + podw\u00f3jna struktura szarej tektury<\/strong><\/li>\n<li>W pude\u0142ku zewn\u0119trznym zastosowano papier powlekany o wysokiej gramaturze 300 g z technologi\u0105 matowej folii, o g\u0142adkiej i delikatnej powierzchni oraz wysokim odwzorowaniu kolor\u00f3w, a proces flokowania \/ t\u0142oczenia na gor\u0105co poprawia jako\u015b\u0107 dotykow\u0105 i wizualn\u0105.<\/li>\n<li>Wewn\u0119trzna warstwa wykorzystuje 2,5 mm importowan\u0105 podw\u00f3jnie szar\u0105 p\u0142yt\u0119 o sztywno\u015bci ponad 80 MPa, a wytrzyma\u0142o\u015b\u0107 na \u015bciskanie przekracza standard bran\u017cowy 30%, kt\u00f3ry mo\u017ce wytrzyma\u0107 nacisk pionowy 50 kg podczas transportu bez deformacji.<\/li>\n<li>Materia\u0142 przeszed\u0142 certyfikacj\u0119 \u015brodowiskow\u0105 FSC, nadaje si\u0119 do recyklingu i degradacji oraz spe\u0142nia standardy bezpiecze\u0144stwa opakowa\u0144 spo\u017cywczych.<\/li>\n<\/ol>\n<h2 id=\"-ii-innovative-structure-double-door-flip-lift-design-\"><strong>2. Innowacyjna konstrukcja: podw\u00f3jne drzwi z podnoszon\u0105 klapk\u0105<\/strong><\/h2>\n<ol>\n<li><strong>Magnetyczne otwieranie i zamykanie podw\u00f3jnych drzwi<\/strong><\/li>\n<li>Dzi\u0119ki konstrukcji podw\u00f3jnych drzwi 180\u00b0 z wbudowan\u0105 niewidoczn\u0105 klamr\u0105 magnetyczn\u0105, otwieranie i zamykanie jest p\u0142ynne i bezg\u0142o\u015bne, a uszczelnienie po zamkni\u0119ciu osi\u0105ga poziom py\u0142oszczelno\u015bci IP54.<\/li>\n<li><strong>Automatycznie podnoszona skrzynka wewn\u0119trzna<\/strong><\/li>\n<li>Wbudowana spr\u0119\u017cyna \/ przek\u0142adnia wolno podnosz\u0105ca, wewn\u0119trzna taca unosi si\u0119 z jednolit\u0105 pr\u0119dko\u015bci\u0105 0,5 m \/ s po otwarciu, a dzi\u0119ki jasnej podszewce EVA tworzy wizualny akcent w stylu stoiska, zwi\u0119kszaj\u0105c poczucie ceremonii podczas rozpakowywania.<\/li>\n<li>Wewn\u0119trzn\u0105 tac\u0119 mo\u017cna dostosowa\u0107 za pomoc\u0105 modu\u0142\u00f3w warstwowych, aby zaspokoi\u0107 potrzeby wielokategorialnych opakowa\u0144 kombinowanych, takich jak ciasta, produkty suche i wino.<\/li>\n<\/ol>\n<h2 id=\"-three-visual-design-black-and-gold-aesthetics-and-information-communication-\"><strong>3. Projekt wizualny: czarno-z\u0142ota estetyka i komunikacja informacyjna<\/strong><\/h2>\n<ol>\n<li><strong>G\u0142\u00f3wne rozwi\u0105zanie wizualne<\/strong><\/li>\n<li>Czarne matowe t\u0142o z rzeczywistymi wzorami \u017cywno\u015bci o wysokim nasyceniu (takimi jak pomara\u0144czowo-czerwona papryka, z\u0142ote kruche pieczywo), wsp\u00f3\u0142czynnik pokrycia gamy kolor\u00f3w CMYK osi\u0105ga 98%, osi\u0105gaj\u0105c efekt kontrastu \"ciemny kolor spokojny + jasny kolor przyci\u0105gaj\u0105cy wzrok\".<\/li>\n<li>LOGO wykorzystuje tr\u00f3jwymiarow\u0105 technologi\u0119 gor\u0105cego srebra, a informacje tekstowe wykorzystuj\u0105 metaliczny kolor punktowy Pantone 872C, a wsp\u00f3\u0142czynnik za\u0142amania \u015bwiat\u0142a w silnym \u015bwietle wzrasta o 200%.<\/li>\n<li><strong>Prezentacja potwierdzaj\u0105ca zaufanie<\/strong><\/li>\n<li>Logo ISO22000, HACCP i innych certyfikat\u00f3w jest nadrukowane w widocznym miejscu z przodu, a z boku znajduje si\u0119 kod QR zapobiegaj\u0105cy podrabianiu. Zeskanowanie kodu umo\u017cliwia wy\u015bwietlenie partii produkcyjnej i raportu z kontroli jako\u015bci.<\/li>\n<\/ol>\n<h2 id=\"-iv-lining-protection-intelligent-buffer-system-\"><strong>4. Ochrona podszewki: inteligentny system buforowy<\/strong><\/h2>\n<ol>\n<li><strong>Modu\u0142owe rozwi\u0105zanie ok\u0142adzinowe<\/strong><\/li>\n<li>Wersja podstawowa: jasnoszara podszewka z per\u0142owej bawe\u0142ny o grubo\u015bci 1,5 mm, certyfikat FDA do kontaktu z \u017cywno\u015bci\u0105, mo\u017cliwo\u015b\u0107 prania i wielokrotnego u\u017cytku.<\/li>\n<li>Ulepszona wersja: laserowo wycinana pianka 3D z pami\u0119ci\u0105 kszta\u0142tu, wst\u0119pnie wyt\u0142oczone rowki zgodnie z kszta\u0142tem produktu, odporno\u015b\u0107 na wstrz\u0105sy sejsmiczne osi\u0105ga standard wojskowy MIL-STD-810G.<\/li>\n<li><strong>Technologia kontroli zapachu<\/strong><\/li>\n<li>Przyj\u0119cie mikroporowatej struktury przepuszczaj\u0105cej tlen, z bambusow\u0105 warstw\u0105 adsorpcyjn\u0105 w\u0119gla drzewnego, 72-godzinny test zamkni\u0119ty pokazuje, \u017ce uwalnianie TVOC wynosi \u22640,05 mg \/ m\u00b3.<\/li>\n<\/ol>\n<h2 id=\"-v-customized-service-full-link-flexible-production-\"><strong>5. Indywidualna us\u0142uga: w pe\u0142ni elastyczna produkcja<\/strong><\/h2>\n<ol>\n<li><strong>Spersonalizowane wsparcie projektowe<\/strong><\/li>\n<li>Zakres rozmiar\u00f3w obejmuje od 80\u00d780 mm do 600\u00d7400 mm, obs\u0142uguj\u0105c ponad 20 bibliotek pude\u0142ek, takich jak pude\u0142ka o specjalnych kszta\u0142tach i pude\u0142ka w kszta\u0142cie ksi\u0105\u017cki.<\/li>\n<li>Zapewnienie inteligentnego systemu projektowania AI, kt\u00f3ry mo\u017ce automatycznie generowa\u0107 renderingi 3D po przes\u0142aniu materia\u0142\u00f3w przez klient\u00f3w i dostarcza\u0107 wydruki pr\u00f3bne w ci\u0105gu 48 godzin.<\/li>\n<li><strong>Skalowane mo\u017cliwo\u015bci dostawy<\/strong><\/li>\n<li>16 lat do\u015bwiadczenia w druku, z w\u0142asn\u0105 inteligentn\u0105 fabryk\u0105 10 000\u33a1, dzienn\u0105 zdolno\u015bci\u0105 produkcyjn\u0105 100 000 sztuk i obs\u0142ug\u0105 500 000-500 000 elastycznych zam\u00f3wie\u0144.<\/li>\n<li>Pe\u0142na kontrola jako\u015bci procesu: od surowc\u00f3w wprowadzanych do fabryki po wysy\u0142k\u0119 gotowych produkt\u00f3w, istnieje 12 w\u0119z\u0142\u00f3w kontrolnych, a kontrola r\u00f3\u017cnicy kolor\u00f3w \u0394E\u22641,5.<\/li>\n<\/ol>\n<h2 id=\"-vi-value-added-service-brand-empowerment-solution-\"><strong>6. Us\u0142uga o warto\u015bci dodanej: Rozwi\u0105zanie wzmacniaj\u0105ce mark\u0119<\/strong><\/h2>\n<ul>\n<li><strong>Kompleksowe rozwi\u0105zanie<\/strong>: Zapewnienie pe\u0142nego procesu us\u0142ug, od projektu strukturalnego, projektu graficznego, wyboru materia\u0142\u00f3w po dystrybucj\u0119 logistyczn\u0105 i \u015bledzenie obs\u0142ugi klienta przez 7 \u00d7 24 godziny na dob\u0119.<\/li>\n<li><strong>Uprawnienia marketingowe<\/strong>: Rozdanych zostanie 1000 spersonalizowanych kart z historiami produkt\u00f3w. Zeskanuj kod QR, aby przej\u015b\u0107 do mikromarketingu marki, kt\u00f3ry pomo\u017ce w konwersji ruchu z domeny prywatnej.<\/li>\n<\/ul>","protected":false},"excerpt":{"rendered":"<p>To pude\u0142ko o nietypowym kszta\u0142cie jest g\u0142\u00f3wnie czarne, z jasnymi zdj\u0119ciami \u017cywno\u015bci, co ma silny wp\u0142yw wizualny. Prz\u00f3d jest zadrukowany przyci\u0105gaj\u0105cymi wzrok s\u0142owami, takimi jak LOGO, aby podkre\u015bli\u0107 cechy i jako\u015b\u0107 produktu, a tak\u017ce jest oznaczony znakami certyfikacji w celu zwi\u0119kszenia wiarygodno\u015bci.<\/p>","protected":false},"featured_media":246,"template":"","meta":{"_kad_post_transparent":"default","_kad_post_title":"","_kad_post_layout":"default","_kad_post_sidebar_id":"","_kad_post_content_style":"default","_kad_post_vertical_padding":"default","_kad_post_feature":"","_kad_post_feature_position":"","_kad_post_header":false,"_kad_post_footer":false,"_kad_post_classname":""},"product_brand":[],"product_cat":[15,17],"product_tag":[70,69,68],"class_list":{"0":"post-242","1":"product","2":"type-product","3":"status-publish","4":"has-post-thumbnail","6":"product_cat-red-light-therapy","7":"product_cat-services","8":"product_tag-double-door-open-food-box","9":"product_tag-food-gift-box-suppliers","10":"product_tag-gourmet-food-gift-box","12":"first","13":"instock","14":"shipping-taxable","15":"product-type-simple","16":"entry","17":"content-bg","18":"loop-entry"},"_links":{"self":[{"href":"https:\/\/red-lighttherapy.com\/pl\/wp-json\/wp\/v2\/product\/242","targetHints":{"allow":["GET"]}}],"collection":[{"href":"https:\/\/red-lighttherapy.com\/pl\/wp-json\/wp\/v2\/product"}],"about":[{"href":"https:\/\/red-lighttherapy.com\/pl\/wp-json\/wp\/v2\/types\/product"}],"wp:featuredmedia":[{"embeddable":true,"href":"https:\/\/red-lighttherapy.com\/pl\/wp-json\/wp\/v2\/media\/246"}],"wp:attachment":[{"href":"https:\/\/red-lighttherapy.com\/pl\/wp-json\/wp\/v2\/media?parent=242"}],"wp:term":[{"taxonomy":"product_brand","embeddable":true,"href":"https:\/\/red-lighttherapy.com\/pl\/wp-json\/wp\/v2\/product_brand?post=242"},{"taxonomy":"product_cat","embeddable":true,"href":"https:\/\/red-lighttherapy.com\/pl\/wp-json\/wp\/v2\/product_cat?post=242"},{"taxonomy":"product_tag","embeddable":true,"href":"https:\/\/red-lighttherapy.com\/pl\/wp-json\/wp\/v2\/product_tag?post=242"}],"curies":[{"name":"wp","href":"https:\/\/api.w.org\/{rel}","templated":true}]}}