{"id":236,"date":"2025-04-10T12:21:10","date_gmt":"2025-04-10T12:21:10","guid":{"rendered":"https:\/\/red-lighttherapy.com\/?post_type=product&#038;p=236"},"modified":"2025-04-10T12:32:14","modified_gmt":"2025-04-10T12:32:14","slug":"custom-wine-spirit-liquor-paper-tube-packaging-box-wholesale","status":"publish","type":"product","link":"https:\/\/red-lighttherapy.com\/pl\/custom-wine-spirit-liquor-paper-tube-packaging-box-wholesale\/","title":{"rendered":"Niestandardowe opakowanie papierowe na alkohol spirytusowy Pude\u0142ko hurtowe"},"content":{"rendered":"<h2 id=\"-customized-red-and-gold-curled-cylinder-packaging-box-for-wine-and-spirits-\"><strong>Dostosowane czerwone i z\u0142ote zwini\u0119te opakowanie cylindryczne na wino i napoje spirytusowe<\/strong><\/h2>\n<h2 id=\"-core-product-design-\"><strong>Projekt produktu podstawowego<\/strong><\/h2>\n<ol>\n<li><strong>Materia\u0142 i struktura<\/strong><\/li>\n<li><strong>Przyjazny dla \u015brodowiska papier powlekany<\/strong>: Wybrany papier powlekany o gramaturze ponad 200 g\/m\u00b2 jako materia\u0142 powierzchniowy, powierzchnia jest g\u0142adka i delikatna, z doskona\u0142\u0105 przydatno\u015bci\u0105 do drukowania i mo\u017ce dok\u0142adnie przedstawia\u0107 szczeg\u00f3\u0142y procesu, takie jak t\u0142oczenie na gor\u0105co i drukowanie w kolorze. Korpus cylindra przyjmuje spiralny proces zwijania, a sztywno\u015b\u0107 jest zwi\u0119kszona dzi\u0119ki wielowarstwowemu procesowi monta\u017cu, aby zapewni\u0107, \u017ce skrzynka cylindra nie odkszta\u0142ca si\u0119 pod wp\u0142ywem ci\u0119\u017caru (pojedyncza butelka czerwonego wina \/ spirytusu), bior\u0105c pod uwag\u0119 ochron\u0119 \u015brodowiska i trwa\u0142o\u015b\u0107.<\/li>\n<li><strong>Typ skrzynki z zawini\u0119tym cylindrem<\/strong>: Cylindryczna konstrukcja rurki papierowej, g\u0142adkie linie bez kraw\u0119dzi i naro\u017cnik\u00f3w, wygodne otwieranie i zamykanie w g\u00f3r\u0119 iw d\u00f3\u0142 oraz dobre uszczelnienie. \u015arednic\u0119 i wysoko\u015b\u0107 korpusu cylindra mo\u017cna dostosowa\u0107 do potrzeb standardowych butelek wina o pojemno\u015bci 750 ml i butelek o specjalnym kszta\u0142cie.<\/li>\n<li><strong>Technologia dekoracji i projektowanie wizualne<\/strong><\/li>\n<li><strong>Technologia t\u0142oczenia na gor\u0105co<\/strong>: Korzystaj\u0105c z lokalnej technologii t\u0142oczenia na gor\u0105co UV, linie promieniowe lub wzory winoro\u015bli s\u0105 zaprojektowane na g\u0142\u00f3wnym korpusie beczki, dopasowane do logo marki lub pomy\u015blnych wzor\u00f3w, przekazuj\u0105c \u015bwi\u0105teczn\u0105 i luksusow\u0105 atmosfer\u0119, odpowiedni\u0105 na prezenty \u015bwi\u0105teczne, bankiety weselne i inne sceny.<\/li>\n<li><strong>Czerwony i z\u0142oty klasyczny kolor<\/strong>: G\u0142\u00f3wnym kolorem jest mocno nasycona chi\u0144ska czerwie\u0144, dopasowana do element\u00f3w t\u0142oczonych na gor\u0105co, a efekt wizualny jest wzmocniony poprzez kontrast kolor\u00f3w, podkre\u015blaj\u0105c wysokiej klasy tekstur\u0119 i kulturowe konotacje produktu.<\/li>\n<li><strong>Wewn\u0119trzna struktura ochrony<\/strong><\/li>\n<li><strong>Z\u0142ota podszewka ramy<\/strong>: Wbudowana z\u0142ota rama buforowa EVA o grubo\u015bci 0,5 mm, \u015bci\u015ble dopasowana do korpusu butelki, aby unikn\u0105\u0107 zarysowa\u0144 podczas transportu; powierzchnia ramy pokryta jest matow\u0105 foli\u0105, kt\u00f3ra podkre\u015bla faktur\u0119 butelki wina w stonowany spos\u00f3b. Obs\u0142uguje aktualizacj\u0119 do flokowanej podszewki lub niestandardowej struktury przegrody, aby zaspokoi\u0107 potrzeby kombinacji opakowa\u0144 z wieloma butelkami.<\/li>\n<\/ol>\n<h2 id=\"-advantages-of-customized-services-\"><strong>Zalety us\u0142ug dostosowanych do indywidualnych potrzeb<\/strong><\/h2>\n<ol>\n<li><strong>Elastyczne opcje dostosowywania<\/strong><\/li>\n<li><strong>Wz\u00f3r i rozmiar<\/strong>: Obs\u0142uguje drukowanie w pe\u0142nym kolorze, cz\u0119\u015bciowe t\u0142oczenie na gor\u0105co, wyt\u0142aczanie i inne procesy, kt\u00f3re mo\u017cna zintegrowa\u0107 z mark\u0105 VI, motywami \u015bwi\u0105tecznymi lub ilustracjami artystycznymi; b\u0142\u0119dy wysoko\u015bci i \u015brednicy cylindra s\u0105 kontrolowane w zakresie \u00b1 0,5 mm, dok\u0142adnie dopasowuj\u0105c si\u0119 do potrzeb klienta.<\/li>\n<li><strong>Ulepszenie materia\u0142\u00f3w<\/strong>: Opcjonalny z\u0142oty i srebrny karton, specjalny papier (taki jak imitacja sk\u00f3ry licowej, folia dotykowa) mo\u017ce by\u0107 u\u017cyty do wzmocnienia tekstury lub wodoodporna pow\u0142oka mo\u017ce by\u0107 dodana w celu zwi\u0119kszenia praktyczno\u015bci.<\/li>\n<li><strong>Gwarancja produkcji i dostawy<\/strong><\/li>\n<li><strong>Wydajna zdolno\u015b\u0107 produkcyjna<\/strong>: Wyposa\u017cona w pe\u0142ni automatyczn\u0105 maszyn\u0119 do formowania rolek i lini\u0119 produkcyjn\u0105 do t\u0142oczenia na gor\u0105co, dzienna zdolno\u015b\u0107 produkcyjna osi\u0105ga ponad 10 000 000 PCS, obs\u0142uguje minimalne zam\u00f3wienie 500 PCS, a cykl dostawy du\u017cych zam\u00f3wie\u0144 jest skr\u00f3cony do 7-10 dni roboczych.<\/li>\n<li><strong>Kompleksowa obs\u0142uga<\/strong>: Od projektowania modelowania 3D, potwierdzenia proofingu po masow\u0105 produkcj\u0119, monitorowanie ca\u0142ego procesu, dostarczanie pr\u00f3bek materia\u0142\u00f3w, testowanie proces\u00f3w i rozwi\u0105zania logistyczne w zakresie opakowa\u0144, aby zapewni\u0107 zar\u00f3wno jako\u015b\u0107, jak i terminowo\u015b\u0107.<\/li>\n<\/ol>\n<h2 id=\"-application-scenarios-and-competitiveness-\"><strong>Scenariusze zastosowa\u0144 i konkurencyjno\u015b\u0107<\/strong><\/h2>\n<ul>\n<li><strong>Adaptacja scenariusza<\/strong>: Ma zastosowanie do pakowania prezent\u00f3w, takich jak czerwone wino, alkohole wysokoprocentowe, wysokiej klasy herbata, perfumy itp., bior\u0105c pod uwag\u0119 wiele scenariuszy, takich jak ekspozycja w supermarkecie, transport e-commerce, wydarzenia flash marki itp.<\/li>\n<li><strong>Certyfikacja \u015brodowiskowa<\/strong>: G\u0142\u00f3wny materia\u0142 przeszed\u0142 certyfikacj\u0119 le\u015bn\u0105 FSC, spe\u0142nia unijne normy ochrony \u015brodowiska REACH dla eksportu i wspiera dostawy transgraniczne.<\/li>\n<\/ul>","protected":false},"excerpt":{"rendered":"<p>To pude\u0142ko to zwini\u0119ta papierowa tuba z g\u0142adkimi liniami, \u0142atwa do otwierania i zamykania, technologia t\u0142oczenia z\u0142ot\u0105 foli\u0105 na gor\u0105co i dekoracja linii promieniowej, kt\u00f3ra nadaje si\u0119 na festiwale lub sceny prezentowe.<\/p>","protected":false},"featured_media":240,"template":"","meta":{"_kad_post_transparent":"default","_kad_post_title":"","_kad_post_layout":"default","_kad_post_sidebar_id":"","_kad_post_content_style":"default","_kad_post_vertical_padding":"default","_kad_post_feature":"","_kad_post_feature_position":"","_kad_post_header":false,"_kad_post_footer":false,"_kad_post_classname":""},"product_brand":[],"product_cat":[15,17],"product_tag":[67,66,65],"class_list":{"0":"post-236","1":"product","2":"type-product","3":"status-publish","4":"has-post-thumbnail","6":"product_cat-red-light-therapy","7":"product_cat-services","8":"product_tag-custom-wine-box-wholesale","9":"product_tag-spirit-liquor-paper-tube","10":"product_tag-wine-paper-tube-packaging","12":"first","13":"instock","14":"shipping-taxable","15":"product-type-simple","16":"entry","17":"content-bg","18":"loop-entry"},"_links":{"self":[{"href":"https:\/\/red-lighttherapy.com\/pl\/wp-json\/wp\/v2\/product\/236","targetHints":{"allow":["GET"]}}],"collection":[{"href":"https:\/\/red-lighttherapy.com\/pl\/wp-json\/wp\/v2\/product"}],"about":[{"href":"https:\/\/red-lighttherapy.com\/pl\/wp-json\/wp\/v2\/types\/product"}],"wp:featuredmedia":[{"embeddable":true,"href":"https:\/\/red-lighttherapy.com\/pl\/wp-json\/wp\/v2\/media\/240"}],"wp:attachment":[{"href":"https:\/\/red-lighttherapy.com\/pl\/wp-json\/wp\/v2\/media?parent=236"}],"wp:term":[{"taxonomy":"product_brand","embeddable":true,"href":"https:\/\/red-lighttherapy.com\/pl\/wp-json\/wp\/v2\/product_brand?post=236"},{"taxonomy":"product_cat","embeddable":true,"href":"https:\/\/red-lighttherapy.com\/pl\/wp-json\/wp\/v2\/product_cat?post=236"},{"taxonomy":"product_tag","embeddable":true,"href":"https:\/\/red-lighttherapy.com\/pl\/wp-json\/wp\/v2\/product_tag?post=236"}],"curies":[{"name":"wp","href":"https:\/\/api.w.org\/{rel}","templated":true}]}}